{"id":181,"date":"2015-02-17T10:29:45","date_gmt":"2015-02-17T09:29:45","guid":{"rendered":"http:\/\/semmelweis.hu\/beszerzes\/?page_id=181"},"modified":"2026-01-29T11:48:30","modified_gmt":"2026-01-29T10:48:30","slug":"elerhetoseg","status":"publish","type":"page","link":"https:\/\/semmelweis.hu\/beszerzes\/elerhetoseg\/","title":{"rendered":"El\u00e9rhet\u0151s\u00e9g"},"content":{"rendered":"<p>Igazgat\u00f3: Dr. Farkas D\u00e9nes<br \/>\nIroda: 1091 Budapest, \u00dcll\u0151i \u00fat 55. I. em <br \/>\nLevelez\u00e9si c\u00edm: 1085 Budapest, \u00dcll\u0151i \u00fat 26. <br \/>\nTel: (+36-1) 210-9610 Fax: (+36-1) 210-9618 <br \/>\ne-mail: <a href=\"mailto:titkarsag.beszerzes@semmelweis.hu\">titkarsag.beszerzes@semmelweis.hu<\/a><\/p>\n\n<!-- iframe plugin v.4.9 wordpress.org\/plugins\/iframe\/ -->\n<iframe loading=\"lazy\" src=\"https:\/\/www.google.com\/maps\/embed?pb=!1m18!1m12!1m3!1d2696.283566232544!2d19.073341000000013!3d47.484389!2m3!1f0!2f0!3f0!3m2!1i1024!2i768!4f13.1!3m3!1m2!1s0x4741dcf83b1726ef%3A0x1f7d523d1a5e0bf4!2zw5xsbMWRaSDDunQgNTUsIEJ1ZGFwZXN0LCAxMDkx!5e0!3m2!1shu!2shu!4v1424165435955\" width=\"100%\" height=\"450\" scrolling=\"yes\" class=\"iframe-class\" frameborder=\"0\"><\/iframe>\n\n<p>&nbsp;<\/p>\n","protected":false},"excerpt":{"rendered":"<p>Igazgat\u00f3: Dr. Farkas D\u00e9nes<br \/>\nIroda: 1091 Budapest, \u00dcll\u0151i \u00fat 55. I. em<br \/>\nLevelez\u00e9si c\u00edm: 1085 Budapest, \u00dcll\u0151i \u00fat 26.<br \/>\nTel: (+36-1) 210-9610 Fax: (+36-1) 210-9618<br \/>\ne-mail: <a href=\"mailto:titkarsag.beszerzes@semmelweis.hu\">titkarsag.beszerzes@semmelweis.hu<\/a><\/p>\n<p>&nbsp;<\/p>\n","protected":false},"author":12,"featured_media":0,"parent":0,"menu_order":6,"comment_status":"closed","ping_status":"closed","template":"","meta":{"_acf_changed":false,"footnotes":""},"categories":[],"tags":[],"class_list":["post-181","page","type-page","status-publish","hentry"],"acf":[],"_links":{"self":[{"href":"https:\/\/semmelweis.hu\/beszerzes\/wp-json\/wp\/v2\/pages\/181","targetHints":{"allow":["GET"]}}],"collection":[{"href":"https:\/\/semmelweis.hu\/beszerzes\/wp-json\/wp\/v2\/pages"}],"about":[{"href":"https:\/\/semmelweis.hu\/beszerzes\/wp-json\/wp\/v2\/types\/page"}],"author":[{"embeddable":true,"href":"https:\/\/semmelweis.hu\/beszerzes\/wp-json\/wp\/v2\/users\/12"}],"replies":[{"embeddable":true,"href":"https:\/\/semmelweis.hu\/beszerzes\/wp-json\/wp\/v2\/comments?post=181"}],"version-history":[{"count":10,"href":"https:\/\/semmelweis.hu\/beszerzes\/wp-json\/wp\/v2\/pages\/181\/revisions"}],"predecessor-version":[{"id":12927,"href":"https:\/\/semmelweis.hu\/beszerzes\/wp-json\/wp\/v2\/pages\/181\/revisions\/12927"}],"wp:attachment":[{"href":"https:\/\/semmelweis.hu\/beszerzes\/wp-json\/wp\/v2\/media?parent=181"}],"wp:term":[{"taxonomy":"category","embeddable":true,"href":"https:\/\/semmelweis.hu\/beszerzes\/wp-json\/wp\/v2\/categories?post=181"},{"taxonomy":"post_tag","embeddable":true,"href":"https:\/\/semmelweis.hu\/beszerzes\/wp-json\/wp\/v2\/tags?post=181"}],"curies":[{"name":"wp","href":"https:\/\/api.w.org\/{rel}","templated":true}]}}