{"id":152,"date":"2017-05-04T14:01:36","date_gmt":"2017-05-04T12:01:36","guid":{"rendered":"http:\/\/semmelweis.hu\/beszerzes\/?page_id=152"},"modified":"2024-11-05T13:32:00","modified_gmt":"2024-11-05T12:32:00","slug":"beszerzesi-szabalyzat-formanyomtatvanyok","status":"publish","type":"page","link":"https:\/\/semmelweis.hu\/beszerzes\/beszerzesi-folyamatok\/beszerzesi-szabalyzat-formanyomtatvanyok\/","title":{"rendered":"Beszerz\u00e9si szab\u00e1lyzat, formanyomtatv\u00e1nyok"},"content":{"rendered":"<h1 class=\"entry-title\">A Semmelweis Egyetem beszerz\u00e9si szab\u00e1lyzata<\/h1>\n<div class=\"entry-content\">\n<p>A Beszerz\u00e9si Szab\u00e1lyzat pdf form\u00e1tumban a mell\u00e9kleteivel egybeszerkesztett m\u00f3don<a href=\"https:\/\/semmelweis.hu\/jogigfoig\/dokumentumtar\/szabalyzattar\/\" target=\"_blank\" rel=\"noopener noreferrer\"><strong>\u00a0erre a linkre kattintva \u00e9rhet\u0151 el<\/strong><\/a>.<\/p>\n<\/div>\n<p>A (k\u00f6z)beszerz\u00e9si elj\u00e1r\u00e1sokhoz kapcsol\u00f3d\u00f3, a beszerz\u00e9si folyamat sor\u00e1n k\u00f6telez\u0151en alkalmazand\u00f3 formanyomtatv\u00e1nyok:<\/p>\n<p><span style=\"line-height: normal;font-variant: normal;font-style: normal;color: #000000;font-size: 10pt;font-weight: normal\"><span style=\"font-size: 18pt\"><strong>\u00c1LTAL\u00c1NOS FORMANYOMTATV\u00c1NYOK\u00a0\u00a0\u00a0<\/strong>\u00a0<\/span><br \/>\n<\/span><\/p>\n<ul>\n<li><a href=\"https:\/\/semmelweis.hu\/beszerzes\/files\/2024\/11\/BML_Regisztracios-adatlap-RAL_BEF-2024.11.xlsx\">BML_Regisztr\u00e1ci\u00f3s-adatlap-RAL_BEF-2024.11.<\/a> (xlsx)\u00a0 (2024.11.05.)<\/li>\n<li><a href=\"https:\/\/semmelweis.hu\/beszerzes\/files\/2023\/05\/SAL_Nemzetkozi-utazasszervezeshez.docx\">SAL_Nemzetk\u00f6zi utaz\u00e1sszervez\u00e9shez<\/a> (docx) (2023.05.11)<\/li>\n<li><a href=\"https:\/\/semmelweis.hu\/beszerzes\/files\/2023\/05\/Kozremukodok-delegalasa.docx\">K\u00f6zrem\u0171k\u00f6d\u0151k deleg\u00e1l\u00e1sa<\/a> (docx) (2023.05.11)<\/li>\n<li><a href=\"https:\/\/semmelweis.hu\/beszerzes\/files\/2024\/02\/Szakigazgatosagok-es-a-kompetenciajukba-tartozo-beszerzesi-teruletek.docx\">Szakigazgat\u00f3s\u00e1gok \u00e9s a kompetenci\u00e1jukba tartoz\u00f3 beszerz\u00e9si ter\u00fcletek<\/a> (docx)\u00a0 (2024.02.21)<\/li>\n<\/ul>\n<p>&nbsp;<\/p>\n<p><span style=\"color: #000000;font-size: 14pt\"><strong>TOV\u00c1BBI FORMANYOMTATV\u00c1NYOK<\/strong><\/span><\/p>\n<p><strong><span style=\"text-decoration: underline\">Aj\u00e1nlattev\u0151i nyilatkozat:<\/span><\/strong><\/p>\n<p><a href=\"https:\/\/semmelweis.hu\/beszerzes\/files\/2017\/05\/35_Ajanlattevoi_nyilatkozat.docx\">35_Ajanlattevoi_nyilatkozat<\/a><\/p>\n<p><strong><span style=\"text-decoration: underline\">Elj\u00e1r\u00e1sok dokument\u00e1l\u00e1sa \u00e9s szerz\u0151d\u00e9sk\u00f6t\u00e9s felel\u0151ss\u00e9gi rendje a Semmelweis Egyetemen:<\/span><\/strong><\/p>\n<p><a href=\"https:\/\/semmelweis.hu\/beszerzes\/files\/2017\/05\/36-38_formanyomtatvanyok.docx\">36-38_formanyomtatvanyok<\/a><\/p>\n<p><strong><span style=\"text-decoration: underline\">BML-feladatok:<\/span><\/strong><\/p>\n<p><a href=\"https:\/\/semmelweis.hu\/beszerzes\/files\/2017\/05\/36-38_formanyomtatvanyok.docx\">36-38_formanyomtatvanyok<\/a><\/p>\n<p><strong><span style=\"text-decoration: underline\">SAP szerz\u0151d\u00e9sr\u00f6gz\u00edt\u00e9s k\u00e9perny\u0151k\u00e9p:<\/span><\/strong><\/p>\n<p><a href=\"https:\/\/semmelweis.hu\/beszerzes\/files\/2017\/05\/36-38_formanyomtatvanyok.docx\">36-38_formanyomtatvanyok<\/a><\/p>\n<p>&nbsp;<\/p>\n<p><span style=\"font-size: 18pt\"><strong>FOLYMAT\u00c1BR\u00c1K<\/strong><\/span><\/p>\n<ol>\n<li><a href=\"https:\/\/semmelweis.hu\/beszerzes\/files\/2023\/05\/Beszerzes-igenylese-folyamatabraja.pdf\">Beszerz\u00e9s ig\u00e9nyl\u00e9se folyamat\u00e1br\u00e1ja<\/a><\/li>\n<li><a href=\"https:\/\/semmelweis.hu\/beszerzes\/files\/2023\/05\/Kozbeszerzesi-eljaras-folyamatabraja.pdf\">K\u00f6zbeszerz\u00e9si elj\u00e1r\u00e1s folyamat\u00e1br\u00e1ja<\/a><\/li>\n<li><a href=\"https:\/\/semmelweis.hu\/beszerzes\/files\/2023\/05\/Kozpontositott-kozbeszerzesi-eljaras-folyamatabraja.pdf\">K\u00f6zpontos\u00edtott k\u00f6zbeszerz\u00e9si elj\u00e1r\u00e1s folyamat\u00e1br\u00e1ja<\/a><\/li>\n<li><a href=\"https:\/\/semmelweis.hu\/beszerzes\/files\/2023\/05\/Egyszeru-beszerzesi-eljaras-folyamatabraja.pdf\">Egyszer\u0171 beszerz\u00e9si elj\u00e1r\u00e1s folyamat\u00e1br\u00e1ja<\/a><\/li>\n<\/ol>\n<p>&nbsp;<\/p>\n<p><span style=\"font-size: 18pt\"><strong>K\u00d6ZBESZERZ\u00c9SEK FORMANYOMTATV\u00c1NYAI<\/strong><\/span><\/p>\n<p><strong><span style=\"text-decoration: underline\">El\u0151terjeszt\u00e9s:<\/span><\/strong><\/p>\n<p><a href=\"https:\/\/semmelweis.hu\/beszerzes\/files\/2024\/11\/Eloterjesztes_2024.docx\">El\u0151terjeszt\u00e9s_2024<\/a> (docx) (2024.11.05)<\/p>\n<div><strong><span style=\"text-decoration: underline\">KEF-es el\u0151terjeszt\u00e9s:<\/span><\/strong><\/div>\n<div>\u00a0<\/div>\n<p><a href=\"https:\/\/semmelweis.hu\/beszerzes\/files\/2024\/11\/Eloterjesztes_2024.docx\">El\u0151terjeszt\u00e9s_2024\u00a0 <\/a>(docx) (2024.11.05)<\/p>\n<p><strong><span style=\"text-decoration: underline\">Megb\u00edz\u00e1s b\u00edr\u00e1l\u00f3bizotts\u00e1gi tags\u00e1g ell\u00e1t\u00e1s\u00e1ra:<\/span><\/strong><\/p>\n<ul style=\"list-style-type: square\">\n<li><a href=\"https:\/\/semmelweis.hu\/beszerzes\/files\/2016\/12\/Megb\u00edz\u00e1s-bir\u00e1l\u00f3bizotts\u00e1gi-tags\u00e1g-ell\u00e1t\u00e1s\u00e1ra.docx\">megbizas-biralobizottsagi-tagsag-ellatasara<\/a><\/li>\n<li><a href=\"https:\/\/semmelweis.hu\/beszerzes\/files\/2016\/12\/K\u00f6zbeszerz\u00e9si-elj\u00e1r\u00e1s-b\u00edr\u00e1l\u00f3bizotts\u00e1g\u00e1nak-felel\u0151ss\u00e9gi-rendje.docx\">kozbeszerzesi-eljaras-biralobizottsaganak-felelossegi-rendje<\/a><\/li>\n<li><a href=\"https:\/\/semmelweis.hu\/beszerzes\/files\/2016\/12\/K\u00f6zrem\u0171k\u00f6d\u0151k-titoktart\u00e1si-\u00e9s-\u00f6sszeferhetetlensegi-nyilatkozata.docx\">kozremukodok-titoktartasi-es-osszeferhetetlensegi-nyilatkozata<\/a><\/li>\n<\/ul>\n<p><strong><span style=\"text-decoration: underline\">Nyilatkozat p\u00e9nz\u00fcgyi fedezet rendelkez\u00e9sre \u00e1ll\u00e1s\u00e1r\u00f3l:<\/span><\/strong><\/p>\n<p><a href=\"https:\/\/semmelweis.hu\/beszerzes\/files\/2024\/11\/Nyilatkozat-penzugyi-fedezet-igazolasara.docx\">Nyilatkozat p\u00e9nz\u00fcgyi fedezet igazol\u00e1s\u00e1ra<\/a> (docx) (2024.11.04)<\/p>\n<p><strong><span style=\"text-decoration: underline\">Nyilatkozat p\u00e9nz\u00fcgyi fedezet megemel\u00e9s\u00e9r\u0151l:<\/span><\/strong><\/p>\n<p><a href=\"https:\/\/semmelweis.hu\/beszerzes\/files\/2016\/12\/Nyilatkozat-p\u00e9nz\u00fcgyi-fedezet-megemel\u00e9s\u00e9r\u0151l.docx\">nyilatkozat-penzugyi-fedezet-megemeleserol<\/a><\/p>\n<p><strong><span style=\"text-decoration: underline\">B\u00edr\u00e1lati lap tartalmi elemei:<\/span><\/strong><\/p>\n<p><a href=\"https:\/\/semmelweis.hu\/beszerzes\/files\/2016\/12\/Biralati-lap-tartalmi-elemei.docx\">biralati-lap-tartalmi-elemei<\/a><\/p>\n<p><strong><span style=\"text-decoration: underline\">Hat\u00e1rozat tartalmi elemei a k\u00f6zbeszerz\u00e9si elj\u00e1r\u00e1s eredm\u00e9ny\u00e9re vonatkoz\u00f3an:<\/span><\/strong><\/p>\n<p><a href=\"https:\/\/semmelweis.hu\/beszerzes\/files\/2016\/12\/Hatarozat-tartalmi-elemei-a-k\u00f6zbeszerz\u00e9si-elj\u00e1r\u00e1s-eredm\u00e9ny\u00e9re-vonatkoz\u00f3an.docx\">hatarozat-tartalmi-elemei-a-kozbeszerzesi-eljaras-eredmenyere-vonatkozoan<\/a><\/p>\n<p><strong><span style=\"text-decoration: underline\">T\u00e9malap minta:<\/span><\/strong><\/p>\n<p><a href=\"https:\/\/semmelweis.hu\/beszerzes\/files\/2016\/12\/T\u00e9malap-minta.docx\">temalap-minta<\/a><\/p>\n<p><strong><span style=\"text-decoration: underline\">Jegyz\u0151k\u00f6nyv tartalmi elemei az aj\u00e1nlatok bont\u00e1s\u00e1r\u00f3l:<\/span><\/strong><\/p>\n<p><a href=\"https:\/\/semmelweis.hu\/beszerzes\/files\/2016\/12\/Jegyz\u0151k\u00f6nyv-tartalmi-elemei-az-aj\u00e1nlatok-bont\u00e1s\u00e1r\u00f3l.docx\">jegyzokonyv-tartalmi-elemei-az-ajanlatok-bontasarol<\/a><\/p>\n<p><strong><span style=\"text-decoration: underline\">B\u00edr\u00e1l\u00f3bizotts\u00e1gi \u00fcl\u00e9sekr\u0151l k\u00e9sz\u00fclt jegyz\u0151k\u00f6nyv tartalmi elemei minta:<\/span><\/strong><\/p>\n<p><a href=\"https:\/\/semmelweis.hu\/beszerzes\/files\/2016\/12\/B\u00edr\u00e1l\u00f3bizotts\u00e1gi-\u00fcl\u00e9sekr\u0151l-k\u00e9sz\u00fclt-jegyz\u0151k\u00f6nyv-tartalmi-elemei-minta.docx\">biralobizottsagi-ulesekrol-keszult-jegyzokonyv-tartalmi-elemei-minta<\/a><\/p>\n<p><strong><span style=\"text-decoration: underline\">K\u00e9relem minta aj\u00e1nlati biztos\u00edt\u00e9k visszafizet\u00e9s\u00e9re vonatkoz\u00f3an:<\/span><\/strong><\/p>\n<p><a href=\"https:\/\/semmelweis.hu\/beszerzes\/files\/2016\/12\/K\u00e9relem-minta-aj\u00e1nlati-biztosit\u00e9k-visszafizet\u00e9s\u00e9re-vonatkoz\u00f3an.docx\">kerelem-minta-ajanlati-biztositek-visszafizetesere-vonatkozoan<\/a><\/p>\n<p><strong><span style=\"text-decoration: underline\">Szerz\u0151d\u00e9s teljes\u00edt\u00e9s\u00e9re vonatkoz\u00f3 adatok:<\/span><\/strong><\/p>\n<p><a href=\"https:\/\/semmelweis.hu\/beszerzes\/files\/2016\/12\/Szerz\u0151des-teljes\u00edt\u00e9s\u00e9re-vonatkoz\u00f3-adatok.docx\">szerzodes-teljesitesere-vonatkozo-adatok<\/a><\/p>\n<p><strong><span style=\"text-decoration: underline\">K\u00f6zbeszerz\u00e9si t\u00f6rv\u00e9ny \u00e9s fontosabb kapcsol\u00f3d\u00f3 jogszab\u00e1lyok:<\/span><\/strong><\/p>\n<p><a href=\"https:\/\/semmelweis.hu\/beszerzes\/files\/2016\/12\/K\u00f6zbeszerz\u00e9si-t\u00f6rv\u00e9ny-\u00e9s-fontosabb-kapcsolod\u00f3-jogszab\u00e1lyok.docx\">kozbeszerzesi-torveny-es-fontosabb-kapcsolodo-jogszabalyok<\/a><\/p>\n<p>&nbsp;<\/p>\n<p><span style=\"font-size: 18pt\"><strong>EGYSZER\u0170 BESZERZ\u00c9SEK FORMANYOMTATV\u00c1NYAI<\/strong><\/span><\/p>\n<p><strong><span style=\"text-decoration: underline\">Aj\u00e1nlatk\u00e9r\u00e9s minta:<\/span><\/strong><\/p>\n<p><a href=\"https:\/\/semmelweis.hu\/beszerzes\/files\/2017\/05\/33_Ajanlatkeres_minta.docx\">33_Ajanlatkeres_minta<\/a><\/p>\n<p><strong><span style=\"text-decoration: underline\">D\u00f6nt\u00e9si javaslat minta:<\/span><\/strong><\/p>\n<p><a href=\"https:\/\/semmelweis.hu\/beszerzes\/files\/2016\/12\/D\u00f6nt\u00e9si-javaslat-minta.docx\">dontesi-javaslat-minta<\/a><\/p>\n","protected":false},"excerpt":{"rendered":"<p>A Semmelweis Egyetem beszerz\u00e9si szab\u00e1lyzata A Beszerz\u00e9si Szab\u00e1lyzat pdf form\u00e1tumban a mell\u00e9kleteivel egybeszerkesztett m\u00f3don <a href=\"https:\/\/semmelweis.hu\/jogigfoig\/dokumentumtar\/szabalyzattar\/\" target=\"_blank\" rel=\"noopener noreferrer\">\u00a0erre a linkre kattintva \u00e9rhet\u0151 el<\/a> . A (k\u00f6z)beszerz\u00e9si elj\u00e1r\u00e1sokhoz kapcsol\u00f3d\u00f3, a beszerz\u00e9si folyamat sor\u00e1n k\u00f6telez\u0151en alkalmazand\u00f3 formanyomtatv\u00e1nyok: \u00c1LTAL\u00c1NOS FORMANYOMTATV\u00c1NYOK\u00a0\u00a0\u00a0\u00a0 <a href=\"https:\/\/semmelweis.hu\/beszerzes\/files\/2024\/11\/BML_Regisztracios-adatlap-RAL_BEF-2024.11.xlsx\">BML_Regisztr\u00e1ci\u00f3s-adatlap-RAL_BEF-2024.11.<\/a> (xlsx)\u00a0 (2024.11.05.) <a href=\"https:\/\/semmelweis.hu\/beszerzes\/files\/2023\/05\/SAL_Nemzetkozi-utazasszervezeshez.docx\">SAL_Nemzetk\u00f6zi utaz\u00e1sszervez\u00e9shez<\/a> (docx) (2023.05.11) <a href=\"https:\/\/semmelweis.hu\/beszerzes\/files\/2023\/05\/Kozremukodok-delegalasa.docx\">K\u00f6zrem\u0171k\u00f6d\u0151k deleg\u00e1l\u00e1sa<\/a> (docx) (2023.05.11) <a href=\"https:\/\/semmelweis.hu\/beszerzes\/files\/2024\/02\/Szakigazgatosagok-es-a-kompetenciajukba-tartozo-beszerzesi-teruletek.docx\">Szakigazgat\u00f3s\u00e1gok \u00e9s a kompetenci\u00e1jukba tartoz\u00f3 beszerz\u00e9si ter\u00fcletek<\/a> (docx)\u00a0 (2024.02.21) &nbsp; TOV\u00c1BBI FORMANYOMTATV\u00c1NYOK Aj\u00e1nlattev\u0151i nyilatkozat: <a href=\"https:\/\/semmelweis.hu\/beszerzes\/files\/2017\/05\/35_Ajanlattevoi_nyilatkozat.docx\">35_Ajanlattevoi_nyilatkozat<\/a> Elj\u00e1r\u00e1sok dokument\u00e1l\u00e1sa \u00e9s szerz\u0151d\u00e9sk\u00f6t\u00e9s felel\u0151ss\u00e9gi rendje a Semmelweis Egyetemen: <a href=\"https:\/\/semmelweis.hu\/beszerzes\/files\/2017\/05\/36-38_formanyomtatvanyok.docx\">36-38_formanyomtatvanyok<\/a> BML-feladatok: <a href=\"https:\/\/semmelweis.hu\/beszerzes\/files\/2017\/05\/36-38_formanyomtatvanyok.docx\">36-38_formanyomtatvanyok<\/a> SAP szerz\u0151d\u00e9sr\u00f6gz\u00edt\u00e9s k\u00e9perny\u0151k\u00e9p: <a href=\"https:\/\/semmelweis.hu\/beszerzes\/files\/2017\/05\/36-38_formanyomtatvanyok.docx\">36-38_formanyomtatvanyok<\/a> &nbsp; &hellip;<\/p>\n","protected":false},"author":353,"featured_media":0,"parent":970,"menu_order":1,"comment_status":"closed","ping_status":"closed","template":"","meta":{"_acf_changed":false,"footnotes":""},"categories":[],"tags":[],"class_list":["post-152","page","type-page","status-publish","hentry"],"acf":[],"_links":{"self":[{"href":"https:\/\/semmelweis.hu\/beszerzes\/wp-json\/wp\/v2\/pages\/152","targetHints":{"allow":["GET"]}}],"collection":[{"href":"https:\/\/semmelweis.hu\/beszerzes\/wp-json\/wp\/v2\/pages"}],"about":[{"href":"https:\/\/semmelweis.hu\/beszerzes\/wp-json\/wp\/v2\/types\/page"}],"author":[{"embeddable":true,"href":"https:\/\/semmelweis.hu\/beszerzes\/wp-json\/wp\/v2\/users\/353"}],"replies":[{"embeddable":true,"href":"https:\/\/semmelweis.hu\/beszerzes\/wp-json\/wp\/v2\/comments?post=152"}],"version-history":[{"count":13,"href":"https:\/\/semmelweis.hu\/beszerzes\/wp-json\/wp\/v2\/pages\/152\/revisions"}],"predecessor-version":[{"id":11965,"href":"https:\/\/semmelweis.hu\/beszerzes\/wp-json\/wp\/v2\/pages\/152\/revisions\/11965"}],"up":[{"embeddable":true,"href":"https:\/\/semmelweis.hu\/beszerzes\/wp-json\/wp\/v2\/pages\/970"}],"wp:attachment":[{"href":"https:\/\/semmelweis.hu\/beszerzes\/wp-json\/wp\/v2\/media?parent=152"}],"wp:term":[{"taxonomy":"category","embeddable":true,"href":"https:\/\/semmelweis.hu\/beszerzes\/wp-json\/wp\/v2\/categories?post=152"},{"taxonomy":"post_tag","embeddable":true,"href":"https:\/\/semmelweis.hu\/beszerzes\/wp-json\/wp\/v2\/tags?post=152"}],"curies":[{"name":"wp","href":"https:\/\/api.w.org\/{rel}","templated":true}]}}