{"id":12585,"date":"2025-09-18T10:14:36","date_gmt":"2025-09-18T08:14:36","guid":{"rendered":"https:\/\/semmelweis.hu\/beszerzes\/?page_id=12585"},"modified":"2025-09-18T10:29:54","modified_gmt":"2025-09-18T08:29:54","slug":"adatvedelem","status":"publish","type":"page","link":"https:\/\/semmelweis.hu\/beszerzes\/rolunk\/adatvedelem\/","title":{"rendered":"Adatv\u00e9delem"},"content":{"rendered":"<p>Az\u00a0<em>Adatv\u00e9delmi, k\u00f6zz\u00e9t\u00e9teli \u00e9s k\u00f6z\u00e9rdek\u0171 adatig\u00e9nyl\u00e9s szab\u00e1lyzat<\/em> rendelkez\u00e9sei alapj\u00e1n az al\u00e1bbi linkekre kattintva \u00e9rhet\u0151ek el a Beszerz\u00e9si Igazgat\u00f3s\u00e1g egyedi adatkezel\u00e9si t\u00e1j\u00e9koztat\u00f3i:<\/p>\n<ul>\n<li><a href=\"https:\/\/semmelweis.hu\/beszerzes\/files\/2025\/09\/Adatkezelesi_tajekoztato_BI.pdf\">Adatkezel\u00e9si t\u00e1j\u00e9koztat\u00f3<\/a><\/li>\n<li><a href=\"https:\/\/semmelweis.hu\/beszerzes\/files\/2025\/09\/Adatkezelesi_nyilvantartas_BI.xlsx\">Adatkezel\u00e9si nyilv\u00e1ntart\u00e1s<\/a><\/li>\n<\/ul>\n","protected":false},"excerpt":{"rendered":"<p>Az\u00a0Adatv\u00e9delmi, k\u00f6zz\u00e9t\u00e9teli \u00e9s k\u00f6z\u00e9rdek\u0171 adatig\u00e9nyl\u00e9s szab\u00e1lyzat rendelkez\u00e9sei alapj\u00e1n az al\u00e1bbi linkekre kattintva \u00e9rhet\u0151ek el a Beszerz\u00e9si Igazgat\u00f3s\u00e1g egyedi adatkezel\u00e9si t\u00e1j\u00e9koztat\u00f3i:<\/p>\n<p><a href=\"https:\/\/semmelweis.hu\/beszerzes\/files\/2025\/09\/Adatkezelesi_tajekoztato_BI.pdf\">Adatkezel\u00e9si t\u00e1j\u00e9koztat\u00f3<\/a><br \/>\n<a href=\"https:\/\/semmelweis.hu\/beszerzes\/files\/2025\/09\/Adatkezelesi_nyilvantartas_BI.xlsx\">Adatkezel\u00e9si nyilv\u00e1ntart\u00e1s<\/a><\/p>\n","protected":false},"author":101247,"featured_media":0,"parent":6,"menu_order":5,"comment_status":"closed","ping_status":"closed","template":"","meta":{"_acf_changed":false,"footnotes":""},"categories":[],"tags":[],"class_list":["post-12585","page","type-page","status-publish","hentry"],"acf":[],"_links":{"self":[{"href":"https:\/\/semmelweis.hu\/beszerzes\/wp-json\/wp\/v2\/pages\/12585","targetHints":{"allow":["GET"]}}],"collection":[{"href":"https:\/\/semmelweis.hu\/beszerzes\/wp-json\/wp\/v2\/pages"}],"about":[{"href":"https:\/\/semmelweis.hu\/beszerzes\/wp-json\/wp\/v2\/types\/page"}],"author":[{"embeddable":true,"href":"https:\/\/semmelweis.hu\/beszerzes\/wp-json\/wp\/v2\/users\/101247"}],"replies":[{"embeddable":true,"href":"https:\/\/semmelweis.hu\/beszerzes\/wp-json\/wp\/v2\/comments?post=12585"}],"version-history":[{"count":3,"href":"https:\/\/semmelweis.hu\/beszerzes\/wp-json\/wp\/v2\/pages\/12585\/revisions"}],"predecessor-version":[{"id":12590,"href":"https:\/\/semmelweis.hu\/beszerzes\/wp-json\/wp\/v2\/pages\/12585\/revisions\/12590"}],"up":[{"embeddable":true,"href":"https:\/\/semmelweis.hu\/beszerzes\/wp-json\/wp\/v2\/pages\/6"}],"wp:attachment":[{"href":"https:\/\/semmelweis.hu\/beszerzes\/wp-json\/wp\/v2\/media?parent=12585"}],"wp:term":[{"taxonomy":"category","embeddable":true,"href":"https:\/\/semmelweis.hu\/beszerzes\/wp-json\/wp\/v2\/categories?post=12585"},{"taxonomy":"post_tag","embeddable":true,"href":"https:\/\/semmelweis.hu\/beszerzes\/wp-json\/wp\/v2\/tags?post=12585"}],"curies":[{"name":"wp","href":"https:\/\/api.w.org\/{rel}","templated":true}]}}