{"id":97,"date":"2023-03-24T15:03:39","date_gmt":"2023-03-24T14:03:39","guid":{"rendered":"https:\/\/semmelweis.hu\/belonko\/?page_id=97"},"modified":"2024-06-12T20:30:10","modified_gmt":"2024-06-12T18:30:10","slug":"kontakt","status":"publish","type":"page","link":"https:\/\/semmelweis.hu\/belonko\/de\/kontakt\/","title":{"rendered":"Kontakt"},"content":{"rendered":"<h2>Klinik f\u00fcr Innere Medizin und Onkologie<\/h2>\n<p><strong>Addresse<\/strong>: H-1083 Budapest, Kor\u00e1nyi S\u00e1ndor 2\/a, Ungarn<br \/>\n<strong>Anschrift:<\/strong> H-1085 Budapest, \u00dcll\u0151i \u00fat 26.; <br \/>\nPostfach: H-1428 Budapest, Pf. 2. Ungarn<\/p>\n<p><strong>Tel.<\/strong>: +36-1-4591500\/51520<\/p>\n<p><strong>e-mail:<\/strong> titkarsag.bel1@semmelweis.hu\u00a0<\/p>\n\n<!-- iframe plugin v.4.9 wordpress.org\/plugins\/iframe\/ -->\n<iframe src=\"https:\/\/www.google.com\/maps\/embed?pb=!1m18!1m12!1m3!1d2696.36870877763!2d19.081155715626252!3d47.48273017917662!2m3!1f0!2f0!3f0!3m2!1i1024!2i768!4f13.1!3m3!1m2!1s0x4741dcfabf5ced2b%3A0x75af59a11ecda592!2sBudapest%2C%20Semmelweis%20Egyetem%20I.%20Sz.%20Belgy%C3%B3gy%C3%A1szati%20Klinika%2C%20Kor%C3%A1nyi%20S%C3%A1ndor%20u.%202%2Fa%2C%201082!5e0!3m2!1shu!2shu!4v1683287149055!5m2!1shu!2shu\" width=\"100%\" height=\"450\" style=\"border:0;\" allowfullscreen loading=\"lazy\" referrerpolicy=\"no-referrer-when-downgrade\" scrolling=\"yes\" class=\"iframe-class\" frameborder=\"0\"><\/iframe>\n\n<p>&nbsp;<\/p>\n","protected":false},"excerpt":{"rendered":"<p>Klinik f\u00fcr Innere Medizin und Onkologie<br \/>\nAddresse: H-1083 Budapest, Kor\u00e1nyi S\u00e1ndor 2\/a, Ungarn<br \/>\nAnschrift: H-1085 Budapest, \u00dcll\u0151i \u00fat 26.;<br \/>\nPostfach: H-1428 Budapest, Pf. 2. Ungarn<br \/>\nTel.: +36-1-4591500\/51520<br \/>\ne-mail: titkarsag.bel1@semmelweis.hu\u00a0<\/p>\n<p>&nbsp;<\/p>\n","protected":false},"author":12,"featured_media":0,"parent":0,"menu_order":8,"comment_status":"closed","ping_status":"closed","template":"","meta":{"_acf_changed":false,"footnotes":""},"categories":[],"tags":[],"class_list":["post-97","page","type-page","status-publish","hentry"],"acf":[],"_links":{"self":[{"href":"https:\/\/semmelweis.hu\/belonko\/wp-json\/wp\/v2\/pages\/97","targetHints":{"allow":["GET"]}}],"collection":[{"href":"https:\/\/semmelweis.hu\/belonko\/wp-json\/wp\/v2\/pages"}],"about":[{"href":"https:\/\/semmelweis.hu\/belonko\/wp-json\/wp\/v2\/types\/page"}],"author":[{"embeddable":true,"href":"https:\/\/semmelweis.hu\/belonko\/wp-json\/wp\/v2\/users\/12"}],"replies":[{"embeddable":true,"href":"https:\/\/semmelweis.hu\/belonko\/wp-json\/wp\/v2\/comments?post=97"}],"version-history":[{"count":5,"href":"https:\/\/semmelweis.hu\/belonko\/wp-json\/wp\/v2\/pages\/97\/revisions"}],"predecessor-version":[{"id":1606,"href":"https:\/\/semmelweis.hu\/belonko\/wp-json\/wp\/v2\/pages\/97\/revisions\/1606"}],"wp:attachment":[{"href":"https:\/\/semmelweis.hu\/belonko\/wp-json\/wp\/v2\/media?parent=97"}],"wp:term":[{"taxonomy":"category","embeddable":true,"href":"https:\/\/semmelweis.hu\/belonko\/wp-json\/wp\/v2\/categories?post=97"},{"taxonomy":"post_tag","embeddable":true,"href":"https:\/\/semmelweis.hu\/belonko\/wp-json\/wp\/v2\/tags?post=97"}],"curies":[{"name":"wp","href":"https:\/\/api.w.org\/{rel}","templated":true}]}}