{"id":951,"date":"2023-05-04T19:10:11","date_gmt":"2023-05-04T17:10:11","guid":{"rendered":"https:\/\/semmelweis.hu\/belonko\/?page_id=951"},"modified":"2025-07-22T15:14:28","modified_gmt":"2025-07-22T13:14:28","slug":"belgyogyaszat-nyari-gyakorlat","status":"publish","type":"page","link":"https:\/\/semmelweis.hu\/belonko\/oktatas\/belgyogyaszat-nyari-gyakorlat\/","title":{"rendered":"Belgy\u00f3gy\u00e1szat ny\u00e1ri gyakorlat"},"content":{"rendered":"<p><a href=\"https:\/\/semmelweis.hu\/belonko\/files\/2025\/06\/AOK_III_BOK_magyar_Bel_nyari_gyakorlat_Kovetelmenyrendszer_-rev-Tisler-2025_04_10.pdf\" target=\"_blank\" rel=\"noopener\">AOK_III_BOK_magyar_ny\u00e1ri gyakorlat k\u00f6vetelm\u00e9nyrendszer 2025<\/a><\/p>\n<p><a href=\"https:\/\/semmelweis.hu\/belonko\/files\/2025\/07\/harmadik-evfolyam-nyari-gyakorlat-orientacio-abrak-2025_06_30.pdf\" target=\"_blank\" rel=\"noopener\">harmadik \u00e9vfolyam ny\u00e1ri gyakorlat orient\u00e1ci\u00f3 \u00e1br\u00e1k 2025_06_30<\/a><\/p>\n","protected":false},"excerpt":{"rendered":"<p><a href=\"https:\/\/semmelweis.hu\/belonko\/files\/2025\/06\/AOK_III_BOK_magyar_Bel_nyari_gyakorlat_Kovetelmenyrendszer_-rev-Tisler-2025_04_10.pdf\" target=\"_blank\" rel=\"noopener\">AOK_III_BOK_magyar_ny\u00e1ri gyakorlat k\u00f6vetelm\u00e9nyrendszer 2025<\/a><br \/>\n<a href=\"https:\/\/semmelweis.hu\/belonko\/files\/2025\/07\/harmadik-evfolyam-nyari-gyakorlat-orientacio-abrak-2025_06_30.pdf\" target=\"_blank\" rel=\"noopener\">harmadik \u00e9vfolyam ny\u00e1ri gyakorlat orient\u00e1ci\u00f3 \u00e1br\u00e1k 2025_06_30<\/a><\/p>\n","protected":false},"author":102173,"featured_media":0,"parent":41,"menu_order":6,"comment_status":"closed","ping_status":"closed","template":"","meta":{"_acf_changed":false,"footnotes":""},"categories":[],"tags":[],"class_list":["post-951","page","type-page","status-publish","hentry"],"acf":[],"_links":{"self":[{"href":"https:\/\/semmelweis.hu\/belonko\/wp-json\/wp\/v2\/pages\/951","targetHints":{"allow":["GET"]}}],"collection":[{"href":"https:\/\/semmelweis.hu\/belonko\/wp-json\/wp\/v2\/pages"}],"about":[{"href":"https:\/\/semmelweis.hu\/belonko\/wp-json\/wp\/v2\/types\/page"}],"author":[{"embeddable":true,"href":"https:\/\/semmelweis.hu\/belonko\/wp-json\/wp\/v2\/users\/102173"}],"replies":[{"embeddable":true,"href":"https:\/\/semmelweis.hu\/belonko\/wp-json\/wp\/v2\/comments?post=951"}],"version-history":[{"count":5,"href":"https:\/\/semmelweis.hu\/belonko\/wp-json\/wp\/v2\/pages\/951\/revisions"}],"predecessor-version":[{"id":2941,"href":"https:\/\/semmelweis.hu\/belonko\/wp-json\/wp\/v2\/pages\/951\/revisions\/2941"}],"up":[{"embeddable":true,"href":"https:\/\/semmelweis.hu\/belonko\/wp-json\/wp\/v2\/pages\/41"}],"wp:attachment":[{"href":"https:\/\/semmelweis.hu\/belonko\/wp-json\/wp\/v2\/media?parent=951"}],"wp:term":[{"taxonomy":"category","embeddable":true,"href":"https:\/\/semmelweis.hu\/belonko\/wp-json\/wp\/v2\/categories?post=951"},{"taxonomy":"post_tag","embeddable":true,"href":"https:\/\/semmelweis.hu\/belonko\/wp-json\/wp\/v2\/tags?post=951"}],"curies":[{"name":"wp","href":"https:\/\/api.w.org\/{rel}","templated":true}]}}