{"id":948,"date":"2023-05-04T19:00:30","date_gmt":"2023-05-04T17:00:30","guid":{"rendered":"https:\/\/semmelweis.hu\/belonko\/?page_id=948"},"modified":"2024-09-20T11:58:30","modified_gmt":"2024-09-20T09:58:30","slug":"hospice-osztaly","status":"publish","type":"page","link":"https:\/\/semmelweis.hu\/belonko\/betegellatas\/hospice-osztaly\/","title":{"rendered":"Hospice Oszt\u00e1ly"},"content":{"rendered":"<p><strong>Szakmai igazgat\u00f3:<\/strong> <strong>Dr. Dank Magdolna egyetemi tan\u00e1r, Onkol\u00f3giai Profil vezet\u0151<\/strong><\/p>\n<p><strong>Munkat\u00e1rs: Dr. Legany Zsoltn\u00e9 Dr. Vas M\u00e1ria oszt\u00e1lyvezet\u0151 f\u0151orvos<\/strong><\/p>\n<div class=\"fontos_div\">\n<p>Hospice Oszt\u00e1lyunk a Szent R\u00f3kus T\u00f6mb-ben m\u0171k\u00f6dik\u00a0\u00a0<\/p>\n<\/div>\n<p><a href=\"https:\/\/semmelweis.hu\/onkologiai-kozpont\/betegellatas\/hospice\/\">https:\/\/semmelweis.hu\/onkologiai-kozpont\/betegellatas\/hospice\/<\/a><\/p>\n<p>&nbsp;<\/p>\n","protected":false},"excerpt":{"rendered":"<p>Szakmai igazgat\u00f3: Dr. Dank Magdolna egyetemi tan\u00e1r, Onkol\u00f3giai Profil vezet\u0151<br \/>\nMunkat\u00e1rs: Dr. Legany Zsoltn\u00e9 Dr. Vas M\u00e1ria oszt\u00e1lyvezet\u0151 f\u0151orvos<\/p>\n<p>Hospice Oszt\u00e1lyunk a Szent R\u00f3kus T\u00f6mb-ben m\u0171k\u00f6dik\u00a0\u00a0<\/p>\n<p><a href=\"https:\/\/semmelweis.hu\/onkologiai-kozpont\/betegellatas\/hospice\/\">https:\/\/semmelweis.hu\/onkologiai-kozpont\/betegellatas\/hospice\/<\/a><br \/>\n&nbsp;<\/p>\n","protected":false},"author":102173,"featured_media":0,"parent":34,"menu_order":8,"comment_status":"closed","ping_status":"closed","template":"","meta":{"_acf_changed":false,"footnotes":""},"categories":[],"tags":[],"class_list":["post-948","page","type-page","status-publish","hentry"],"acf":[],"_links":{"self":[{"href":"https:\/\/semmelweis.hu\/belonko\/wp-json\/wp\/v2\/pages\/948","targetHints":{"allow":["GET"]}}],"collection":[{"href":"https:\/\/semmelweis.hu\/belonko\/wp-json\/wp\/v2\/pages"}],"about":[{"href":"https:\/\/semmelweis.hu\/belonko\/wp-json\/wp\/v2\/types\/page"}],"author":[{"embeddable":true,"href":"https:\/\/semmelweis.hu\/belonko\/wp-json\/wp\/v2\/users\/102173"}],"replies":[{"embeddable":true,"href":"https:\/\/semmelweis.hu\/belonko\/wp-json\/wp\/v2\/comments?post=948"}],"version-history":[{"count":9,"href":"https:\/\/semmelweis.hu\/belonko\/wp-json\/wp\/v2\/pages\/948\/revisions"}],"predecessor-version":[{"id":1703,"href":"https:\/\/semmelweis.hu\/belonko\/wp-json\/wp\/v2\/pages\/948\/revisions\/1703"}],"up":[{"embeddable":true,"href":"https:\/\/semmelweis.hu\/belonko\/wp-json\/wp\/v2\/pages\/34"}],"wp:attachment":[{"href":"https:\/\/semmelweis.hu\/belonko\/wp-json\/wp\/v2\/media?parent=948"}],"wp:term":[{"taxonomy":"category","embeddable":true,"href":"https:\/\/semmelweis.hu\/belonko\/wp-json\/wp\/v2\/categories?post=948"},{"taxonomy":"post_tag","embeddable":true,"href":"https:\/\/semmelweis.hu\/belonko\/wp-json\/wp\/v2\/tags?post=948"}],"curies":[{"name":"wp","href":"https:\/\/api.w.org\/{rel}","templated":true}]}}