{"id":93,"date":"2023-03-24T15:02:33","date_gmt":"2023-03-24T14:02:33","guid":{"rendered":"https:\/\/semmelweis.hu\/belonko\/?page_id=93"},"modified":"2023-05-05T14:10:01","modified_gmt":"2023-05-05T12:10:01","slug":"ueber-uns","status":"publish","type":"page","link":"https:\/\/semmelweis.hu\/belonko\/de\/ueber-uns\/","title":{"rendered":"\u00dcber uns"},"content":{"rendered":"<p><strong>Sehr geehrter Website-Besucher!<\/strong><\/p>\n<p style=\"text-align: justify;\">Gestatten Sie mir, die Klinik f\u00fcr Innere Medizin und Onkologie (ehemals I.sz. Klinik f\u00fcr Innere Medizin), die auch als Kor\u00e1nyi-Klinik bezeichnet wird, kurz vorzustellen. Die Grundprinzipien der Kor\u00e1nyi-Schule, optimistischer Humanismus, das Bed\u00fcrfnis und der Respekt vor der Kenntnis wissenschaftlicher Fakten und die Vertretung einer integrativen, allgemeinen Inneren Medizin pr\u00e4gten und pr\u00e4gen die T\u00e4tigkeit der Klinik.<\/p>\n<blockquote>\n<p style=\"text-align: justify;\">Der Betrieb unserer Klinik basiert auf drei S\u00e4ulen: Patientenversorgung, Bildung und Forschung.<\/p>\n<\/blockquote>\n<p style=\"text-align: justify;\">Die <strong>Patientenversorgung<\/strong> findet derzeit in 133 Betten und 12 verschiedenen Ambulanzen statt. Dar\u00fcber hinaus verf\u00fcgt unsere Klinik \u00fcber ein gut ausgestattetes klinisch-pharmakologisches Testzentrum mit 12 Betten, in dem alle Arten von klinischen Studien von Anfang an durchgef\u00fchrt werden k\u00f6nnen. Auch unser sukzessive expandierendes Apherese Zentrum ist an einen neuen, modernen Standort umgezogen, sodass wir zu einem der gr\u00f6\u00dften Apherese Zentren des Landes geworden sind, in dem wir unsere Patienten mit allen Pheresetechniken behandeln, von der Plasmapherese bis zur modernsten Immunpherese.<\/p>\n<p style=\"text-align: justify;\"><a href=\"https:\/\/semmelweis.hu\/belonko\/files\/2023\/05\/RS84282_IMG_8698-scr.jpg\"><img loading=\"lazy\" decoding=\"async\" class=\"alignright size-medium wp-image-974\" src=\"https:\/\/semmelweis.hu\/belonko\/files\/2023\/05\/RS84282_IMG_8698-scr-400x267.jpg\" alt=\"\" width=\"400\" height=\"267\" srcset=\"https:\/\/semmelweis.hu\/belonko\/files\/2023\/05\/RS84282_IMG_8698-scr-400x267.jpg 400w, https:\/\/semmelweis.hu\/belonko\/files\/2023\/05\/RS84282_IMG_8698-scr-768x512.jpg 768w, https:\/\/semmelweis.hu\/belonko\/files\/2023\/05\/RS84282_IMG_8698-scr-753x502.jpg 753w, https:\/\/semmelweis.hu\/belonko\/files\/2023\/05\/RS84282_IMG_8698-scr-203x135.jpg 203w, https:\/\/semmelweis.hu\/belonko\/files\/2023\/05\/RS84282_IMG_8698-scr.jpg 950w\" sizes=\"auto, (max-width: 400px) 100vw, 400px\" \/><\/a>Neben der speziellen Patientenversorgung bieten wir auch eine regionale, komplexe internistische Patientenversorgung an, um unseren Studenten\/Studentin in der internistischen Ausbildung alle internistischen Krankheitsbilder vorstellen zu k\u00f6nnen. Die Klinik ist die prim\u00e4re internistische Versorgungseinrichtung f\u00fcr mehr als 150.000 Bewohner. Entsprechend unserem Ausbildungsauftrag setzen wir auf drei gro\u00dfe Bereiche der Inneren Medizin. Wir behandeln und betreuen das gesamte Spektrum endokriner Erkrankungen, von Hypophys\u00e4r Erkrankungen \u00fcber Schilddr\u00fcsenerkrankungen bis hin zu neuroendokrinen Tumoren. Dies gilt auch f\u00fcr Stoffwechselerkrankungen, von denen Diabetes mellitus und seltene Stoffwechselerkrankungen hervorzuheben sind. Die Abteilung Nephrologie bietet in enger Zusammenarbeit mit dem im Klinikgeb\u00e4ude betriebenen Dialysezentrum 20 Betten f\u00fcr Nierenpatienten an. Unsere gastroenterologische Arbeitsgruppe befasst sich neben allgemeinen internistischen Eingriffen vor allem mit der Behandlung von entz\u00fcndlichen Darmerkrankungen. Die Kardiologen unserer Klinik nehmen an nicht-invasiven kardiologischen Untersuchungen und Behandlungen teil. Die Spezialit\u00e4t des Onkologie-Profils, das im Geb\u00e4ude in der T\u00f6m\u0151-Stra\u00dfe t\u00e4tig ist, ist die Behandlung von Magen-Darm- und Brusttumoren sowie die onkologische Versorgung lokaler Patienten.<\/p>\n<p style=\"text-align: justify;\">Selbstverst\u00e4ndlich verf\u00fcgt unsere Klinik auch aufgrund der komplexen internistischen Patientenversorgung \u00fcber eine hohe diagnostische Kapazit\u00e4t (z. B. Gastroskopie, Koloskopie, Enteroskopie, Bauch- und Herzultraschall, 24-Stunden-Blutdruckmessung, Belastungs-EKG-Test, Neuropathie-Test, Knochendichtemessung und bestimmte isotopendiagnostische Tests).<\/p>\n\r\n        [slb_exclude]\r\n        <div class=\"row galeria-wrapper mx-0 h-auto\">\r\n            <div class=\"col-9 pl-0 pr-2\">\r\n            <span class=\"gallery-item frame\">\r\n\t\t\t\t<div class=\"galeria-left-img\"><a href=\"https:\/\/semmelweis.hu\/belonko\/files\/2023\/05\/IMG_0008.jpg\"><img src=https:\/\/semmelweis.hu\/belonko\/files\/2023\/05\/IMG_0008.jpg  \r\n                            alt=\"\" \r\n                            class=\"attachment-sote-gallery-big size-sote-gallery-big\" \r\n                            srcset=\"https:\/\/semmelweis.hu\/belonko\/files\/2023\/05\/IMG_0008-400x267.jpg 400w, https:\/\/semmelweis.hu\/belonko\/files\/2023\/05\/IMG_0008-1024x683.jpg 1024w, https:\/\/semmelweis.hu\/belonko\/files\/2023\/05\/IMG_0008-768x512.jpg 768w, https:\/\/semmelweis.hu\/belonko\/files\/2023\/05\/IMG_0008-753x502.jpg 753w, https:\/\/semmelweis.hu\/belonko\/files\/2023\/05\/IMG_0008-203x135.jpg 203w, https:\/\/semmelweis.hu\/belonko\/files\/2023\/05\/IMG_0008.jpg 1200w\" ><\/a><\/div>\r\n            <\/span>\r\n\r\n            <\/div>\r\n\r\n\t\t\t<div class=\"col-3 pl-0 pr-0\">\r\n\t\t\t\t<div class=\"galeria-right-img d-flex justify-content-between flex-column h-100 w-100 px-0 mx-0 \">\r\n                <div class=\"galeria-box\">\r\n\t\t\t\t\t<h3 class=\"galeria-title\">Gal\u00e9ria<\/h3>\r\n\t\t\t\t\t<div class=\"galeria-subtitle\">\r\n\r\n\t\t\t\t\t\t<div class=\"galeria-page-counter\"><span>15<\/span>k\u00e9p<\/div>\r\n                    <\/div> <\/div>\r\n                    <span class=\"gallery-item frame d-none d-md-flex\">\r\n\t\t\t\t\t<div class=\"galeria-small-img mt-0\"><a href=\"https:\/\/semmelweis.hu\/belonko\/files\/2023\/05\/IMG_0010.jpg\"><img src=https:\/\/semmelweis.hu\/belonko\/files\/2023\/05\/IMG_0010.jpg \r\n                                alt=\"\"  \r\n                                class=\"attachment-sote-gallery-small size-sote-gallery-small\" \r\n                                srcset=\"https:\/\/semmelweis.hu\/belonko\/files\/2023\/05\/IMG_0010-400x267.jpg 400w, https:\/\/semmelweis.hu\/belonko\/files\/2023\/05\/IMG_0010-1024x683.jpg 1024w, https:\/\/semmelweis.hu\/belonko\/files\/2023\/05\/IMG_0010-768x512.jpg 768w, https:\/\/semmelweis.hu\/belonko\/files\/2023\/05\/IMG_0010-753x502.jpg 753w, https:\/\/semmelweis.hu\/belonko\/files\/2023\/05\/IMG_0010-203x135.jpg 203w, https:\/\/semmelweis.hu\/belonko\/files\/2023\/05\/IMG_0010.jpg 1200w\" ><\/a><\/div>\r\n                    <\/span>\r\n                    <span class=\"gallery-item frame d-none d-md-flex\">\r\n\t\t\t\t\t<div class=\"galeria-small-img mt-0\"><a href=\"https:\/\/semmelweis.hu\/belonko\/files\/2023\/05\/IMG_0007.jpg\"><img src=https:\/\/semmelweis.hu\/belonko\/files\/2023\/05\/IMG_0007.jpg \r\n                                alt=\"\" \r\n                                class=\"attachment-sote-gallery-small size-sote-gallery-small\" \r\n                                srcset=\"https:\/\/semmelweis.hu\/belonko\/files\/2023\/05\/IMG_0007-400x267.jpg 400w, https:\/\/semmelweis.hu\/belonko\/files\/2023\/05\/IMG_0007-1024x683.jpg 1024w, https:\/\/semmelweis.hu\/belonko\/files\/2023\/05\/IMG_0007-768x512.jpg 768w, https:\/\/semmelweis.hu\/belonko\/files\/2023\/05\/IMG_0007-753x502.jpg 753w, https:\/\/semmelweis.hu\/belonko\/files\/2023\/05\/IMG_0007-203x135.jpg 203w, https:\/\/semmelweis.hu\/belonko\/files\/2023\/05\/IMG_0007.jpg 1200w\" ><\/a><\/div>\r\n                    <\/span>\r\n\r\n                <\/div>\r\n\r\n            <\/div>\r\n\r\n            <span class=\"gallery-item\"><div class=\"hidden\"><a href=\"https:\/\/semmelweis.hu\/belonko\/files\/2023\/05\/IMG_0009.jpg\">\r\n        <img src=https:\/\/semmelweis.hu\/belonko\/files\/2023\/05\/IMG_0009.jpg alt=\"\" class=\"attachment-sote-gallery-big size-sote-gallery-big\" srcset=\"https:\/\/semmelweis.hu\/belonko\/files\/2023\/05\/IMG_0009-400x267.jpg 400w, https:\/\/semmelweis.hu\/belonko\/files\/2023\/05\/IMG_0009-1024x683.jpg 1024w, https:\/\/semmelweis.hu\/belonko\/files\/2023\/05\/IMG_0009-768x512.jpg 768w, https:\/\/semmelweis.hu\/belonko\/files\/2023\/05\/IMG_0009-753x502.jpg 753w, https:\/\/semmelweis.hu\/belonko\/files\/2023\/05\/IMG_0009-203x135.jpg 203w, https:\/\/semmelweis.hu\/belonko\/files\/2023\/05\/IMG_0009.jpg 1200w\" >\r\n        <\/a><\/div><\/span><span class=\"gallery-item\"><div class=\"hidden\"><a href=\"https:\/\/semmelweis.hu\/belonko\/files\/2023\/05\/IMG_9908-scaled.jpg\">\r\n        <img src=https:\/\/semmelweis.hu\/belonko\/files\/2023\/05\/IMG_9908-scaled.jpg alt=\"\" class=\"attachment-sote-gallery-big size-sote-gallery-big\" srcset=\"https:\/\/semmelweis.hu\/belonko\/files\/2023\/05\/IMG_9908-267x400.jpg 267w, https:\/\/semmelweis.hu\/belonko\/files\/2023\/05\/IMG_9908-683x1024.jpg 683w, https:\/\/semmelweis.hu\/belonko\/files\/2023\/05\/IMG_9908-768x1152.jpg 768w, https:\/\/semmelweis.hu\/belonko\/files\/2023\/05\/IMG_9908-1024x1536.jpg 1024w, https:\/\/semmelweis.hu\/belonko\/files\/2023\/05\/IMG_9908-1365x2048.jpg 1365w, https:\/\/semmelweis.hu\/belonko\/files\/2023\/05\/IMG_9908-753x1130.jpg 753w, https:\/\/semmelweis.hu\/belonko\/files\/2023\/05\/IMG_9908-scaled.jpg 1707w\" >\r\n        <\/a><\/div><\/span><span class=\"gallery-item\"><div class=\"hidden\"><a href=\"https:\/\/semmelweis.hu\/belonko\/files\/2023\/05\/RS13101_KA-20120911-IMG_1210-scr.jpg\">\r\n        <img src=https:\/\/semmelweis.hu\/belonko\/files\/2023\/05\/RS13101_KA-20120911-IMG_1210-scr.jpg alt=\"\" class=\"attachment-sote-gallery-big size-sote-gallery-big\" srcset=\"https:\/\/semmelweis.hu\/belonko\/files\/2023\/05\/RS13101_KA-20120911-IMG_1210-scr-400x267.jpg 400w, https:\/\/semmelweis.hu\/belonko\/files\/2023\/05\/RS13101_KA-20120911-IMG_1210-scr-768x512.jpg 768w, https:\/\/semmelweis.hu\/belonko\/files\/2023\/05\/RS13101_KA-20120911-IMG_1210-scr-753x502.jpg 753w, https:\/\/semmelweis.hu\/belonko\/files\/2023\/05\/RS13101_KA-20120911-IMG_1210-scr-203x135.jpg 203w, https:\/\/semmelweis.hu\/belonko\/files\/2023\/05\/RS13101_KA-20120911-IMG_1210-scr.jpg 950w\" >\r\n        <\/a><\/div><\/span><span class=\"gallery-item\"><div class=\"hidden\"><a href=\"https:\/\/semmelweis.hu\/belonko\/files\/2023\/05\/RS13103_KA-20120911-IMG_1213-scr.jpg\">\r\n        <img src=https:\/\/semmelweis.hu\/belonko\/files\/2023\/05\/RS13103_KA-20120911-IMG_1213-scr.jpg alt=\"\" class=\"attachment-sote-gallery-big size-sote-gallery-big\" srcset=\"https:\/\/semmelweis.hu\/belonko\/files\/2023\/05\/RS13103_KA-20120911-IMG_1213-scr-400x267.jpg 400w, https:\/\/semmelweis.hu\/belonko\/files\/2023\/05\/RS13103_KA-20120911-IMG_1213-scr-768x512.jpg 768w, https:\/\/semmelweis.hu\/belonko\/files\/2023\/05\/RS13103_KA-20120911-IMG_1213-scr-753x502.jpg 753w, https:\/\/semmelweis.hu\/belonko\/files\/2023\/05\/RS13103_KA-20120911-IMG_1213-scr-203x135.jpg 203w, https:\/\/semmelweis.hu\/belonko\/files\/2023\/05\/RS13103_KA-20120911-IMG_1213-scr.jpg 950w\" >\r\n        <\/a><\/div><\/span><span class=\"gallery-item\"><div class=\"hidden\"><a href=\"https:\/\/semmelweis.hu\/belonko\/files\/2023\/05\/RS13107_KA-20120914-IMG_1219-scr.jpg\">\r\n        <img src=https:\/\/semmelweis.hu\/belonko\/files\/2023\/05\/RS13107_KA-20120914-IMG_1219-scr.jpg alt=\"\" class=\"attachment-sote-gallery-big size-sote-gallery-big\" srcset=\"https:\/\/semmelweis.hu\/belonko\/files\/2023\/05\/RS13107_KA-20120914-IMG_1219-scr-400x267.jpg 400w, https:\/\/semmelweis.hu\/belonko\/files\/2023\/05\/RS13107_KA-20120914-IMG_1219-scr-768x512.jpg 768w, https:\/\/semmelweis.hu\/belonko\/files\/2023\/05\/RS13107_KA-20120914-IMG_1219-scr-753x502.jpg 753w, https:\/\/semmelweis.hu\/belonko\/files\/2023\/05\/RS13107_KA-20120914-IMG_1219-scr-203x135.jpg 203w, https:\/\/semmelweis.hu\/belonko\/files\/2023\/05\/RS13107_KA-20120914-IMG_1219-scr.jpg 950w\" >\r\n        <\/a><\/div><\/span><span class=\"gallery-item\"><div class=\"hidden\"><a href=\"https:\/\/semmelweis.hu\/belonko\/files\/2023\/05\/RS41909_6-scr.jpg\">\r\n        <img src=https:\/\/semmelweis.hu\/belonko\/files\/2023\/05\/RS41909_6-scr.jpg alt=\"\" class=\"attachment-sote-gallery-big size-sote-gallery-big\" srcset=\"https:\/\/semmelweis.hu\/belonko\/files\/2023\/05\/RS41909_6-scr-400x267.jpg 400w, https:\/\/semmelweis.hu\/belonko\/files\/2023\/05\/RS41909_6-scr-768x512.jpg 768w, https:\/\/semmelweis.hu\/belonko\/files\/2023\/05\/RS41909_6-scr-753x502.jpg 753w, https:\/\/semmelweis.hu\/belonko\/files\/2023\/05\/RS41909_6-scr-203x135.jpg 203w, https:\/\/semmelweis.hu\/belonko\/files\/2023\/05\/RS41909_6-scr.jpg 950w\" >\r\n        <\/a><\/div><\/span><span class=\"gallery-item\"><div class=\"hidden\"><a href=\"https:\/\/semmelweis.hu\/belonko\/files\/2023\/05\/RS106677_C19A1007-scr.jpg\">\r\n        <img src=https:\/\/semmelweis.hu\/belonko\/files\/2023\/05\/RS106677_C19A1007-scr.jpg alt=\"\" class=\"attachment-sote-gallery-big size-sote-gallery-big\" srcset=\"https:\/\/semmelweis.hu\/belonko\/files\/2023\/05\/RS106677_C19A1007-scr-400x267.jpg 400w, https:\/\/semmelweis.hu\/belonko\/files\/2023\/05\/RS106677_C19A1007-scr-1024x683.jpg 1024w, https:\/\/semmelweis.hu\/belonko\/files\/2023\/05\/RS106677_C19A1007-scr-768x512.jpg 768w, https:\/\/semmelweis.hu\/belonko\/files\/2023\/05\/RS106677_C19A1007-scr-753x502.jpg 753w, https:\/\/semmelweis.hu\/belonko\/files\/2023\/05\/RS106677_C19A1007-scr-203x135.jpg 203w, https:\/\/semmelweis.hu\/belonko\/files\/2023\/05\/RS106677_C19A1007-scr.jpg 1200w\" >\r\n        <\/a><\/div><\/span><span class=\"gallery-item\"><div class=\"hidden\"><a href=\"https:\/\/semmelweis.hu\/belonko\/files\/2023\/05\/RS106676_C19A1011-scr.jpg\">\r\n        <img src=https:\/\/semmelweis.hu\/belonko\/files\/2023\/05\/RS106676_C19A1011-scr.jpg alt=\"\" class=\"attachment-sote-gallery-big size-sote-gallery-big\" srcset=\"https:\/\/semmelweis.hu\/belonko\/files\/2023\/05\/RS106676_C19A1011-scr-400x267.jpg 400w, https:\/\/semmelweis.hu\/belonko\/files\/2023\/05\/RS106676_C19A1011-scr-1024x683.jpg 1024w, https:\/\/semmelweis.hu\/belonko\/files\/2023\/05\/RS106676_C19A1011-scr-768x512.jpg 768w, https:\/\/semmelweis.hu\/belonko\/files\/2023\/05\/RS106676_C19A1011-scr-753x502.jpg 753w, https:\/\/semmelweis.hu\/belonko\/files\/2023\/05\/RS106676_C19A1011-scr-203x135.jpg 203w, https:\/\/semmelweis.hu\/belonko\/files\/2023\/05\/RS106676_C19A1011-scr.jpg 1200w\" >\r\n        <\/a><\/div><\/span><span class=\"gallery-item\"><div class=\"hidden\"><a href=\"https:\/\/semmelweis.hu\/belonko\/files\/2023\/05\/RS103153_IMG_7134-scr.jpg\">\r\n        <img src=https:\/\/semmelweis.hu\/belonko\/files\/2023\/05\/RS103153_IMG_7134-scr.jpg alt=\"\" class=\"attachment-sote-gallery-big size-sote-gallery-big\" srcset=\"https:\/\/semmelweis.hu\/belonko\/files\/2023\/05\/RS103153_IMG_7134-scr-400x267.jpg 400w, https:\/\/semmelweis.hu\/belonko\/files\/2023\/05\/RS103153_IMG_7134-scr-768x512.jpg 768w, https:\/\/semmelweis.hu\/belonko\/files\/2023\/05\/RS103153_IMG_7134-scr-753x502.jpg 753w, https:\/\/semmelweis.hu\/belonko\/files\/2023\/05\/RS103153_IMG_7134-scr-203x135.jpg 203w, https:\/\/semmelweis.hu\/belonko\/files\/2023\/05\/RS103153_IMG_7134-scr.jpg 950w\" >\r\n        <\/a><\/div><\/span><span class=\"gallery-item\"><div class=\"hidden\"><a href=\"https:\/\/semmelweis.hu\/belonko\/files\/2023\/05\/RS108931_C19A4834-scr-1.jpg\">\r\n        <img src=https:\/\/semmelweis.hu\/belonko\/files\/2023\/05\/RS108931_C19A4834-scr-1.jpg alt=\"\" class=\"attachment-sote-gallery-big size-sote-gallery-big\" srcset=\"https:\/\/semmelweis.hu\/belonko\/files\/2023\/05\/RS108931_C19A4834-scr-1-400x267.jpg 400w, https:\/\/semmelweis.hu\/belonko\/files\/2023\/05\/RS108931_C19A4834-scr-1-1024x683.jpg 1024w, https:\/\/semmelweis.hu\/belonko\/files\/2023\/05\/RS108931_C19A4834-scr-1-768x512.jpg 768w, https:\/\/semmelweis.hu\/belonko\/files\/2023\/05\/RS108931_C19A4834-scr-1-753x502.jpg 753w, https:\/\/semmelweis.hu\/belonko\/files\/2023\/05\/RS108931_C19A4834-scr-1-203x135.jpg 203w, https:\/\/semmelweis.hu\/belonko\/files\/2023\/05\/RS108931_C19A4834-scr-1.jpg 1200w\" >\r\n        <\/a><\/div><\/span><span class=\"gallery-item\"><div class=\"hidden\"><a href=\"https:\/\/semmelweis.hu\/belonko\/files\/2023\/05\/RS84282_IMG_8698-scr.jpg\">\r\n        <img src=https:\/\/semmelweis.hu\/belonko\/files\/2023\/05\/RS84282_IMG_8698-scr.jpg alt=\"\" class=\"attachment-sote-gallery-big size-sote-gallery-big\" srcset=\"https:\/\/semmelweis.hu\/belonko\/files\/2023\/05\/RS84282_IMG_8698-scr-400x267.jpg 400w, https:\/\/semmelweis.hu\/belonko\/files\/2023\/05\/RS84282_IMG_8698-scr-768x512.jpg 768w, https:\/\/semmelweis.hu\/belonko\/files\/2023\/05\/RS84282_IMG_8698-scr-753x502.jpg 753w, https:\/\/semmelweis.hu\/belonko\/files\/2023\/05\/RS84282_IMG_8698-scr-203x135.jpg 203w, https:\/\/semmelweis.hu\/belonko\/files\/2023\/05\/RS84282_IMG_8698-scr.jpg 950w\" >\r\n        <\/a><\/div><\/span><span class=\"gallery-item\"><div class=\"hidden\"><a href=\"https:\/\/semmelweis.hu\/belonko\/files\/2023\/05\/RS169610_3P1A8055-scr.jpg\">\r\n        <img src=https:\/\/semmelweis.hu\/belonko\/files\/2023\/05\/RS169610_3P1A8055-scr.jpg alt=\"\" class=\"attachment-sote-gallery-big size-sote-gallery-big\" srcset=\"https:\/\/semmelweis.hu\/belonko\/files\/2023\/05\/RS169610_3P1A8055-scr-400x267.jpg 400w, https:\/\/semmelweis.hu\/belonko\/files\/2023\/05\/RS169610_3P1A8055-scr-1024x683.jpg 1024w, https:\/\/semmelweis.hu\/belonko\/files\/2023\/05\/RS169610_3P1A8055-scr-768x512.jpg 768w, https:\/\/semmelweis.hu\/belonko\/files\/2023\/05\/RS169610_3P1A8055-scr-753x502.jpg 753w, https:\/\/semmelweis.hu\/belonko\/files\/2023\/05\/RS169610_3P1A8055-scr-203x135.jpg 203w, https:\/\/semmelweis.hu\/belonko\/files\/2023\/05\/RS169610_3P1A8055-scr.jpg 1200w\" >\r\n        <\/a><\/div><\/span>\r\n            <\/div>\r\n\r\n            [\/slb_exclude]\r\n\t\n","protected":false},"excerpt":{"rendered":"<p>Sehr geehrter Website-Besucher! Gestatten Sie mir, die Klinik f\u00fcr Innere Medizin und Onkologie (ehemals I.sz. Klinik f\u00fcr Innere Medizin), die auch als Kor\u00e1nyi-Klinik bezeichnet wird, kurz vorzustellen. Die Grundprinzipien der Kor\u00e1nyi-Schule, optimistischer Humanismus, das Bed\u00fcrfnis und der Respekt vor der Kenntnis wissenschaftlicher Fakten und die Vertretung einer integrativen, allgemeinen Inneren Medizin pr\u00e4gten und pr\u00e4gen die &hellip;<\/p>\n","protected":false},"author":12,"featured_media":13,"parent":0,"menu_order":0,"comment_status":"closed","ping_status":"closed","template":"","meta":{"_acf_changed":false,"footnotes":""},"categories":[],"tags":[],"class_list":["post-93","page","type-page","status-publish","has-post-thumbnail","hentry"],"acf":[],"_links":{"self":[{"href":"https:\/\/semmelweis.hu\/belonko\/wp-json\/wp\/v2\/pages\/93","targetHints":{"allow":["GET"]}}],"collection":[{"href":"https:\/\/semmelweis.hu\/belonko\/wp-json\/wp\/v2\/pages"}],"about":[{"href":"https:\/\/semmelweis.hu\/belonko\/wp-json\/wp\/v2\/types\/page"}],"author":[{"embeddable":true,"href":"https:\/\/semmelweis.hu\/belonko\/wp-json\/wp\/v2\/users\/12"}],"replies":[{"embeddable":true,"href":"https:\/\/semmelweis.hu\/belonko\/wp-json\/wp\/v2\/comments?post=93"}],"version-history":[{"count":3,"href":"https:\/\/semmelweis.hu\/belonko\/wp-json\/wp\/v2\/pages\/93\/revisions"}],"predecessor-version":[{"id":1073,"href":"https:\/\/semmelweis.hu\/belonko\/wp-json\/wp\/v2\/pages\/93\/revisions\/1073"}],"wp:featuredmedia":[{"embeddable":true,"href":"https:\/\/semmelweis.hu\/belonko\/wp-json\/wp\/v2\/media\/13"}],"wp:attachment":[{"href":"https:\/\/semmelweis.hu\/belonko\/wp-json\/wp\/v2\/media?parent=93"}],"wp:term":[{"taxonomy":"category","embeddable":true,"href":"https:\/\/semmelweis.hu\/belonko\/wp-json\/wp\/v2\/categories?post=93"},{"taxonomy":"post_tag","embeddable":true,"href":"https:\/\/semmelweis.hu\/belonko\/wp-json\/wp\/v2\/tags?post=93"}],"curies":[{"name":"wp","href":"https:\/\/api.w.org\/{rel}","templated":true}]}}