{"id":906,"date":"2023-05-04T14:50:13","date_gmt":"2023-05-04T12:50:13","guid":{"rendered":"https:\/\/semmelweis.hu\/belonko\/?page_id=906"},"modified":"2023-05-04T14:50:29","modified_gmt":"2023-05-04T12:50:29","slug":"endokrin-anyagcsere-nepbetegsegek","status":"publish","type":"page","link":"https:\/\/semmelweis.hu\/belonko\/oktatas\/szabadon-kotelezoen-valaszthato-targy\/endokrin-anyagcsere-nepbetegsegek\/","title":{"rendered":"Endokrin-anyagcsere n\u00e9pbetegs\u00e9gek"},"content":{"rendered":"<p><strong>Tant\u00e1rgyfelel\u0151s: Prof. Dr. Tak\u00e1cs Istv\u00e1n\u00a0<\/strong><\/p>\n<p><a href=\"https:\/\/semmelweis.hu\/belonko\/files\/2023\/05\/Endokrin-anyagcsere-szab.val_.kov_.rendszer.pdf\" target=\"_blank\" rel=\"noopener\">Endokrin anyagcsere szab.v\u00e1l.k\u00f6v.rendszer<\/a><\/p>\n<p><a class=\"button\" href=\"https:\/\/itc.semmelweis.hu\/moodle\/login\/index.php\" target=\"_blank\" rel=\"noopener\">A tant\u00e1rgyr\u00f3l b\u0151vebb inform\u00e1ci\u00f3 \u00e9s az el\u0151ad\u00e1sok diasorai a MOODLE rendszerben tal\u00e1lhat\u00f3k<\/a><\/p>\n","protected":false},"excerpt":{"rendered":"<p>Tant\u00e1rgyfelel\u0151s: Prof. Dr. Tak\u00e1cs Istv\u00e1n\u00a0<br \/>\n<a href=\"https:\/\/semmelweis.hu\/belonko\/files\/2023\/05\/Endokrin-anyagcsere-szab.val_.kov_.rendszer.pdf\" target=\"_blank\" rel=\"noopener\">Endokrin anyagcsere szab.v\u00e1l.k\u00f6v.rendszer<\/a><br \/>\n<a class=\"button\" href=\"https:\/\/itc.semmelweis.hu\/moodle\/login\/index.php\" target=\"_blank\" rel=\"noopener\">A tant\u00e1rgyr\u00f3l b\u0151vebb inform\u00e1ci\u00f3 \u00e9s az el\u0151ad\u00e1sok diasorai a MOODLE rendszerben tal\u00e1lhat\u00f3k<\/a><\/p>\n","protected":false},"author":102173,"featured_media":0,"parent":156,"menu_order":1,"comment_status":"closed","ping_status":"closed","template":"","meta":{"_acf_changed":false,"footnotes":""},"categories":[],"tags":[],"class_list":["post-906","page","type-page","status-publish","hentry"],"acf":[],"_links":{"self":[{"href":"https:\/\/semmelweis.hu\/belonko\/wp-json\/wp\/v2\/pages\/906","targetHints":{"allow":["GET"]}}],"collection":[{"href":"https:\/\/semmelweis.hu\/belonko\/wp-json\/wp\/v2\/pages"}],"about":[{"href":"https:\/\/semmelweis.hu\/belonko\/wp-json\/wp\/v2\/types\/page"}],"author":[{"embeddable":true,"href":"https:\/\/semmelweis.hu\/belonko\/wp-json\/wp\/v2\/users\/102173"}],"replies":[{"embeddable":true,"href":"https:\/\/semmelweis.hu\/belonko\/wp-json\/wp\/v2\/comments?post=906"}],"version-history":[{"count":2,"href":"https:\/\/semmelweis.hu\/belonko\/wp-json\/wp\/v2\/pages\/906\/revisions"}],"predecessor-version":[{"id":909,"href":"https:\/\/semmelweis.hu\/belonko\/wp-json\/wp\/v2\/pages\/906\/revisions\/909"}],"up":[{"embeddable":true,"href":"https:\/\/semmelweis.hu\/belonko\/wp-json\/wp\/v2\/pages\/156"}],"wp:attachment":[{"href":"https:\/\/semmelweis.hu\/belonko\/wp-json\/wp\/v2\/media?parent=906"}],"wp:term":[{"taxonomy":"category","embeddable":true,"href":"https:\/\/semmelweis.hu\/belonko\/wp-json\/wp\/v2\/categories?post=906"},{"taxonomy":"post_tag","embeddable":true,"href":"https:\/\/semmelweis.hu\/belonko\/wp-json\/wp\/v2\/tags?post=906"}],"curies":[{"name":"wp","href":"https:\/\/api.w.org\/{rel}","templated":true}]}}