{"id":903,"date":"2023-05-04T14:47:13","date_gmt":"2023-05-04T12:47:13","guid":{"rendered":"https:\/\/semmelweis.hu\/belonko\/?page_id=903"},"modified":"2023-05-04T14:47:40","modified_gmt":"2023-05-04T12:47:40","slug":"az-endokrin-betegseg-genetikaja","status":"publish","type":"page","link":"https:\/\/semmelweis.hu\/belonko\/oktatas\/szabadon-kotelezoen-valaszthato-targy\/az-endokrin-betegseg-genetikaja\/","title":{"rendered":"Az endokrin betegs\u00e9g genetik\u00e1ja"},"content":{"rendered":"<p><strong>Tant\u00e1rgyfelel\u0151s: Prof. Dr. Igaz P\u00e9ter\u00a0<\/strong><\/p>\n<p><a href=\"https:\/\/semmelweis.hu\/belonko\/files\/2023\/05\/Az-endokrin-betegsegek-genetikaja_Kovetelmenyrendszer.pdf\" target=\"_blank\" rel=\"noopener\">K\u00f6vetelm\u00e9nyrendszer_Az endokrin betegs\u00e9gek genetik\u00e1ja<\/a><\/p>\n<p><a class=\"button\" href=\"https:\/\/itc.semmelweis.hu\/moodle\/login\/index.php\" target=\"_blank\" rel=\"noopener\">A tant\u00e1rgyr\u00f3l b\u0151vebb inform\u00e1ci\u00f3 \u00e9s az el\u0151ad\u00e1sok diasorai a MOODLE rendszerben tal\u00e1lhat\u00f3k<\/a><\/p>\n","protected":false},"excerpt":{"rendered":"<p>Tant\u00e1rgyfelel\u0151s: Prof. Dr. Igaz P\u00e9ter\u00a0<br \/>\n<a href=\"https:\/\/semmelweis.hu\/belonko\/files\/2023\/05\/Az-endokrin-betegsegek-genetikaja_Kovetelmenyrendszer.pdf\" target=\"_blank\" rel=\"noopener\">K\u00f6vetelm\u00e9nyrendszer_Az endokrin betegs\u00e9gek genetik\u00e1ja<\/a><br \/>\n<a class=\"button\" href=\"https:\/\/itc.semmelweis.hu\/moodle\/login\/index.php\" target=\"_blank\" rel=\"noopener\">A tant\u00e1rgyr\u00f3l b\u0151vebb inform\u00e1ci\u00f3 \u00e9s az el\u0151ad\u00e1sok diasorai a MOODLE rendszerben tal\u00e1lhat\u00f3k<\/a><\/p>\n","protected":false},"author":102173,"featured_media":0,"parent":156,"menu_order":1,"comment_status":"closed","ping_status":"closed","template":"","meta":{"_acf_changed":false,"footnotes":""},"categories":[],"tags":[],"class_list":["post-903","page","type-page","status-publish","hentry"],"acf":[],"_links":{"self":[{"href":"https:\/\/semmelweis.hu\/belonko\/wp-json\/wp\/v2\/pages\/903","targetHints":{"allow":["GET"]}}],"collection":[{"href":"https:\/\/semmelweis.hu\/belonko\/wp-json\/wp\/v2\/pages"}],"about":[{"href":"https:\/\/semmelweis.hu\/belonko\/wp-json\/wp\/v2\/types\/page"}],"author":[{"embeddable":true,"href":"https:\/\/semmelweis.hu\/belonko\/wp-json\/wp\/v2\/users\/102173"}],"replies":[{"embeddable":true,"href":"https:\/\/semmelweis.hu\/belonko\/wp-json\/wp\/v2\/comments?post=903"}],"version-history":[{"count":1,"href":"https:\/\/semmelweis.hu\/belonko\/wp-json\/wp\/v2\/pages\/903\/revisions"}],"predecessor-version":[{"id":905,"href":"https:\/\/semmelweis.hu\/belonko\/wp-json\/wp\/v2\/pages\/903\/revisions\/905"}],"up":[{"embeddable":true,"href":"https:\/\/semmelweis.hu\/belonko\/wp-json\/wp\/v2\/pages\/156"}],"wp:attachment":[{"href":"https:\/\/semmelweis.hu\/belonko\/wp-json\/wp\/v2\/media?parent=903"}],"wp:term":[{"taxonomy":"category","embeddable":true,"href":"https:\/\/semmelweis.hu\/belonko\/wp-json\/wp\/v2\/categories?post=903"},{"taxonomy":"post_tag","embeddable":true,"href":"https:\/\/semmelweis.hu\/belonko\/wp-json\/wp\/v2\/tags?post=903"}],"curies":[{"name":"wp","href":"https:\/\/api.w.org\/{rel}","templated":true}]}}