{"id":900,"date":"2023-05-04T14:33:23","date_gmt":"2023-05-04T12:33:23","guid":{"rendered":"https:\/\/semmelweis.hu\/belonko\/?page_id=900"},"modified":"2024-07-03T13:55:54","modified_gmt":"2024-07-03T11:55:54","slug":"nefrologia-a-molekulatol-a-betegagyig","status":"publish","type":"page","link":"https:\/\/semmelweis.hu\/belonko\/oktatas\/szabadon-kotelezoen-valaszthato-targy\/nefrologia-a-molekulatol-a-betegagyig\/","title":{"rendered":"Nefrol\u00f3gia: A molekul\u00e1t\u00f3l a beteg\u00e1gyig"},"content":{"rendered":"<p><strong>Tant\u00e1rgyfelel\u0151s: Prof. Dr. Tisl\u00e9r Andr\u00e1s<\/strong><\/p>\n<p><a href=\"https:\/\/semmelweis.hu\/belonko\/files\/2024\/07\/Nefrologia_a-molekulaktol-a-betegagyig_kovetelmenyrendszer_-uj-formatum_2023_04_05.pdf\" target=\"_blank\" rel=\"noopener\">Nefrol\u00f3gia_a molekul\u00e1kt\u00f3l a beteg\u00e1gyig_k\u00f6vetelm\u00e9nyrendszer_<\/a><\/p>\n<p><a class=\"button\" href=\"https:\/\/itc.semmelweis.hu\/moodle\/login\/index.php\" target=\"_blank\" rel=\"noopener\">A tant\u00e1rgyr\u00f3l b\u0151vebb inform\u00e1ci\u00f3 \u00e9s az el\u0151ad\u00e1sok diasorai a MOODLE rendszerben tal\u00e1lhat\u00f3k<\/a><\/p>\n","protected":false},"excerpt":{"rendered":"<p>Tant\u00e1rgyfelel\u0151s: Prof. Dr. Tisl\u00e9r Andr\u00e1s<br \/>\n<a href=\"https:\/\/semmelweis.hu\/belonko\/files\/2024\/07\/Nefrologia_a-molekulaktol-a-betegagyig_kovetelmenyrendszer_-uj-formatum_2023_04_05.pdf\" target=\"_blank\" rel=\"noopener\">Nefrol\u00f3gia_a molekul\u00e1kt\u00f3l a beteg\u00e1gyig_k\u00f6vetelm\u00e9nyrendszer_<\/a><br \/>\n<a class=\"button\" href=\"https:\/\/itc.semmelweis.hu\/moodle\/login\/index.php\" target=\"_blank\" rel=\"noopener\">A tant\u00e1rgyr\u00f3l b\u0151vebb inform\u00e1ci\u00f3 \u00e9s az el\u0151ad\u00e1sok diasorai a MOODLE rendszerben tal\u00e1lhat\u00f3k<\/a><\/p>\n","protected":false},"author":102173,"featured_media":0,"parent":156,"menu_order":0,"comment_status":"closed","ping_status":"closed","template":"","meta":{"_acf_changed":false,"footnotes":""},"categories":[],"tags":[],"class_list":["post-900","page","type-page","status-publish","hentry"],"acf":[],"_links":{"self":[{"href":"https:\/\/semmelweis.hu\/belonko\/wp-json\/wp\/v2\/pages\/900","targetHints":{"allow":["GET"]}}],"collection":[{"href":"https:\/\/semmelweis.hu\/belonko\/wp-json\/wp\/v2\/pages"}],"about":[{"href":"https:\/\/semmelweis.hu\/belonko\/wp-json\/wp\/v2\/types\/page"}],"author":[{"embeddable":true,"href":"https:\/\/semmelweis.hu\/belonko\/wp-json\/wp\/v2\/users\/102173"}],"replies":[{"embeddable":true,"href":"https:\/\/semmelweis.hu\/belonko\/wp-json\/wp\/v2\/comments?post=900"}],"version-history":[{"count":3,"href":"https:\/\/semmelweis.hu\/belonko\/wp-json\/wp\/v2\/pages\/900\/revisions"}],"predecessor-version":[{"id":1625,"href":"https:\/\/semmelweis.hu\/belonko\/wp-json\/wp\/v2\/pages\/900\/revisions\/1625"}],"up":[{"embeddable":true,"href":"https:\/\/semmelweis.hu\/belonko\/wp-json\/wp\/v2\/pages\/156"}],"wp:attachment":[{"href":"https:\/\/semmelweis.hu\/belonko\/wp-json\/wp\/v2\/media?parent=900"}],"wp:term":[{"taxonomy":"category","embeddable":true,"href":"https:\/\/semmelweis.hu\/belonko\/wp-json\/wp\/v2\/categories?post=900"},{"taxonomy":"post_tag","embeddable":true,"href":"https:\/\/semmelweis.hu\/belonko\/wp-json\/wp\/v2\/tags?post=900"}],"curies":[{"name":"wp","href":"https:\/\/api.w.org\/{rel}","templated":true}]}}