{"id":741,"date":"2023-05-03T14:24:36","date_gmt":"2023-05-03T12:24:36","guid":{"rendered":"https:\/\/semmelweis.hu\/belonko\/?page_id=741"},"modified":"2023-05-04T14:13:51","modified_gmt":"2023-05-04T12:13:51","slug":"a-klinika-ellatasi-terulete","status":"publish","type":"page","link":"https:\/\/semmelweis.hu\/belonko\/betegellatas\/a-klinika-ellatasi-terulete\/","title":{"rendered":"A Klinika ell\u00e1t\u00e1si ter\u00fclete"},"content":{"rendered":"<h3>Belgy\u00f3gy\u00e1szat fekv\u0151beteg ell\u00e1t\u00e1si ter\u00fclet:\u00a0<\/h3>\n<ul>\n<li>Dunaharaszti<\/li>\n<li>Dunavars\u00e1ny<\/li>\n<li>Hal\u00e1sztelek<\/li>\n<li>Szigethalom<\/li>\n<li>Taksony<\/li>\n<li>T\u00f6k\u00f6l<\/li>\n<li>Sz\u00e1zhalombatta<\/li>\n<li>\u00c9rd<\/li>\n<li>Majosh\u00e1za\u00a0<\/li>\n<\/ul>\n<p><strong>Speci\u00e1lis betegs\u00e9gek eset\u00e9n Klinik\u00e1nk el\u0151zetes orvosi konzult\u00e1ci\u00f3 alapj\u00e1n ter\u00fcleten k\u00edv\u00fclr\u0151l is fogad beteget.<\/strong><\/p>\n","protected":false},"excerpt":{"rendered":"<p>Belgy\u00f3gy\u00e1szat fekv\u0151beteg ell\u00e1t\u00e1si ter\u00fclet:\u00a0<\/p>\n<p>Dunaharaszti<br \/>\nDunavars\u00e1ny<br \/>\nHal\u00e1sztelek<br \/>\nSzigethalom<br \/>\nTaksony<br \/>\nT\u00f6k\u00f6l<br \/>\nSz\u00e1zhalombatta<br \/>\n\u00c9rd<br \/>\nMajosh\u00e1za\u00a0<\/p>\n<p>Speci\u00e1lis betegs\u00e9gek eset\u00e9n Klinik\u00e1nk el\u0151zetes orvosi konzult\u00e1ci\u00f3 alapj\u00e1n ter\u00fcleten k\u00edv\u00fclr\u0151l is fogad beteget.<\/p>\n","protected":false},"author":102189,"featured_media":0,"parent":34,"menu_order":8,"comment_status":"closed","ping_status":"closed","template":"","meta":{"_acf_changed":false,"footnotes":""},"categories":[],"tags":[],"class_list":["post-741","page","type-page","status-publish","hentry"],"acf":[],"_links":{"self":[{"href":"https:\/\/semmelweis.hu\/belonko\/wp-json\/wp\/v2\/pages\/741","targetHints":{"allow":["GET"]}}],"collection":[{"href":"https:\/\/semmelweis.hu\/belonko\/wp-json\/wp\/v2\/pages"}],"about":[{"href":"https:\/\/semmelweis.hu\/belonko\/wp-json\/wp\/v2\/types\/page"}],"author":[{"embeddable":true,"href":"https:\/\/semmelweis.hu\/belonko\/wp-json\/wp\/v2\/users\/102189"}],"replies":[{"embeddable":true,"href":"https:\/\/semmelweis.hu\/belonko\/wp-json\/wp\/v2\/comments?post=741"}],"version-history":[{"count":3,"href":"https:\/\/semmelweis.hu\/belonko\/wp-json\/wp\/v2\/pages\/741\/revisions"}],"predecessor-version":[{"id":827,"href":"https:\/\/semmelweis.hu\/belonko\/wp-json\/wp\/v2\/pages\/741\/revisions\/827"}],"up":[{"embeddable":true,"href":"https:\/\/semmelweis.hu\/belonko\/wp-json\/wp\/v2\/pages\/34"}],"wp:attachment":[{"href":"https:\/\/semmelweis.hu\/belonko\/wp-json\/wp\/v2\/media?parent=741"}],"wp:term":[{"taxonomy":"category","embeddable":true,"href":"https:\/\/semmelweis.hu\/belonko\/wp-json\/wp\/v2\/categories?post=741"},{"taxonomy":"post_tag","embeddable":true,"href":"https:\/\/semmelweis.hu\/belonko\/wp-json\/wp\/v2\/tags?post=741"}],"curies":[{"name":"wp","href":"https:\/\/api.w.org\/{rel}","templated":true}]}}