{"id":736,"date":"2023-05-03T13:30:24","date_gmt":"2023-05-03T11:30:24","guid":{"rendered":"https:\/\/semmelweis.hu\/belonko\/?page_id=736"},"modified":"2023-07-12T15:41:31","modified_gmt":"2023-07-12T13:41:31","slug":"telefonszamok","status":"publish","type":"page","link":"https:\/\/semmelweis.hu\/belonko\/betegellatas\/telefonszamok\/","title":{"rendered":"Oszt\u00e1lyaink telefonsz\u00e1mai"},"content":{"rendered":"<p style=\"text-align: center\">Int\u00e9zm\u00e9ny\u00fcnk <strong>telefonsz\u00e1mai<\/strong>:<br \/>\n<strong style=\"font-size: 1rem\"><a href=\"tel:+3614591500\">+36-1-459 1500<\/a> k\u00f6zpont<\/strong><\/p>\n<p>Bent fekv\u0151 betegekr\u0151l hozz\u00e1tartoz\u00f3ik inform\u00e1ci\u00f3t munkanapokon 14.00-16.00 h k\u00f6z\u00f6tt k\u00e9rhetnek<\/p>\n<p><strong>Mell\u00e9kek:\u00a0\u00a0 <\/strong><\/p>\n<table style=\"border-collapse: collapse;width: 100%\">\n<tbody>\n<tr>\n<td style=\"width: 50%\">Porta:<\/td>\n<td style=\"width: 50%\">51500, 51520<\/td>\n<\/tr>\n<tr>\n<td style=\"width: 50%\">Fekv\u0151beteg felv\u00e9teli iroda 1:<\/td>\n<td style=\"width: 50%\">51453<\/td>\n<\/tr>\n<tr>\n<td style=\"width: 50%\">Ambul\u00e1ns felv\u00e9teli iroda:<\/td>\n<td style=\"width: 50%\">51590<\/td>\n<\/tr>\n<tr>\n<td style=\"width: 50%\">Igazgat\u00f3i titk\u00e1rs\u00e1g:<\/td>\n<td style=\"width: 50%\">51526<\/td>\n<\/tr>\n<tr>\n<td style=\"width: 50%\" colspan=\"2\"><span style=\"font-size: 18pt\"><strong>Fekv\u0151beteg oszt\u00e1lyok:<\/strong><\/span><\/td>\n<\/tr>\n<tr>\n<td style=\"width: 50%\">I .emelet Keleti oszt\u00e1ly<\/td>\n<td style=\"width: 50%\">51541, 51542<\/td>\n<\/tr>\n<tr>\n<td style=\"width: 50%\">I.emelet Nyugati oszt\u00e1ly<\/td>\n<td style=\"width: 50%\">51552, 51553<\/td>\n<\/tr>\n<tr>\n<td style=\"width: 50%\">II. emelet Keleti oszt\u00e1ly<\/td>\n<td style=\"width: 50%\">51455<\/td>\n<\/tr>\n<tr>\n<td style=\"width: 50%;padding-left: 40px\">\u0150rz\u0151 k\u00f3rterem<\/td>\n<td style=\"width: 50%\">51499<\/td>\n<\/tr>\n<tr>\n<td style=\"width: 50%\">III. emelet Nefrol\u00f3giai oszt\u00e1ly<\/td>\n<td style=\"width: 50%\">51460, 51465<\/td>\n<\/tr>\n<\/tbody>\n<\/table>\n<p>&nbsp;<\/p>\n","protected":false},"excerpt":{"rendered":"<p>Int\u00e9zm\u00e9ny\u00fcnk telefonsz\u00e1mai: <a href=\"tel:+3614591500\">+36-1-459 1500<\/a> k\u00f6zpont Bent fekv\u0151 betegekr\u0151l hozz\u00e1tartoz\u00f3ik inform\u00e1ci\u00f3t munkanapokon 14.00-16.00 h k\u00f6z\u00f6tt k\u00e9rhetnek Mell\u00e9kek:\u00a0\u00a0 Porta: 51500, 51520 Fekv\u0151beteg felv\u00e9teli iroda 1: 51453 Ambul\u00e1ns felv\u00e9teli iroda: 51590 Igazgat\u00f3i titk\u00e1rs\u00e1g: 51526 Fekv\u0151beteg oszt\u00e1lyok: I .emelet Keleti oszt\u00e1ly 51541, 51542 I.emelet Nyugati oszt\u00e1ly 51552, 51553 II. emelet Keleti oszt\u00e1ly 51455 \u0150rz\u0151 k\u00f3rterem 51499 III. emelet Nefrol\u00f3giai oszt\u00e1ly 51460, &hellip;<\/p>\n","protected":false},"author":102173,"featured_media":0,"parent":34,"menu_order":9,"comment_status":"closed","ping_status":"closed","template":"","meta":{"_acf_changed":false,"footnotes":""},"categories":[],"tags":[],"class_list":["post-736","page","type-page","status-publish","hentry"],"acf":[],"_links":{"self":[{"href":"https:\/\/semmelweis.hu\/belonko\/wp-json\/wp\/v2\/pages\/736","targetHints":{"allow":["GET"]}}],"collection":[{"href":"https:\/\/semmelweis.hu\/belonko\/wp-json\/wp\/v2\/pages"}],"about":[{"href":"https:\/\/semmelweis.hu\/belonko\/wp-json\/wp\/v2\/types\/page"}],"author":[{"embeddable":true,"href":"https:\/\/semmelweis.hu\/belonko\/wp-json\/wp\/v2\/users\/102173"}],"replies":[{"embeddable":true,"href":"https:\/\/semmelweis.hu\/belonko\/wp-json\/wp\/v2\/comments?post=736"}],"version-history":[{"count":10,"href":"https:\/\/semmelweis.hu\/belonko\/wp-json\/wp\/v2\/pages\/736\/revisions"}],"predecessor-version":[{"id":1471,"href":"https:\/\/semmelweis.hu\/belonko\/wp-json\/wp\/v2\/pages\/736\/revisions\/1471"}],"up":[{"embeddable":true,"href":"https:\/\/semmelweis.hu\/belonko\/wp-json\/wp\/v2\/pages\/34"}],"wp:attachment":[{"href":"https:\/\/semmelweis.hu\/belonko\/wp-json\/wp\/v2\/media?parent=736"}],"wp:term":[{"taxonomy":"category","embeddable":true,"href":"https:\/\/semmelweis.hu\/belonko\/wp-json\/wp\/v2\/categories?post=736"},{"taxonomy":"post_tag","embeddable":true,"href":"https:\/\/semmelweis.hu\/belonko\/wp-json\/wp\/v2\/tags?post=736"}],"curies":[{"name":"wp","href":"https:\/\/api.w.org\/{rel}","templated":true}]}}