{"id":706,"date":"2023-05-02T20:36:01","date_gmt":"2023-05-02T18:36:01","guid":{"rendered":"https:\/\/semmelweis.hu\/belonko\/?page_id=706"},"modified":"2024-11-13T16:12:38","modified_gmt":"2024-11-13T15:12:38","slug":"lutathera-kezeles","status":"publish","type":"page","link":"https:\/\/semmelweis.hu\/belonko\/betegellatas\/lutathera-kezeles\/","title":{"rendered":"Beutal\u00e1si rend Lutathera kezel\u00e9sre"},"content":{"rendered":"<p style=\"text-align: center\"><strong>BETEGBEUTAL\u00c1SI REND<br \/>\n<\/strong><strong>a Semmelweis Egyetem Belgy\u00f3gy\u00e1szati \u00e9s Onkol\u00f3giai Klinik\u00e1j\u00e1n t\u00f6rt\u00e9n\u0151<br \/>\n<\/strong><strong>Lutathera kezel\u00e9s v\u00e9gz\u00e9s\u00e9hez<\/strong><\/p>\n<ol>\n<li>A beteg beutal\u00e1s\u00e1t a neuroendokrin tumoros betegs\u00e9get <strong>gondoz\u00f3 illet\u00e9kes szakorvos<\/strong> (rendszerint klinikai onkol\u00f3gus, illetve klinikai endokrinol\u00f3gus szakorvos) <strong>e-mail form\u00e1j\u00e1ban kezdem\u00e9nyezi.<\/strong><\/li>\n<li>A Belgy\u00f3gy\u00e1szati \u00e9s Onkol\u00f3giai Klinik\u00e1n t\u00f6rt\u00e9n\u0151 <strong>DOTATOC kezel\u00e9shez az Endokrinol\u00f3giai Onkoteam j\u00f3v\u00e1hagy\u00e1sa<\/strong> sz\u00fcks\u00e9ges.<\/li>\n<li>A beutal\u00e1shoz r\u00e9szletes Klinikai \u00f6sszefoglal\u00f3 megk\u00fcld\u00e9se sz\u00fcks\u00e9ges. <strong>A beutal\u00f3 minim\u00e1lisan sz\u00fcks\u00e9ges tartalma:<\/strong><\/li>\n<\/ol>\n<ul>\n<li style=\"list-style-type: none\">\n<ul style=\"list-style-type: square\">\n<li>a beutal\u00f3 orvos neve, munkahelye, telefon, e-mail<\/li>\n<li>a beteg azonos\u00edt\u00f3 adatai (n\u00e9v, TAJ, sz\u00fclet\u00e9si d\u00e1tum, anyja neve, lakc\u00edm, telefon, e-mail)<\/li>\n<li>hozz\u00e1tartoz\u00f3 neve, el\u00e9rhet\u0151s\u00e9gei<\/li>\n<li>belgy\u00f3gy\u00e1szati \u00e9s onkol\u00f3giai anamn\u00e9zis<\/li>\n<li>a diagn\u00f3zist megalapoz\u00f3 sz\u00f6vettani lelet, in toto<\/li>\n<li>a daganat hormon\u00e1lis aktivit\u00e1sa<\/li>\n<li>az eddigi gy\u00f3gyszeres \u00e9s nem gy\u00f3gyszeres onkol\u00f3giai kezel\u00e9sek, ezek id\u0151tartama \u00e9s eredm\u00e9nyess\u00e9ge, kronol\u00f3giai sorrendben<\/li>\n<li>a betegs\u00e9g aktu\u00e1lis st\u00e1dium\u00e1t le\u00edr\u00f3, h\u00e1rom h\u00f3napon bel\u00fcli, komplett staging k\u00e9palkot\u00f3 vizsg\u00e1lat(ok) eredm\u00e9nye, in toto<\/li>\n<li>a daganat megfelel\u0151 szomatosztatin-receptor expresszi\u00f3j\u00e1t igazol\u00f3, kilenc h\u00f3napn\u00e1l nem r\u00e9gebbi nukle\u00e1ris medicina lelet (in toto) \u00e9s reprezentat\u00edv nukle\u00e1ris medicina felv\u00e9tel(ek)<\/li>\n<li>egy h\u00f3napon bel\u00fcli r\u00e9szletes rutin laborat\u00f3riumi lelet<\/li>\n<li>aktu\u00e1lis gy\u00f3gyszeres kezel\u00e9s, az utols\u00f3 szomatosztatin injekci\u00f3 bead\u00e1s\u00e1nak pontos d\u00e1tuma<\/li>\n<\/ul>\n<\/li>\n<\/ul>\n<p>A fenti leleteket a <strong>beutal\u00f3 orvos elektronikusan, szerkeszthet\u0151 Word dokumentum form\u00e1j\u00e1ban eljuttatja<\/strong> a Belgy\u00f3gy\u00e1szati \u00e9s Onkol\u00f3giai Klinik\u00e1n m\u0171k\u00f6d\u0151 Endokrinol\u00f3giai Onkoteam titk\u00e1r\u00e1hoz: <strong>e-mail: <a href=\"mailto:netcenter@semmelweis.hu\">netcenter@semmelweis.hu<\/a><\/strong><\/p>\n<ol start=\"4\">\n<li>A Lutathera kezel\u00e9s kezdem\u00e9nyez\u00e9s\u00e9t c\u00e9lz\u00f3, <strong>hi\u00e1nytalan dokument\u00e1ci\u00f3 beny\u00fajt\u00e1s\u00e1t<\/strong> k\u00f6vet\u0151en a beteget szem\u00e9lyesen fogadja egy, az Endokrinol\u00f3giai Onkoteam vezet\u0151je \u00e1ltal megb\u00edzott, a Belgy\u00f3gy\u00e1szati \u00e9s Onkol\u00f3giai Klinika Neuroendokrin Tumor ambulanci\u00e1j\u00e1n m\u0171k\u00f6d\u0151 tapasztalt szakorvosok egyike, aki a betegvizsg\u00e1lat eredm\u00e9nyeit \u00e9s a beny\u00fajtott \u00edr\u00e1sos dokument\u00e1ci\u00f3t a k\u00f6vetkez\u0151 Endokrinol\u00f3giai Onkoteam \u00fcl\u00e9s\u00e9n refer\u00e1lja \u00e9s nyilatkozik a bizotts\u00e1gnak a Lutathera kezel\u00e9s esetleges ellenjavallat\u00e1nak fenn\u00e1ll\u00e1sr\u00f3l.<\/li>\n<li>Az Endokrinol\u00f3giai Onkoteam vezet\u0151je \u00e1ltal f<strong>elk\u00e9rt nukle\u00e1ris medicina szakorvos \u00edr\u00e1sban nyilatkozik arr\u00f3<\/strong>l, hogy a rendelkez\u00e9sre \u00e1ll\u00f3 \u00edr\u00e1sos \u00e9s k\u00e9pi dokument\u00e1ci\u00f3 alapj\u00e1n a <strong>beteg alkalmas-e a<\/strong> Lutathera kezel\u00e9sre.<\/li>\n<li>Az <strong>Endokrinol\u00f3giai Onkoteam d\u00f6nt\u00e9st hoz<\/strong> arr\u00f3l, hogy a rendelkez\u00e9sre \u00e1ll\u00f3 inform\u00e1ci\u00f3k alapj\u00e1n a <strong>beteg megfelel-e a Lutathera kezel\u00e9s t\u00f6rzsk\u00f6nyvi el\u0151\u00edr\u00e1sainak \u00e9s felt\u00e9teleinek<\/strong>. Az onkoteam a d\u00f6nt\u00e9seit \u00edr\u00e1sban dokument\u00e1lja \u00e9s indokolja, sz. e. hi\u00e1nyp\u00f3tl\u00e1st \u00edrhat el\u0151 ill. kieg\u00e9sz\u00edt\u0151 dokumentumok beszerz\u00e9s\u00e9t k\u00e9rheti<\/li>\n<li>Amennyiben a k\u00e9relem b\u00e1rmilyen szempontb\u00f3l nem felel meg a Lutathera kezel\u00e9s t\u00f6rzsk\u00f6nyvi el\u0151\u00edr\u00e1sainak, a beteget gondoz\u00f3, a Lutathera kezel\u00e9st kezdem\u00e9nyez\u0151 szakorvosa off-label indik\u00e1ci\u00f3t k\u00e9rhet az OGY\u00c9I-t\u0151l. Off-label indik\u00e1ci\u00f3 hi\u00e1ny\u00e1ban az Endokrinol\u00f3giai Onkoteam a kezel\u00e9st t\u00e1mogat\u00f3 v\u00e9gleges d\u00f6nt\u00e9st nem ad ki.<\/li>\n<li>Az <strong>Endokrinol\u00f3giai Onkoteam t\u00e1mogat\u00f3 javaslata h\u00e1rom h\u00f3napon bel\u00fcl \u00e9rv\u00e9nyes,<\/strong> ezt k\u00f6vet\u0151en a beteget gondoz\u00f3 szakorvos kezdem\u00e9nyezheti a javaslat meghosszabb\u00edt\u00e1s\u00e1t ill. megv\u00e1ltoztat\u00e1s\u00e1t.<\/li>\n<\/ol>\n<p>&nbsp;<\/p>\n<p>&nbsp;<\/p>\n<p>&nbsp;<\/p>\n<p>&nbsp;<\/p>\n<p>&nbsp;<\/p>\n","protected":false},"excerpt":{"rendered":"<p>BETEGBEUTAL\u00c1SI REND a Semmelweis Egyetem Belgy\u00f3gy\u00e1szati \u00e9s Onkol\u00f3giai Klinik\u00e1j\u00e1n t\u00f6rt\u00e9n\u0151 Lutathera kezel\u00e9s v\u00e9gz\u00e9s\u00e9hez A beteg beutal\u00e1s\u00e1t a neuroendokrin tumoros betegs\u00e9get gondoz\u00f3 illet\u00e9kes szakorvos (rendszerint klinikai onkol\u00f3gus, illetve klinikai endokrinol\u00f3gus szakorvos) e-mail form\u00e1j\u00e1ban kezdem\u00e9nyezi. A Belgy\u00f3gy\u00e1szati \u00e9s Onkol\u00f3giai Klinik\u00e1n t\u00f6rt\u00e9n\u0151 DOTATOC kezel\u00e9shez az Endokrinol\u00f3giai Onkoteam j\u00f3v\u00e1hagy\u00e1sa sz\u00fcks\u00e9ges. A beutal\u00e1shoz r\u00e9szletes Klinikai \u00f6sszefoglal\u00f3 megk\u00fcld\u00e9se sz\u00fcks\u00e9ges. A beutal\u00f3 &hellip;<\/p>\n","protected":false},"author":102173,"featured_media":0,"parent":34,"menu_order":6,"comment_status":"closed","ping_status":"closed","template":"","meta":{"_acf_changed":false,"footnotes":""},"categories":[],"tags":[],"class_list":["post-706","page","type-page","status-publish","hentry"],"acf":[],"_links":{"self":[{"href":"https:\/\/semmelweis.hu\/belonko\/wp-json\/wp\/v2\/pages\/706","targetHints":{"allow":["GET"]}}],"collection":[{"href":"https:\/\/semmelweis.hu\/belonko\/wp-json\/wp\/v2\/pages"}],"about":[{"href":"https:\/\/semmelweis.hu\/belonko\/wp-json\/wp\/v2\/types\/page"}],"author":[{"embeddable":true,"href":"https:\/\/semmelweis.hu\/belonko\/wp-json\/wp\/v2\/users\/102173"}],"replies":[{"embeddable":true,"href":"https:\/\/semmelweis.hu\/belonko\/wp-json\/wp\/v2\/comments?post=706"}],"version-history":[{"count":8,"href":"https:\/\/semmelweis.hu\/belonko\/wp-json\/wp\/v2\/pages\/706\/revisions"}],"predecessor-version":[{"id":1744,"href":"https:\/\/semmelweis.hu\/belonko\/wp-json\/wp\/v2\/pages\/706\/revisions\/1744"}],"up":[{"embeddable":true,"href":"https:\/\/semmelweis.hu\/belonko\/wp-json\/wp\/v2\/pages\/34"}],"wp:attachment":[{"href":"https:\/\/semmelweis.hu\/belonko\/wp-json\/wp\/v2\/media?parent=706"}],"wp:term":[{"taxonomy":"category","embeddable":true,"href":"https:\/\/semmelweis.hu\/belonko\/wp-json\/wp\/v2\/categories?post=706"},{"taxonomy":"post_tag","embeddable":true,"href":"https:\/\/semmelweis.hu\/belonko\/wp-json\/wp\/v2\/tags?post=706"}],"curies":[{"name":"wp","href":"https:\/\/api.w.org\/{rel}","templated":true}]}}