{"id":7,"date":"2023-02-24T15:19:50","date_gmt":"2023-02-24T14:19:50","guid":{"rendered":"https:\/\/semmelweis.hu\/belonko\/?page_id=7"},"modified":"2026-01-23T10:48:24","modified_gmt":"2026-01-23T09:48:24","slug":"elerhetoseg","status":"publish","type":"page","link":"https:\/\/semmelweis.hu\/belonko\/elerhetoseg\/","title":{"rendered":"El\u00e9rhet\u0151s\u00e9g"},"content":{"rendered":"<h2>Belgy\u00f3gy\u00e1szati \u00e9s Onkol\u00f3giai Klinika<\/h2>\n<p><strong>C\u00edm<\/strong>: 1083 Budapest, Kor\u00e1nyi S\u00e1ndor u. 2\/a<br \/>\n<strong>Levelez\u00e9si c\u00edm: <\/strong>1085 Budapest, \u00dcll\u0151i \u00fat 26.; 1428 Budapest, Pf. 2.<\/p>\n<p><strong>Porta:<\/strong>\u00a0+3614591500 \/ 51500, 51520 mell\u00e9kek<\/p>\n<p><strong>Inform\u00e1ci\u00f3s pult:<\/strong> 06-20-825-0803; <strong>\u00e1ltal\u00e1nos inform\u00e1ci\u00f3<\/strong> munkanapokon<span data-olk-copy-source=\"MessageBody\"> 10.00-12.00 valamint 13-14 h k\u00f6z\u00f6tt. Felh\u00edvjuk figyelm\u00fcket arra, hogy <b data-olk-copy-source=\"MessageBody\">EZEN A TELEFONSZ\u00c1MON\u00a0<\/b><b><span style=\"color: #ff0000\">NEM<\/span>\u00a0<\/b><b>K\u00c9RHET\u0150 SZAKRENDEL\u00c9SRE ID\u0150PONT \u00c9S\u00a0<\/b><b><span style=\"color: #ff0000\">NEM<\/span>\u00a0<\/b><b>K\u00c9RHET\u0150 FEKV\u0150BETEGEKR\u0150L INFORM\u00c1CI\u00d3.<\/b><\/span><\/p>\n<p>\n<strong>Betegfelv\u00e9teli iroda:<\/strong>\u00a0+3614591500 \/ 51590 mell\u00e9k<br \/>\n<strong>Igazgat\u00f3i titk\u00e1rs\u00e1g:<\/strong>\u00a0+3614591500 \/ 51526 mell\u00e9k vagy +3612100279 k\u00f6zvetlen sz\u00e1m.<\/p>\n<p><strong>E-mail:<\/strong> titkarsag.bel1@semmelweis.hu<\/p>\n\n<!-- iframe plugin v.4.9 wordpress.org\/plugins\/iframe\/ -->\n<iframe src=\"https:\/\/www.google.com\/maps\/embed?pb=!1m18!1m12!1m3!1d2696.36870877763!2d19.081155715626252!3d47.48273017917662!2m3!1f0!2f0!3f0!3m2!1i1024!2i768!4f13.1!3m3!1m2!1s0x4741dcfabf5ced2b%3A0x75af59a11ecda592!2sBudapest%2C%20Semmelweis%20Egyetem%20I.%20Sz.%20Belgy%C3%B3gy%C3%A1szati%20Klinika%2C%20Kor%C3%A1nyi%20S%C3%A1ndor%20u.%202%2Fa%2C%201082!5e0!3m2!1shu!2shu!4v1683287149055!5m2!1shu!2shu\" width=\"100%\" height=\"450\" style=\"border:0;\" allowfullscreen loading=\"lazy\" referrerpolicy=\"no-referrer-when-downgrade\" scrolling=\"yes\" class=\"iframe-class\" frameborder=\"0\"><\/iframe>\n\n","protected":false},"excerpt":{"rendered":"<p>Belgy\u00f3gy\u00e1szati \u00e9s Onkol\u00f3giai Klinika C\u00edm: 1083 Budapest, Kor\u00e1nyi S\u00e1ndor u. 2\/a Levelez\u00e9si c\u00edm: 1085 Budapest, \u00dcll\u0151i \u00fat 26.; 1428 Budapest, Pf. 2. Porta:\u00a0+3614591500 \/ 51500, 51520 mell\u00e9kek Inform\u00e1ci\u00f3s pult: 06-20-825-0803; \u00e1ltal\u00e1nos inform\u00e1ci\u00f3 munkanapokon 10.00-12.00 valamint 13-14 h k\u00f6z\u00f6tt. Felh\u00edvjuk figyelm\u00fcket arra, hogy EZEN A TELEFONSZ\u00c1MON\u00a0NEM\u00a0K\u00c9RHET\u0150 SZAKRENDEL\u00c9SRE ID\u0150PONT \u00c9S\u00a0NEM\u00a0K\u00c9RHET\u0150 FEKV\u0150BETEGEKR\u0150L INFORM\u00c1CI\u00d3. Betegfelv\u00e9teli iroda:\u00a0+3614591500 \/ 51590 mell\u00e9k &hellip;<\/p>\n","protected":false},"author":12,"featured_media":0,"parent":0,"menu_order":8,"comment_status":"closed","ping_status":"closed","template":"","meta":{"_acf_changed":false,"footnotes":""},"categories":[],"tags":[],"class_list":["post-7","page","type-page","status-publish","hentry"],"acf":[],"_links":{"self":[{"href":"https:\/\/semmelweis.hu\/belonko\/wp-json\/wp\/v2\/pages\/7","targetHints":{"allow":["GET"]}}],"collection":[{"href":"https:\/\/semmelweis.hu\/belonko\/wp-json\/wp\/v2\/pages"}],"about":[{"href":"https:\/\/semmelweis.hu\/belonko\/wp-json\/wp\/v2\/types\/page"}],"author":[{"embeddable":true,"href":"https:\/\/semmelweis.hu\/belonko\/wp-json\/wp\/v2\/users\/12"}],"replies":[{"embeddable":true,"href":"https:\/\/semmelweis.hu\/belonko\/wp-json\/wp\/v2\/comments?post=7"}],"version-history":[{"count":9,"href":"https:\/\/semmelweis.hu\/belonko\/wp-json\/wp\/v2\/pages\/7\/revisions"}],"predecessor-version":[{"id":3155,"href":"https:\/\/semmelweis.hu\/belonko\/wp-json\/wp\/v2\/pages\/7\/revisions\/3155"}],"wp:attachment":[{"href":"https:\/\/semmelweis.hu\/belonko\/wp-json\/wp\/v2\/media?parent=7"}],"wp:term":[{"taxonomy":"category","embeddable":true,"href":"https:\/\/semmelweis.hu\/belonko\/wp-json\/wp\/v2\/categories?post=7"},{"taxonomy":"post_tag","embeddable":true,"href":"https:\/\/semmelweis.hu\/belonko\/wp-json\/wp\/v2\/tags?post=7"}],"curies":[{"name":"wp","href":"https:\/\/api.w.org\/{rel}","templated":true}]}}