{"id":68,"date":"2023-03-24T13:58:28","date_gmt":"2023-03-24T12:58:28","guid":{"rendered":"https:\/\/semmelweis.hu\/belonko\/?page_id=68"},"modified":"2023-05-10T12:12:02","modified_gmt":"2023-05-10T10:12:02","slug":"a-klinika-tortenete","status":"publish","type":"page","link":"https:\/\/semmelweis.hu\/belonko\/a-klinikarol\/a-klinika-tortenete\/","title":{"rendered":"A klinika t\u00f6rt\u00e9nete"},"content":{"rendered":"<p style=\"text-align: justify\"><img loading=\"lazy\" decoding=\"async\" class=\"wp-image-1153 alignleft\" src=\"https:\/\/semmelweis.hu\/belonko\/files\/2023\/05\/Kep-003-290x400.jpg\" alt=\"\" width=\"292\" height=\"403\" srcset=\"https:\/\/semmelweis.hu\/belonko\/files\/2023\/05\/Kep-003-290x400.jpg 290w, https:\/\/semmelweis.hu\/belonko\/files\/2023\/05\/Kep-003.jpg 700w\" sizes=\"auto, (max-width: 292px) 100vw, 292px\" \/>A jogel\u0151d int\u00e9zetet 1770-ben Nagyszombati Egyetem keret\u00e9ben alap\u00edtott\u00e1k, amely a k\u00e9s\u0151bbiekben Magyarorsz\u00e1gra k\u00f6lt\u00f6z\u00f6tt. A klinika a mostani form\u00e1j\u00e1ban az 1872-es alap\u00edt\u00e1s ut\u00e1n 1909-ben k\u00f6lt\u00f6z\u00f6tt jelenlegi \u00e9p\u00fclet\u00e9be, amely a k\u00fcls\u0151 klinikai telep r\u00e9szek\u00e9nt II. Belklinikak\u00e9nt kezdte meg m\u0171k\u00f6d\u00e9s\u00e9t, az akkori viszonyoknak megfelel\u0151 legkorszer\u0171bb felszerel\u00e9ssel.<\/p>\n<p style=\"text-align: justify\">Professzorai a magyar belgy\u00f3gy\u00e1szat olyan kiemelked\u0151, iskolateremt\u0151 egy\u00e9nis\u00e9gei sor\u00e1b\u00f3l ker\u00fcltek ki, akiknek a m\u0171k\u00f6d\u00e9se nem csak a hazai belorvosl\u00e1s fejl\u0151d\u00e9s\u00e9t hat\u00e1rozta meg, hanem vil\u00e1gszerte elismertt\u00e9 tette a magyar orvostudom\u00e1nyt is.<\/p>\n<p style=\"text-align: justify\"><strong>A klinika kor\u00e1bbi igazgat\u00f3i:<\/strong><br \/>\nSchoretich Mih\u00e1ly 1770-1786, Trnka Vencel 1786-1791, Sch\u00f6nbauer J\u00f3zsef 1791-1792, Prandt \u00c1d\u00e1m Ign\u00e1c 1792-1814, Bene Ferenc 1814-1840, Tognio Lajos 1840-1843, Sauer Ign\u00e1c 1843-1860, Gebhardt Lajos 1861-1888, \u00c1ngy\u00e1n B\u00e9la 1888-1889, b\u00e1r\u00f3 Kor\u00e1nyi Frigyes 1889-1908, b\u00e1r\u00f3 K\u00e9tly K\u00e1roly 1908-1913, (ebben az \u00e9p\u00fcletben II. Belklinika vezet\u0151jek\u00e9nt volt igazgat\u00f3 Jendrassik Ern\u0151 1909-t\u0151l, 1921-t\u0151l III. Belklinika n\u00e9ven m\u0171k\u00f6d\u00f6tt az \u00e9p\u00fclet, igazgat\u00f3k\u00e9nt b\u00e1r\u00f3 Kor\u00e1nyi S\u00e1ndorral 1936-ig), B\u00e1lint Rezs\u0151 1914-1929, Herzog Ferenc 1929-1946 (1936-t\u00f3l ism\u00e9t I. Belklinikak\u00e9nt), Ruszny\u00e1k Istv\u00e1n 1946-1963, Holl\u00f3 Istv\u00e1n 1963-1965, Magyar Imre 1965-1981, Holl\u00f3 Istv\u00e1n 1981-1993, de Ch\u00e2tel Rudolf 1993-2003, Farsang Csaba 2003-2007, 2007-2018 Szathm\u00e1ri Mikl\u00f3s. A klinik\u00e1t 2018 j\u00falius\u00e1t\u00f3l Tak\u00e1cs Istv\u00e1n vezeti.<\/p>\n<p style=\"text-align: justify\">A klinika oktat\u00f3, gy\u00f3gy\u00edt\u00f3 \u00e9s tudom\u00e1nyos tev\u00e9kenys\u00e9ge szoros egys\u00e9gben fejl\u0151d\u00f6tt \u00e9s vezet\u0151i mindig arra t\u00f6rekedtek, hogy a belgy\u00f3gy\u00e1szat minden \u00e1ga a lehet\u0151s\u00e9gekhez k\u00e9pest k\u00e9pviselve legyen a klinika m\u0171k\u00f6d\u00e9s\u00e9ben.<\/p>\n\r\n        [slb_exclude]\r\n        <div class=\"row galeria-wrapper mx-0 h-auto\">\r\n            <div class=\"col-9 pl-0 pr-2\">\r\n            <span class=\"gallery-item frame\">\r\n\t\t\t\t<div class=\"galeria-left-img\"><a href=\"https:\/\/semmelweis.hu\/belonko\/files\/2023\/05\/Kep-003-1.jpg\"><img src=https:\/\/semmelweis.hu\/belonko\/files\/2023\/05\/Kep-003-1.jpg  \r\n                            alt=\"\" \r\n                            class=\"attachment-sote-gallery-big size-sote-gallery-big\" \r\n                            srcset=\"https:\/\/semmelweis.hu\/belonko\/files\/2023\/05\/Kep-003-1-290x400.jpg 290w, https:\/\/semmelweis.hu\/belonko\/files\/2023\/05\/Kep-003-1.jpg 700w\" ><\/a><\/div>\r\n            <\/span>\r\n\r\n            <\/div>\r\n\r\n\t\t\t<div class=\"col-3 pl-0 pr-0\">\r\n\t\t\t\t<div class=\"galeria-right-img d-flex justify-content-between flex-column h-100 w-100 px-0 mx-0 \">\r\n                <div class=\"galeria-box\">\r\n\t\t\t\t\t<h3 class=\"galeria-title\">Gal\u00e9ria<\/h3>\r\n\t\t\t\t\t<div class=\"galeria-subtitle\">\r\n\r\n\t\t\t\t\t\t<div class=\"galeria-page-counter\"><span>15<\/span>k\u00e9p<\/div>\r\n                    <\/div> <\/div>\r\n                    <span class=\"gallery-item frame d-none d-md-flex\">\r\n\t\t\t\t\t<div class=\"galeria-small-img mt-0\"><a href=\"https:\/\/semmelweis.hu\/belonko\/files\/2023\/05\/I-Belklinika-korabbi-0036-masolata.jpg\"><img src=https:\/\/semmelweis.hu\/belonko\/files\/2023\/05\/I-Belklinika-korabbi-0036-masolata.jpg \r\n                                alt=\"\"  \r\n                                class=\"attachment-sote-gallery-small size-sote-gallery-small\" \r\n                                srcset=\"https:\/\/semmelweis.hu\/belonko\/files\/2023\/05\/I-Belklinika-korabbi-0036-masolata-400x279.jpg 400w, https:\/\/semmelweis.hu\/belonko\/files\/2023\/05\/I-Belklinika-korabbi-0036-masolata-768x535.jpg 768w, https:\/\/semmelweis.hu\/belonko\/files\/2023\/05\/I-Belklinika-korabbi-0036-masolata-753x525.jpg 753w, https:\/\/semmelweis.hu\/belonko\/files\/2023\/05\/I-Belklinika-korabbi-0036-masolata.jpg 1000w\" ><\/a><\/div>\r\n                    <\/span>\r\n                    <span class=\"gallery-item frame d-none d-md-flex\">\r\n\t\t\t\t\t<div class=\"galeria-small-img mt-0\"><a href=\"https:\/\/semmelweis.hu\/belonko\/files\/2023\/05\/I-Belklinika-0003-masolata.jpg\"><img src=https:\/\/semmelweis.hu\/belonko\/files\/2023\/05\/I-Belklinika-0003-masolata.jpg \r\n                                alt=\"\" \r\n                                class=\"attachment-sote-gallery-small size-sote-gallery-small\" \r\n                                srcset=\"https:\/\/semmelweis.hu\/belonko\/files\/2023\/05\/I-Belklinika-0003-masolata-339x400.jpg 339w, https:\/\/semmelweis.hu\/belonko\/files\/2023\/05\/I-Belklinika-0003-masolata.jpg 700w\" ><\/a><\/div>\r\n                    <\/span>\r\n\r\n                <\/div>\r\n\r\n            <\/div>\r\n\r\n            <span class=\"gallery-item\"><div class=\"hidden\"><a href=\"https:\/\/semmelweis.hu\/belonko\/files\/2023\/05\/I-Belklinika-0011-masolata.jpg\">\r\n        <img src=https:\/\/semmelweis.hu\/belonko\/files\/2023\/05\/I-Belklinika-0011-masolata.jpg alt=\"\" class=\"attachment-sote-gallery-big size-sote-gallery-big\" srcset=\"https:\/\/semmelweis.hu\/belonko\/files\/2023\/05\/I-Belklinika-0011-masolata-384x400.jpg 384w, https:\/\/semmelweis.hu\/belonko\/files\/2023\/05\/I-Belklinika-0011-masolata.jpg 700w\" >\r\n        <\/a><\/div><\/span><span class=\"gallery-item\"><div class=\"hidden\"><a href=\"https:\/\/semmelweis.hu\/belonko\/files\/2023\/05\/I-Belklinika-0014-masolata.jpg\">\r\n        <img src=https:\/\/semmelweis.hu\/belonko\/files\/2023\/05\/I-Belklinika-0014-masolata.jpg alt=\"\" class=\"attachment-sote-gallery-big size-sote-gallery-big\" srcset=\"https:\/\/semmelweis.hu\/belonko\/files\/2023\/05\/I-Belklinika-0014-masolata-380x400.jpg 380w, https:\/\/semmelweis.hu\/belonko\/files\/2023\/05\/I-Belklinika-0014-masolata.jpg 700w\" >\r\n        <\/a><\/div><\/span><span class=\"gallery-item\"><div class=\"hidden\"><a href=\"https:\/\/semmelweis.hu\/belonko\/files\/2023\/05\/I-Belklinika-0016-masolata.jpg\">\r\n        <img src=https:\/\/semmelweis.hu\/belonko\/files\/2023\/05\/I-Belklinika-0016-masolata.jpg alt=\"\" class=\"attachment-sote-gallery-big size-sote-gallery-big\" srcset=\"https:\/\/semmelweis.hu\/belonko\/files\/2023\/05\/I-Belklinika-0016-masolata-378x400.jpg 378w, https:\/\/semmelweis.hu\/belonko\/files\/2023\/05\/I-Belklinika-0016-masolata.jpg 700w\" >\r\n        <\/a><\/div><\/span><span class=\"gallery-item\"><div class=\"hidden\"><a href=\"https:\/\/semmelweis.hu\/belonko\/files\/2023\/05\/I-Belklinika-0027-masolata.jpg\">\r\n        <img src=https:\/\/semmelweis.hu\/belonko\/files\/2023\/05\/I-Belklinika-0027-masolata.jpg alt=\"\" class=\"attachment-sote-gallery-big size-sote-gallery-big\" srcset=\"https:\/\/semmelweis.hu\/belonko\/files\/2023\/05\/I-Belklinika-0027-masolata-383x400.jpg 383w, https:\/\/semmelweis.hu\/belonko\/files\/2023\/05\/I-Belklinika-0027-masolata.jpg 700w\" >\r\n        <\/a><\/div><\/span><span class=\"gallery-item\"><div class=\"hidden\"><a href=\"https:\/\/semmelweis.hu\/belonko\/files\/2023\/05\/I-Belklinika-0029-masolata.jpg\">\r\n        <img src=https:\/\/semmelweis.hu\/belonko\/files\/2023\/05\/I-Belklinika-0029-masolata.jpg alt=\"\" class=\"attachment-sote-gallery-big size-sote-gallery-big\" srcset=\"https:\/\/semmelweis.hu\/belonko\/files\/2023\/05\/I-Belklinika-0029-masolata-382x400.jpg 382w, https:\/\/semmelweis.hu\/belonko\/files\/2023\/05\/I-Belklinika-0029-masolata.jpg 700w\" >\r\n        <\/a><\/div><\/span><span class=\"gallery-item\"><div class=\"hidden\"><a href=\"https:\/\/semmelweis.hu\/belonko\/files\/2023\/05\/I-Belklinika-korabbi-0003-masolata.jpg\">\r\n        <img src=https:\/\/semmelweis.hu\/belonko\/files\/2023\/05\/I-Belklinika-korabbi-0003-masolata.jpg alt=\"\" class=\"attachment-sote-gallery-big size-sote-gallery-big\" srcset=\"https:\/\/semmelweis.hu\/belonko\/files\/2023\/05\/I-Belklinika-korabbi-0003-masolata-400x269.jpg 400w, https:\/\/semmelweis.hu\/belonko\/files\/2023\/05\/I-Belklinika-korabbi-0003-masolata-768x517.jpg 768w, https:\/\/semmelweis.hu\/belonko\/files\/2023\/05\/I-Belklinika-korabbi-0003-masolata-753x507.jpg 753w, https:\/\/semmelweis.hu\/belonko\/files\/2023\/05\/I-Belklinika-korabbi-0003-masolata.jpg 1000w\" >\r\n        <\/a><\/div><\/span><span class=\"gallery-item\"><div class=\"hidden\"><a href=\"https:\/\/semmelweis.hu\/belonko\/files\/2023\/05\/I-Belklinika-korabbi-0032-masolata.jpg\">\r\n        <img src=https:\/\/semmelweis.hu\/belonko\/files\/2023\/05\/I-Belklinika-korabbi-0032-masolata.jpg alt=\"\" class=\"attachment-sote-gallery-big size-sote-gallery-big\" srcset=\"https:\/\/semmelweis.hu\/belonko\/files\/2023\/05\/I-Belklinika-korabbi-0032-masolata-400x279.jpg 400w, https:\/\/semmelweis.hu\/belonko\/files\/2023\/05\/I-Belklinika-korabbi-0032-masolata-768x535.jpg 768w, https:\/\/semmelweis.hu\/belonko\/files\/2023\/05\/I-Belklinika-korabbi-0032-masolata-753x525.jpg 753w, https:\/\/semmelweis.hu\/belonko\/files\/2023\/05\/I-Belklinika-korabbi-0032-masolata.jpg 1000w\" >\r\n        <\/a><\/div><\/span><span class=\"gallery-item\"><div class=\"hidden\"><a href=\"https:\/\/semmelweis.hu\/belonko\/files\/2023\/05\/I-Belklinika-korabbi-0033-masolata.jpg\">\r\n        <img src=https:\/\/semmelweis.hu\/belonko\/files\/2023\/05\/I-Belklinika-korabbi-0033-masolata.jpg alt=\"\" class=\"attachment-sote-gallery-big size-sote-gallery-big\" srcset=\"https:\/\/semmelweis.hu\/belonko\/files\/2023\/05\/I-Belklinika-korabbi-0033-masolata-400x284.jpg 400w, https:\/\/semmelweis.hu\/belonko\/files\/2023\/05\/I-Belklinika-korabbi-0033-masolata-768x545.jpg 768w, https:\/\/semmelweis.hu\/belonko\/files\/2023\/05\/I-Belklinika-korabbi-0033-masolata-753x535.jpg 753w, https:\/\/semmelweis.hu\/belonko\/files\/2023\/05\/I-Belklinika-korabbi-0033-masolata.jpg 1000w\" >\r\n        <\/a><\/div><\/span><span class=\"gallery-item\"><div class=\"hidden\"><a href=\"https:\/\/semmelweis.hu\/belonko\/files\/2023\/05\/I-Belklinika-korabbi-0034-masolata.jpg\">\r\n        <img src=https:\/\/semmelweis.hu\/belonko\/files\/2023\/05\/I-Belklinika-korabbi-0034-masolata.jpg alt=\"\" class=\"attachment-sote-gallery-big size-sote-gallery-big\" srcset=\"https:\/\/semmelweis.hu\/belonko\/files\/2023\/05\/I-Belklinika-korabbi-0034-masolata-400x284.jpg 400w, https:\/\/semmelweis.hu\/belonko\/files\/2023\/05\/I-Belklinika-korabbi-0034-masolata-768x546.jpg 768w, https:\/\/semmelweis.hu\/belonko\/files\/2023\/05\/I-Belklinika-korabbi-0034-masolata-753x535.jpg 753w, https:\/\/semmelweis.hu\/belonko\/files\/2023\/05\/I-Belklinika-korabbi-0034-masolata.jpg 1000w\" >\r\n        <\/a><\/div><\/span><span class=\"gallery-item\"><div class=\"hidden\"><a href=\"https:\/\/semmelweis.hu\/belonko\/files\/2023\/05\/I-Belklinika-korabbi-0035-masolata.jpg\">\r\n        <img src=https:\/\/semmelweis.hu\/belonko\/files\/2023\/05\/I-Belklinika-korabbi-0035-masolata.jpg alt=\"\" class=\"attachment-sote-gallery-big size-sote-gallery-big\" srcset=\"https:\/\/semmelweis.hu\/belonko\/files\/2023\/05\/I-Belklinika-korabbi-0035-masolata-400x280.jpg 400w, https:\/\/semmelweis.hu\/belonko\/files\/2023\/05\/I-Belklinika-korabbi-0035-masolata-768x538.jpg 768w, https:\/\/semmelweis.hu\/belonko\/files\/2023\/05\/I-Belklinika-korabbi-0035-masolata-753x527.jpg 753w, https:\/\/semmelweis.hu\/belonko\/files\/2023\/05\/I-Belklinika-korabbi-0035-masolata.jpg 1000w\" >\r\n        <\/a><\/div><\/span><span class=\"gallery-item\"><div class=\"hidden\"><a href=\"https:\/\/semmelweis.hu\/belonko\/files\/2023\/05\/I-Belklinika-0017-masolata.jpg\">\r\n        <img src=https:\/\/semmelweis.hu\/belonko\/files\/2023\/05\/I-Belklinika-0017-masolata.jpg alt=\"\" class=\"attachment-sote-gallery-big size-sote-gallery-big\" srcset=\"https:\/\/semmelweis.hu\/belonko\/files\/2023\/05\/I-Belklinika-0017-masolata-380x400.jpg 380w, https:\/\/semmelweis.hu\/belonko\/files\/2023\/05\/I-Belklinika-0017-masolata.jpg 700w\" >\r\n        <\/a><\/div><\/span><span class=\"gallery-item\"><div class=\"hidden\"><a href=\"https:\/\/semmelweis.hu\/belonko\/files\/2023\/05\/I-Belklinika-0015-masolata.jpg\">\r\n        <img src=https:\/\/semmelweis.hu\/belonko\/files\/2023\/05\/I-Belklinika-0015-masolata.jpg alt=\"\" class=\"attachment-sote-gallery-big size-sote-gallery-big\" srcset=\"https:\/\/semmelweis.hu\/belonko\/files\/2023\/05\/I-Belklinika-0015-masolata-379x400.jpg 379w, https:\/\/semmelweis.hu\/belonko\/files\/2023\/05\/I-Belklinika-0015-masolata.jpg 700w\" >\r\n        <\/a><\/div><\/span>\r\n            <\/div>\r\n\r\n            [\/slb_exclude]\r\n\t\n","protected":false},"excerpt":{"rendered":"<p>A jogel\u0151d int\u00e9zetet 1770-ben Nagyszombati Egyetem keret\u00e9ben alap\u00edtott\u00e1k, amely a k\u00e9s\u0151bbiekben Magyarorsz\u00e1gra k\u00f6lt\u00f6z\u00f6tt. A klinika a mostani form\u00e1j\u00e1ban az 1872-es alap\u00edt\u00e1s ut\u00e1n 1909-ben k\u00f6lt\u00f6z\u00f6tt jelenlegi \u00e9p\u00fclet\u00e9be, amely a k\u00fcls\u0151 klinikai telep r\u00e9szek\u00e9nt II. Belklinikak\u00e9nt kezdte meg m\u0171k\u00f6d\u00e9s\u00e9t, az akkori viszonyoknak megfelel\u0151 legkorszer\u0171bb felszerel\u00e9ssel. Professzorai a magyar belgy\u00f3gy\u00e1szat olyan kiemelked\u0151, iskolateremt\u0151 egy\u00e9nis\u00e9gei sor\u00e1b\u00f3l ker\u00fcltek ki, akiknek &hellip;<\/p>\n","protected":false},"author":102189,"featured_media":0,"parent":5,"menu_order":0,"comment_status":"closed","ping_status":"closed","template":"","meta":{"_acf_changed":false,"footnotes":""},"categories":[],"tags":[],"class_list":["post-68","page","type-page","status-publish","hentry"],"acf":[],"_links":{"self":[{"href":"https:\/\/semmelweis.hu\/belonko\/wp-json\/wp\/v2\/pages\/68","targetHints":{"allow":["GET"]}}],"collection":[{"href":"https:\/\/semmelweis.hu\/belonko\/wp-json\/wp\/v2\/pages"}],"about":[{"href":"https:\/\/semmelweis.hu\/belonko\/wp-json\/wp\/v2\/types\/page"}],"author":[{"embeddable":true,"href":"https:\/\/semmelweis.hu\/belonko\/wp-json\/wp\/v2\/users\/102189"}],"replies":[{"embeddable":true,"href":"https:\/\/semmelweis.hu\/belonko\/wp-json\/wp\/v2\/comments?post=68"}],"version-history":[{"count":10,"href":"https:\/\/semmelweis.hu\/belonko\/wp-json\/wp\/v2\/pages\/68\/revisions"}],"predecessor-version":[{"id":1171,"href":"https:\/\/semmelweis.hu\/belonko\/wp-json\/wp\/v2\/pages\/68\/revisions\/1171"}],"up":[{"embeddable":true,"href":"https:\/\/semmelweis.hu\/belonko\/wp-json\/wp\/v2\/pages\/5"}],"wp:attachment":[{"href":"https:\/\/semmelweis.hu\/belonko\/wp-json\/wp\/v2\/media?parent=68"}],"wp:term":[{"taxonomy":"category","embeddable":true,"href":"https:\/\/semmelweis.hu\/belonko\/wp-json\/wp\/v2\/categories?post=68"},{"taxonomy":"post_tag","embeddable":true,"href":"https:\/\/semmelweis.hu\/belonko\/wp-json\/wp\/v2\/tags?post=68"}],"curies":[{"name":"wp","href":"https:\/\/api.w.org\/{rel}","templated":true}]}}