{"id":599,"date":"2023-04-30T22:20:13","date_gmt":"2023-04-30T20:20:13","guid":{"rendered":"https:\/\/semmelweis.hu\/belonko\/?page_id=599"},"modified":"2024-11-08T11:41:50","modified_gmt":"2024-11-08T10:41:50","slug":"6-evfolyam","status":"publish","type":"page","link":"https:\/\/semmelweis.hu\/belonko\/de\/bildung\/6-evfolyam\/","title":{"rendered":"VI. Studienjahr"},"content":{"rendered":"<p>Liebe Studenten\/Studentin!<\/p>\n<p>Wir begr\u00fc\u00dfen Studenten dem Sechstenjahrgang in unserer Klinik f\u00fcr ein Praktikum vor dem internistischem Rigorosum. Wir m\u00f6chten unsere Studenten jedoch darauf aufmerksam machen, die beigef\u00fcgte Kursbeschreibung zu lesen, bevor sie sich bei Neptun anmelden.<\/p>\n<p>&nbsp;<\/p>\n<p><a href=\"https:\/\/semmelweis.hu\/belonko\/files\/2024\/11\/Themenkatalog-fur-Rigorosum-Ketklinika_verzio.pdf\">Themenkatalog f\u00fcr Rigorosum &#8211; K\u00e9tklinika_verzi\u00f3 <\/a><\/p>\n<p><a href=\"https:\/\/semmelweis.hu\/belonko\/files\/2024\/08\/Anforderungen-Innere-Medizin-rigoroses-Jahr-Praktikum.pdf\">Anforderungen Innere Medizin rigoroses Jahr Praktikum<\/a><\/p>\n<p><a href=\"https:\/\/semmelweis.hu\/belonko\/files\/2024\/08\/Innere-Medicine-wahlbares-Praktikum-1.pdf\">Innere Medicine w\u00e4hlbares Praktikum<\/a><\/p>\n<p>&nbsp;<\/p>\n<p>&nbsp;<\/p>\n","protected":false},"excerpt":{"rendered":"<p>Liebe Studenten\/Studentin!<br \/>\nWir begr\u00fc\u00dfen Studenten dem Sechstenjahrgang in unserer Klinik f\u00fcr ein Praktikum vor dem internistischem Rigorosum. Wir m\u00f6chten unsere Studenten jedoch darauf aufmerksam machen, die beigef\u00fcgte Kursbeschreibung zu lesen, bevor sie sich bei Neptun anmelden.<br \/>\n&nbsp;<br \/>\n<a href=\"https:\/\/semmelweis.hu\/belonko\/files\/2024\/11\/Themenkatalog-fur-Rigorosum-Ketklinika_verzio.pdf\">Themenkatalog f\u00fcr Rigorosum &#8211; K\u00e9tklinika_verzi\u00f3 <\/a><br \/>\n<a href=\"https:\/\/semmelweis.hu\/belonko\/files\/2024\/08\/Anforderungen-Innere-Medizin-rigoroses-Jahr-Praktikum.pdf\">Anforderungen Innere Medizin rigoroses Jahr Praktikum<\/a><br \/>\n<a href=\"https:\/\/semmelweis.hu\/belonko\/files\/2024\/08\/Innere-Medicine-wahlbares-Praktikum-1.pdf\">Innere Medicine w\u00e4hlbares Praktikum<\/a><br \/>\n&nbsp;<br \/>\n&nbsp;<\/p>\n","protected":false},"author":102173,"featured_media":0,"parent":589,"menu_order":2,"comment_status":"closed","ping_status":"closed","template":"","meta":{"_acf_changed":false,"footnotes":""},"categories":[],"tags":[],"class_list":["post-599","page","type-page","status-publish","hentry"],"acf":[],"_links":{"self":[{"href":"https:\/\/semmelweis.hu\/belonko\/wp-json\/wp\/v2\/pages\/599","targetHints":{"allow":["GET"]}}],"collection":[{"href":"https:\/\/semmelweis.hu\/belonko\/wp-json\/wp\/v2\/pages"}],"about":[{"href":"https:\/\/semmelweis.hu\/belonko\/wp-json\/wp\/v2\/types\/page"}],"author":[{"embeddable":true,"href":"https:\/\/semmelweis.hu\/belonko\/wp-json\/wp\/v2\/users\/102173"}],"replies":[{"embeddable":true,"href":"https:\/\/semmelweis.hu\/belonko\/wp-json\/wp\/v2\/comments?post=599"}],"version-history":[{"count":9,"href":"https:\/\/semmelweis.hu\/belonko\/wp-json\/wp\/v2\/pages\/599\/revisions"}],"predecessor-version":[{"id":1741,"href":"https:\/\/semmelweis.hu\/belonko\/wp-json\/wp\/v2\/pages\/599\/revisions\/1741"}],"up":[{"embeddable":true,"href":"https:\/\/semmelweis.hu\/belonko\/wp-json\/wp\/v2\/pages\/589"}],"wp:attachment":[{"href":"https:\/\/semmelweis.hu\/belonko\/wp-json\/wp\/v2\/media?parent=599"}],"wp:term":[{"taxonomy":"category","embeddable":true,"href":"https:\/\/semmelweis.hu\/belonko\/wp-json\/wp\/v2\/categories?post=599"},{"taxonomy":"post_tag","embeddable":true,"href":"https:\/\/semmelweis.hu\/belonko\/wp-json\/wp\/v2\/tags?post=599"}],"curies":[{"name":"wp","href":"https:\/\/api.w.org\/{rel}","templated":true}]}}