{"id":595,"date":"2023-04-30T22:18:32","date_gmt":"2023-04-30T20:18:32","guid":{"rendered":"https:\/\/semmelweis.hu\/belonko\/?page_id=595"},"modified":"2024-08-16T14:05:38","modified_gmt":"2024-08-16T12:05:38","slug":"innere-medizin-i","status":"publish","type":"page","link":"https:\/\/semmelweis.hu\/belonko\/de\/bildung\/innere-medizin-i\/","title":{"rendered":"Innere Medizin I. (Nephrologie, Gastroenterologie, Endokrinologie)"},"content":{"rendered":"<p>Liebe Studenten\/Studentin!<\/p>\n<p>Anhand der beigef\u00fcgten Kursbeschreibung unterrichten wir an unserer Klinik die F\u00e4cher Endokrinologie, Stoffwechsel, Gastroenterologie und Nephrologie im Blockunterricht f\u00fcr den vierten Jahrgang.\u00a0<\/p>\n<p><a href=\"https:\/\/semmelweis.hu\/belonko\/files\/2024\/08\/Innere-Medizin-I_2024_2025.pdf\">Innere Medizin I_2024_2025<\/a><\/p>\n<p>&nbsp;<\/p>\n","protected":false},"excerpt":{"rendered":"<p>Liebe Studenten\/Studentin!<br \/>\nAnhand der beigef\u00fcgten Kursbeschreibung unterrichten wir an unserer Klinik die F\u00e4cher Endokrinologie, Stoffwechsel, Gastroenterologie und Nephrologie im Blockunterricht f\u00fcr den vierten Jahrgang.\u00a0<br \/>\n<a href=\"https:\/\/semmelweis.hu\/belonko\/files\/2024\/08\/Innere-Medizin-I_2024_2025.pdf\">Innere Medizin I_2024_2025<\/a><br \/>\n&nbsp;<\/p>\n","protected":false},"author":102173,"featured_media":0,"parent":589,"menu_order":1,"comment_status":"closed","ping_status":"closed","template":"","meta":{"_acf_changed":false,"footnotes":""},"categories":[],"tags":[],"class_list":["post-595","page","type-page","status-publish","hentry"],"acf":[],"_links":{"self":[{"href":"https:\/\/semmelweis.hu\/belonko\/wp-json\/wp\/v2\/pages\/595","targetHints":{"allow":["GET"]}}],"collection":[{"href":"https:\/\/semmelweis.hu\/belonko\/wp-json\/wp\/v2\/pages"}],"about":[{"href":"https:\/\/semmelweis.hu\/belonko\/wp-json\/wp\/v2\/types\/page"}],"author":[{"embeddable":true,"href":"https:\/\/semmelweis.hu\/belonko\/wp-json\/wp\/v2\/users\/102173"}],"replies":[{"embeddable":true,"href":"https:\/\/semmelweis.hu\/belonko\/wp-json\/wp\/v2\/comments?post=595"}],"version-history":[{"count":8,"href":"https:\/\/semmelweis.hu\/belonko\/wp-json\/wp\/v2\/pages\/595\/revisions"}],"predecessor-version":[{"id":1672,"href":"https:\/\/semmelweis.hu\/belonko\/wp-json\/wp\/v2\/pages\/595\/revisions\/1672"}],"up":[{"embeddable":true,"href":"https:\/\/semmelweis.hu\/belonko\/wp-json\/wp\/v2\/pages\/589"}],"wp:attachment":[{"href":"https:\/\/semmelweis.hu\/belonko\/wp-json\/wp\/v2\/media?parent=595"}],"wp:term":[{"taxonomy":"category","embeddable":true,"href":"https:\/\/semmelweis.hu\/belonko\/wp-json\/wp\/v2\/categories?post=595"},{"taxonomy":"post_tag","embeddable":true,"href":"https:\/\/semmelweis.hu\/belonko\/wp-json\/wp\/v2\/tags?post=595"}],"curies":[{"name":"wp","href":"https:\/\/api.w.org\/{rel}","templated":true}]}}