{"id":593,"date":"2023-04-30T22:17:50","date_gmt":"2023-04-30T20:17:50","guid":{"rendered":"https:\/\/semmelweis.hu\/belonko\/?page_id=593"},"modified":"2024-08-16T14:04:53","modified_gmt":"2024-08-16T12:04:53","slug":"innere-medizin-propaedeutik","status":"publish","type":"page","link":"https:\/\/semmelweis.hu\/belonko\/de\/bildung\/innere-medizin-propaedeutik\/","title":{"rendered":"Innere Medizin Prop\u00e4deutik"},"content":{"rendered":"<p>Liebe Studenten\/Studentin!<\/p>\n<p>Unsere Klinik bietet zusammen mit der Abteilung f\u00fcr Innere Medizin und H\u00e4matologie der Semmelweis Universit\u00e4t den internistischen Prop\u00e4deutikkurs f\u00fcr den dritten Jahrgang auf der Grundlage der beigef\u00fcgten Kursbeschreibung an.<\/p>\n<p><a href=\"https:\/\/semmelweis.hu\/belonko\/files\/2024\/08\/Propadeutik-der-Inneren-Medizin.pdf\">Prop\u00e4deutik der Inneren Medizin<\/a><\/p>\n<p><a href=\"https:\/\/semmelweis.hu\/belonko\/files\/2024\/08\/Innere-Medizin-Sommerpraktikum.pdf\">Innere Medizin Sommerpraktikum<\/a><\/p>\n","protected":false},"excerpt":{"rendered":"<p>Liebe Studenten\/Studentin!<br \/>\nUnsere Klinik bietet zusammen mit der Abteilung f\u00fcr Innere Medizin und H\u00e4matologie der Semmelweis Universit\u00e4t den internistischen Prop\u00e4deutikkurs f\u00fcr den dritten Jahrgang auf der Grundlage der beigef\u00fcgten Kursbeschreibung an.<br \/>\n<a href=\"https:\/\/semmelweis.hu\/belonko\/files\/2024\/08\/Propadeutik-der-Inneren-Medizin.pdf\">Prop\u00e4deutik der Inneren Medizin<\/a><br \/>\n<a href=\"https:\/\/semmelweis.hu\/belonko\/files\/2024\/08\/Innere-Medizin-Sommerpraktikum.pdf\">Innere Medizin Sommerpraktikum<\/a><\/p>\n","protected":false},"author":102173,"featured_media":0,"parent":589,"menu_order":0,"comment_status":"closed","ping_status":"closed","template":"","meta":{"_acf_changed":false,"footnotes":""},"categories":[],"tags":[],"class_list":["post-593","page","type-page","status-publish","hentry"],"acf":[],"_links":{"self":[{"href":"https:\/\/semmelweis.hu\/belonko\/wp-json\/wp\/v2\/pages\/593","targetHints":{"allow":["GET"]}}],"collection":[{"href":"https:\/\/semmelweis.hu\/belonko\/wp-json\/wp\/v2\/pages"}],"about":[{"href":"https:\/\/semmelweis.hu\/belonko\/wp-json\/wp\/v2\/types\/page"}],"author":[{"embeddable":true,"href":"https:\/\/semmelweis.hu\/belonko\/wp-json\/wp\/v2\/users\/102173"}],"replies":[{"embeddable":true,"href":"https:\/\/semmelweis.hu\/belonko\/wp-json\/wp\/v2\/comments?post=593"}],"version-history":[{"count":9,"href":"https:\/\/semmelweis.hu\/belonko\/wp-json\/wp\/v2\/pages\/593\/revisions"}],"predecessor-version":[{"id":1671,"href":"https:\/\/semmelweis.hu\/belonko\/wp-json\/wp\/v2\/pages\/593\/revisions\/1671"}],"up":[{"embeddable":true,"href":"https:\/\/semmelweis.hu\/belonko\/wp-json\/wp\/v2\/pages\/589"}],"wp:attachment":[{"href":"https:\/\/semmelweis.hu\/belonko\/wp-json\/wp\/v2\/media?parent=593"}],"wp:term":[{"taxonomy":"category","embeddable":true,"href":"https:\/\/semmelweis.hu\/belonko\/wp-json\/wp\/v2\/categories?post=593"},{"taxonomy":"post_tag","embeddable":true,"href":"https:\/\/semmelweis.hu\/belonko\/wp-json\/wp\/v2\/tags?post=593"}],"curies":[{"name":"wp","href":"https:\/\/api.w.org\/{rel}","templated":true}]}}