{"id":589,"date":"2023-04-30T22:14:58","date_gmt":"2023-04-30T20:14:58","guid":{"rendered":"https:\/\/semmelweis.hu\/belonko\/?page_id=589"},"modified":"2024-06-12T20:28:03","modified_gmt":"2024-06-12T18:28:03","slug":"bildung","status":"publish","type":"page","link":"https:\/\/semmelweis.hu\/belonko\/de\/bildung\/","title":{"rendered":"Bildung"},"content":{"rendered":"<h6><strong>Akademischer Koordinator des deutschen medizinischen Programms:<\/strong><\/h6>\n<p>\u00c1kos Peth\u0151 MD, PhD<br \/>\nStellvertreter: M\u00e1t\u00e9 B\u00fas MD<br \/>\ne-mail: titkarsag.bel1@semmelweis.hu<\/p>\n","protected":false},"excerpt":{"rendered":"<p>Akademischer Koordinator des deutschen medizinischen Programms:<br \/>\n\u00c1kos Peth\u0151 MD, PhD<br \/>\nStellvertreter: M\u00e1t\u00e9 B\u00fas MD<br \/>\ne-mail: titkarsag.bel1@semmelweis.hu<\/p>\n","protected":false},"author":102173,"featured_media":0,"parent":0,"menu_order":0,"comment_status":"closed","ping_status":"closed","template":"","meta":{"_acf_changed":false,"footnotes":""},"categories":[],"tags":[],"class_list":["post-589","page","type-page","status-publish","hentry"],"acf":[],"_links":{"self":[{"href":"https:\/\/semmelweis.hu\/belonko\/wp-json\/wp\/v2\/pages\/589","targetHints":{"allow":["GET"]}}],"collection":[{"href":"https:\/\/semmelweis.hu\/belonko\/wp-json\/wp\/v2\/pages"}],"about":[{"href":"https:\/\/semmelweis.hu\/belonko\/wp-json\/wp\/v2\/types\/page"}],"author":[{"embeddable":true,"href":"https:\/\/semmelweis.hu\/belonko\/wp-json\/wp\/v2\/users\/102173"}],"replies":[{"embeddable":true,"href":"https:\/\/semmelweis.hu\/belonko\/wp-json\/wp\/v2\/comments?post=589"}],"version-history":[{"count":7,"href":"https:\/\/semmelweis.hu\/belonko\/wp-json\/wp\/v2\/pages\/589\/revisions"}],"predecessor-version":[{"id":1605,"href":"https:\/\/semmelweis.hu\/belonko\/wp-json\/wp\/v2\/pages\/589\/revisions\/1605"}],"wp:attachment":[{"href":"https:\/\/semmelweis.hu\/belonko\/wp-json\/wp\/v2\/media?parent=589"}],"wp:term":[{"taxonomy":"category","embeddable":true,"href":"https:\/\/semmelweis.hu\/belonko\/wp-json\/wp\/v2\/categories?post=589"},{"taxonomy":"post_tag","embeddable":true,"href":"https:\/\/semmelweis.hu\/belonko\/wp-json\/wp\/v2\/tags?post=589"}],"curies":[{"name":"wp","href":"https:\/\/api.w.org\/{rel}","templated":true}]}}