{"id":5,"date":"2023-02-24T15:19:30","date_gmt":"2023-02-24T14:19:30","guid":{"rendered":"https:\/\/semmelweis.hu\/belonko\/?page_id=5"},"modified":"2023-05-05T13:50:00","modified_gmt":"2023-05-05T11:50:00","slug":"a-klinikarol","status":"publish","type":"page","link":"https:\/\/semmelweis.hu\/belonko\/a-klinikarol\/","title":{"rendered":"A klinika bemutat\u00e1sa"},"content":{"rendered":"<p><img loading=\"lazy\" decoding=\"async\" class=\"wp-image-13 alignright\" src=\"https:\/\/semmelweis.hu\/belonko\/files\/2023\/02\/RS149423_3P1A9345-scr-400x267.jpg\" alt=\"\" width=\"392\" height=\"261\" srcset=\"https:\/\/semmelweis.hu\/belonko\/files\/2023\/02\/RS149423_3P1A9345-scr-400x267.jpg 400w, https:\/\/semmelweis.hu\/belonko\/files\/2023\/02\/RS149423_3P1A9345-scr-1024x683.jpg 1024w, https:\/\/semmelweis.hu\/belonko\/files\/2023\/02\/RS149423_3P1A9345-scr-768x512.jpg 768w, https:\/\/semmelweis.hu\/belonko\/files\/2023\/02\/RS149423_3P1A9345-scr-753x502.jpg 753w, https:\/\/semmelweis.hu\/belonko\/files\/2023\/02\/RS149423_3P1A9345-scr-203x135.jpg 203w, https:\/\/semmelweis.hu\/belonko\/files\/2023\/02\/RS149423_3P1A9345-scr.jpg 1200w\" sizes=\"auto, (max-width: 392px) 100vw, 392px\" \/><\/p>\n<p style=\"text-align: justify;\">A Belgy\u00f3gy\u00e1szati \u00e9s Onkol\u00f3giai Klinik\u00e1t (kor\u00e1bban I.sz. Belgy\u00f3gy\u00e1szati Klinika) gyakran Kor\u00e1nyi Klinikak\u00e9nt is emlegetik. A Kor\u00e1nyi-iskola alapelvei, az optimista humanizmus, a tudom\u00e1nyos t\u00e9nyek megismer\u00e9s\u00e9nek ig\u00e9nye \u00e9s tisztelete, valamint az integr\u00e1l\u00f3, \u00e1ltal\u00e1nos belgy\u00f3gy\u00e1szat k\u00e9pviselete jellemezte \u00e9s jellemzi a klinika tev\u00e9kenys\u00e9g\u00e9t.\u00a0<\/p>\n<blockquote>\n<p>Klinik\u00e1nk m\u0171k\u00f6d\u00e9se h\u00e1rom alappill\u00e9ren nyugszik: a betegell\u00e1t\u00e1son, az oktat\u00e1son \u00e9s a kutat\u00e1son.\u00a0\u00a0<\/p>\n<\/blockquote>\n<h4><strong>A betegell\u00e1t\u00e1s <\/strong><\/h4>\n<p style=\"text-align: justify;\">A betegell\u00e1t\u00e1s jelenleg 133 fekv\u0151\u00e1gyon, 12 k\u00fcl\u00f6nb\u00f6z\u0151 ambulanci\u00e1n zajlik. Emellett Klinik\u00e1nkhoz tartozik egy 12 \u00e1gyas, j\u00f3l felszerelt klinikai farmakol\u00f3giai vizsg\u00e1l\u00f3centrum is, ahol a korai f\u00e1zisokt\u00f3l kezdve mindenfajta klinikai vizsg\u00e1lat v\u00e9gezhet\u0151. A fokozatosan b\u0151v\u00fcl\u0151 aferezis k\u00f6zpontunk is \u00faj, modern helyre k\u00f6lt\u00f6z\u00f6tt, \u00edgy az orsz\u00e1g egyik legnagyobb aferezis centrum\u00e1v\u00e1 v\u00e1ltunk, ahol a plazmaferezist\u0151l a legmodernebb immunferezisig, valamennyi feretiz\u00e1l\u00f3 technik\u00e1val gy\u00f3gy\u00edtjuk betegeinket.\u00a0\u00a0<\/p>\n<p style=\"text-align: justify;\"><a href=\"https:\/\/semmelweis.hu\/belonko\/files\/2023\/05\/RS108931_C19A4834-scr-1.jpg\"><img loading=\"lazy\" decoding=\"async\" class=\"alignright size-medium wp-image-972\" src=\"https:\/\/semmelweis.hu\/belonko\/files\/2023\/05\/RS108931_C19A4834-scr-1-400x267.jpg\" alt=\"\" width=\"400\" height=\"267\" srcset=\"https:\/\/semmelweis.hu\/belonko\/files\/2023\/05\/RS108931_C19A4834-scr-1-400x267.jpg 400w, https:\/\/semmelweis.hu\/belonko\/files\/2023\/05\/RS108931_C19A4834-scr-1-1024x683.jpg 1024w, https:\/\/semmelweis.hu\/belonko\/files\/2023\/05\/RS108931_C19A4834-scr-1-768x512.jpg 768w, https:\/\/semmelweis.hu\/belonko\/files\/2023\/05\/RS108931_C19A4834-scr-1-753x502.jpg 753w, https:\/\/semmelweis.hu\/belonko\/files\/2023\/05\/RS108931_C19A4834-scr-1-203x135.jpg 203w, https:\/\/semmelweis.hu\/belonko\/files\/2023\/05\/RS108931_C19A4834-scr-1.jpg 1200w\" sizes=\"auto, (max-width: 400px) 100vw, 400px\" \/><\/a>A speci\u00e1lis betegell\u00e1t\u00e1s mellett ter\u00fcleti, komplex belgy\u00f3gy\u00e1szati betegell\u00e1t\u00e1st is v\u00e9gz\u00fcnk, \u00edgy tudjuk a belgy\u00f3gy\u00e1szat oktat\u00e1sa sor\u00e1n di\u00e1kjainknak valamennyi belgy\u00f3gy\u00e1szati k\u00f3rk\u00e9pet bemutatni. T\u00f6bb mint 150\u202f000 lakos els\u0151dleges belgy\u00f3gy\u00e1szati ell\u00e1t\u00f3helye a Klinika. Oktat\u00e1si feladatinknak megfelel\u0151en h\u00e1rom nagy ter\u00fclet\u00e9t a belgy\u00f3gy\u00e1szatnak kiemelten l\u00e1tjuk el. Az endokrin betegs\u00e9gek teljes spektrum\u00e1t kezelj\u00fck \u00e9s gondozzuk, a hypophysis betegs\u00e9gekt\u0151l a pajzsmirigy betegs\u00e9geken \u00e1t a neuroendokrin tumorokig. Ez igaz az anyagcsere-betegs\u00e9gekre is, melyek k\u00f6z\u00fcl a diabetes mellitust \u00e9s a ritka anyagcsere betegs\u00e9geket ell\u00e1t\u00e1s\u00e1t kell k\u00fcl\u00f6n kiemelni. A nefrol\u00f3giai r\u00e9szleg 20 \u00e1gyon v\u00e1rja a vesebetegeket, szoros egy\u00fcttm\u0171k\u00f6d\u00e9sben a Klinika \u00e9p\u00fclet\u00e9ben m\u0171k\u00f6d\u0151 Dial\u00edzis Centrummal. A gastroenterol\u00f3giai munkacsoportunk az \u00e1ltal\u00e1nos belgy\u00f3gy\u00e1szati ell\u00e1t\u00e1shoz tartoz\u00f3 beavatkoz\u00e1sok mellett, legink\u00e1bb a gyullad\u00e1sos b\u00e9lbetegs\u00e9gek ell\u00e1t\u00e1s\u00e1val foglalkozik. Klinik\u00e1nk kardiol\u00f3gusai a nem invaz\u00edv kardiol\u00f3giai vizsg\u00e1latokban \u00e9s ell\u00e1t\u00e1sban vesznek r\u00e9szt. A T\u00f6m\u0151 utcai \u00e9p\u00fcletben m\u0171k\u00f6d\u0151 Onkol\u00f3giai Profil specialit\u00e1sa &#8211; a ter\u00fcleti betegek onkol\u00f3giai ell\u00e1t\u00e1sa mellett &#8211; a gyomorb\u00e9lrendszeri \u00e9s az eml\u0151tumorok kezel\u00e9se.<\/p>\n<p style=\"text-align: justify;\">Term\u00e9szetesen az komplex belgy\u00f3gy\u00e1szati beteg ell\u00e1t\u00e1s miatt is, Klinik\u00e1nk nagy diagnosztikus kapacit\u00e1ssal rendelkezik. (pl. gasztroszk\u00f3pia, colonoscopia, enteroscopia, hasi- \u00e9s sz\u00edv ultrahang, 24 \u00f3r\u00e1s v\u00e9rnyom\u00e1sm\u00e9r\u00e9s, terhel\u00e9ses EKG vizsg\u00e1lat, neuropathia vizsg\u00e1lat, csontdenzitometria \u00e9s bizonyos izot\u00f3p diagnosztikai vizsg\u00e1latok).<\/p>\n<h4><strong>Oktat\u00e1s <\/strong><\/h4>\n<p style=\"text-align: justify;\"><a href=\"https:\/\/semmelweis.hu\/belonko\/files\/2023\/05\/RS41909_6-scr.jpg\"><img loading=\"lazy\" decoding=\"async\" class=\"alignright size-medium wp-image-968\" src=\"https:\/\/semmelweis.hu\/belonko\/files\/2023\/05\/RS41909_6-scr-400x267.jpg\" alt=\"\" width=\"400\" height=\"267\" srcset=\"https:\/\/semmelweis.hu\/belonko\/files\/2023\/05\/RS41909_6-scr-400x267.jpg 400w, https:\/\/semmelweis.hu\/belonko\/files\/2023\/05\/RS41909_6-scr-768x512.jpg 768w, https:\/\/semmelweis.hu\/belonko\/files\/2023\/05\/RS41909_6-scr-753x502.jpg 753w, https:\/\/semmelweis.hu\/belonko\/files\/2023\/05\/RS41909_6-scr-203x135.jpg 203w, https:\/\/semmelweis.hu\/belonko\/files\/2023\/05\/RS41909_6-scr.jpg 950w\" sizes=\"auto, (max-width: 400px) 100vw, 400px\" \/><\/a>Az Egyetem oktat\u00e1si reformj\u00e1t k\u00f6vet\u0151en Klinik\u00e1nk h\u00e1rom tant\u00e1rgyat oktat, h\u00e1rom nyelven. Az orvostanhallgat\u00f3k k\u00e9pz\u00e9s\u00e9ben 3. \u00e9vben a propedeutika, 4. \u00e9vben az endokrinol\u00f3gia, anyagcsere-csontbetegs\u00e9gek, nefrol\u00f3gia \u00e9s gasztroenterol\u00f3gia oktat\u00e1sa a feladatunk. A 6. \u00e9ves currikulumban 6 hetet t\u00f6ltenek n\u00e1lunk a szigorl\u00f3 hallgat\u00f3k, akik ez id\u0151 alatt a belgy\u00f3gy\u00e1szat eg\u00e9sz\u00e9vel ismerkednek meg. A fogorvostanhallgat\u00f3k 4. \u00e9ves belgy\u00f3gy\u00e1szat oktat\u00e1sa zajlik n\u00e1lunk. A di\u00e1kok \u00e1ltal k\u00f6telez\u0151en v\u00e1lasztott belgy\u00f3gy\u00e1szati tant\u00e1rgyak mellett hat szabadon v\u00e1laszthat\u00f3 tant\u00e1rgynak ad helyet a Klinika. Az egyetemi k\u00e9pz\u00e9s mellett szakdolgoz\u00f3k k\u00e9pz\u00e9s\u00e9ben is r\u00e9szt v\u00e1llalunk, n\u0151v\u00e9rek, dietetikusok, ment\u0151tisztek k\u00e9pz\u00e9se is zajlik az \u00e9p\u00fclet falai k\u00f6z\u00f6tt. Emellett jelent\u0151s szerepet v\u00e1llalunk a postgradu\u00e1lis oktat\u00e1sban, melynek sor\u00e1n sok belgy\u00f3gy\u00e1sz, csal\u00e1dorvos, gasztroenterol\u00f3gus, nefrol\u00f3gus rezidens t\u00f6lti n\u00e1lunk gyakorlat\u00e1t. A r\u00e1\u00e9p\u00edtett endokrin szakvizsga gyakorlatok nagy r\u00e9sz\u00e9t is Klinik\u00e1nkon t\u00f6ltik a koll\u00e9g\u00e1k.\u00a0\u00a0<\/p>\n<p style=\"text-align: justify;\">A postgradu\u00e1lis k\u00e9pz\u00e9sben Klinik\u00e1nk vezet\u0151 oktat\u00f3i \u00e9vente 8-10 orsz\u00e1gos jelent\u0151s\u00e9g\u0171 tov\u00e1bbk\u00e9pz\u00e9st szerveznek valamennyi \u00e1ltalunk oktatott tudom\u00e1ny\u00e1gban.<\/p>\n<h4><strong>Kutat\u00e1s <\/strong><\/h4>\n<p style=\"text-align: justify;\">A Klinika kutat\u00e1si aktivit\u00e1s\u00e1t tal\u00e1n a sz\u00e1mok t\u00fckr\u00f6zik a legjobban. A klinika munkat\u00e1rsai 2022-ben 165 tudom\u00e1nyos k\u00f6zlem\u00e9nyt \u00edrtak, ebb\u0151l 118 volt nemzetk\u00f6zi k\u00f6zlem\u00e9ny, amib\u0151l 71 Q-es \u00e9s 29 D1-es foly\u00f3iratban jelent meg. Ezek a sz\u00e1mok is bizony\u00edtj\u00e1k, hogy Klinik\u00e1nk tov\u00e1bbra is az orsz\u00e1g egyik vezet\u0151 belgy\u00f3gy\u00e1szati kutat\u00e1si m\u0171helye.<\/p>\n\r\n        [slb_exclude]\r\n        <div class=\"row galeria-wrapper mx-0 h-auto\">\r\n            <div class=\"col-9 pl-0 pr-2\">\r\n            <span class=\"gallery-item frame\">\r\n\t\t\t\t<div class=\"galeria-left-img\"><a href=\"https:\/\/semmelweis.hu\/belonko\/files\/2023\/05\/IMG_0008.jpg\"><img src=https:\/\/semmelweis.hu\/belonko\/files\/2023\/05\/IMG_0008.jpg  \r\n                            alt=\"\" \r\n                            class=\"attachment-sote-gallery-big size-sote-gallery-big\" \r\n                            srcset=\"https:\/\/semmelweis.hu\/belonko\/files\/2023\/05\/IMG_0008-400x267.jpg 400w, https:\/\/semmelweis.hu\/belonko\/files\/2023\/05\/IMG_0008-1024x683.jpg 1024w, https:\/\/semmelweis.hu\/belonko\/files\/2023\/05\/IMG_0008-768x512.jpg 768w, https:\/\/semmelweis.hu\/belonko\/files\/2023\/05\/IMG_0008-753x502.jpg 753w, https:\/\/semmelweis.hu\/belonko\/files\/2023\/05\/IMG_0008-203x135.jpg 203w, https:\/\/semmelweis.hu\/belonko\/files\/2023\/05\/IMG_0008.jpg 1200w\" ><\/a><\/div>\r\n            <\/span>\r\n\r\n            <\/div>\r\n\r\n\t\t\t<div class=\"col-3 pl-0 pr-0\">\r\n\t\t\t\t<div class=\"galeria-right-img d-flex justify-content-between flex-column h-100 w-100 px-0 mx-0 \">\r\n                <div class=\"galeria-box\">\r\n\t\t\t\t\t<h3 class=\"galeria-title\">Gal\u00e9ria<\/h3>\r\n\t\t\t\t\t<div class=\"galeria-subtitle\">\r\n\r\n\t\t\t\t\t\t<div class=\"galeria-page-counter\"><span>15<\/span>k\u00e9p<\/div>\r\n                    <\/div> <\/div>\r\n                    <span class=\"gallery-item frame d-none d-md-flex\">\r\n\t\t\t\t\t<div class=\"galeria-small-img mt-0\"><a href=\"https:\/\/semmelweis.hu\/belonko\/files\/2023\/05\/IMG_0010.jpg\"><img src=https:\/\/semmelweis.hu\/belonko\/files\/2023\/05\/IMG_0010.jpg \r\n                                alt=\"\"  \r\n                                class=\"attachment-sote-gallery-small size-sote-gallery-small\" \r\n                                srcset=\"https:\/\/semmelweis.hu\/belonko\/files\/2023\/05\/IMG_0010-400x267.jpg 400w, https:\/\/semmelweis.hu\/belonko\/files\/2023\/05\/IMG_0010-1024x683.jpg 1024w, https:\/\/semmelweis.hu\/belonko\/files\/2023\/05\/IMG_0010-768x512.jpg 768w, https:\/\/semmelweis.hu\/belonko\/files\/2023\/05\/IMG_0010-753x502.jpg 753w, https:\/\/semmelweis.hu\/belonko\/files\/2023\/05\/IMG_0010-203x135.jpg 203w, https:\/\/semmelweis.hu\/belonko\/files\/2023\/05\/IMG_0010.jpg 1200w\" ><\/a><\/div>\r\n                    <\/span>\r\n                    <span class=\"gallery-item frame d-none d-md-flex\">\r\n\t\t\t\t\t<div class=\"galeria-small-img mt-0\"><a href=\"https:\/\/semmelweis.hu\/belonko\/files\/2023\/05\/IMG_0007.jpg\"><img src=https:\/\/semmelweis.hu\/belonko\/files\/2023\/05\/IMG_0007.jpg \r\n                                alt=\"\" \r\n                                class=\"attachment-sote-gallery-small size-sote-gallery-small\" \r\n                                srcset=\"https:\/\/semmelweis.hu\/belonko\/files\/2023\/05\/IMG_0007-400x267.jpg 400w, https:\/\/semmelweis.hu\/belonko\/files\/2023\/05\/IMG_0007-1024x683.jpg 1024w, https:\/\/semmelweis.hu\/belonko\/files\/2023\/05\/IMG_0007-768x512.jpg 768w, https:\/\/semmelweis.hu\/belonko\/files\/2023\/05\/IMG_0007-753x502.jpg 753w, https:\/\/semmelweis.hu\/belonko\/files\/2023\/05\/IMG_0007-203x135.jpg 203w, https:\/\/semmelweis.hu\/belonko\/files\/2023\/05\/IMG_0007.jpg 1200w\" ><\/a><\/div>\r\n                    <\/span>\r\n\r\n                <\/div>\r\n\r\n            <\/div>\r\n\r\n            <span class=\"gallery-item\"><div class=\"hidden\"><a href=\"https:\/\/semmelweis.hu\/belonko\/files\/2023\/05\/IMG_0009.jpg\">\r\n        <img src=https:\/\/semmelweis.hu\/belonko\/files\/2023\/05\/IMG_0009.jpg alt=\"\" class=\"attachment-sote-gallery-big size-sote-gallery-big\" srcset=\"https:\/\/semmelweis.hu\/belonko\/files\/2023\/05\/IMG_0009-400x267.jpg 400w, https:\/\/semmelweis.hu\/belonko\/files\/2023\/05\/IMG_0009-1024x683.jpg 1024w, https:\/\/semmelweis.hu\/belonko\/files\/2023\/05\/IMG_0009-768x512.jpg 768w, https:\/\/semmelweis.hu\/belonko\/files\/2023\/05\/IMG_0009-753x502.jpg 753w, https:\/\/semmelweis.hu\/belonko\/files\/2023\/05\/IMG_0009-203x135.jpg 203w, https:\/\/semmelweis.hu\/belonko\/files\/2023\/05\/IMG_0009.jpg 1200w\" >\r\n        <\/a><\/div><\/span><span class=\"gallery-item\"><div class=\"hidden\"><a href=\"https:\/\/semmelweis.hu\/belonko\/files\/2023\/05\/IMG_9908-scaled.jpg\">\r\n        <img src=https:\/\/semmelweis.hu\/belonko\/files\/2023\/05\/IMG_9908-scaled.jpg alt=\"\" class=\"attachment-sote-gallery-big size-sote-gallery-big\" srcset=\"https:\/\/semmelweis.hu\/belonko\/files\/2023\/05\/IMG_9908-267x400.jpg 267w, https:\/\/semmelweis.hu\/belonko\/files\/2023\/05\/IMG_9908-683x1024.jpg 683w, https:\/\/semmelweis.hu\/belonko\/files\/2023\/05\/IMG_9908-768x1152.jpg 768w, https:\/\/semmelweis.hu\/belonko\/files\/2023\/05\/IMG_9908-1024x1536.jpg 1024w, https:\/\/semmelweis.hu\/belonko\/files\/2023\/05\/IMG_9908-1365x2048.jpg 1365w, https:\/\/semmelweis.hu\/belonko\/files\/2023\/05\/IMG_9908-753x1130.jpg 753w, https:\/\/semmelweis.hu\/belonko\/files\/2023\/05\/IMG_9908-scaled.jpg 1707w\" >\r\n        <\/a><\/div><\/span><span class=\"gallery-item\"><div class=\"hidden\"><a href=\"https:\/\/semmelweis.hu\/belonko\/files\/2023\/05\/RS13101_KA-20120911-IMG_1210-scr.jpg\">\r\n        <img src=https:\/\/semmelweis.hu\/belonko\/files\/2023\/05\/RS13101_KA-20120911-IMG_1210-scr.jpg alt=\"\" class=\"attachment-sote-gallery-big size-sote-gallery-big\" srcset=\"https:\/\/semmelweis.hu\/belonko\/files\/2023\/05\/RS13101_KA-20120911-IMG_1210-scr-400x267.jpg 400w, https:\/\/semmelweis.hu\/belonko\/files\/2023\/05\/RS13101_KA-20120911-IMG_1210-scr-768x512.jpg 768w, https:\/\/semmelweis.hu\/belonko\/files\/2023\/05\/RS13101_KA-20120911-IMG_1210-scr-753x502.jpg 753w, https:\/\/semmelweis.hu\/belonko\/files\/2023\/05\/RS13101_KA-20120911-IMG_1210-scr-203x135.jpg 203w, https:\/\/semmelweis.hu\/belonko\/files\/2023\/05\/RS13101_KA-20120911-IMG_1210-scr.jpg 950w\" >\r\n        <\/a><\/div><\/span><span class=\"gallery-item\"><div class=\"hidden\"><a href=\"https:\/\/semmelweis.hu\/belonko\/files\/2023\/05\/RS13103_KA-20120911-IMG_1213-scr.jpg\">\r\n        <img src=https:\/\/semmelweis.hu\/belonko\/files\/2023\/05\/RS13103_KA-20120911-IMG_1213-scr.jpg alt=\"\" class=\"attachment-sote-gallery-big size-sote-gallery-big\" srcset=\"https:\/\/semmelweis.hu\/belonko\/files\/2023\/05\/RS13103_KA-20120911-IMG_1213-scr-400x267.jpg 400w, https:\/\/semmelweis.hu\/belonko\/files\/2023\/05\/RS13103_KA-20120911-IMG_1213-scr-768x512.jpg 768w, https:\/\/semmelweis.hu\/belonko\/files\/2023\/05\/RS13103_KA-20120911-IMG_1213-scr-753x502.jpg 753w, https:\/\/semmelweis.hu\/belonko\/files\/2023\/05\/RS13103_KA-20120911-IMG_1213-scr-203x135.jpg 203w, https:\/\/semmelweis.hu\/belonko\/files\/2023\/05\/RS13103_KA-20120911-IMG_1213-scr.jpg 950w\" >\r\n        <\/a><\/div><\/span><span class=\"gallery-item\"><div class=\"hidden\"><a href=\"https:\/\/semmelweis.hu\/belonko\/files\/2023\/05\/RS13107_KA-20120914-IMG_1219-scr.jpg\">\r\n        <img src=https:\/\/semmelweis.hu\/belonko\/files\/2023\/05\/RS13107_KA-20120914-IMG_1219-scr.jpg alt=\"\" class=\"attachment-sote-gallery-big size-sote-gallery-big\" srcset=\"https:\/\/semmelweis.hu\/belonko\/files\/2023\/05\/RS13107_KA-20120914-IMG_1219-scr-400x267.jpg 400w, https:\/\/semmelweis.hu\/belonko\/files\/2023\/05\/RS13107_KA-20120914-IMG_1219-scr-768x512.jpg 768w, https:\/\/semmelweis.hu\/belonko\/files\/2023\/05\/RS13107_KA-20120914-IMG_1219-scr-753x502.jpg 753w, https:\/\/semmelweis.hu\/belonko\/files\/2023\/05\/RS13107_KA-20120914-IMG_1219-scr-203x135.jpg 203w, https:\/\/semmelweis.hu\/belonko\/files\/2023\/05\/RS13107_KA-20120914-IMG_1219-scr.jpg 950w\" >\r\n        <\/a><\/div><\/span><span class=\"gallery-item\"><div class=\"hidden\"><a href=\"https:\/\/semmelweis.hu\/belonko\/files\/2023\/05\/RS41909_6-scr.jpg\">\r\n        <img src=https:\/\/semmelweis.hu\/belonko\/files\/2023\/05\/RS41909_6-scr.jpg alt=\"\" class=\"attachment-sote-gallery-big size-sote-gallery-big\" srcset=\"https:\/\/semmelweis.hu\/belonko\/files\/2023\/05\/RS41909_6-scr-400x267.jpg 400w, https:\/\/semmelweis.hu\/belonko\/files\/2023\/05\/RS41909_6-scr-768x512.jpg 768w, https:\/\/semmelweis.hu\/belonko\/files\/2023\/05\/RS41909_6-scr-753x502.jpg 753w, https:\/\/semmelweis.hu\/belonko\/files\/2023\/05\/RS41909_6-scr-203x135.jpg 203w, https:\/\/semmelweis.hu\/belonko\/files\/2023\/05\/RS41909_6-scr.jpg 950w\" >\r\n        <\/a><\/div><\/span><span class=\"gallery-item\"><div class=\"hidden\"><a href=\"https:\/\/semmelweis.hu\/belonko\/files\/2023\/05\/RS106677_C19A1007-scr.jpg\">\r\n        <img src=https:\/\/semmelweis.hu\/belonko\/files\/2023\/05\/RS106677_C19A1007-scr.jpg alt=\"\" class=\"attachment-sote-gallery-big size-sote-gallery-big\" srcset=\"https:\/\/semmelweis.hu\/belonko\/files\/2023\/05\/RS106677_C19A1007-scr-400x267.jpg 400w, https:\/\/semmelweis.hu\/belonko\/files\/2023\/05\/RS106677_C19A1007-scr-1024x683.jpg 1024w, https:\/\/semmelweis.hu\/belonko\/files\/2023\/05\/RS106677_C19A1007-scr-768x512.jpg 768w, https:\/\/semmelweis.hu\/belonko\/files\/2023\/05\/RS106677_C19A1007-scr-753x502.jpg 753w, https:\/\/semmelweis.hu\/belonko\/files\/2023\/05\/RS106677_C19A1007-scr-203x135.jpg 203w, https:\/\/semmelweis.hu\/belonko\/files\/2023\/05\/RS106677_C19A1007-scr.jpg 1200w\" >\r\n        <\/a><\/div><\/span><span class=\"gallery-item\"><div class=\"hidden\"><a href=\"https:\/\/semmelweis.hu\/belonko\/files\/2023\/05\/RS106676_C19A1011-scr.jpg\">\r\n        <img src=https:\/\/semmelweis.hu\/belonko\/files\/2023\/05\/RS106676_C19A1011-scr.jpg alt=\"\" class=\"attachment-sote-gallery-big size-sote-gallery-big\" srcset=\"https:\/\/semmelweis.hu\/belonko\/files\/2023\/05\/RS106676_C19A1011-scr-400x267.jpg 400w, https:\/\/semmelweis.hu\/belonko\/files\/2023\/05\/RS106676_C19A1011-scr-1024x683.jpg 1024w, https:\/\/semmelweis.hu\/belonko\/files\/2023\/05\/RS106676_C19A1011-scr-768x512.jpg 768w, https:\/\/semmelweis.hu\/belonko\/files\/2023\/05\/RS106676_C19A1011-scr-753x502.jpg 753w, https:\/\/semmelweis.hu\/belonko\/files\/2023\/05\/RS106676_C19A1011-scr-203x135.jpg 203w, https:\/\/semmelweis.hu\/belonko\/files\/2023\/05\/RS106676_C19A1011-scr.jpg 1200w\" >\r\n        <\/a><\/div><\/span><span class=\"gallery-item\"><div class=\"hidden\"><a href=\"https:\/\/semmelweis.hu\/belonko\/files\/2023\/05\/RS103153_IMG_7134-scr.jpg\">\r\n        <img src=https:\/\/semmelweis.hu\/belonko\/files\/2023\/05\/RS103153_IMG_7134-scr.jpg alt=\"\" class=\"attachment-sote-gallery-big size-sote-gallery-big\" srcset=\"https:\/\/semmelweis.hu\/belonko\/files\/2023\/05\/RS103153_IMG_7134-scr-400x267.jpg 400w, https:\/\/semmelweis.hu\/belonko\/files\/2023\/05\/RS103153_IMG_7134-scr-768x512.jpg 768w, https:\/\/semmelweis.hu\/belonko\/files\/2023\/05\/RS103153_IMG_7134-scr-753x502.jpg 753w, https:\/\/semmelweis.hu\/belonko\/files\/2023\/05\/RS103153_IMG_7134-scr-203x135.jpg 203w, https:\/\/semmelweis.hu\/belonko\/files\/2023\/05\/RS103153_IMG_7134-scr.jpg 950w\" >\r\n        <\/a><\/div><\/span><span class=\"gallery-item\"><div class=\"hidden\"><a href=\"https:\/\/semmelweis.hu\/belonko\/files\/2023\/05\/RS108931_C19A4834-scr-1.jpg\">\r\n        <img src=https:\/\/semmelweis.hu\/belonko\/files\/2023\/05\/RS108931_C19A4834-scr-1.jpg alt=\"\" class=\"attachment-sote-gallery-big size-sote-gallery-big\" srcset=\"https:\/\/semmelweis.hu\/belonko\/files\/2023\/05\/RS108931_C19A4834-scr-1-400x267.jpg 400w, https:\/\/semmelweis.hu\/belonko\/files\/2023\/05\/RS108931_C19A4834-scr-1-1024x683.jpg 1024w, https:\/\/semmelweis.hu\/belonko\/files\/2023\/05\/RS108931_C19A4834-scr-1-768x512.jpg 768w, https:\/\/semmelweis.hu\/belonko\/files\/2023\/05\/RS108931_C19A4834-scr-1-753x502.jpg 753w, https:\/\/semmelweis.hu\/belonko\/files\/2023\/05\/RS108931_C19A4834-scr-1-203x135.jpg 203w, https:\/\/semmelweis.hu\/belonko\/files\/2023\/05\/RS108931_C19A4834-scr-1.jpg 1200w\" >\r\n        <\/a><\/div><\/span><span class=\"gallery-item\"><div class=\"hidden\"><a href=\"https:\/\/semmelweis.hu\/belonko\/files\/2023\/05\/RS84282_IMG_8698-scr.jpg\">\r\n        <img src=https:\/\/semmelweis.hu\/belonko\/files\/2023\/05\/RS84282_IMG_8698-scr.jpg alt=\"\" class=\"attachment-sote-gallery-big size-sote-gallery-big\" srcset=\"https:\/\/semmelweis.hu\/belonko\/files\/2023\/05\/RS84282_IMG_8698-scr-400x267.jpg 400w, https:\/\/semmelweis.hu\/belonko\/files\/2023\/05\/RS84282_IMG_8698-scr-768x512.jpg 768w, https:\/\/semmelweis.hu\/belonko\/files\/2023\/05\/RS84282_IMG_8698-scr-753x502.jpg 753w, https:\/\/semmelweis.hu\/belonko\/files\/2023\/05\/RS84282_IMG_8698-scr-203x135.jpg 203w, https:\/\/semmelweis.hu\/belonko\/files\/2023\/05\/RS84282_IMG_8698-scr.jpg 950w\" >\r\n        <\/a><\/div><\/span><span class=\"gallery-item\"><div class=\"hidden\"><a href=\"https:\/\/semmelweis.hu\/belonko\/files\/2023\/05\/RS169610_3P1A8055-scr.jpg\">\r\n        <img src=https:\/\/semmelweis.hu\/belonko\/files\/2023\/05\/RS169610_3P1A8055-scr.jpg alt=\"\" class=\"attachment-sote-gallery-big size-sote-gallery-big\" srcset=\"https:\/\/semmelweis.hu\/belonko\/files\/2023\/05\/RS169610_3P1A8055-scr-400x267.jpg 400w, https:\/\/semmelweis.hu\/belonko\/files\/2023\/05\/RS169610_3P1A8055-scr-1024x683.jpg 1024w, https:\/\/semmelweis.hu\/belonko\/files\/2023\/05\/RS169610_3P1A8055-scr-768x512.jpg 768w, https:\/\/semmelweis.hu\/belonko\/files\/2023\/05\/RS169610_3P1A8055-scr-753x502.jpg 753w, https:\/\/semmelweis.hu\/belonko\/files\/2023\/05\/RS169610_3P1A8055-scr-203x135.jpg 203w, https:\/\/semmelweis.hu\/belonko\/files\/2023\/05\/RS169610_3P1A8055-scr.jpg 1200w\" >\r\n        <\/a><\/div><\/span>\r\n            <\/div>\r\n\r\n            [\/slb_exclude]\r\n\t\n","protected":false},"excerpt":{"rendered":"<p>A gyakran Kor\u00e1nyi Klinikak\u00e9nt is emlegetett Belgy\u00f3gy\u00e1szati \u00e9s Onkol\u00f3giai Klinika (kor\u00e1bban I.sz. Belgy\u00f3gy\u00e1szati Klinika) m\u0171k\u00f6d\u00e9se h\u00e1rom alappill\u00e9ren nyugszik: <strong>a betegell\u00e1t\u00e1son, az oktat\u00e1son \u00e9s a kutat\u00e1son. <\/strong><\/p>\n<p>A komplex belgy\u00f3gy\u00e1szati beteg ell\u00e1t\u00e1s kapcs\u00e1n int\u00e9zm\u00e9ny\u00fcnk nagy diagnosztikus kapacit\u00e1ssal rendelkezik. A speci\u00e1lis betegell\u00e1t\u00e1s mellett ter\u00fcleti, komplex belgy\u00f3gy\u00e1szati betegell\u00e1t\u00e1st is v\u00e9gz\u00fcnk, \u00edgy tudjuk a belgy\u00f3gy\u00e1szat oktat\u00e1sa sor\u00e1n di\u00e1kjainknak valamennyi belgy\u00f3gy\u00e1szati k\u00f3rk\u00e9pet bemutatni. Klinik\u00e1nk egy\u00fattal az orsz\u00e1g egyik vezet\u0151 belgy\u00f3gy\u00e1szati kutat\u00e1si m\u0171helye.<\/p>\n","protected":false},"author":12,"featured_media":13,"parent":0,"menu_order":0,"comment_status":"closed","ping_status":"closed","template":"","meta":{"_acf_changed":false,"footnotes":""},"categories":[],"tags":[],"class_list":["post-5","page","type-page","status-publish","has-post-thumbnail","hentry"],"acf":[],"_links":{"self":[{"href":"https:\/\/semmelweis.hu\/belonko\/wp-json\/wp\/v2\/pages\/5","targetHints":{"allow":["GET"]}}],"collection":[{"href":"https:\/\/semmelweis.hu\/belonko\/wp-json\/wp\/v2\/pages"}],"about":[{"href":"https:\/\/semmelweis.hu\/belonko\/wp-json\/wp\/v2\/types\/page"}],"author":[{"embeddable":true,"href":"https:\/\/semmelweis.hu\/belonko\/wp-json\/wp\/v2\/users\/12"}],"replies":[{"embeddable":true,"href":"https:\/\/semmelweis.hu\/belonko\/wp-json\/wp\/v2\/comments?post=5"}],"version-history":[{"count":11,"href":"https:\/\/semmelweis.hu\/belonko\/wp-json\/wp\/v2\/pages\/5\/revisions"}],"predecessor-version":[{"id":1062,"href":"https:\/\/semmelweis.hu\/belonko\/wp-json\/wp\/v2\/pages\/5\/revisions\/1062"}],"wp:featuredmedia":[{"embeddable":true,"href":"https:\/\/semmelweis.hu\/belonko\/wp-json\/wp\/v2\/media\/13"}],"wp:attachment":[{"href":"https:\/\/semmelweis.hu\/belonko\/wp-json\/wp\/v2\/media?parent=5"}],"wp:term":[{"taxonomy":"category","embeddable":true,"href":"https:\/\/semmelweis.hu\/belonko\/wp-json\/wp\/v2\/categories?post=5"},{"taxonomy":"post_tag","embeddable":true,"href":"https:\/\/semmelweis.hu\/belonko\/wp-json\/wp\/v2\/tags?post=5"}],"curies":[{"name":"wp","href":"https:\/\/api.w.org\/{rel}","templated":true}]}}