{"id":448,"date":"2023-04-28T20:27:28","date_gmt":"2023-04-28T18:27:28","guid":{"rendered":"https:\/\/semmelweis.hu\/belonko\/?page_id=448"},"modified":"2025-09-17T08:48:50","modified_gmt":"2025-09-17T06:48:50","slug":"enets-kivalosagi-centrum-neuroendokrin-daganatok","status":"publish","type":"page","link":"https:\/\/semmelweis.hu\/belonko\/betegellatas\/enets-kivalosagi-centrum-neuroendokrin-daganatok\/","title":{"rendered":"ENETS kiv\u00e1l\u00f3s\u00e1gi centrum (neuroendokrin daganatok)"},"content":{"rendered":"<p style=\"text-align: justify\">Munkacsoportunk 2019-ben nyerte el az Eur\u00f3pai Neuroendokrin Daganat T\u00e1rsas\u00e1g (European Neuroendocrine Tumor Society) Kiv\u00e1l\u00f3s\u00e1gi Centrum c\u00edm\u00e9t. Rajtunk k\u00edv\u00fcl K\u00f6z\u00e9p-Kelet-Eur\u00f3p\u00e1ban csak Lengyelorsz\u00e1gban van k\u00e9t ENETS kiv\u00e1l\u00f3s\u00e1gi centrum.<\/p>\n<p style=\"text-align: justify\">A Kiv\u00e1l\u00f3s\u00e1gi Centrum munk\u00e1j\u00e1ban a Belgy\u00f3gy\u00e1szati \u00e9s Onkol\u00f3giai Klinika munkat\u00e1rsain k\u00edv\u00fcl a t\u00e1rsklinik\u00e1k \u00e9s k\u00fcls\u0151 int\u00e9zm\u00e9nyek munkat\u00e1rsai is r\u00e9szt vesznek.<\/p>\n<p style=\"text-align: justify\">A Kiv\u00e1l\u00f3s\u00e1gi K\u00f6zpont els\u0151sorban gyomor-b\u00e9lrendszeri neuroendokrin daganatokkal (\u00edgy v\u00e9konyb\u00e9l, hasny\u00e1lmirigy, gyomor, vastagb\u00e9l) foglalkozik, de t\u00fcd\u0151 eredet\u0171, ill. m\u00e1s szervekb\u0151l kiindul\u00f3 neuroendokrin daganatokat is kezel, ill. eseteket konzult\u00e1l.<\/p>\n<p style=\"text-align: justify\">A neuroendokrin daganattal kapcsolatos, onkoteam (Multidiszciplin\u00e1ris Tumor Board) megbesz\u00e9l\u00e9st ig\u00e9nyl\u0151 eseteket az Endokrin Onkoteam konzult\u00e1lja, ami a neuroendokrin daganatokon k\u00edv\u00fcl m\u00e1s endokrin daganatokkal (\u00edgy k\u00fcl\u00f6n\u00f6sen mell\u00e9kvese \u00e9s pajzsmirigy daganatokkal) is term\u00e9szetesen foglalkozik.<\/p>\n<p style=\"text-align: justify\">2022-ben el\u00e9rhet\u0151v\u00e9 v\u00e1lt a kor\u00e1bban csak k\u00fclf\u00f6ldi gy\u00f3gykezel\u00e9sk\u00e9nt megoldhat\u00f3 szomatosztatin peptid receptor radionuklid kezel\u00e9s, \u00e9s a Belgy\u00f3gy\u00e1szati \u00e9s Onkol\u00f3giai Klinik\u00e1n az els\u0151k k\u00f6z\u00f6tt ker\u00fclt bevezet\u00e9sre Prof. Lakatos P\u00e9ter egyetemi tan\u00e1r ir\u00e1ny\u00edt\u00e1s\u00e1val. E kezel\u00e9ssel, a neuroendokrin daganatok kezel\u00e9s\u00e9nek szinte valamennyi korszer\u0171 m\u00f3dszere el\u00e9rhet\u0151v\u00e9 v\u00e1lt.<\/p>\n<div class=\"keretes w-100\">\n<h4><strong>A centrum vezet\u0151i:\u00a0<\/strong><\/h4>\n<p><strong><em>Dr. Igaz P\u00e9ter<\/em><\/strong>\u00a0egyetemi tan\u00e1r, az Endokrinol\u00f3giai Tansz\u00e9k vezet\u0151je (Belgy\u00f3gy\u00e1szati \u00e9s Onkol\u00f3giai Klinika) \u2013 belgy\u00f3gy\u00e1sz, endokrinol\u00f3gus, klinikai genetikus, klinikai onkol\u00f3gus<\/p>\n<p style=\"text-align: justify\"><strong><em>Dr. T\u00f3th Mikl\u00f3s<\/em><\/strong>\u00a0egyetemi tan\u00e1r (Belgy\u00f3gy\u00e1szati \u00e9s Onkol\u00f3giai Klinika) \u2013 belgy\u00f3gy\u00e1sz, endokrinol\u00f3gus, klinikai onkol\u00f3gus, klinikai farmakol\u00f3gus \u2013 az Endokrinol\u00f3giai Onkoteam vezet\u0151je<\/p>\n<p><strong>Koordin\u00e1tor:<\/strong><\/p>\n<p><strong><em>Dr. Uhlyarik Andrea<\/em><\/strong>\u00a0klinikai f\u0151orvos (Belgy\u00f3gy\u00e1szati \u00e9s Onkol\u00f3giai Klinika)<br \/>\nbelgy\u00f3gy\u00e1sz, klinikai onkol\u00f3gus, gastroenterol\u00f3gus<\/p>\n<\/div>\n<h4><strong>A Centrum m\u0171k\u00f6d\u00e9s\u00e9ben k\u00f6zvetlen\u00fcl r\u00e9szt vev\u0151 int\u00e9zm\u00e9nyek \u00e9s koll\u00e9g\u00e1k:<\/strong><\/h4>\n<p><span style=\"font-size: 18pt\"><strong>Belgy\u00f3gy\u00e1szati \u00e9s Onkol\u00f3giai Klinika<\/strong>\u00a0<\/span>\u2013 igazgat\u00f3\u00a0<strong>Prof. Dr. Tak\u00e1cs Istv\u00e1n<\/strong><\/p>\n<p style=\"text-align: justify\"><strong>Peptid Receptor Radionuklid (Lutathera) kezel\u00e9s<\/strong>\u00a0\u2013\u00a0<strong>Prof. Dr. Lakatos P\u00e9ter<\/strong>\u00a0(belgy\u00f3gy\u00e1sz, endokrinol\u00f3gus, izot\u00f3pter\u00e1pia szakorvos)<\/p>\n<ul>\n<li><strong>Dr. Laki Andr\u00e1s<\/strong>\u00a0klinikai f\u0151orvos \u2013 radiol\u00f3gus<\/li>\n<li><strong>Dr. Reismann P\u00e9ter<\/strong>\u00a0egyetemi docens \u2013 endokrinol\u00f3gus, belgy\u00f3gy\u00e1sz<\/li>\n<li><strong>Dr. Sz\u00fccs Nikolette<\/strong>\u2013 egyetemi docens \u2013 endokrinol\u00f3gus, belgy\u00f3gy\u00e1sz<\/li>\n<li><strong>Dr. T\u0151ke Judit<\/strong>\u2013 egyetemi docens \u2013 endokrinol\u00f3gus, belgy\u00f3gy\u00e1sz<\/li>\n<\/ul>\n<p><span style=\"font-size: 18pt\"><strong>Belgy\u00f3gy\u00e1szati \u00e9s Hematol\u00f3giai Klinika<\/strong>\u00a0<\/span>\u2013 igazgat\u00f3\u00a0<strong>Prof. Dr. Masszi Tam\u00e1s<\/strong><\/p>\n<ul>\n<li><strong>Dr. Nagy G\u00e9za <\/strong>egyetemi adjunktus \u2013 endokrinol\u00f3gus, belgy\u00f3gy\u00e1sz<\/li>\n<\/ul>\n<p><span style=\"font-size: 18pt\"><strong>Patol\u00f3giai, Igazs\u00e1g\u00fcgyi \u00e9s Biztos\u00edt\u00e1s Orvostani Int\u00e9zet<\/strong><\/span>\u2013 igazgat\u00f3 <strong>Prof. Dr. Kiss Andr\u00e1s<\/strong><\/p>\n<ul>\n<li><strong>Dr. Borka Katalin <\/strong>egyetemi docens \u2013 patol\u00f3gia, citopatol\u00f3gia<\/li>\n<li><strong>Dr. Kov\u00e1cs Attila <\/strong>egyetemi adjunktus \u2013 patol\u00f3gia<\/li>\n<li><strong>Dr. Ily\u00e9s Ildik\u00f3 <\/strong>klinikai szakorvos \u2013 patol\u00f3gia<\/li>\n<\/ul>\n<p><span style=\"font-size: 18pt\"><strong>Patol\u00f3giai \u00e9s K\u00eds\u00e9rleti R\u00e1kkutat\u00f3 Int\u00e9zet<\/strong> <\/span>\u2013 igazgat\u00f3 <strong>Prof. Dr. Matolcsy Andr\u00e1s<\/strong><\/p>\n<ul>\n<li><strong>Prof. Dr. S\u00e1pi Zolt\u00e1n<\/strong> egyetemi tan\u00e1r<\/li>\n<li><strong>Prof Dr. B\u00f6d\u00f6r Csaba<\/strong> egyetemi tan\u00e1r \u2013 Molekul\u00e1ris Pathol\u00f3giai Centrum<\/li>\n<\/ul>\n<p><span style=\"font-size: 18pt\"><strong>Orvosi K\u00e9palkot\u00f3 Klinika<\/strong><\/span>\u2013 igazgat\u00f3 <strong>Prof. Dr. Maurovich-Horv\u00e1t P\u00e1l<\/strong><\/p>\n<ul>\n<li><strong> Kiss Gergely egyetemi adjunktus, radiol\u00f3gus<\/strong><\/li>\n<li><strong> Kalina Ildik\u00f3 klinikai f\u0151orvos, egyetemi adjunktus<\/strong><\/li>\n<\/ul>\n<p><strong><span style=\"font-size: 18pt\">Nukle\u00e1ris Medicina K\u00f6zpont<\/span> <\/strong>\u2013 tansz\u00e9kvezet\u0151: <strong>Dr. Gy\u00f6rke Tam\u00e1s egyetemi docens<\/strong><\/p>\n<ul>\n<li><strong>Dr. Varga Zsolt <\/strong>klinikai f\u0151orvos \u2013 nukle\u00e1ris medicina szakorvos<\/li>\n<li><strong>Dr. B\u00fas Katalin <\/strong>\u2013 nukle\u00e1ris medicina klinikai szakorvos<\/li>\n<\/ul>\n<p><span style=\"font-size: 18pt\"><strong>V\u00e1rosmajori, Sz\u00edv- \u00e9s \u00c9rgy\u00f3gy\u00e1szati Klinika <\/strong><\/span>\u2013 igazgat\u00f3: <strong>Prof. Dr. Merkely B\u00e9la rektor<\/strong><\/p>\n<ul>\n<li><strong>Intervenci\u00f3s Radiol\u00f3giai Tansz\u00e9k<\/strong> \u2013 tansz\u00e9kvezet\u0151: Dr. Nemes Bal\u00e1zs<\/li>\n<li><strong>Dr. Doros Attila egyetemi docens <\/strong>\u2013 radiol\u00f3gus, intervenci\u00f3s radiol\u00f3gus<\/li>\n<\/ul>\n<p><span style=\"font-size: 18pt\"><strong>Seb\u00e9szeti, Transzplant\u00e1ci\u00f3s \u00e9s Gastroenterol\u00f3giai Klinika <\/strong><\/span>\u2013 igazgat\u00f3 <strong>Prof. Dr. Szij\u00e1rt\u00f3 Attila<\/strong><\/p>\n<ul>\n<li><strong>Dr. Huszty Gergely<\/strong> egyetemi adjunktus \u2013 seb\u00e9sz, FEBS<\/li>\n<li><strong>Dr. M\u00fcllner Katalin<\/strong> egyetemi docens \u2013 belgy\u00f3gy\u00e1sz, gastroenterol\u00f3gus<\/li>\n<li><strong>Dr. Papp Veronika<\/strong> egyetemi adjunktus \u2013 belgy\u00f3gy\u00e1sz, gastroenterol\u00f3gus<\/li>\n<li><strong>Dr. Piros L\u00e1szl\u00f3 <\/strong>egyetemi docens \u2013 seb\u00e9sz, FEBS<\/li>\n<li><strong>Dr. Eitler Katalin, seb\u00e9sz szakorvos<\/strong><\/li>\n<li><strong>Dr. Sz\u00e9kely Hajnal<\/strong> klinikai f\u0151orvos \u2013 belgy\u00f3gy\u00e1sz, gastroenterol\u00f3gus<\/li>\n<li><strong>Dr. Sz\u0171cs \u00c1kos<\/strong>\u2013 egyetemi docens \u2013 seb\u00e9sz<\/li>\n<\/ul>\n<p><span style=\"font-size: 18pt\"><strong>Seb\u00e9szeti, Transzplant\u00e1ci\u00f3s \u00e9s Gastroenterol\u00f3giai Klinika<\/strong><\/span><\/p>\n<p><strong>Intervenci\u00f3s Gastroenterol\u00f3giai Tansz\u00e9k:<\/strong><\/p>\n<p>Dr. Hritz Istv\u00e1n, egyetemi docens \u2013 belgy\u00f3gy\u00e1sz, gastroenterol\u00f3gus<\/p>\n<p><span style=\"font-size: 18pt\"><strong>E<\/strong><strong>ndokrin Genetika:<\/strong><\/span><\/p>\n<p><strong>Molekul\u00e1ris Diagnosztikai labor<\/strong> \u2013 Belgy\u00f3gy\u00e1szati \u00e9s Onkol\u00f3giai Klinika \u2013 Prof. Dr. Lakatos P\u00e9ter\/Dr. K\u00f3sa J\u00e1nos<\/p>\n<p><span style=\"font-size: 18pt\"><strong>A CENTRUM TOV\u00c1BBI PARTNEREI:<\/strong><\/span><\/p>\n<ul>\n<li><strong>Laborat\u00f3riumi Medicina Int\u00e9zet <\/strong>\u2013 igazgat\u00f3 <strong>Prof. Dr. V\u00e1s\u00e1rhelyi Barna<\/strong><\/li>\n<li><strong>Mellkasseb\u00e9szeti Klinika<\/strong> \u2013 igazgat\u00f3 <strong>Prof. Dr. R\u00e9nyi-V\u00e1mos Ferenc<\/strong><\/li>\n<li><strong>Sug\u00e1rter\u00e1pia:<\/strong> <strong>Dr. Sink\u00f3 D\u00e1niel<\/strong>, f\u0151orvos, Uzsoki u-i Kh. Onkoradiol\u00f3giai Oszt\u00e1ly<\/li>\n<\/ul>\n<p>&nbsp;<\/p>\n","protected":false},"excerpt":{"rendered":"<p>Munkacsoportunk 2019-ben nyerte el az Eur\u00f3pai Neuroendokrin Daganat T\u00e1rsas\u00e1g (European Neuroendocrine Tumor Society) Kiv\u00e1l\u00f3s\u00e1gi Centrum c\u00edm\u00e9t. Rajtunk k\u00edv\u00fcl K\u00f6z\u00e9p-Kelet-Eur\u00f3p\u00e1ban csak Lengyelorsz\u00e1gban van k\u00e9t ENETS kiv\u00e1l\u00f3s\u00e1gi centrum. A Kiv\u00e1l\u00f3s\u00e1gi Centrum munk\u00e1j\u00e1ban a Belgy\u00f3gy\u00e1szati \u00e9s Onkol\u00f3giai Klinika munkat\u00e1rsain k\u00edv\u00fcl a t\u00e1rsklinik\u00e1k \u00e9s k\u00fcls\u0151 int\u00e9zm\u00e9nyek munkat\u00e1rsai is r\u00e9szt vesznek. A Kiv\u00e1l\u00f3s\u00e1gi K\u00f6zpont els\u0151sorban gyomor-b\u00e9lrendszeri neuroendokrin daganatokkal (\u00edgy v\u00e9konyb\u00e9l, &hellip;<\/p>\n","protected":false},"author":102173,"featured_media":0,"parent":34,"menu_order":7,"comment_status":"closed","ping_status":"closed","template":"","meta":{"_acf_changed":false,"footnotes":""},"categories":[],"tags":[],"class_list":["post-448","page","type-page","status-publish","hentry"],"acf":[],"_links":{"self":[{"href":"https:\/\/semmelweis.hu\/belonko\/wp-json\/wp\/v2\/pages\/448","targetHints":{"allow":["GET"]}}],"collection":[{"href":"https:\/\/semmelweis.hu\/belonko\/wp-json\/wp\/v2\/pages"}],"about":[{"href":"https:\/\/semmelweis.hu\/belonko\/wp-json\/wp\/v2\/types\/page"}],"author":[{"embeddable":true,"href":"https:\/\/semmelweis.hu\/belonko\/wp-json\/wp\/v2\/users\/102173"}],"replies":[{"embeddable":true,"href":"https:\/\/semmelweis.hu\/belonko\/wp-json\/wp\/v2\/comments?post=448"}],"version-history":[{"count":9,"href":"https:\/\/semmelweis.hu\/belonko\/wp-json\/wp\/v2\/pages\/448\/revisions"}],"predecessor-version":[{"id":3008,"href":"https:\/\/semmelweis.hu\/belonko\/wp-json\/wp\/v2\/pages\/448\/revisions\/3008"}],"up":[{"embeddable":true,"href":"https:\/\/semmelweis.hu\/belonko\/wp-json\/wp\/v2\/pages\/34"}],"wp:attachment":[{"href":"https:\/\/semmelweis.hu\/belonko\/wp-json\/wp\/v2\/media?parent=448"}],"wp:term":[{"taxonomy":"category","embeddable":true,"href":"https:\/\/semmelweis.hu\/belonko\/wp-json\/wp\/v2\/categories?post=448"},{"taxonomy":"post_tag","embeddable":true,"href":"https:\/\/semmelweis.hu\/belonko\/wp-json\/wp\/v2\/tags?post=448"}],"curies":[{"name":"wp","href":"https:\/\/api.w.org\/{rel}","templated":true}]}}