{"id":44,"date":"2023-03-24T13:05:18","date_gmt":"2023-03-24T12:05:18","guid":{"rendered":"https:\/\/semmelweis.hu\/belonko\/?page_id=44"},"modified":"2024-09-20T11:51:45","modified_gmt":"2024-09-20T09:51:45","slug":"hazirend","status":"publish","type":"page","link":"https:\/\/semmelweis.hu\/belonko\/betegellatas\/hazirend\/","title":{"rendered":"H\u00e1zirend"},"content":{"rendered":"<p style=\"text-align: justify\"><span style=\"font-size: 14pt\">A H\u00e1zirend-kivonat a Klinika alapvet\u0151 m\u0171k\u00f6d\u00e9si saj\u00e1toss\u00e1gair\u00f3l a bel\u00e9p\u00e9s \u00e9s benntart\u00f3zkod\u00e1s szab\u00e1lyair\u00f3l ad t\u00e1j\u00e9koztat\u00e1st. <strong>A teljes h\u00e1zirendt<\/strong> megtal\u00e1lhat\u00f3 a port\u00e1n, a n\u0151v\u00e9rpulton, illetve ezen az oldalon (pdf file-k\u00e9nt az al\u00e1bbi t\u00e1j\u00e9koztat\u00f3 v\u00e9g\u00e9n)\u00a0<\/span><\/p>\n<p style=\"text-align: justify\"><span style=\"font-size: 14pt\">T\u00e1j\u00e9koztatjuk, hogy a Klinika ter\u00fclet\u00e9n megfigyel\u0151 rendszer m\u0171k\u00f6dik. Ezzel kapcsolatban b\u0151vebb inform\u00e1ci\u00f3t a port\u00e1n elhelyezett t\u00e1j\u00e9koztat\u00f3b\u00f3l kaphat.<\/span><\/p>\n<h3>I. Alapelvek<\/h3>\n<p style=\"text-align: justify\"><span style=\"font-size: 14pt\">A fekv\u0151\/ j\u00e1r\u00f3 eg\u00e9szs\u00e9g\u00fcgyi ell\u00e1t\u00e1st ig\u00e9nybe vev\u0151, a beteg hozz\u00e1tartoz\u00f3ja, l\u00e1togat\u00f3ja \u00e9s <strong>b\u00e1rmely az Int\u00e9zm\u00e9ny ter\u00fclet\u00e9re bel\u00e9p\u0151 szem\u00e9ly<\/strong> (a tov\u00e1bbiakban: Beteg) az eg\u00e9szs\u00e9g\u00fcgyi szolg\u00e1ltat\u00e1s ig\u00e9nybev\u00e9telekor k\u00f6teles tiszteletben tartani a vonatkoz\u00f3 jogszab\u00e1lyokat \u00e9s a h\u00e1zirendet a Klinika teljes ter\u00fclet\u00e9n.<\/span><\/p>\n<p style=\"text-align: justify\"><span style=\"font-size: 14pt\">A beteg \u2013 k\u00e9pess\u00e9gei \u00e9s ismeretei szerint \u2013 k\u00f6teles az ell\u00e1t\u00e1s\u00e1ban k\u00f6zrem\u0171k\u00f6d\u0151 eg\u00e9szs\u00e9g\u00fcgyi dolgoz\u00f3kkal egy\u00fcttm\u0171k\u00f6dni.<\/span><\/p>\n<p style=\"text-align: justify\"><span style=\"font-size: 14pt\">A beteg \u00e9s hozz\u00e1tartoz\u00f3i tiszteletben kell tarts\u00e1k m\u00e1s betegek jogait saj\u00e1t jogaik gyakorl\u00e1sa sor\u00e1n.<\/span><\/p>\n<p style=\"text-align: justify\"><span style=\"font-size: 14pt\">A Klinika ter\u00fclet\u00e9n a Kommunik\u00e1ci\u00f3s \u00e9s Rendezv\u00e9nyszervez\u00e9si Igazgat\u00f3s\u00e1g enged\u00e9ly\u00e9hez k\u00f6t\u00f6tt a k\u00e9p- \u00e9s hangr\u00f6gz\u00edt\u00e9s.<\/span><\/p>\n<h3>II. Nem enged\u00e9lyezett tev\u00e9kenys\u00e9gek<\/h3>\n<p>A klinika \u00e9p\u00fclet\u00e9ben <strong>TILOS<\/strong> a doh\u00e1nyz\u00e1s<\/p>\n<p>Doh\u00e1nyz\u00e1sra kiz\u00e1r\u00f3lag a bej\u00e1ratt\u00f3l sz\u00e1m\u00edtott 5 m\u00e9teres k\u00f6rzeten k\u00edv\u00fcl, illetve a klinika udvar\u00e1n kijel\u00f6lt helyen van lehet\u0151s\u00e9ge!<\/p>\n<p>A k\u00f3rh\u00e1z ter\u00fclet\u00e9n szeszesitalt tartani \u00e9s fogyasztani TILOS!<\/p>\n<p>A Klinika ter\u00fclet\u00e9re tilos \u00e9l\u0151 \u00e1llatot behozni.<\/p>\n<p>Az \u00e9p\u00fcletben tilos g\u00f6rkorcsoly\u00e1val, g\u00f6rdeszk\u00e1val, ker\u00e9kp\u00e1rral \u00e9s egy\u00e9b hasonl\u00f3 eszk\u00f6zzel k\u00f6zlekedni.<\/p>\n<h3>III. Betegjogi k\u00e9pvisel\u0151<\/h3>\n<p><a href=\"https:\/\/semmelweis.hu\/belonko\/betegellatas\/betegjogi-kepviselet-panaszkezeles\/\">Tov\u00e1bb a betegjogi k\u00e9pvisel\u0151 oldal\u00e1ra \u2192<\/a><\/p>\n<h3>IV. Bel\u00e9p\u00e9s \u00e9s a benntartozkod\u00e1s rendje<\/h3>\n<p style=\"text-align: justify\"><strong>Amennyiben ambul\u00e1ns\/j\u00e1r\u00f3beteg ell\u00e1t\u00e1sra<\/strong> \u00e9rkezett k\u00e9rj\u00fck, jelentkezzen a <strong>betegfelv\u00e9teli ablakn\u00e1l <\/strong>\u00a0(alagsorban k\u00f6z\u00e9pen tal\u00e1lhat\u00f3), ahol minden tov\u00e1bbi inform\u00e1ci\u00f3t megkap a szolg\u00e1ltat\u00e1saink ig\u00e9nybev\u00e9tel\u00e9nek m\u00f3dj\u00e1r\u00f3l \u00e9s felt\u00e9teleir\u0151l.<\/p>\n<p style=\"text-align: justify\"><strong>Amennyiben fekv\u0151beteg ell\u00e1t\u00e1sra<\/strong> \u00e9rkezett k\u00e9rj\u00fck, jelentkezzen a <strong>betegfelv\u00e9teli irod\u00e1n <\/strong>(alagsorban tal\u00e1lhat\u00f3), ahol minden tov\u00e1bbi inform\u00e1ci\u00f3t megkap a szolg\u00e1ltat\u00e1saink ig\u00e9nybev\u00e9tel\u00e9nek m\u00f3dj\u00e1r\u00f3l \u00e9s felt\u00e9teleir\u0151l.<\/p>\n<p style=\"text-align: justify\"><strong>Amennyiben \u00d6n l\u00e1togat\u00f3<\/strong> k\u00e9rj\u00fck, jelentkezzen a <strong>portaszolg\u00e1lat<\/strong>n\u00e1l, ahol minden tov\u00e1bbi inform\u00e1ci\u00f3t megkap a l\u00e1togat\u00e1s rendj\u00e9r\u0151l \u00e9s m\u00f3dj\u00e1r\u00f3l.<\/p>\n<p style=\"text-align: justify\">K\u00e9rj\u00fck, csak a kezel\u00e9se, vizsg\u00e1lata c\u00e9lj\u00e1b\u00f3l meghat\u00e1rozott ter\u00fcleten, vagy l\u00e1togat\u00e1s sor\u00e1n a l\u00e1togatott oszt\u00e1lyon tart\u00f3zkodjon.<\/p>\n<h3>V. \u00c9rt\u00e9kek meg\u0151rz\u00e9se:<\/h3>\n<p>Befekv\u00e9skor az oszt\u00e1lyos \u00e1pol\u00f3 \u00e9rt\u00e9klelt\u00e1rt vesz fel a behozott \u00e9rt\u00e9kt\u00e1rgyair\u00f3l, mely sor\u00e1n alkalma ny\u00edlik azokat, vagy azok egy r\u00e9sz\u00e9t meg\u0151rz\u00e9sre \u00e1tadni. A Klinika csak a gazdas\u00e1gi iroda p\u00e1nc\u00e9lszekr\u00e9ny\u00e9ben elhelyezett k\u00e9szp\u00e9nz\u00e9rt\/\u00e9rt\u00e9kt\u00e1rgy\u00e9rt v\u00e1llal felel\u0151ss\u00e9get.<\/p>\n<h3>VI. A l\u00e1togat\u00e1si rend<\/h3>\n<div class=\"fontos_div\">\n<p>L\u00e1togat\u00e1si id\u0151: <strong>h\u00e9tk\u00f6znap: 15-18 \u00f3ra k\u00f6z\u00f6tt<\/strong><\/p>\n<p><strong>h\u00e9tv\u00e9g\u00e9n \u00e9s \u00fcnnepnap: 10-17 \u00f3ra k\u00f6z\u00f6tt<\/strong><\/p>\n<\/div>\n<p>L\u00e1togat\u00f3kat ezen id\u0151szakban fogadhat a gy\u00f3gy\u00edt\u00f3 munka \u00e9s a betegek zavartalan gy\u00f3gyul\u00e1sa, pihen\u00e9s\u00fck akad\u00e1lyoz\u00e1sa n\u00e9lk\u00fcl.<\/p>\n<p>A fekv\u0151beteg oszt\u00e1lyon <strong>10 \u00e9ven aluli gyermekek NEM<\/strong>, 14 \u00e9ven aluli gyermekek csak feln\u0151tt k\u00eds\u00e9rettel l\u00e1togathatnak beteget.<\/p>\n<div class=\"fontos_div\">\n<p>\u00a0<strong>Egy beteget egyszerre k\u00e9t f\u0151 l\u00e1togathat.<\/strong><\/p>\n<\/div>\n<p><strong>Seg\u00edt\u0151 szem\u00e9ly <\/strong>a l\u00e1togat\u00e1si id\u0151t\u0151l elt\u00e9r\u0151 id\u0151pontban csak \u00edr\u00e1sos igazgat\u00f3i enged\u00e9llyel tart\u00f3zkodhat a beteg mellett.<\/p>\n<h3>VII. A fekv\u0151beteg oszt\u00e1lyok napirendje<\/h3>\n<p style=\"padding-left: 40px\">5:45-6:30 k\u00f6z\u00f6tt \u00e1pol\u00f3i m\u0171szakv\u00e1lt\u00e1s- \u00e1tad\u00e1s,<\/p>\n<p style=\"padding-left: 40px\">6-8 \u00f3ra k\u00f6z\u00f6tt vizsg\u00e1lati mint\u00e1k lev\u00e9tele (v\u00e9rv\u00e9tel)<\/p>\n<p style=\"padding-left: 40px\">8-9 \u00f3ra k\u00f6z\u00f6tt reggeli<\/p>\n<p style=\"padding-left: 40px\">8-12 \u00f3ra k\u00f6z\u00f6tt vizitek, vizsg\u00e1latok,<\/p>\n<p style=\"padding-left: 40px\">12-12:30 \u00f3ra k\u00f6z\u00f6tt eb\u00e9d<\/p>\n<p style=\"padding-left: 40px\">12:30-17 \u00f3ra k\u00f6z\u00f6tt vizsg\u00e1latok, kezel\u00e9sek, oktat\u00e1s<\/p>\n<p style=\"padding-left: 40px\">17-17:30 \u00f3ra k\u00f6z\u00f6tt vacsora<\/p>\n<p style=\"padding-left: 40px\">17:45-18:30 \u00f3ra k\u00f6z\u00f6tt \u00e1pol\u00f3i m\u0171szakv\u00e1lt\u00e1s- \u00e1tad\u00e1s<\/p>\n<p style=\"padding-left: 40px\">21 \u00f3ra villanyolt\u00e1s<\/p>\n<p>Az oszt\u00e1lyonk\u00e9nti elt\u00e9r\u00e9sek miatt err\u0151l r\u00e9szletes felvil\u00e1gos\u00edt\u00e1st az oszt\u00e1lyos \u00e1pol\u00f3t\u00f3l fog kapni.<\/p>\n<h3>VIII. Az oszt\u00e1ly elhagy\u00e1sa<\/h3>\n<p>A vizitek alatt k\u00e9rj\u00fck, felt\u00e9tlen\u00fcl tart\u00f3zkodj\u00e9k a k\u00f3rteremben.\u00a0Ezek id\u0151pontj\u00e1r\u00f3l az oszt\u00e1lyos \u00e1pol\u00f3kt\u00f3l kap felvil\u00e1gos\u00edt\u00e1st.<\/p>\n<p>A klinika \u00e9p\u00fclet\u00e9t este 20:00 \u00f3ra \u00e9s reggel 05:00 \u00f3ra k\u00f6z\u00f6tt csak a f\u0151bej\u00e1raton kereszt\u00fcl lehet megk\u00f6zel\u00edteni.<\/p>\n<div class=\"fontos_div\">\n<p><strong>Felvett betegk\u00e9nt a klinika \u00e9p\u00fclet\u00e9nek elhagy\u00e1sa csak az oszt\u00e1lyvezet\u0151 vagy kezel\u0151 orvos t\u00e1j\u00e9koztat\u00e1s\u00e1val \u00e9s az erre vonatkoz\u00f3 \u00edr\u00e1sos nyilatkozat al\u00e1\u00edr\u00e1sa eset\u00e9n lehets\u00e9ges!<\/strong><\/p>\n<\/div>\n<h3>IX. Egy\u00e9b rendelkez\u00e9sek<\/h3>\n<p style=\"text-align: justify\">K\u00e9rj\u00fck, hogy a Klinika csendj\u00e9t \u0151rizze meg, ne zavarja betegt\u00e1rsai nyugalm\u00e1t. K\u00e9rj\u00fck, \u00fcgyeljen a k\u00f3rh\u00e1z \u00e9s a k\u00f3rterem rendj\u00e9re, tisztas\u00e1g\u00e1ra saj\u00e1t \u00e9s betegt\u00e1rsai gy\u00f3gyul\u00e1sa \u00e9rdek\u00e9ben.<\/p>\n<p style=\"text-align: justify\">A klinika berendez\u00e9seinek nem megfelel\u0151 kezel\u00e9se, haszn\u00e1lata, rong\u00e1l\u00e1sa eset\u00e9n a Klinika k\u00e1rt\u00e9r\u00edt\u00e9si ig\u00e9nnyel \u00e9l.<\/p>\n<p style=\"text-align: justify\">Az oszt\u00e1lyos telefonokat betegek \u00f6n\u00e1ll\u00f3an nem haszn\u00e1lhatj\u00e1k.\u00a0<\/p>\n<p style=\"text-align: justify\">Saj\u00e1t telev\u00edzi\u00f3, egy\u00e9b sz\u00f3rakoztat\u00f3 elektronikai eszk\u00f6z haszn\u00e1lat\u00e1ra csak a szobat\u00e1rsak egy\u00f6ntet\u0171 hozz\u00e1j\u00e1rul\u00e1s\u00e1val van m\u00f3d. K\u00e9rj\u00fck a 21 \u00f3rai l\u00e1mpaolt\u00e1st betartani. A behozott elektronikus \u00e9s egy\u00e9b k\u00e9sz\u00fcl\u00e9kek\u00e9rt a Klinika felel\u0151ss\u00e9get nem v\u00e1llal.<\/p>\n<p style=\"text-align: justify\">Amennyiben benntart\u00f3zkod\u00e1s\u00e1val kapcsolatban seg\u00edts\u00e9gre van sz\u00fcks\u00e9ge k\u00e9rj\u00fck, jelezze az oszt\u00e1lyos \u00e1pol\u00f3nak, orvosnak, vagy az Klinika b\u00e1rmely munkat\u00e1rs\u00e1nak.<\/p>\n<p style=\"text-align: justify\">Amennyiben rendk\u00edv\u00fcli esem\u00e9nyt \u00e9szlel, jelezze a Klinika munkat\u00e1rsainak, a portaszolg\u00e1ltnak.<\/p>\n<p style=\"text-align: justify\"><strong>K\u00f6sz\u00f6nj\u00fck, hogy a H\u00c1ZIREND betart\u00e1s\u00e1val seg\u00edti munk\u00e1nkat \u00e9s betegt\u00e1rsai gy\u00f3gyul\u00e1s\u00e1t<\/strong><\/p>\n<div class=\"fontos_div\">\n<p><a href=\"https:\/\/semmelweis.hu\/belonko\/files\/2024\/09\/Hazirend-_tajekoztato-fekvo-2024.09.-.pdf\" target=\"_blank\" rel=\"noopener\">H\u00e1zirend _t\u00e1j\u00e9koztat\u00f3 fekv\u0151 2024.09.<\/a><\/p>\n<\/div>\n","protected":false},"excerpt":{"rendered":"<p>A H\u00e1zirend-kivonat a Klinika alapvet\u0151 m\u0171k\u00f6d\u00e9si saj\u00e1toss\u00e1gair\u00f3l a bel\u00e9p\u00e9s \u00e9s benntart\u00f3zkod\u00e1s szab\u00e1lyair\u00f3l ad t\u00e1j\u00e9koztat\u00e1st. A teljes h\u00e1zirendt megtal\u00e1lhat\u00f3 a port\u00e1n, a n\u0151v\u00e9rpulton, illetve ezen az oldalon (pdf file-k\u00e9nt az al\u00e1bbi t\u00e1j\u00e9koztat\u00f3 v\u00e9g\u00e9n)\u00a0 T\u00e1j\u00e9koztatjuk, hogy a Klinika ter\u00fclet\u00e9n megfigyel\u0151 rendszer m\u0171k\u00f6dik. Ezzel kapcsolatban b\u0151vebb inform\u00e1ci\u00f3t a port\u00e1n elhelyezett t\u00e1j\u00e9koztat\u00f3b\u00f3l kaphat. I. Alapelvek A fekv\u0151\/ j\u00e1r\u00f3 eg\u00e9szs\u00e9g\u00fcgyi &hellip;<\/p>\n","protected":false},"author":102189,"featured_media":0,"parent":34,"menu_order":2,"comment_status":"closed","ping_status":"closed","template":"","meta":{"_acf_changed":false,"footnotes":""},"categories":[],"tags":[],"class_list":["post-44","page","type-page","status-publish","hentry"],"acf":[],"_links":{"self":[{"href":"https:\/\/semmelweis.hu\/belonko\/wp-json\/wp\/v2\/pages\/44","targetHints":{"allow":["GET"]}}],"collection":[{"href":"https:\/\/semmelweis.hu\/belonko\/wp-json\/wp\/v2\/pages"}],"about":[{"href":"https:\/\/semmelweis.hu\/belonko\/wp-json\/wp\/v2\/types\/page"}],"author":[{"embeddable":true,"href":"https:\/\/semmelweis.hu\/belonko\/wp-json\/wp\/v2\/users\/102189"}],"replies":[{"embeddable":true,"href":"https:\/\/semmelweis.hu\/belonko\/wp-json\/wp\/v2\/comments?post=44"}],"version-history":[{"count":10,"href":"https:\/\/semmelweis.hu\/belonko\/wp-json\/wp\/v2\/pages\/44\/revisions"}],"predecessor-version":[{"id":1699,"href":"https:\/\/semmelweis.hu\/belonko\/wp-json\/wp\/v2\/pages\/44\/revisions\/1699"}],"up":[{"embeddable":true,"href":"https:\/\/semmelweis.hu\/belonko\/wp-json\/wp\/v2\/pages\/34"}],"wp:attachment":[{"href":"https:\/\/semmelweis.hu\/belonko\/wp-json\/wp\/v2\/media?parent=44"}],"wp:term":[{"taxonomy":"category","embeddable":true,"href":"https:\/\/semmelweis.hu\/belonko\/wp-json\/wp\/v2\/categories?post=44"},{"taxonomy":"post_tag","embeddable":true,"href":"https:\/\/semmelweis.hu\/belonko\/wp-json\/wp\/v2\/tags?post=44"}],"curies":[{"name":"wp","href":"https:\/\/api.w.org\/{rel}","templated":true}]}}