{"id":439,"date":"2023-04-28T19:50:43","date_gmt":"2023-04-28T17:50:43","guid":{"rendered":"https:\/\/semmelweis.hu\/belonko\/?page_id=439"},"modified":"2024-11-27T09:33:17","modified_gmt":"2024-11-27T08:33:17","slug":"endokrin-onkoteam-betegreferalas-rendje","status":"publish","type":"page","link":"https:\/\/semmelweis.hu\/belonko\/betegellatas\/endokrin-onkoteam-betegreferalas-rendje\/","title":{"rendered":"Endokrin onkoteam betegrefer\u00e1l\u00e1s rendje"},"content":{"rendered":"<h4><strong>Betegrefer\u00e1l\u00e1s a Semmelweis Egyetem Endokrinol\u00f3giai Onkoteamj\u00e9re\u00a0\u00a0<\/strong><\/h4>\n<p><strong>A beteg beutal\u00e1s\u00e1t az endokrin tumoros betegs\u00e9get gondoz\u00f3 illet\u00e9kes szakorvos az <em>egyetemen bel\u00fcl<\/em> a Medsol-rendszeren kereszt\u00fcl (B1ONKONZ), <em>egyetemen kiv\u00fclr\u0151l<\/em> email form\u00e1j\u00e1ban kezdem\u00e9nyezi (<a href=\"mailto:netcenter@semmelweis.hu\">netcenter@semmelweis.hu<\/a>).<\/strong><\/p>\n<p>A beutal\u00e1shoz r\u00e9szletes Klinikai \u00f6sszefoglal\u00f3 megk\u00fcld\u00e9se sz\u00fcks\u00e9ges, ami az onkoteam jegyz\u0151k\u00f6nyv r\u00e9sz\u00e9t fogja k\u00e9pezni.<\/p>\n<div class=\"keretes w-100\">\n<p><strong>A beutal\u00f3 minim\u00e1lisan sz\u00fcks\u00e9ges tartalma:<\/strong>\u00a0\u00a0<\/p>\n<ul>\n<li>a beutal\u00f3 orvos neve, munkahelye, telefonsz\u00e1ma<\/li>\n<li>a beteg azonos\u00edt\u00f3 adatai (n\u00e9v, TAJ, sz\u00fclet\u00e9si d\u00e1tum, anyja neve, lakc\u00edm)<\/li>\n<li>belgy\u00f3gy\u00e1szati \u00e9s onkol\u00f3giai anamn\u00e9zis<\/li>\n<li>jelenlegi ECOG-statusz<\/li>\n<li>az eddigi gy\u00f3gyszeres \u00e9s nem-gy\u00f3gyszeres kezel\u00e9sek, kronol\u00f3giai sorrendben<\/li>\n<li>relev\u00e1ns rutin laborat\u00f3riumi \u00e9s hormonleletek<\/li>\n<li>a diagn\u00f3zist megalapoz\u00f3 citol\u00f3giai \u00e9s sz\u00f6vettani lele(ek)t, in toto<\/li>\n<li>a betegs\u00e9g meg\u00edt\u00e9l\u00e9s\u00e9hez sz\u00fcks\u00e9ges relev\u00e1ns k\u00e9palkot\u00f3 vizsg\u00e1lat(ok) eredm\u00e9nyei<\/li>\n<\/ul>\n<p>A fenti adatokat a <strong>beutal\u00f3 orvos egyetlen Word dokumentumba szerkesztve eljuttatja a Belgy\u00f3gy\u00e1szati \u00e9s Onkol\u00f3giai Klinik\u00e1n m\u0171k\u00f6d\u0151 Endokrinol\u00f3giai Onkoteam titk\u00e1r\u00e1hoz, a <a href=\"mailto:netcenter@med.semmelweis-univ.hu\">netcenter@med.semmelweis-univ.hu<\/a> e-mail-c\u00edmre. <\/strong>\u00a0<\/p>\n<\/div>\n<p>Az Endokrinol\u00f3giai Onkoteam vezet\u0151je vagy egy, \u00e1ltala megb\u00edzott szakorvos tagja\u00a0 \u00e1ttekinti a beutal\u00f3t, sz\u00fcks\u00e9g eset\u00e9n tov\u00e1bbi vizsg\u00e1latot javasol(hat).\u00a0<\/p>\n<p>Az Endokrinol\u00f3giai Onkoteamen csak olyan betegr\u0151l tudunk v\u00e9lem\u00e9nyt form\u00e1lni \u00e9s javaslatot adni, akit az Onkoteam \u00fcl\u00e9sen r\u00e9szt vev\u0151 szakorvosok legal\u00e1bb egyike szem\u00e9lyesen vizsg\u00e1lt \u00e9s a leleteit az \u00fcl\u00e9sen refer\u00e1lja. A refer\u00e1l\u00e1s t\u00f6rt\u00e9nhet telemedicin\u00e1lis \u00faton is, a beutal\u00f3 orvos \u00e1ltal, aki \u00edgy a refer\u00e1lt beteg vonatkoz\u00e1s\u00e1ban az Onkoteam tagj\u00e1v\u00e1 \u00e9s a k\u00f6z\u00f6s d\u00f6nt\u00e9s r\u00e9szes\u00e9v\u00e9 v\u00e1lik.<\/p>\n","protected":false},"excerpt":{"rendered":"<p>Betegrefer\u00e1l\u00e1s a Semmelweis Egyetem Endokrinol\u00f3giai Onkoteamj\u00e9re\u00a0\u00a0 A beteg beutal\u00e1s\u00e1t az endokrin tumoros betegs\u00e9get gondoz\u00f3 illet\u00e9kes szakorvos az egyetemen bel\u00fcl a Medsol-rendszeren kereszt\u00fcl (B1ONKONZ), egyetemen kiv\u00fclr\u0151l email form\u00e1j\u00e1ban kezdem\u00e9nyezi ( <a href=\"mailto:netcenter@semmelweis.hu\">netcenter@semmelweis.hu<\/a> ). A beutal\u00e1shoz r\u00e9szletes Klinikai \u00f6sszefoglal\u00f3 megk\u00fcld\u00e9se sz\u00fcks\u00e9ges, ami az onkoteam jegyz\u0151k\u00f6nyv r\u00e9sz\u00e9t fogja k\u00e9pezni. A beutal\u00f3 minim\u00e1lisan sz\u00fcks\u00e9ges tartalma:\u00a0\u00a0 a beutal\u00f3 orvos neve, munkahelye, telefonsz\u00e1ma &hellip;<\/p>\n","protected":false},"author":102173,"featured_media":0,"parent":34,"menu_order":5,"comment_status":"closed","ping_status":"closed","template":"","meta":{"_acf_changed":false,"footnotes":""},"categories":[],"tags":[],"class_list":["post-439","page","type-page","status-publish","hentry"],"acf":[],"_links":{"self":[{"href":"https:\/\/semmelweis.hu\/belonko\/wp-json\/wp\/v2\/pages\/439","targetHints":{"allow":["GET"]}}],"collection":[{"href":"https:\/\/semmelweis.hu\/belonko\/wp-json\/wp\/v2\/pages"}],"about":[{"href":"https:\/\/semmelweis.hu\/belonko\/wp-json\/wp\/v2\/types\/page"}],"author":[{"embeddable":true,"href":"https:\/\/semmelweis.hu\/belonko\/wp-json\/wp\/v2\/users\/102173"}],"replies":[{"embeddable":true,"href":"https:\/\/semmelweis.hu\/belonko\/wp-json\/wp\/v2\/comments?post=439"}],"version-history":[{"count":11,"href":"https:\/\/semmelweis.hu\/belonko\/wp-json\/wp\/v2\/pages\/439\/revisions"}],"predecessor-version":[{"id":1804,"href":"https:\/\/semmelweis.hu\/belonko\/wp-json\/wp\/v2\/pages\/439\/revisions\/1804"}],"up":[{"embeddable":true,"href":"https:\/\/semmelweis.hu\/belonko\/wp-json\/wp\/v2\/pages\/34"}],"wp:attachment":[{"href":"https:\/\/semmelweis.hu\/belonko\/wp-json\/wp\/v2\/media?parent=439"}],"wp:term":[{"taxonomy":"category","embeddable":true,"href":"https:\/\/semmelweis.hu\/belonko\/wp-json\/wp\/v2\/categories?post=439"},{"taxonomy":"post_tag","embeddable":true,"href":"https:\/\/semmelweis.hu\/belonko\/wp-json\/wp\/v2\/tags?post=439"}],"curies":[{"name":"wp","href":"https:\/\/api.w.org\/{rel}","templated":true}]}}