{"id":42,"date":"2023-03-24T13:09:35","date_gmt":"2023-03-24T12:09:35","guid":{"rendered":"https:\/\/semmelweis.hu\/belonko\/?page_id=42"},"modified":"2024-04-24T11:20:50","modified_gmt":"2024-04-24T09:20:50","slug":"kutatas","status":"publish","type":"page","link":"https:\/\/semmelweis.hu\/belonko\/kutatas\/","title":{"rendered":"Kutat\u00e1si tev\u00e9kenys\u00e9g\u00fcnk bemutat\u00e1sa"},"content":{"rendered":"<p style=\"text-align: justify\">A klinik\u00e1n m\u0171k\u00f6d\u0151 h\u00e1rom kutat\u00f3 laborat\u00f3rium a kutat\u00e1s igen sz\u00e9les spektrum\u00e1t \u00f6leli fel, az onkol\u00f3giai alapkutat\u00e1st\u00f3l az endokrin-anyagcsere betegs\u00e9geken \u00e1t a gasztroenterol\u00f3giai betegs\u00e9gek kutat\u00e1s\u00e1ig. A h\u00e1rom kutat\u00f3labor m\u0171k\u00f6d\u00e9s\u00e9 is nagyban hozz\u00e1j\u00e1rul ahhoz, hogy a klinika tudom\u00e1nyos teljes\u00edtm\u00e9nye az egyik legnagyobb Egyetem\u00fcnk\u00f6n.<\/p>\n<h4><strong>Kutat\u00f3laborat\u00f3riumaink:<\/strong><\/h4>\n<ul style=\"list-style-type: square\">\n<li><a href=\"https:\/\/semmelweis.hu\/belonko\/kutatas\/eotvos-lorand-kutatasi-halozat-semmelweis-egyetem-endokrin-molekularis-patologiai-kutato-csoport\/\"><strong>Magyar Kutat\u00e1si H\u00e1l\u00f3zat (HUN-REN) \u2013 Semmelweis Egyetem Endokrin Molekul\u00e1ris Patol\u00f3giai Kutat\u00f3 Csoport <em>(kor\u00e1bban E\u00f6tv\u00f6s L\u00f3r\u00e1nd Kutat\u00e1si H\u00e1l\u00f3zat)<\/em><\/strong><\/a><\/li>\n<li><a href=\"https:\/\/semmelweis.hu\/belonko\/kutatas\/molekularis-diagnosztikai-es-izotop-laboratorium\/\"><strong>Molekul\u00e1ris Diagnosztikai \u00e9s Izot\u00f3p Laborat\u00f3rium<\/strong><\/a><\/li>\n<li><a href=\"https:\/\/semmelweis.hu\/belonko\/kutatas\/endomass-munkacsoport\/\"><strong>Endokrinol\u00f3giai \u00e9s Spektrometri\u00e1s Interdiszciplin\u00e1ris Munkacsoport (SE-ENDOMASS)<\/strong><\/a><\/li>\n<li><a href=\"https:\/\/semmelweis.hu\/belonko\/kutatas\/molekularis-gasztroenterologiai-kutato-csoport\/\"><strong>Molekul\u00e1ris Gasztroenterol\u00f3giai Kutat\u00f3labor<\/strong><\/a><\/li>\n<\/ul>\n<h4 style=\"text-align: justify\"><strong>Kutat\u00e1si ter\u00fcleteink:<\/strong><\/h4>\n<p>A klinika betegell\u00e1t\u00e1si profilj\u00e1t t\u00fckr\u00f6zik a kutat\u00e1si ter\u00fcletek is, melyekre a klinikai kutat\u00e1s \u00e9s alapkutat\u00e1s szoros egy\u00fcttm\u0171k\u00f6d\u00e9se jellemz\u0151.<\/p>\n<ul style=\"list-style-type: square\">\n<li><strong>Az endokrin munkacsoport f\u0151 kutat\u00e1si ter\u00fcletei:\u00a0<\/strong>Anyagcsere-csontbetegs\u00e9gek genetikai h\u00e1ttere, diagnosztik\u00e1ja \u00e9s kezel\u00e9se. D-vitamin-hi\u00e1ny mozg\u00e1sszervi \u00e9s nem mozg\u00e1sszervi k\u00f6vetkezm\u00e9nyei. A pajzsmirigy g\u00f6b\u00f6k molekul\u00e1ris biol\u00f3giai vizsg\u00e1lata. Genetikai predikt\u00edv t\u00e9nyez\u0151k a malignus pajzsmirigy tumorok kialakul\u00e1s\u00e1ban. Neuroendokrin tumorok diagnosztik\u00e1ja \u00e9s kezel\u00e9se. Mell\u00e9kvese betegs\u00e9gek okainak vizsg\u00e1lata.<\/li>\n<li><strong>A diabetol\u00f3giai munkacsoport f\u00f5 kutat\u00e1si ter\u00fcletei:\u00a0<\/strong>Diabetes \u00e9s terhess\u00e9g. Geszt\u00e1ci\u00f3s diabetes sz\u0171r\u00e9se, gondoz\u00e1sa, ut\u00e1nk\u00f6vet\u00e9se. Min\u0151s\u00e9gbiztos\u00edt\u00e1s a diabetesben. Diabeteses neuropathia vizsg\u00e1lata.<\/li>\n<li><strong>Nefrol\u00f3giai munkacsoport f\u00f5 kutat\u00e1si ter\u00fcletei:\u00a0<\/strong>Vesebetegek endothel funkci\u00f3j\u00e1nak vizsg\u00e1lata. \u00c9rfali t\u00e1gul\u00e9konys\u00e1g vizsg\u00e1lata kr\u00f3nikus vesebetegekben. Ren\u00e1lis osteodystrophia.<\/li>\n<li><strong>Onkol\u00f3giai munkacsoport f\u00f5 kutat\u00e1si ter\u00fcletei:\u00a0<\/strong>Tumorgenezis patofiziol\u00f3gi\u00e1ja, h\u0151ter\u00e1pia hat\u00e9konys\u00e1g\u00e1nak klinikai vizsg\u00e1lata.<\/li>\n<li><strong>Egy\u00e9b kutat\u00e1si ter\u00fcletek:\u00a0<\/strong>Id\u00fclt m\u00e1jbetegs\u00e9gek \u00e9s sz\u00f6v\u0151dm\u00e9nyei patogenezis\u00e9nek vizsg\u00e1lata. Kr\u00f3nikus v\u00edrus hepatitisek patogenezise, \u00faj ter\u00e1pi\u00e1s lehet\u0151s\u00e9gek alkalmaz\u00e1sa. Gyullad\u00e1sos b\u00e9lbetegs\u00e9gek etiol\u00f3gi\u00e1ja, patogenezise, korszer\u0171 kezel\u00e9si lehet\u0151s\u00e9gei. Malignus hematol\u00f3giai betegs\u00e9gekhez kapcsol\u00f3d\u00f3 v\u00e9ralvad\u00e1si zavarok. A hajas sejtes leukaemia \u00fajabb kezel\u00e9si lehet\u0151s\u00e9gei. Csont- anyagcsere-vizsg\u00e1latok myelom\u00e1s betegekben.<\/li>\n<\/ul>\n","protected":false},"excerpt":{"rendered":"<p>A klinik\u00e1n m\u0171k\u00f6d\u0151 h\u00e1rom kutat\u00f3 laborat\u00f3rium a kutat\u00e1s igen sz\u00e9les spektrum\u00e1t \u00f6leli fel, az onkol\u00f3giai alapkutat\u00e1st\u00f3l az endokrin-anyagcsere betegs\u00e9geken \u00e1t a gasztroenterol\u00f3giai betegs\u00e9gek kutat\u00e1s\u00e1ig. A h\u00e1rom kutat\u00f3labor m\u0171k\u00f6d\u00e9s\u00e9 is nagyban hozz\u00e1j\u00e1rul ahhoz, hogy a klinika tudom\u00e1nyos teljes\u00edtm\u00e9nye az egyik legnagyobb Egyetem\u00fcnk\u00f6n. Kutat\u00f3laborat\u00f3riumaink: <a href=\"https:\/\/semmelweis.hu\/belonko\/kutatas\/eotvos-lorand-kutatasi-halozat-semmelweis-egyetem-endokrin-molekularis-patologiai-kutato-csoport\/\">Magyar Kutat\u00e1si H\u00e1l\u00f3zat (HUN-REN) \u2013 Semmelweis Egyetem Endokrin Molekul\u00e1ris Patol\u00f3giai Kutat\u00f3 Csoport (kor\u00e1bban E\u00f6tv\u00f6s L\u00f3r\u00e1nd Kutat\u00e1si H\u00e1l\u00f3zat)<\/a> <a href=\"https:\/\/semmelweis.hu\/belonko\/kutatas\/molekularis-diagnosztikai-es-izotop-laboratorium\/\">Molekul\u00e1ris Diagnosztikai \u00e9s Izot\u00f3p Laborat\u00f3rium<\/a> <a href=\"https:\/\/semmelweis.hu\/belonko\/kutatas\/endomass-munkacsoport\/\">Endokrinol\u00f3giai \u00e9s Spektrometri\u00e1s Interdiszciplin\u00e1ris Munkacsoport (SE-ENDOMASS)<\/a> <a href=\"https:\/\/semmelweis.hu\/belonko\/kutatas\/molekularis-gasztroenterologiai-kutato-csoport\/\">Molekul\u00e1ris Gasztroenterol\u00f3giai Kutat\u00f3labor<\/a> Kutat\u00e1si ter\u00fcleteink: A klinika betegell\u00e1t\u00e1si profilj\u00e1t t\u00fckr\u00f6zik a kutat\u00e1si ter\u00fcletek is, melyekre a &hellip;<\/p>\n","protected":false},"author":102189,"featured_media":0,"parent":0,"menu_order":4,"comment_status":"closed","ping_status":"closed","template":"","meta":{"_acf_changed":false,"footnotes":""},"categories":[],"tags":[],"class_list":["post-42","page","type-page","status-publish","hentry"],"acf":[],"_links":{"self":[{"href":"https:\/\/semmelweis.hu\/belonko\/wp-json\/wp\/v2\/pages\/42","targetHints":{"allow":["GET"]}}],"collection":[{"href":"https:\/\/semmelweis.hu\/belonko\/wp-json\/wp\/v2\/pages"}],"about":[{"href":"https:\/\/semmelweis.hu\/belonko\/wp-json\/wp\/v2\/types\/page"}],"author":[{"embeddable":true,"href":"https:\/\/semmelweis.hu\/belonko\/wp-json\/wp\/v2\/users\/102189"}],"replies":[{"embeddable":true,"href":"https:\/\/semmelweis.hu\/belonko\/wp-json\/wp\/v2\/comments?post=42"}],"version-history":[{"count":10,"href":"https:\/\/semmelweis.hu\/belonko\/wp-json\/wp\/v2\/pages\/42\/revisions"}],"predecessor-version":[{"id":1590,"href":"https:\/\/semmelweis.hu\/belonko\/wp-json\/wp\/v2\/pages\/42\/revisions\/1590"}],"wp:attachment":[{"href":"https:\/\/semmelweis.hu\/belonko\/wp-json\/wp\/v2\/media?parent=42"}],"wp:term":[{"taxonomy":"category","embeddable":true,"href":"https:\/\/semmelweis.hu\/belonko\/wp-json\/wp\/v2\/categories?post=42"},{"taxonomy":"post_tag","embeddable":true,"href":"https:\/\/semmelweis.hu\/belonko\/wp-json\/wp\/v2\/tags?post=42"}],"curies":[{"name":"wp","href":"https:\/\/api.w.org\/{rel}","templated":true}]}}