{"id":417,"date":"2023-04-25T21:20:08","date_gmt":"2023-04-25T19:20:08","guid":{"rendered":"https:\/\/semmelweis.hu\/belonko\/?page_id=417"},"modified":"2025-10-09T16:38:21","modified_gmt":"2025-10-09T14:38:21","slug":"szakdolgozat","status":"publish","type":"page","link":"https:\/\/semmelweis.hu\/belonko\/oktatas\/szakdolgozat\/","title":{"rendered":"Szakdolgozat"},"content":{"rendered":"<p><a class=\"button\" href=\"https:\/\/semmelweis.hu\/aok\/oktatas\/szakdolgozat\/\" target=\"_blank\" rel=\"noopener\">Szakdolgozat elk\u00e9sz\u00edt\u00e9s\u00e9nek rendje<\/a><\/p>\n<h3>Szakdolgozat c\u00edmlista 2023-24<\/h3>\n<p>Konzulens: <strong>Dr. Barna Istv\u00e1n<\/strong><\/p>\n<ul>\n<li>Korszer\u0171 antihipertenz\u00edv ter\u00e1pia<\/li>\n<li>Sz\u0171r\u0151vizsg\u00e1latok \u00e9s a betegs\u00e9gek megel\u0151z\u00e9se (hazai elemz\u00e9sek \u00e9rt\u00e9kel\u00e9se<\/li>\n<li>Hazai \u00e9s nemzetk\u00f6zi sz\u0171r\u0151vizsg\u00e1latok \u00e9rt\u00e9kel\u00e9se<\/li>\n<\/ul>\n<p>Konzulens: <strong>Dr. Szathm\u00e1ri Mikl\u00f3s<\/strong><\/p>\n<ul>\n<li>A min\u0151s\u00e9gbiztos\u00edt\u00e1s szempontjai a belgy\u00f3gy\u00e1szati betegell\u00e1t\u00e1sban<\/li>\n<\/ul>\n<p>Konzulens: <strong>Dr. Tremmel Anna<\/strong><\/p>\n<ul>\n<li>A ter\u00e1pi\u00e1s aferezis a klinikai gyakorlatban<\/li>\n<\/ul>\n<h3>Diabetol\u00f3gia:<\/h3>\n<p>Konzulens: <strong>Dr. Kempler P\u00e9ter<\/strong><\/p>\n<ul>\n<li>K\u00fcl\u00f6nb\u00f6z\u0151 kvantitat\u00edv funkci\u00f3s tesztek alkalmaz\u00e1sa a szenzoros neuropathia diagnosztik\u00e1j\u00e1ban<\/li>\n<\/ul>\n<ul>\n<li>Auton\u00f3m \u00e9s szenzoros neuropathia diabetes fokozott kock\u00e1zat\u00e1nak kitett, de sz\u00e9nhidr\u00e1t-anyagcserezavarban nem szenved\u0151 betegekben.<\/li>\n<\/ul>\n<p>Konzulens: <strong>Dr. Ger\u0151 L\u00e1szl\u00f3<\/strong><\/p>\n<ul>\n<li>A GLP-1 receptoragonist\u00e1k csonthat\u00e1sai<\/li>\n<\/ul>\n<p><strong>\u00a0<\/strong>Konzulens: <strong>Dr. Putz Zsuzsanna <\/strong><\/p>\n<ul>\n<li>A diabeteses neuropathia pathogenezis\u00e9nek \u00e9s diagnosztik\u00e1j\u00e1nak \u00fajabb aspektusai<\/li>\n<li>Auton\u00f3m \u00e9s szenzoros idegrendszeri k\u00e1rosod\u00e1s genetikai vizsg\u00e1lata diabetes mellitusban<\/li>\n<\/ul>\n<p>Konzulens: <strong>Dr. Tab\u00e1k Gy. \u00c1d\u00e1m <\/strong><\/p>\n<ul>\n<li>A geszt\u00e1ci\u00f3s diabetes hajlamos\u00edt\u00f3 t\u00e9nyez\u0151i<\/li>\n<li>A geszt\u00e1ci\u00f3s diabetes \u00e9s jelent\u0151s\u00e9ge<\/li>\n<\/ul>\n<p>Konzulens:<strong> Dr. Tab\u00e1k Gy. \u00c1d\u00e1m \/ Dr. Horv\u00e1th Viktor t\u00e1rst\u00e9ma vezet\u0151<\/strong><\/p>\n<ul>\n<li>Hypoglik\u00e9mi\u00e1s esem\u00e9nyek \u00e9s kamrai ritmuszavarok kapcsolata 1-es t\u00edpus\u00fa diab\u00e9tesz mellituszban<\/li>\n<\/ul>\n<h3>Endokrinol\u00f3gia:<\/h3>\n<p>Konzulens: <strong>Dr. Horv\u00e1th Csaba<\/strong><\/p>\n<ul>\n<li>Oszteodenzitometria \u00e9s egy\u00e9b csontvizsg\u00e1l\u00f3 elj\u00e1r\u00e1sok<\/li>\n<li>A csontmin\u0151s\u00e9g vizsg\u00e1lata ultrahangm\u00f3dszerrel<\/li>\n<li>A csont t\u00f6r\u00e9kenys\u00e9g t\u00e9nyez\u0151i, vizsg\u00e1lata \u00e9s befoly\u00e1sol\u00e1sa<\/li>\n<li>Szekunder oszteopor\u00f3zisok<\/li>\n<li>A kalcium vesek\u0151betegs\u00e9g k\u00f3rsz\u00e1rmaz\u00e1sa \u00e9s kezel\u00e9se<\/li>\n<li>A test\u00f6sszet\u00e9tel vizsg\u00e1lata<\/li>\n<\/ul>\n<p>Konzulens: <strong>Dr. Horv\u00e1th Csaba \/ Dr.M\u00e9sz\u00e1ros Szilvia t\u00e1rst\u00e9ma vezet\u0151<\/strong><\/p>\n<ul>\n<li>Akromeg\u00e1li\u00e1s betegek csontanyacsere \u00e9s test\u00f6sszet\u00e9tel vizsg\u00e1lata\u00a0<\/li>\n<\/ul>\n<p>Konzulens: <strong>Dr. M\u00e9sz\u00e1ros Szilvia<\/strong><\/p>\n<ul>\n<li>A test\u00f6sszet\u00e9tel vizsg\u00e1lata egy- \u00e9s k\u00e9tpet\u00e9j\u0171 ikerp\u00e1rokon<\/li>\n<li>A denzitometria \u00faj t\u00edpus\u00fa alkalmaz\u00e1sai endokrin k\u00f3r\u00e1llapotokban<\/li>\n<\/ul>\n<p>Konzulens: <strong>Dr. Igaz P\u00e9ter<\/strong><\/p>\n<ul>\n<li>Mell\u00e9kvese daganatok multiplex endokrin neoplasia 1-es t\u00edpus\u00e1ban<\/li>\n<li>A chromogranin feh\u00e9rj\u00e9k jelent\u0151s\u00e9ge tumormarkerk\u00e9nt \u00e9s biol\u00f3giai aktivit\u00e1suk<\/li>\n<li>Ritka endokrin carcinom\u00e1k (hypophysis carcinoma, mell\u00e9kpajzsmirigy carcinoma, mell\u00e9kvesek\u00e9reg carcinoma)<\/li>\n<\/ul>\n<p>Konzulens: <strong>Dr. Lakatos P\u00e9ter Andr\u00e1s<\/strong><\/p>\n<ul>\n<li>A n\u0151i hormonp\u00f3tl\u00f3 kezel\u00e9s belgy\u00f3gy\u00e1szati vonatkoz\u00e1sai<\/li>\n<li>A pajzsmirigy tumorok genetik\u00e1ja<\/li>\n<li>A csontanyagcsere genetik\u00e1ja<\/li>\n<li>A polycystas ovarium szindr\u00f3ma<\/li>\n<li>D-vitamin \u00e9s tumorgenesis<\/li>\n<\/ul>\n<p>Konzulens: <strong>Dr. Reismann P\u00e9ter<\/strong><\/p>\n<ul>\n<li>Phenylketonuria &#8211; \u00faj kih\u00edv\u00e1sok<\/li>\n<\/ul>\n<p>Konzulens: <strong>Dr. Szili Bal\u00e1zs \/ Dr.Tak\u00e1cs Istv\u00e1n t\u00e1rst\u00e9ma vezet\u0151<\/strong><\/p>\n<ul>\n<li>A k\u00f3rh\u00e1zban kezelt COVID-19 beteg k\u00e9s\u0151i hal\u00e1loz\u00e1s\u00e1t el\u0151rejelz\u0151 t\u00e9nyez\u0151k<\/li>\n<li>A kalcium-anyagcsere param\u00e9terek jellemz\u0151i hospitaliz\u00e1lt COVID-19 betegek k\u00f6r\u00e9ben<\/li>\n<li>A D-vitamin-hi\u00e1ny el\u0151fordul\u00e1sa \u00e9s jelent\u0151s\u00e9ge k\u00f3rh\u00e1zi kezel\u00e9st ig\u00e9nyl\u0151 COVID-19 betegekben<\/li>\n<\/ul>\n<p>Konzulens: <strong>Dr. Sz\u00fccs Nikolette<\/strong><\/p>\n<ul>\n<li>A primer aldosteronismus ell\u00e1t\u00e1snak \u00fajdons\u00e1gai<\/li>\n<li>Kezel\u00e9si ir\u00e1nyelvek a prolactinom\u00e1k ell\u00e1t\u00e1s\u00e1ban<\/li>\n<li>Congenitas adrenalis hyperplasi\u00e1s betegek tranzici\u00f3s id\u0151szaka<\/li>\n<\/ul>\n<p>Konzulens: <strong>Dr. Tak\u00e1cs Istv\u00e1n<\/strong><\/p>\n<ul>\n<li>A D-vitaminhi\u00e1ny csontrendszeri hat\u00e1sai<\/li>\n<li>A D-vitaminhi\u00e1ny csontrendszeren k\u00edv\u00fcli hat\u00e1sai<\/li>\n<li>Ritka csontbetegs\u00e9gek<\/li>\n<li>Az osteoporosis modern kezel\u00e9se<\/li>\n<li>A csontanyagcsere betegs\u00e9gek diagnosztik\u00e1ja<\/li>\n<li>A hypoparathyreosis diagnosztik\u00e1ja \u00e9s kezel\u00e9se<\/li>\n<\/ul>\n<p>Konzulens: <strong>Dr. Tak\u00e1cs Istv\u00e1n\/Dr. Bakos Bence<\/strong><\/p>\n<ul>\n<li>\u00c9letmin\u0151s\u00e9get befoly\u00e1sol\u00f3 t\u00e9nyez\u0151k vizsg\u00e1lata kezelt primer hypothyreosisban<\/li>\n<\/ul>\n<p>Konzulens:<strong> Dr. T\u00f3th Mikl\u00f3s<\/strong><\/p>\n<ul>\n<li>A neuroendokrin tumorok peptid-receptor radiother\u00e1pi\u00e1ja<\/li>\n<li>\u00daj utak a Cushing-szindr\u00f3ma gy\u00f3gyszeres kezel\u00e9s\u00e9ben<\/li>\n<li>Medull\u00e1ris pajzsmirigyr\u00e1k<\/li>\n<li>Karcinoid szindr\u00f3ma<\/li>\n<li>Acromegalia<\/li>\n<li>Mell\u00e9kvesek\u00e9reg karcin\u00f3ma kezel\u00e9se<\/li>\n<li>Mell\u00e9kpajzsmirigy karcin\u00f3ma<\/li>\n<\/ul>\n<p>Konzulens: <strong>Dr. T\u0151ke Judit<\/strong><\/p>\n<ul>\n<li>Congenitalis adrenalis hyperplasi\u00e1s betegek feln\u0151ttkori gondoz\u00e1s\u00e1nak ir\u00e1nyelvei<\/li>\n<\/ul>\n<h3><strong>\u00a0<\/strong>Hematol\u00f3gia:<\/h3>\n<p>Konzulens: <strong>Dr. Demeter Judit<\/strong><\/p>\n<ul>\n<li>A kr\u00f3nikus myeloproliferat\u00edv betegs\u00e9gek: a molekul\u00e1ris patogenezist\u0151l a mindennapi ter\u00e1pi\u00e1s gyakorlatig<\/li>\n<li>Hajas sejtes leukaemia: az \u00faj molekul\u00e1ris diagnosztikai eredm\u00e9nyek \u00e9s jelent\u0151s\u00e9g\u00fck a betegs\u00e9g kezel\u00e9s\u00e9ben<\/li>\n<li>Familiaris myeloproliferativ neoplasm\u00e1k<\/li>\n<li>Ritka hematol\u00f3giai betegs\u00e9gek: a korai felismer\u00e9s szerepe a gy\u00f3gyul\u00e1sban<\/li>\n<li>Immunthrombocytopni\u00e1s purpura: kezel\u00e9si eredm\u00e9nyek \u00e9s \u00faj ter\u00e1pi\u00e1s megk\u00f6zel\u00edt\u00e9si lehet\u0151s\u00e9gek<\/li>\n<\/ul>\n<p>Konzulens: <strong>Dr. Istenes Ildik\u00f3<\/strong><\/p>\n<ul>\n<li>Az Interferon alfa \u00e9s JAK g\u00e1tl\u00f3k szerepe a Philadelphia negat\u00edv kr\u00f3nikusmyeloproliferat\u00edv neoplasm\u00e1k kezel\u00e9s\u00e9ben<\/li>\n<li>Az interim PET-CT szerepe a diff\u00faz nagy B sejtes non-Hodgkin lymphoma \u00e9s a Hodgkin lymphom\u00e1k kezel\u00e9s\u00e9ben<\/li>\n<li>Thrombopoetin anal\u00f3g kezel\u00e9s indik\u00e1ci\u00f3i \u00e9s kock\u00e1zatai immun thrombocytopeni\u00e1s purpur\u00e1ban<\/li>\n<li>A kr\u00f3nikus lymphoid leuk\u00e9mia (CLL) prognosztikus t\u00e9nyez\u0151i \u00e9s kezel\u00e9se<\/li>\n<\/ul>\n<h3>Hemoszt\u00e1zis:<\/h3>\n<p>Konzulens: <strong>Dr. Domj\u00e1n Gyula<\/strong><\/p>\n<ul>\n<li>Thromboembolia \u00e9s klinikai kock\u00e1zatbecsl\u00e9s<\/li>\n<\/ul>\n<h3><strong>\u00a0<\/strong>Onkol\u00f3gia:<\/h3>\n<p>Konzulens: <strong>Dr. Dank Magdolna<\/strong><\/p>\n<ul>\n<li>Immunter\u00e1pi\u00e1k az onkol\u00f3gi\u00e1ban<\/li>\n<li>HER-2 pozit\u00edv eml\u0151r\u00e1k gy\u00f3gyszeres kezel\u00e9s\u00e9nek lehet\u0151s\u00e9gei<\/li>\n<li>A hepatocellul\u00e1ris karcin\u00f3ma korszer\u0171 ter\u00e1pi\u00e1ja<\/li>\n<li>A hasny\u00e1lmirigy daganatok korszer\u0171 kezel\u00e9se<\/li>\n<\/ul>\n<p>Konzulens: <strong>Dr. Sz\u00e1sz Attila Marcell<\/strong><\/p>\n<ul>\n<li>Biomarkerek szolid daganatokban<\/li>\n<li>Mesters\u00e9ges intelligencia \u00e1ltal t\u00e1mogatott szoftveres tumor \u2013 norm\u00e1l sz\u00f6vetfelismer\u00e9s<\/li>\n<\/ul>\n<h3>Kardiol\u00f3gia:<\/h3>\n<p>Konzulens<strong>: Dr. Horv\u00e1th Viktor <\/strong><\/p>\n<ul>\n<li>Antidiabetikus szerek hat\u00e9konys\u00e1g\u00e1nak vizsg\u00e1lata ambul\u00e1ns ell\u00e1t\u00e1sban<\/li>\n<li>Pitvarfibrill\u00e1ci\u00f3 predikci\u00f3ja holter EKG seg\u00edts\u00e9g\u00e9vel<\/li>\n<\/ul>\n<h3>Gasztroenterol\u00f3gia:<\/h3>\n<p>Konzulens: <strong>Dr. Ili\u00e1s \u00c1kos <\/strong><\/p>\n<ul>\n<li>A gyullad\u00e1sos b\u00e9lbetegs\u00e9gek patogenezise, genetik\u00e1ja, sz\u00f6v\u0151dm\u00e9nyei \u00e9s kezel\u00e9si lehet\u0151s\u00e9gei<\/li>\n<li>A gyullad\u00e1sos b\u00e9lbetegs\u00e9gek epidemiol\u00f3gi\u00e1j\u00e1nak v\u00e1ltoz\u00e1sa az ut\u00f3bbi \u00e9vtizedekben<\/li>\n<li>A gyullad\u00e1sos b\u00e9lbetegs\u00e9gek k\u00f3rlefoly\u00e1s\u00e1nak el\u0151rejelz\u00e9se, a klinikai, az endoszk\u00f3pos \u00e9s a biomarkerek szerepe<\/li>\n<li>A gyullad\u00e1sos b\u00e9lbetegs\u00e9gek t\u00e1rsadalmi hat\u00e1sai: munkak\u00e9pess\u00e9g \u00e9s \u00e9letmin\u0151s\u00e9g<\/li>\n<li>A gyullad\u00e1sos b\u00e9lbetegs\u00e9gek b\u00e9lrendszeren k\u00edv\u00fcli megnyilv\u00e1nul\u00e1sai, azok gyakoris\u00e1ga \u00e9s kapcsolata a betegs\u00e9g aktivit\u00e1s\u00e1val<\/li>\n<li>A gyullad\u00e1sos b\u00e9lbetegs\u00e9gek \u00fajabb ter\u00e1pi\u00e1s lehet\u0151s\u00e9gei<\/li>\n<li>A clostridium difficile fert\u0151z\u00e9s jelent\u0151s\u00e9ge<\/li>\n<li>Als\u00f3 \u00e9s fels\u0151 gastrointestinalis v\u00e9rz\u00e9sek gyakoris\u00e1ga, okai \u00e9s kimenetele<\/li>\n<li>A v\u00e9konyb\u00e9l vizsg\u00e1lat\u00e1nak \u00fajabb lehet\u0151s\u00e9ge: kett\u0151s-ballonos endoszk\u00f3pia<\/li>\n<li>A vastagb\u00e9l polypok gyakoris\u00e1ga \u00e9s ut\u00e1nk\u00f6vet\u00e9se<\/li>\n<li>A colorectalis r\u00e1k patogenezise \u00e9s a sz\u0171r\u0151programok szerepe a r\u00e1k megel\u0151z\u00e9s\u00e9ben<\/li>\n<li>Az endoscopia min\u0151s\u00e9gi indik\u00e1torai a gyakorlatban<\/li>\n<li>A gyullad\u00e1sos b\u00e9lbetegs\u00e9gek epidemiol\u00f3gi\u00e1ja, patogenezise, kezel\u00e9se \u00e9s sz\u00f6v\u0151dm\u00e9nyei: biol\u00f3giai kezel\u00e9s hat\u00e1s\u00e1ra a k\u00f3rh\u00e1zi kezel\u00e9s gyakoris\u00e1g\u00e1nak v\u00e1ltoz\u00e1sa<\/li>\n<li>A gyullad\u00e1sos b\u00e9lbetegs\u00e9gek epidemiol\u00f3gi\u00e1ja, patogenezise, kezel\u00e9se \u00e9s sz\u00f6v\u0151dm\u00e9nyei: a TBC gyakoris\u00e1ga \u00e9s sz\u0171r\u00e9se gyullad\u00e1sos b\u00e9lbetegekben<\/li>\n<\/ul>\n<p>Konzulens: <strong>Kuczyn\u00e9 Dr.Folhoffer Anik\u00f3<\/strong><\/p>\n<ul>\n<li>Autoimmun, cholestaticus m\u00e1jbetegs\u00e9gek (AIH, PBC, PSC), autoimmun regiszter\u2026<\/li>\n<\/ul>\n<p>Konzulens: <strong>Dr. Szalay Ferenc<\/strong><\/p>\n<ul>\n<li>Wilson k\u00f3r<\/li>\n<li>HCV infekci\u00f3 kezel\u00e9se<\/li>\n<li>Primer biliaris cholangitis (PBC)<\/li>\n<li>Diagnosis and treatment\u00a0of hepatocellular carcinoma (HCC)<\/li>\n<\/ul>\n<p>Konzulens: <strong>Dr. G\u00f6nczi L\u00f3r\u00e1nt\u00a0<\/strong><\/p>\n<ul>\n<li>A gyullad\u00e1sos b\u00e9lbetegs\u00e9gek epidemiol\u00f3gi\u00e1ja, k\u00f3rlefoly\u00e1sa<\/li>\n<li>A gyullad\u00e1sos b\u00e9lbetegs\u00e9gek gy\u00f3gyszeres kezel\u00e9se, seb\u00e9szeti ell\u00e1t\u00e1sa<\/li>\n<li>T\u00e1pcsatornai v\u00e9rz\u00e9sek \u00e9s ter\u00e1pi\u00e1s vonatkoz\u00e1saik<\/li>\n<\/ul>\n<h3>Nefrol\u00f3gia:<\/h3>\n<p>Konzulens: <strong>Dr. Ambrus Csaba (Szent Imre Egyetemi Oktat\u00f3k\u00f3rh\u00e1z)<\/strong><\/p>\n<ul>\n<li>Vitaminhi\u00e1nyos \u00e1llapotok szerepe a vesebetegek an\u00e9mi\u00e1j\u00e1ban<\/li>\n<\/ul>\n<p>Konzulens: <strong>Dr. Led\u00f3 N\u00f3ra<\/strong><\/p>\n<ul>\n<li>Lupus nephritis<\/li>\n<li>ANCA-asszoci\u00e1lt glomerulonephritis<\/li>\n<\/ul>\n<p>Konzulens: <strong>Dr. Peth\u0151 \u00c1kos<\/strong><\/p>\n<ul>\n<li>Kr\u00f3nikus vesebetegs\u00e9g epidemiol\u00f3gi\u00e1ja kezel\u00e9si lehet\u0151s\u00e9gei<\/li>\n<li>Herediter vesebetegs\u00e9gek sz\u0171r\u00e9se, gondoz\u00e1sa<\/li>\n<li>Tubulointerstitialis vesebetegs\u00e9gek megel\u0151z\u00e9se, felismer\u00e9se<\/li>\n<li>Vesep\u00f3tl\u00f3 kezel\u00e9sek fajt\u00e1i, \u00e9rcsatlakoz\u00e1sok kialak\u00edt\u00e1sa, hossz\u00fa t\u00e1v\u00fa sz\u00f6v\u0151dm\u00e9nyek<\/li>\n<\/ul>\n<p>Konzulens<strong>: Dr. Studinger P\u00e9ter<\/strong><\/p>\n<ul>\n<li>ANCA-asszoci\u00e1lt vasculitisek a nefrol\u00f3giai gyakorlatban<\/li>\n<li>IgA-nefropathia<\/li>\n<li>Feln\u0151ttkori nefr\u00f3zis szindr\u00f3m\u00e1k<\/li>\n<\/ul>\n<p>Konzulens: <strong>Dr. Tisl\u00e9r Andr\u00e1s<\/strong><\/p>\n<ul>\n<li>A k\u00fcl\u00f6nb\u00f6z\u0151 v\u00e9rnyom\u00e1sm\u00e9r\u00e9si technik\u00e1k \u00e9s azok klinikai jelent\u0151s\u00e9ge<\/li>\n<li>Ter\u00e1pia-rezisztens hypertonia vizsg\u00e1lata \u00e9s kezel\u00e9se<\/li>\n<li>A hyponatraemia gyakoris\u00e1ga, jelent\u0151s\u00e9ge \u00e9s kezel\u00e9se k\u00f3rh\u00e1zban fekv\u0151 betegek k\u00f6r\u00e9ben<\/li>\n<li>Lupus nephritises vesebiopszi\u00e1s adatok klinikai \u00e9rt\u00e9kel\u00e9se<\/li>\n<\/ul>\n","protected":false},"excerpt":{"rendered":"<p><a class=\"button\" href=\"https:\/\/semmelweis.hu\/aok\/oktatas\/szakdolgozat\/\" target=\"_blank\" rel=\"noopener\">Szakdolgozat elk\u00e9sz\u00edt\u00e9s\u00e9nek rendje<\/a> Szakdolgozat c\u00edmlista 2023-24 Konzulens: Dr. Barna Istv\u00e1n Korszer\u0171 antihipertenz\u00edv ter\u00e1pia Sz\u0171r\u0151vizsg\u00e1latok \u00e9s a betegs\u00e9gek megel\u0151z\u00e9se (hazai elemz\u00e9sek \u00e9rt\u00e9kel\u00e9se Hazai \u00e9s nemzetk\u00f6zi sz\u0171r\u0151vizsg\u00e1latok \u00e9rt\u00e9kel\u00e9se Konzulens: Dr. Szathm\u00e1ri Mikl\u00f3s A min\u0151s\u00e9gbiztos\u00edt\u00e1s szempontjai a belgy\u00f3gy\u00e1szati betegell\u00e1t\u00e1sban Konzulens: Dr. Tremmel Anna A ter\u00e1pi\u00e1s aferezis a klinikai gyakorlatban Diabetol\u00f3gia: Konzulens: Dr. Kempler P\u00e9ter K\u00fcl\u00f6nb\u00f6z\u0151 kvantitat\u00edv funkci\u00f3s tesztek alkalmaz\u00e1sa a szenzoros &hellip;<\/p>\n","protected":false},"author":102173,"featured_media":0,"parent":41,"menu_order":7,"comment_status":"closed","ping_status":"closed","template":"","meta":{"_acf_changed":false,"footnotes":""},"categories":[],"tags":[],"class_list":["post-417","page","type-page","status-publish","hentry"],"acf":[],"_links":{"self":[{"href":"https:\/\/semmelweis.hu\/belonko\/wp-json\/wp\/v2\/pages\/417","targetHints":{"allow":["GET"]}}],"collection":[{"href":"https:\/\/semmelweis.hu\/belonko\/wp-json\/wp\/v2\/pages"}],"about":[{"href":"https:\/\/semmelweis.hu\/belonko\/wp-json\/wp\/v2\/types\/page"}],"author":[{"embeddable":true,"href":"https:\/\/semmelweis.hu\/belonko\/wp-json\/wp\/v2\/users\/102173"}],"replies":[{"embeddable":true,"href":"https:\/\/semmelweis.hu\/belonko\/wp-json\/wp\/v2\/comments?post=417"}],"version-history":[{"count":10,"href":"https:\/\/semmelweis.hu\/belonko\/wp-json\/wp\/v2\/pages\/417\/revisions"}],"predecessor-version":[{"id":3062,"href":"https:\/\/semmelweis.hu\/belonko\/wp-json\/wp\/v2\/pages\/417\/revisions\/3062"}],"up":[{"embeddable":true,"href":"https:\/\/semmelweis.hu\/belonko\/wp-json\/wp\/v2\/pages\/41"}],"wp:attachment":[{"href":"https:\/\/semmelweis.hu\/belonko\/wp-json\/wp\/v2\/media?parent=417"}],"wp:term":[{"taxonomy":"category","embeddable":true,"href":"https:\/\/semmelweis.hu\/belonko\/wp-json\/wp\/v2\/categories?post=417"},{"taxonomy":"post_tag","embeddable":true,"href":"https:\/\/semmelweis.hu\/belonko\/wp-json\/wp\/v2\/tags?post=417"}],"curies":[{"name":"wp","href":"https:\/\/api.w.org\/{rel}","templated":true}]}}