{"id":36,"date":"2023-03-16T12:16:02","date_gmt":"2023-03-16T11:16:02","guid":{"rendered":"https:\/\/semmelweis.hu\/belonko\/?page_id=36"},"modified":"2026-01-22T12:11:21","modified_gmt":"2026-01-22T11:11:21","slug":"latogatasi-rend","status":"publish","type":"page","link":"https:\/\/semmelweis.hu\/belonko\/betegellatas\/latogatasi-rend\/","title":{"rendered":"L\u00e1togat\u00e1si rend"},"content":{"rendered":"<div class=\"news_text\">\n<div class=\"fontos_div\">\n<p>Tisztelt L\u00e1togat\u00f3k!<\/p>\n<p>&nbsp;<\/p>\n<p><em>J\u00e1rv\u00e1ny\u00fcgyi helyzet miatt a Klinika <strong>I. emelet Nyugati Oszt\u00e1ly\u00e1n<\/strong> 2026. janu\u00e1r 22-t\u0151l <strong>l\u00e1togat\u00e1si korl\u00e1toz\u00e1s<\/strong> l\u00e9pett \u00e9rv\u00e9nybe. K\u00f6zvetlen hozz\u00e1tartoz\u00f3k a betegek \u00e1llapot\u00e1r\u00f3l telefonon tudnak \u00e9rdekl\u0151dni: 06-1-459-1500\/51552, 51553-as mell\u00e9ken<\/em><\/p>\n<p><em>A Klinika t\u00f6bbi oszt\u00e1ly\u00e1n nincs l\u00e1togat\u00e1si korl\u00e1toz\u00e1s, az \u00e1ltal\u00e1nos l\u00e1togat\u00e1si rend \u00e9rv\u00e9nyes:\u00a0<\/em><\/p>\n<p>&nbsp;<\/p>\n<p><strong>L\u00e1togat\u00e1si rend:<\/strong><\/p>\n<p>&nbsp;<\/p>\n<p><span style=\"font-size: 18pt\"><strong style=\"color: #1e2326;font-family: 'PT serif', serif\">H\u00e9tk\u00f6znap:<\/strong><span style=\"color: #1e2326;font-family: 'PT serif', serif\">\u00a015.00-18.00 h k\u00f6z\u00f6tt<\/span><\/span><\/p>\n<p><br style=\"color: #1e2326;font-family: 'PT serif', serif\" \/><br \/>\n<span style=\"font-size: 18pt\"><strong style=\"color: #1e2326;font-family: 'PT serif', serif\">Munkasz\u00fcneti napokon:<\/strong><span style=\"color: #1e2326;font-family: 'PT serif', serif\">\u00a010.00-17.00 h k\u00f6z\u00f6tt<\/span><\/span><\/p>\n<\/div>\n<p>A fert\u0151z\u0151 k\u00f3rtermekben (k\u00f3rterem ajtaj\u00e1n jel\u00f6lj\u00fck) a l\u00e1togat\u00e1s tov\u00e1bbra is csak \u00e1pol\u00f3kkal egyeztetve, v\u00e9d\u0151felszerel\u00e9sben lehets\u00e9ges!<\/p>\n<p><span style=\"color: #ff0000\"><strong>Covid fert\u0151z\u0151tt betegek<\/strong>\u00a0<\/span>l\u00e1togat\u00e1sa csak k\u00fcl\u00f6n\u00f6sen indokolt esetben, az Igazgat\u00f3 \u00edr\u00e1sos enged\u00e9ly\u00e9vel t\u00f6rt\u00e9nhet. Enged\u00e9ly k\u00e9r\u00e9s az oszt\u00e1lyvezet\u0151 orvoson kereszt\u00fcl lehets\u00e9ges.<\/p>\n<div class=\"fontos_div\">\n<p><span style=\"color: #ff0000\"><strong>A l\u00e1togat\u00e1si id\u0151pontt\u00f3l elt\u00e9r\u0151en csak a beteget seg\u00edt\u0151 szem\u00e9ly (1 f\u0151) tart\u00f3zkodhat a beteg mellett <\/strong><strong>az igazgat\u00f3t\u00f3l kapott \u00edr\u00e1sos enged\u00e9llyel.<\/strong><\/span><\/p>\n<\/div>\n<\/div>\n","protected":false},"excerpt":{"rendered":"<p>Tisztelt L\u00e1togat\u00f3k! &nbsp; J\u00e1rv\u00e1ny\u00fcgyi helyzet miatt a Klinika I. emelet Nyugati Oszt\u00e1ly\u00e1n 2026. janu\u00e1r 22-t\u0151l l\u00e1togat\u00e1si korl\u00e1toz\u00e1s l\u00e9pett \u00e9rv\u00e9nybe. K\u00f6zvetlen hozz\u00e1tartoz\u00f3k a betegek \u00e1llapot\u00e1r\u00f3l telefonon tudnak \u00e9rdekl\u0151dni: 06-1-459-1500\/51552, 51553-as mell\u00e9ken A Klinika t\u00f6bbi oszt\u00e1ly\u00e1n nincs l\u00e1togat\u00e1si korl\u00e1toz\u00e1s, az \u00e1ltal\u00e1nos l\u00e1togat\u00e1si rend \u00e9rv\u00e9nyes:\u00a0 &nbsp; L\u00e1togat\u00e1si rend: &nbsp; H\u00e9tk\u00f6znap:\u00a015.00-18.00 h k\u00f6z\u00f6tt Munkasz\u00fcneti napokon:\u00a010.00-17.00 h k\u00f6z\u00f6tt A fert\u0151z\u0151 &hellip;<\/p>\n","protected":false},"author":102189,"featured_media":0,"parent":34,"menu_order":1,"comment_status":"closed","ping_status":"closed","template":"","meta":{"_acf_changed":false,"footnotes":""},"categories":[],"tags":[],"class_list":["post-36","page","type-page","status-publish","hentry"],"acf":[],"_links":{"self":[{"href":"https:\/\/semmelweis.hu\/belonko\/wp-json\/wp\/v2\/pages\/36","targetHints":{"allow":["GET"]}}],"collection":[{"href":"https:\/\/semmelweis.hu\/belonko\/wp-json\/wp\/v2\/pages"}],"about":[{"href":"https:\/\/semmelweis.hu\/belonko\/wp-json\/wp\/v2\/types\/page"}],"author":[{"embeddable":true,"href":"https:\/\/semmelweis.hu\/belonko\/wp-json\/wp\/v2\/users\/102189"}],"replies":[{"embeddable":true,"href":"https:\/\/semmelweis.hu\/belonko\/wp-json\/wp\/v2\/comments?post=36"}],"version-history":[{"count":11,"href":"https:\/\/semmelweis.hu\/belonko\/wp-json\/wp\/v2\/pages\/36\/revisions"}],"predecessor-version":[{"id":3152,"href":"https:\/\/semmelweis.hu\/belonko\/wp-json\/wp\/v2\/pages\/36\/revisions\/3152"}],"up":[{"embeddable":true,"href":"https:\/\/semmelweis.hu\/belonko\/wp-json\/wp\/v2\/pages\/34"}],"wp:attachment":[{"href":"https:\/\/semmelweis.hu\/belonko\/wp-json\/wp\/v2\/media?parent=36"}],"wp:term":[{"taxonomy":"category","embeddable":true,"href":"https:\/\/semmelweis.hu\/belonko\/wp-json\/wp\/v2\/categories?post=36"},{"taxonomy":"post_tag","embeddable":true,"href":"https:\/\/semmelweis.hu\/belonko\/wp-json\/wp\/v2\/tags?post=36"}],"curies":[{"name":"wp","href":"https:\/\/api.w.org\/{rel}","templated":true}]}}