{"id":34,"date":"2023-03-16T12:14:35","date_gmt":"2023-03-16T11:14:35","guid":{"rendered":"https:\/\/semmelweis.hu\/belonko\/?page_id=34"},"modified":"2025-06-18T14:16:04","modified_gmt":"2025-06-18T12:16:04","slug":"betegellatas","status":"publish","type":"page","link":"https:\/\/semmelweis.hu\/belonko\/betegellatas\/","title":{"rendered":"Betegell\u00e1t\u00e1s"},"content":{"rendered":"<p><strong>BETEGEL\u00c9GEDETTS\u00c9GI FELM\u00c9R\u00c9S:<\/strong><\/p>\n<p><a href=\"https:\/\/semmelweis.hu\/belonko\/files\/2025\/06\/Jarobeteg-elegedettsegi-felmeres-.pdf\" target=\"_blank\" rel=\"noopener\">J\u00e1r\u00f3beteg el\u00e9gedetts\u00e9gi felm\u00e9r\u00e9s<\/a><\/p>\n<p><a href=\"https:\/\/semmelweis.hu\/belonko\/files\/2025\/06\/Fekvobeteg-elegedettsegi-felmeres.pdf\" target=\"_blank\" rel=\"noopener\">Fekv\u0151beteg el\u00e9gedetts\u00e9gi felm\u00e9r\u00e9s<\/a><\/p>\n","protected":false},"excerpt":{"rendered":"<p>BETEGEL\u00c9GEDETTS\u00c9GI FELM\u00c9R\u00c9S:<br \/>\n<a href=\"https:\/\/semmelweis.hu\/belonko\/files\/2025\/06\/Jarobeteg-elegedettsegi-felmeres-.pdf\" target=\"_blank\" rel=\"noopener\">J\u00e1r\u00f3beteg el\u00e9gedetts\u00e9gi felm\u00e9r\u00e9s<\/a><br \/>\n<a href=\"https:\/\/semmelweis.hu\/belonko\/files\/2025\/06\/Fekvobeteg-elegedettsegi-felmeres.pdf\" target=\"_blank\" rel=\"noopener\">Fekv\u0151beteg el\u00e9gedetts\u00e9gi felm\u00e9r\u00e9s<\/a><\/p>\n","protected":false},"author":102189,"featured_media":0,"parent":0,"menu_order":2,"comment_status":"closed","ping_status":"closed","template":"","meta":{"_acf_changed":false,"footnotes":""},"categories":[],"tags":[],"class_list":["post-34","page","type-page","status-publish","hentry"],"acf":[],"_links":{"self":[{"href":"https:\/\/semmelweis.hu\/belonko\/wp-json\/wp\/v2\/pages\/34","targetHints":{"allow":["GET"]}}],"collection":[{"href":"https:\/\/semmelweis.hu\/belonko\/wp-json\/wp\/v2\/pages"}],"about":[{"href":"https:\/\/semmelweis.hu\/belonko\/wp-json\/wp\/v2\/types\/page"}],"author":[{"embeddable":true,"href":"https:\/\/semmelweis.hu\/belonko\/wp-json\/wp\/v2\/users\/102189"}],"replies":[{"embeddable":true,"href":"https:\/\/semmelweis.hu\/belonko\/wp-json\/wp\/v2\/comments?post=34"}],"version-history":[{"count":9,"href":"https:\/\/semmelweis.hu\/belonko\/wp-json\/wp\/v2\/pages\/34\/revisions"}],"predecessor-version":[{"id":2897,"href":"https:\/\/semmelweis.hu\/belonko\/wp-json\/wp\/v2\/pages\/34\/revisions\/2897"}],"wp:attachment":[{"href":"https:\/\/semmelweis.hu\/belonko\/wp-json\/wp\/v2\/media?parent=34"}],"wp:term":[{"taxonomy":"category","embeddable":true,"href":"https:\/\/semmelweis.hu\/belonko\/wp-json\/wp\/v2\/categories?post=34"},{"taxonomy":"post_tag","embeddable":true,"href":"https:\/\/semmelweis.hu\/belonko\/wp-json\/wp\/v2\/tags?post=34"}],"curies":[{"name":"wp","href":"https:\/\/api.w.org\/{rel}","templated":true}]}}