{"id":3078,"date":"2025-10-24T10:30:02","date_gmt":"2025-10-24T08:30:02","guid":{"rendered":"https:\/\/semmelweis.hu\/belonko\/?page_id=3078"},"modified":"2025-10-24T10:45:02","modified_gmt":"2025-10-24T08:45:02","slug":"geriatriai-tanszeki-csoport","status":"publish","type":"page","link":"https:\/\/semmelweis.hu\/belonko\/oktatas\/geriatriai-tanszeki-csoport\/","title":{"rendered":"Geri\u00e1triai Tansz\u00e9ki Csoport"},"content":{"rendered":"<div class=\"keretes w-100\">\n<p>A <strong>Geri\u00e1triai Tansz\u00e9ki Csoport<\/strong> legfontosabb feladata, hogy a Semmelweis Egyetem keretein bel\u00fcl megfelel\u0151 keretet biztos\u00edtson <strong>a gradu\u00e1lis \u00e9s posztgradu\u00e1lis geri\u00e1triai oktat\u00e1s<\/strong>hoz. A Geri\u00e1triai Tansz\u00e9ki Csoport a Semmelweis Egyetem Szen\u00e1tus\u00e1nak hat\u00e1rozata alapj\u00e1n 2003-ban j\u00f6tt l\u00e9tre, jelenleg a Belgy\u00f3gy\u00e1szati \u00e9s Onkol\u00f3giai Klinika keretein bel\u00fcl m\u0171k\u00f6dik.<\/p>\n<p><strong>Vezet\u0151:<\/strong> Dr. T\u00f3th Mikl\u00f3s, egyetemi tan\u00e1r<br \/>\n<strong>Kor\u00e1bbi vezet\u0151k:<\/strong> Dr. Sz\u00e9k\u00e1cs B\u00e9la (2003-2007), Dr. Kiss Istv\u00e1n (2007-2018)\u00a0<\/p>\n<p><strong>Betegell\u00e1t\u00e1si szakmai profilok: <\/strong>Az id\u0151skori endokrinol\u00f3giai, kering\u00e9si betegs\u00e9gek, onkol\u00f3gia \u00e9s vesebetegs\u00e9gek.<\/p>\n<p><strong>Kutat\u00e1si ter\u00fcletek: <\/strong>Id\u0151skori endokrin k\u00f3rk\u00e9pek, kardiovaszkul\u00e1ris-renalis betegs\u00e9gek komplex vizsg\u00e1lata, id\u0151s betegek gy\u00f3gyszeres kezel\u00e9s\u00e9nek hib\u00e1i.<\/p>\n<\/div>\n<h2>El\u00e9rhet\u0151s\u00e9gek:\u00a0<\/h2>\n<h5>Belgy\u00f3gy\u00e1szati \u00e9s Onkol\u00f3giai Klinika Geri\u00e1triai Tansz\u00e9ki Csoport<\/h5>\n<p><strong>Titk\u00e1rs\u00e1g:\u00a0<\/strong><strong>1088 Budapest, Szentkir\u00e1lyi u. 46.\u00a0<br \/>\n<\/strong><strong>Telefon: <\/strong><span style=\"font-size: 1rem;\">+36-1-459-1500\/55604 mell\u00e9k, <\/span><span style=\"font-size: 1rem;\">+36-1-267-4927<\/span><\/p>\n<h5>Betegell\u00e1t\u00f3 egys\u00e9gek:\u00a0<\/h5>\n<p><strong>C\u00edm:\u00a0<\/strong>1115 Budapest, Halmi utca 20-22.\u00a0<br \/>\n<strong>Telefon:<\/strong>\u00a0<\/p>\n<ul>\n<li>+36-1-464-8623<\/li>\n<li>+36-1-206-5517<\/li>\n<li>\u00a0+36-1-371-0128<\/li>\n<\/ul>\n<h2>El\u0151zm\u00e9nyek<\/h2>\n<p>A gerontol\u00f3gia \u00e9s geri\u00e1tria vonatkoz\u00e1s\u00e1ban m\u00e1r a 17. sz\u00e1zadban megjelent egy id\u0151sekkel foglalkoz\u00f3 munka, amelyet K\u00f6les\u00e9ri S\u00e1muel \u00edrt. R\u00f3zsay J\u00f3zsef a XIX. sz\u00e1zadban akad\u00e9miai sz\u00e9kfoglal\u00f3j\u00e1t id\u0151skori l\u00e9gz\u00e9si \u00e9s kering\u00e9si el\u00e9gtelens\u00e9gr\u0151l tartotta. A gerontol\u00f3gia ter\u00fclet\u00e9n kiemelked\u0151 kutat\u00f3munk\u00e1t v\u00e9gzett Haranghy L\u00e1szl\u00f3 \u00e9s Verz\u00e1r Frigyes, emellett alapvet\u0151 volt Kor\u00e1nyi S\u00e1ndor munk\u00e1ss\u00e1ga is.<\/p>\n<p>1954-ben Gerontol\u00f3giai Bizotts\u00e1g alakult a Magyar Tudom\u00e1nyos Akad\u00e9mi\u00e1n, \u00e9s 1958-ban a Biol\u00f3giai T\u00e1rsas\u00e1g Gerontol\u00f3giai Szekci\u00f3ja kezdte meg m\u0171k\u00f6d\u00e9s\u00e9t. Ezekb\u0151l j\u00f6tt l\u00e9tre a Gerontol\u00f3giai Kutat\u00f3 Csoport 1965-ben, ami 1978-t\u00f3l a SOTE Gerontol\u00f3giai K\u00f6zpontja lett. Vezet\u0151je Dr. Beregi Edit, majd 1993-t\u00f3l Dr. Iv\u00e1n L\u00e1szl\u00f3 professzor volt. A K\u00f6zpont 1999-2002 k\u00f6z\u00f6tt a SOTE Eg\u00e9szs\u00e9gtudom\u00e1nyi Kar\u00e1nak Belgy\u00f3gy\u00e1szati \u00e9s Geri\u00e1triai Klinik\u00e1jak\u00e9nt m\u0171k\u00f6d\u00f6tt Dr. Cs\u00e1sz\u00e1r Albert professzor vezet\u00e9s\u00e9vel.<\/p>\n<h2>Hazai geri\u00e1triai szakmai szervezetek<\/h2>\n<p>A Gerontol\u00f3giai \u00e9s Geri\u00e1triai Tudom\u00e1nyos T\u00e1rsas\u00e1g 1966-ban alakult. 1988-t\u00f3l Gerontol\u00f3giai Szakmai Koll\u00e9gium m\u0171k\u00f6d\u00f6tt, jelenleg az Eg\u00e9szs\u00e9g\u00fcgyi Szakmai Koll\u00e9gium \u201eGeri\u00e1tria \u00e9s kr\u00f3nikus ell\u00e1t\u00e1s\u201d Tagozata \u00e9s Tan\u00e1csa form\u00e1j\u00e1ban. 1996 \u00f3ta l\u00e9tezik Magyarorsz\u00e1gon Id\u0151s\u00fcgyi Tan\u00e1cs (Id\u0151sek Tan\u00e1csa) tan\u00e1csad\u00f3 test\u00fcletk\u00e9nt, miniszteri, majd minisztereln\u00f6ki vezet\u00e9ssel.<\/p>\n<p><a href=\"https:\/\/semmelweis.hu\/belonko\/files\/2025\/10\/RS26861_20120207-IMG_9175-destop-slide.jpg\"><img loading=\"lazy\" decoding=\"async\" class=\"aligncenter size-large wp-image-3084\" src=\"https:\/\/semmelweis.hu\/belonko\/files\/2025\/10\/RS26861_20120207-IMG_9175-destop-slide-1024x336.jpg\" alt=\"\" width=\"753\" height=\"247\" srcset=\"https:\/\/semmelweis.hu\/belonko\/files\/2025\/10\/RS26861_20120207-IMG_9175-destop-slide-1024x336.jpg 1024w, https:\/\/semmelweis.hu\/belonko\/files\/2025\/10\/RS26861_20120207-IMG_9175-destop-slide-400x131.jpg 400w, https:\/\/semmelweis.hu\/belonko\/files\/2025\/10\/RS26861_20120207-IMG_9175-destop-slide-768x252.jpg 768w, https:\/\/semmelweis.hu\/belonko\/files\/2025\/10\/RS26861_20120207-IMG_9175-destop-slide-753x247.jpg 753w, https:\/\/semmelweis.hu\/belonko\/files\/2025\/10\/RS26861_20120207-IMG_9175-destop-slide.jpg 1280w\" sizes=\"auto, (max-width: 753px) 100vw, 753px\" \/><\/a><\/p>\n","protected":false},"excerpt":{"rendered":"<p>A Geri\u00e1triai Tansz\u00e9ki Csoport legfontosabb feladata, hogy a Semmelweis Egyetem keretein bel\u00fcl megfelel\u0151 keretet biztos\u00edtson a gradu\u00e1lis \u00e9s posztgradu\u00e1lis geri\u00e1triai oktat\u00e1shoz. A Geri\u00e1triai Tansz\u00e9ki Csoport a Semmelweis Egyetem Szen\u00e1tus\u00e1nak hat\u00e1rozata alapj\u00e1n 2003-ban j\u00f6tt l\u00e9tre, jelenleg a Belgy\u00f3gy\u00e1szati \u00e9s Onkol\u00f3giai Klinika keretein bel\u00fcl m\u0171k\u00f6dik. Vezet\u0151: Dr. T\u00f3th Mikl\u00f3s, egyetemi tan\u00e1r Kor\u00e1bbi vezet\u0151k: Dr. Sz\u00e9k\u00e1cs B\u00e9la (2003-2007), &hellip;<\/p>\n","protected":false},"author":12,"featured_media":0,"parent":41,"menu_order":5,"comment_status":"closed","ping_status":"closed","template":"","meta":{"_acf_changed":false,"footnotes":""},"categories":[],"tags":[],"class_list":["post-3078","page","type-page","status-publish","hentry"],"acf":[],"_links":{"self":[{"href":"https:\/\/semmelweis.hu\/belonko\/wp-json\/wp\/v2\/pages\/3078","targetHints":{"allow":["GET"]}}],"collection":[{"href":"https:\/\/semmelweis.hu\/belonko\/wp-json\/wp\/v2\/pages"}],"about":[{"href":"https:\/\/semmelweis.hu\/belonko\/wp-json\/wp\/v2\/types\/page"}],"author":[{"embeddable":true,"href":"https:\/\/semmelweis.hu\/belonko\/wp-json\/wp\/v2\/users\/12"}],"replies":[{"embeddable":true,"href":"https:\/\/semmelweis.hu\/belonko\/wp-json\/wp\/v2\/comments?post=3078"}],"version-history":[{"count":5,"href":"https:\/\/semmelweis.hu\/belonko\/wp-json\/wp\/v2\/pages\/3078\/revisions"}],"predecessor-version":[{"id":3085,"href":"https:\/\/semmelweis.hu\/belonko\/wp-json\/wp\/v2\/pages\/3078\/revisions\/3085"}],"up":[{"embeddable":true,"href":"https:\/\/semmelweis.hu\/belonko\/wp-json\/wp\/v2\/pages\/41"}],"wp:attachment":[{"href":"https:\/\/semmelweis.hu\/belonko\/wp-json\/wp\/v2\/media?parent=3078"}],"wp:term":[{"taxonomy":"category","embeddable":true,"href":"https:\/\/semmelweis.hu\/belonko\/wp-json\/wp\/v2\/categories?post=3078"},{"taxonomy":"post_tag","embeddable":true,"href":"https:\/\/semmelweis.hu\/belonko\/wp-json\/wp\/v2\/tags?post=3078"}],"curies":[{"name":"wp","href":"https:\/\/api.w.org\/{rel}","templated":true}]}}