{"id":24,"date":"2023-03-01T10:54:21","date_gmt":"2023-03-01T09:54:21","guid":{"rendered":"https:\/\/semmelweis.hu\/belonko\/?page_id=24"},"modified":"2024-07-25T14:58:51","modified_gmt":"2024-07-25T12:58:51","slug":"alapitvanyok","status":"publish","type":"page","link":"https:\/\/semmelweis.hu\/belonko\/a-klinikarol\/alapitvanyok\/","title":{"rendered":"Alap\u00edtv\u00e1nyok"},"content":{"rendered":"<h3>Kor\u00e1nyi Klinika Alap\u00edtv\u00e1ny<\/h3>\n<p><strong>K\u00f6zhaszn\u00fa alap\u00edtv\u00e1ny<br \/>\nC\u00edm:<\/strong> 1083 Budapest, Kor\u00e1nyi S\u00e1ndor u. 2\/a<br \/>\n<strong>Ad\u00f3sz\u00e1m: <\/strong>19188407-1-42<br \/>\n<strong>Banksz\u00e1mla-sz\u00e1m: <\/strong>OTP 11709095-21454772<br \/>\n<strong>K\u00e9pviseli:<\/strong> Dr. Tak\u00e1cs Istv\u00e1n<br \/>\n<a href=\"http:\/\/www.koranyiklinikaalapitvany.hu\/\" target=\"_blank\" rel=\"noopener\">http:\/\/www.koranyiklinikaalapitvany.hu\/\u00a0<\/a><\/p>\n<p>Kutat\u00e1s, fejleszt\u00e9s, oktat\u00e1s, a Semmelweis Egyetem Belgy\u00f3gy\u00e1szati \u00e9s Onkol\u00f3giai Klinik\u00e1j\u00e1n a betegell\u00e1t\u00e1s sz\u00ednvonal\u00e1nak jav\u00edt\u00e1sa, a Klinik\u00e1n foly\u00f3 kutat\u00e1sok \u00e9s a Klinika oktat\u00e1si tev\u00e9kenys\u00e9g\u00e9nek t\u00e1mogat\u00e1sa.<\/p>\n<hr \/>\n<h3>Magyar Belgy\u00f3gy\u00e1sz Alap\u00edtv\u00e1ny<\/h3>\n<p><strong>K\u00f6zhaszn\u00fa alap\u00edtv\u00e1ny<\/strong><br \/>\n<strong>C\u00edm:<\/strong> 1083 Budapest, Kor\u00e1nyi S\u00e1ndor u. 2\/a<br \/>\n<strong>K\u00e9pviseli:<\/strong> Dr. Szathm\u00e1ri Mikl\u00f3s<\/p>\n<p>Az alap\u00edtv\u00e1ny c\u00e9lja a magyar belgy\u00f3gy\u00e1szati tev\u00e9kenys\u00e9g fejl\u0151d\u00e9s\u00e9nek el\u0151seg\u00edt\u00e9se.<\/p>\n<hr \/>\n<h3><a href=\"https:\/\/www.neca.hu\/\" target=\"_blank\" rel=\"noopener\"><img loading=\"lazy\" decoding=\"async\" class=\"alignright\" src=\"https:\/\/www.neca.hu\/wp-content\/uploads\/copy-logo80.png\" alt=\"\" width=\"174\" height=\"80\" \/><\/a>Nemzeti Cukorbeteg Alap\u00edtv\u00e1ny<\/h3>\n<p><strong>C\u00edm:<\/strong> 1083 Budapest, Kor\u00e1nyi S\u00e1ndor u. 2\/a<br \/>\n<strong>Ad\u00f3sz\u00e1m:<\/strong> 18113578-1-41<br \/>\n<strong>K\u00e9pviseli:<\/strong> Dr. Horv\u00e1th Viktor<br \/>\n<a href=\"https:\/\/www.neca.hu\/\" target=\"_blank\" rel=\"noopener\">https:\/\/www.neca.hu\/<\/a><\/p>\n<p>A Nemzeti Cukorbeteg Alap\u00edtv\u00e1ny c\u00e9lja a magyar cukorbetegek sz\u00edv- , \u00e9rrendszeri eredet\u0171 megbeteged\u00e9seinek \u00e9s az ebb\u0151l ad\u00f3d\u00f3 hal\u00e1loz\u00e1sai sz\u00e1m\u00e1nak a cs\u00f6kkent\u00e9se, ezen fontos \u00e9s alapvet\u0151 tudnival\u00f3kr\u00f3l a t\u00e1rsadalom inform\u00e1l\u00e1sa, a cukorbetegek legmagasabb sz\u00ednvonal\u00fa kezel\u00e9s\u00e9nek t\u00e1mogat\u00e1sa, sz\u00e1mukra az es\u00e9lyegyenl\u0151s\u00e9g lehet\u0151s\u00e9g\u00e9nek biztos\u00edt\u00e1sa t\u00e1rsadalmunkban.<\/p>\n<hr \/>\n<h3>Osseus Alap\u00edtv\u00e1ny<\/h3>\n<p><strong>C\u00edm:<\/strong> 1083 Budapest, Kor\u00e1nyi S\u00e1ndor u. 2\/a<br \/>\n<strong>Ad\u00f3sz\u00e1m:<\/strong> 18153244-2-42<br \/>\n<strong>K\u00e9pviseli:<\/strong> Dr. Lakatos P\u00e9ter Andr\u00e1s<\/p>\n<p>Az Ossesus Alap\u00edtv\u00e1ny c\u00e9lja a kalcium \u00e9s csontanyagcsere betegs\u00e9gekkel kapcsolatos klinikai \u00e9s alapszint\u0171 kutat\u00e1sok t\u00e1mogat\u00e1sa.<\/p>\n<hr \/>\n<h3>Onko-Hematol\u00f3giai Betegek\u00e9rt Alap\u00edtv\u00e1ny<\/h3>\n<p><strong>K\u00f6zhaszn\u00fa alap\u00edtv\u00e1ny<\/strong> <br \/>\n<strong>C\u00edm:<\/strong> 1083 Budapest, Kor\u00e1nyi S\u00e1ndor u. 2\/a<br \/>\n<strong>Ad\u00f3sz\u00e1m:<\/strong> 18195383-1-42<br \/>\n<strong>K\u00e9pviseli:<\/strong> Dr. Demeter Judit<br \/>\n<a href=\"http:\/\/www.ohba.hu\/\" target=\"_blank\" rel=\"noopener\">http:\/\/www.ohba.hu\/<\/a><\/p>\n<p>Az Onko-Hematol\u00f3giai Betegek\u00e9rt Alap\u00edtv\u00e1ny c\u00e9lja a kutat\u00e1s, fejleszt\u00e9s, oktat\u00e1s \u00e9s sz\u00e9lesk\u00f6r\u0171 hematol\u00f3giai tudom\u00e1ny k\u00f6r\u00e9be tartoz\u00f3 betegek gy\u00f3gy\u00edt\u00e1sa, ell\u00e1t\u00e1suk szakmai sz\u00ednvonal\u00e1nak emel\u00e9se \u00e9rdek\u00e9ben \u00e9s el\u0151seg\u00edt\u00e9s\u00e9re.<\/p>\n<hr \/>\n<h3>Pro-Neuropathia Alap\u00edtv\u00e1ny<\/h3>\n<p><strong>K\u00f6zhaszn\u00fa alap\u00edtv\u00e1ny<\/strong> <br \/>\n<strong>C\u00edm:<\/strong> 1083 Budapest, Kor\u00e1nyi S\u00e1ndor u. 2\/a<br \/>\n<strong>Ad\u00f3sz\u00e1m:<\/strong> 18171659-1-42<br \/>\n<strong>K\u00e9pviseli:<\/strong> Dr. Kempler P\u00e9ter<\/p>\n<p>A Pro-Neuropathia Alap\u00edtv\u00e1ny c\u00e9lja az idegrendszeri k\u00e1rosod\u00e1sban (neuropathi\u00e1ban) szenved\u0151 betegek \u00e9let-min\u0151s\u00e9g\u00e9nek \u00e9s \u00e9let-kil\u00e1t\u00e1sainak javul\u00e1s\u00e1hoz val\u00f3 hozz\u00e1j\u00e1rul\u00e1s.<\/p>\n<hr \/>\n<h3>Dr. Tam\u00e1s Gyula <span style=\"font-size: 1rem\">Diabetol\u00f3giai Alap\u00edtv\u00e1ny<\/span><\/h3>\n<p><span style=\"font-size: 1rem\"><strong>C\u00edm:<\/strong> 1083 Budapest, Kor\u00e1nyi S\u00e1ndor u. 2\/a<br \/>\n<strong>Ad\u00f3sz\u00e1m:<\/strong> 19652492-1-42<br \/>\n<strong>K\u00e9pviseli:<\/strong> Dr. Tab\u00e1k \u00c1d\u00e1m<br \/>\n<\/span><\/p>\n<p>A Dr. Tam\u00e1s Gyula Diabetol\u00f3giai Alap\u00edtv\u00e1ny els\u0151dleges c\u00e9lja a cukor-betegek korszer\u0171 kezel\u00e9s\u00e9nek, gondoz\u00e1s\u00e1nak, oktat\u00e1s\u00e1nak, nevel\u00e9s\u00e9nek el\u0151seg\u00edt\u00e9se.<\/p>\n<p>&nbsp;<\/p>\n","protected":false},"excerpt":{"rendered":"<p>Kor\u00e1nyi Klinika Alap\u00edtv\u00e1ny K\u00f6zhaszn\u00fa alap\u00edtv\u00e1ny C\u00edm: 1083 Budapest, Kor\u00e1nyi S\u00e1ndor u. 2\/a Ad\u00f3sz\u00e1m: 19188407-1-42 Banksz\u00e1mla-sz\u00e1m: OTP 11709095-21454772 K\u00e9pviseli: Dr. Tak\u00e1cs Istv\u00e1n <a href=\"http:\/\/www.koranyiklinikaalapitvany.hu\/\" target=\"_blank\" rel=\"noopener\">http:\/\/www.koranyiklinikaalapitvany.hu\/\u00a0<\/a> Kutat\u00e1s, fejleszt\u00e9s, oktat\u00e1s, a Semmelweis Egyetem Belgy\u00f3gy\u00e1szati \u00e9s Onkol\u00f3giai Klinik\u00e1j\u00e1n a betegell\u00e1t\u00e1s sz\u00ednvonal\u00e1nak jav\u00edt\u00e1sa, a Klinik\u00e1n foly\u00f3 kutat\u00e1sok \u00e9s a Klinika oktat\u00e1si tev\u00e9kenys\u00e9g\u00e9nek t\u00e1mogat\u00e1sa. Magyar Belgy\u00f3gy\u00e1sz Alap\u00edtv\u00e1ny K\u00f6zhaszn\u00fa alap\u00edtv\u00e1ny C\u00edm: 1083 Budapest, Kor\u00e1nyi S\u00e1ndor &hellip;<\/p>\n","protected":false},"author":12,"featured_media":0,"parent":5,"menu_order":2,"comment_status":"closed","ping_status":"closed","template":"","meta":{"_acf_changed":false,"footnotes":""},"categories":[],"tags":[],"class_list":["post-24","page","type-page","status-publish","hentry"],"acf":[],"_links":{"self":[{"href":"https:\/\/semmelweis.hu\/belonko\/wp-json\/wp\/v2\/pages\/24","targetHints":{"allow":["GET"]}}],"collection":[{"href":"https:\/\/semmelweis.hu\/belonko\/wp-json\/wp\/v2\/pages"}],"about":[{"href":"https:\/\/semmelweis.hu\/belonko\/wp-json\/wp\/v2\/types\/page"}],"author":[{"embeddable":true,"href":"https:\/\/semmelweis.hu\/belonko\/wp-json\/wp\/v2\/users\/12"}],"replies":[{"embeddable":true,"href":"https:\/\/semmelweis.hu\/belonko\/wp-json\/wp\/v2\/comments?post=24"}],"version-history":[{"count":7,"href":"https:\/\/semmelweis.hu\/belonko\/wp-json\/wp\/v2\/pages\/24\/revisions"}],"predecessor-version":[{"id":1654,"href":"https:\/\/semmelweis.hu\/belonko\/wp-json\/wp\/v2\/pages\/24\/revisions\/1654"}],"up":[{"embeddable":true,"href":"https:\/\/semmelweis.hu\/belonko\/wp-json\/wp\/v2\/pages\/5"}],"wp:attachment":[{"href":"https:\/\/semmelweis.hu\/belonko\/wp-json\/wp\/v2\/media?parent=24"}],"wp:term":[{"taxonomy":"category","embeddable":true,"href":"https:\/\/semmelweis.hu\/belonko\/wp-json\/wp\/v2\/categories?post=24"},{"taxonomy":"post_tag","embeddable":true,"href":"https:\/\/semmelweis.hu\/belonko\/wp-json\/wp\/v2\/tags?post=24"}],"curies":[{"name":"wp","href":"https:\/\/api.w.org\/{rel}","templated":true}]}}