{"id":218,"date":"2023-04-04T13:19:25","date_gmt":"2023-04-04T11:19:25","guid":{"rendered":"https:\/\/semmelweis.hu\/belonko\/?page_id=218"},"modified":"2024-12-05T15:01:45","modified_gmt":"2024-12-05T14:01:45","slug":"orszagos-neuropathia-oktato-es-szurokozpont","status":"publish","type":"page","link":"https:\/\/semmelweis.hu\/belonko\/szakrendelesek\/orszagos-neuropathia-oktato-es-szurokozpont\/","title":{"rendered":"Orsz\u00e1gos Neuropathia Oktat\u00f3 \u00e9s Sz\u0171r\u0151k\u00f6zpont"},"content":{"rendered":"<div class=\"responsive-tabs\">\n<h2 class=\"tabtitle\">Id\u0151pontk\u00e9r\u00e9s<\/h2>\n<div class=\"tabcontent\">\n\n<h4><strong>Id\u0151pontk\u00e9r\u00e9s<\/strong><\/h4>\n<p><strong>Vizsg\u00e1latra jelentkez\u00e9s \u00e9s beutal\u00e1s m\u00f3dja:<\/strong><br \/>\nA vizsg\u00e1latra csak <strong>h\u00e1ziorvosi vagy szakorvosi beutal\u00f3val<\/strong> lehet jelentkezni, <strong>kiz\u00e1r\u00f3lag cukorbetegeknek,<\/strong> telefonon t\u00f6rt\u00e9nt el\u0151zetes id\u0151pont egyeztet\u00e9st k\u00f6vet\u0151en. <strong>H\u00e9tf\u0151t\u0151l-p\u00e9ntekig 8:00-14:00, +36-1-4591500\/51583<\/strong><\/p>\n<p><strong>A rendel\u00e9s 9 jegy\u0171 k\u00f3dja: 01H723001. A k\u00f3don k\u00edv\u00fcl a beutal\u00f3ra sz\u00fcks\u00e9ges r\u00e1\u00edrni, hogy <em>neuropathia vizsg\u00e1lat<\/em>ot k\u00e9r a beutal\u00f3 orvos.\u00a0<\/strong><\/p>\n<p><strong>Rendel\u00e9si id\u0151k:<\/strong>\u00a0H\u00e9tf\u0151t\u0151l-p\u00e9ntekig 8:00-14:00<\/p>\n<p><em>FONTOS, hogy ezen a telefonsz\u00e1mon a diabetes laborat\u00f3riumba nem k\u00e9rhet\u0151 id\u0151pont<\/em>, k\u00e9rj\u00fck \u0151ket a diabetes laborat\u00f3riumn\u00e1l megadott telefonsz\u00e1mon h\u00edvj\u00e1k.<\/p>\n<p><strong>H\u00e1zon bel\u00fcli elhelyezked\u00e9s:<\/strong><br \/>\nAz Orsz\u00e1gos Neuropathia Oktat\u00f3 \u00e9s Sz\u0171r\u0151k\u00f6zpont az alagsorban tal\u00e1lhat\u00f3.\u00a0<\/p>\n\n<\/div><h2 class=\"tabtitle\">Munkat\u00e1rsaink<\/h2>\n<div class=\"tabcontent\">\n\n<h4><strong>Munkat\u00e1rsaink<\/strong><\/h4>\n<h4><strong>Prof. dr. Kempler P\u00e9ter<\/strong><\/h4>\n<p>Rendel\u00e9si id\u0151: kedd: 8:00-12:00 h<br \/>\nRendel\u00e9s helye: I. emelet<\/p>\n<h4><strong>Dr. Putz Zsuzsanna<\/strong><\/h4>\n<p>Rendel\u00e9si id\u0151: kedd: 9:00-13:00<br \/>\nRendel\u00e9s helye: alagsor<\/p>\n<h4><strong>Dr. Istenes Ildik\u00f3<\/strong><\/h4>\n<p>Rendel\u00e9si id\u0151: h\u00e9tf\u0151, kedd, cs\u00fct\u00f6rt\u00f6k: 9:00-12:00<br \/>\nRendel\u00e9s helye: h\u00e9tf\u0151-kedd: ambulancia 2. vizsg\u00e1l\u00f3, cs\u00fct\u00f6rt\u00f6k: neuropathia labor<\/p>\n<h4><strong>Dr. K\u00f6rei Anna Erzs\u00e9bet<\/strong><\/h4>\n<h4><strong>Dr. V\u00e1gi Orsolya Erzs\u00e9bet<\/strong><\/h4>\n<h4><strong>Dr. Hajd\u00fa No\u00e9mi<\/strong><\/h4>\n<h4><strong>Dr. B\u00e9keffy Magdolna<\/strong><\/h4>\n<h4><strong>Dr. B\u00fas M\u00e1t\u00e9<\/strong><\/h4>\n<div class=\"keretes w-100\">\n<h4><strong>Asszisztens:<\/strong>\u00a0<\/h4>\n<p>Guly\u00e1sn\u00e9 G\u00e1sp\u00e1r Erika<\/p>\n<\/div>\n\n<\/div><h2 class=\"tabtitle\">Bemutatkoz\u00e1s<\/h2>\n<div class=\"tabcontent\">\n\n<h4><strong>Az Orsz\u00e1gos Neuropathia Oktat\u00f3 \u00e9s Sz\u0171r\u0151k\u00f6zpont bemutat\u00e1sa<\/strong><\/h4>\n<p>A cukorbetegs\u00e9g idegrendszeri sz\u00f6v\u0151dm\u00e9nyeinek klinikai jelent\u0151s\u00e9g\u00e9re az ut\u00f3bbi \u00e9vtizedek kutat\u00e1si eredm\u00e9nyei h\u00edvt\u00e1k fel a figyelmet. A cukorbetegs\u00e9g sz\u00f6v\u0151dm\u00e9nyek\u00e9nt kialakul\u00f3 idegrendszeri k\u00e1rosod\u00e1s az eg\u00e9sz szervezetet \u00e9rintheti. A sz\u00f6v\u0151dm\u00e9ny kialakul\u00e1s\u00e1ban sz\u00e1mos, bonyolult m\u00f3don egym\u00e1ssal is \u00f6sszef\u00fcgg\u0151 anyagcsere-, \u00e9s \u00e9rfolyamat j\u00e1tszik szerepet. A cukorbetegs\u00e9g k\u00f6vetkezt\u00e9ben kialakul\u00f3 idegk\u00e1rosod\u00e1s (neuropathia) a beteg mindennapi \u00e9let\u00e9t keser\u00edtheti meg, s\u0151t tehetik s\u00falyos esetben elviselhetetlenn\u00e9. Klinik\u00e1nkon m\u0171k\u00f6dik a Magyarorsz\u00e1g egyetlen Neuropathia Laborat\u00f3riuma, amely k\u00f6z\u00e9p-eur\u00f3pai k\u00f6zpontk\u00e9nt is m\u0171k\u00f6dik.<\/p>\n<\/div><\/div>\n","protected":false},"excerpt":{"rendered":"<p>Id\u0151pontk\u00e9r\u00e9s Vizsg\u00e1latra jelentkez\u00e9s \u00e9s beutal\u00e1s m\u00f3dja: A vizsg\u00e1latra csak h\u00e1ziorvosi vagy szakorvosi beutal\u00f3val lehet jelentkezni, kiz\u00e1r\u00f3lag cukorbetegeknek, telefonon t\u00f6rt\u00e9nt el\u0151zetes id\u0151pont egyeztet\u00e9st k\u00f6vet\u0151en. H\u00e9tf\u0151t\u0151l-p\u00e9ntekig 8:00-14:00, +36-1-4591500\/51583 A rendel\u00e9s 9 jegy\u0171 k\u00f3dja: 01H723001. A k\u00f3don k\u00edv\u00fcl a beutal\u00f3ra sz\u00fcks\u00e9ges r\u00e1\u00edrni, hogy neuropathia vizsg\u00e1latot k\u00e9r a beutal\u00f3 orvos.\u00a0 Rendel\u00e9si id\u0151k:\u00a0H\u00e9tf\u0151t\u0151l-p\u00e9ntekig 8:00-14:00 FONTOS, hogy ezen a telefonsz\u00e1mon a &hellip;<\/p>\n","protected":false},"author":101739,"featured_media":0,"parent":130,"menu_order":14,"comment_status":"closed","ping_status":"closed","template":"","meta":{"_acf_changed":false,"footnotes":""},"categories":[],"tags":[],"class_list":["post-218","page","type-page","status-publish","hentry"],"acf":[],"_links":{"self":[{"href":"https:\/\/semmelweis.hu\/belonko\/wp-json\/wp\/v2\/pages\/218","targetHints":{"allow":["GET"]}}],"collection":[{"href":"https:\/\/semmelweis.hu\/belonko\/wp-json\/wp\/v2\/pages"}],"about":[{"href":"https:\/\/semmelweis.hu\/belonko\/wp-json\/wp\/v2\/types\/page"}],"author":[{"embeddable":true,"href":"https:\/\/semmelweis.hu\/belonko\/wp-json\/wp\/v2\/users\/101739"}],"replies":[{"embeddable":true,"href":"https:\/\/semmelweis.hu\/belonko\/wp-json\/wp\/v2\/comments?post=218"}],"version-history":[{"count":12,"href":"https:\/\/semmelweis.hu\/belonko\/wp-json\/wp\/v2\/pages\/218\/revisions"}],"predecessor-version":[{"id":1823,"href":"https:\/\/semmelweis.hu\/belonko\/wp-json\/wp\/v2\/pages\/218\/revisions\/1823"}],"up":[{"embeddable":true,"href":"https:\/\/semmelweis.hu\/belonko\/wp-json\/wp\/v2\/pages\/130"}],"wp:attachment":[{"href":"https:\/\/semmelweis.hu\/belonko\/wp-json\/wp\/v2\/media?parent=218"}],"wp:term":[{"taxonomy":"category","embeddable":true,"href":"https:\/\/semmelweis.hu\/belonko\/wp-json\/wp\/v2\/categories?post=218"},{"taxonomy":"post_tag","embeddable":true,"href":"https:\/\/semmelweis.hu\/belonko\/wp-json\/wp\/v2\/tags?post=218"}],"curies":[{"name":"wp","href":"https:\/\/api.w.org\/{rel}","templated":true}]}}