{"id":212,"date":"2023-04-04T13:14:55","date_gmt":"2023-04-04T11:14:55","guid":{"rendered":"https:\/\/semmelweis.hu\/belonko\/?page_id=212"},"modified":"2025-11-28T17:55:56","modified_gmt":"2025-11-28T16:55:56","slug":"nefrologiai-es-hypertonia-ambulancia","status":"publish","type":"page","link":"https:\/\/semmelweis.hu\/belonko\/szakrendelesek\/nefrologiai-es-hypertonia-ambulancia\/","title":{"rendered":"Nefrol\u00f3giai \u00e9s hypertonia ambulancia"},"content":{"rendered":"<div class=\"responsive-tabs\">\n<h2 class=\"tabtitle\">Id\u0151pontk\u00e9r\u00e9s<\/h2>\n<div class=\"tabcontent\">\n\n<h4><strong>Vizsg\u00e1latra val\u00f3 id\u0151pontk\u00e9r\u00e9s:<\/strong><\/h4>\n<div class=\"fontos_div\">\n<p><span style=\"font-size: 18pt\"><strong>Szakrendel\u00e9seinkre h\u00e1ziorvosi beutal\u00f3 sz\u00fcks\u00e9ges<\/strong><\/span><\/p>\n<\/div>\n<p><strong>+36-1-4591500\/51558 mell\u00e9k\u00a0<\/strong><br \/>\n<strong>H\u00e9tf\u0151, kedd, cs\u00fct\u00f6rt\u00f6k, p\u00e9ntek:\u00a0 8.00-14.00 h k\u00f6z\u00f6tt k\u00e9rhet\u0151 id\u0151pont<\/strong><\/p>\n\n<\/div><h2 class=\"tabtitle\">Rendel\u00e9si id\u0151k<\/h2>\n<div class=\"tabcontent\">\n\n<p><strong>Szakrendel\u00e9svezet\u0151:<\/strong> Dr. Tisl\u00e9r Andr\u00e1s egyetemi tan\u00e1r, Tel: +36-20 663 2162<br \/>\n<strong>helyettes:<\/strong> Dr. Peth\u0151 \u00c1kos egyetemi adjunktus, Tel: +36-20-663 2170<\/p>\n<h2 style=\"text-align: left\" align=\"center\">Nefrol\u00f3giai hipert\u00f3nia szakrendel\u00e9si id\u0151k<\/h2>\n<h4><strong>Dr. Tisl\u00e9r Andr\u00e1s<\/strong><\/h4>\n<p>Rendel\u00e9si id\u0151: <span data-olk-copy-source=\"MessageBody\">szerda: 10:00-13:00 \u00e9s cs\u00fct\u00f6rt\u00f6k 10:00-12:00<\/span><br \/>\nRendel\u00e9s helye: III. emelet, Nefrol\u00f3giai Oszt\u00e1ly<br \/>\nTel: +36-20-663-2162<\/p>\n<h4><strong>Dr. Barna Istv\u00e1n<\/strong><\/h4>\n<p>Rendel\u00e9si id\u0151: H-P: 7.00-9.00 h\u00a0<br \/>\nRendel\u00e9s helye: Magasf\u00f6ldszint, orvosi iroda\u00a0<br \/>\nTel: +36-20-825-8649<\/p>\n<h4><strong>DR. CZIROK SZABINA<\/strong><\/h4>\n<p>Rendel\u00e9si id\u0151: <span data-olk-copy-source=\"MessageBody\">szerda: 13:00-16:00 h<\/span><\/p>\n<p><span data-olk-copy-source=\"MessageBody\">Rendel\u00e9s helye: Magasf\u00f6ldszint, ambulancia a v\u00e9rv\u00e9teli helys\u00e9g mellett<\/span><\/p>\n<h4><strong>Dr. Kopacz Hajnal (<em>tart\u00f3san t\u00e1vol)<\/em><\/strong><\/h4>\n<p>Rendel\u00e9si id\u0151: P\u00e9ntek: 8.00-12.00 h<br \/>\nRendel\u00e9s helye: Nefrol\u00f3giai ambulancia, alagsor<br \/>\nTel: +36-1-4591500\/51599-es mell\u00e9k<\/p>\n<h4><strong>Dr. Koroknai L\u00e1szl\u00f3<\/strong><\/h4>\n<p>Rendel\u00e9si id\u0151: H\u00e9tf\u0151: 9.00-12.00 h<br \/>\nRendel\u00e9s helye: Nefrol\u00f3giai ambulancia alagsor<br \/>\nTel: +36-1-459-1500\/51599 mell\u00e9k<\/p>\n<h4><strong>Dr. Kevei P\u00e9ter<\/strong><\/h4>\n<p>Rendel\u00e9si id\u0151: Szerda: 8.00-12.00 h<br \/>\nRendel\u00e9s helye: II. emelet, Dial\u00edzis ambulancia<br \/>\nTel: +36-70-377-6566<\/p>\n<h4><strong>Dr. Lakatos Anna<\/strong><\/h4>\n<p>Rendel\u00e9si id\u0151: Kedd: 12.00-16.00 h<br \/>\nRendel\u00e9s helye: II. emelet Dial\u00edzis ambulancia<br \/>\nTel: +36-1-4591500\/51599-es mell\u00e9k<\/p>\n<h4><strong>Dr. Led\u00f3 N\u00f3ra<\/strong><\/h4>\n<p>Rendel\u00e9si id\u0151: Cs\u00fct\u00f6rt\u00f6k: 10.00-15.00 h<br \/>\nRendel\u00e9s helye: Nefrol\u00f3gia ambulancia alagsor<br \/>\nTel: +36-20-666 3566<\/p>\n<h4><strong>Dr. Peth\u0151 \u00c1kos\u00a0<\/strong><\/h4>\n<p>Rendel\u00e9si id\u0151: Kedd 8.00-12.00 h, P\u00e9ntek: 8.00-12.00 h<br \/>\nRendel\u00e9s helye: Nefrol\u00f3gia ambulancia, alagsor<br \/>\nTel: +36-20-663 2170<\/p>\n<h4><strong>Dr. Studinger P\u00e9ter<\/strong><\/h4>\n<p>Rendel\u00e9si id\u0151: H\u00e9tf\u0151: 12.00-15.00 h, Szerda: 10.00-14.00 h<br \/>\nRendel\u00e9s helye: Nefrol\u00f3gia ambulancia alagsor<br \/>\nTel: +36-20-825-8670<\/p>\n<p>NEFROL\u00d3GUS SZAKORVOSJEL\u00d6LT:<\/p>\n<h4><strong>DR. SCHNABEL KAROLINA<\/strong> BELGY\u00d3GY\u00c1SZ SZAKORVOS<\/h4>\n<p>&nbsp;<\/p>\n<div style=\"text-align: justify\" align=\"center\">\n<div align=\"justify\"><strong>Ell\u00e1tott betegek k\u00f6re:<\/strong> <span data-olk-copy-source=\"MessageBody\">Klinik\u00e1nk a nefrol\u00f3gia ter\u00fcleti ell\u00e1t\u00e1si k\u00f6telezetts\u00e9g szerint fogad beteget (ell\u00e1t\u00e1si ter\u00fclet felsorolva a &#8222;BEMUTATKOZ\u00c1S&#8221; men\u00fcpontban\u00a0<\/span><\/div>\n<div align=\"justify\">\u00a0<\/div>\n<div align=\"justify\">\u00a0<\/div>\n<\/div>\n<div align=\"justify\">\u00a0<\/div>\n\n<\/div><h2 class=\"tabtitle\">Bemutatkoz\u00e1s<\/h2>\n<div class=\"tabcontent\">\n\n<div align=\"justify\"><strong style=\"font-size: 1rem\">Bemutatkoz\u00e1s:<\/strong><span style=\"font-size: 1rem\">\u00a0A nefrol\u00f3gia a belgy\u00f3gy\u00e1szat azon \u00e1ga, ami a ves\u00e9k belgy\u00f3gy\u00e1szati &#8211; nem m\u0171t\u00e9ti megold\u00e1st ig\u00e9nyl\u0151 &#8211; megbeteged\u00e9seivel, ion- \u00e9s sav-b\u00e1zis zavarokkal foglalkozik. A ves\u00e9knek sz\u00e1mos feladata van: salakanyagok elt\u00e1vol\u00edt\u00e1sa a vizelettel, a szervezet folyad\u00e9k-, sav-b\u00e1zis- \u00e9s ionegyens\u00faly\u00e1nak fenntart\u00e1sa, valamint hormonok (pl. a v\u00e9rk\u00e9pz\u0151 eritropoietin, a v\u00e9rnyom\u00e1st szab\u00e1lyoz\u00f3 renin) termel\u00e9se. Ha a vese valamilyen betegs\u00e9g &#8211; pl. fert\u0151z\u00e9s, cs\u00f6kkent v\u00e9rell\u00e1t\u00e1s, autoimmun gyullad\u00e1s, gy\u00f3gyszerek vagy vegyszerek okozta k\u00e1rosod\u00e1s &#8211; miatt nem tudja a fenti funkci\u00f3it ell\u00e1tni, veseel\u00e9gtelens\u00e9gr\u0151l besz\u00e9l\u00fcnk, mely lehet hevenyen kialakul\u00f3, illetve kr\u00f3nikus betegs\u00e9get k\u00f6vet\u0151en fell\u00e9p\u0151.<\/span><\/div>\n<p>Hipert\u00f3nia Centrumk\u00e9nt ambulanci\u00e1nkon a magasv\u00e9rnyom\u00e1s diagnosztik\u00e1j\u00e1nak \u00e9s kezel\u00e9s\u00e9nek teljes spektruma rendelkez\u00e9s\u00fcnkre \u00e1ll.<\/p>\n<h3>\nElv\u00e9gzett vizsg\u00e1latok \u00e9s profilok:<\/h3>\n<p><strong>Szakrendel\u00e9s\u00fcnk\u00f6n a nefrol\u00f3gia \u00e9s hipert\u00f3nia teljes sk\u00e1l\u00e1j\u00e1n szerepl\u0151 betegs\u00e9gekkel, t\u00fcnetekkel foglalkozunk:<\/strong><\/p>\n<ul>\n<li>Glomerul\u00e1ris betegs\u00e9gek, melyek feh\u00e9rje, illetve v\u00e9rvizel\u00e9s t\u00fcnet\u00e9vel, oedem\u00e1val t\u00e1rsulhatnak leggyakrabban<\/li>\n<li>Velesz\u00fcletett, \u00f6r\u00f6kl\u00f6tt vesebetegs\u00e9gek, pl. policiszt\u00e1s vesebetegs\u00e9g, Alport szindr\u00f3ma, stb.<\/li>\n<li>Cukorbetegs\u00e9g k\u00f6vetkezt\u00e9ben fell\u00e9p\u0151 vesefunkci\u00f3 besz\u0171k\u00fcl\u00e9s \u00e9s feh\u00e9rjevizel\u00e9s<\/li>\n<li>Magasv\u00e9rnyom\u00e1s, melynek h\u00e1tter\u00e9ben vese vagy egy\u00e9b eredet felmer\u00fcl<\/li>\n<li>Ter\u00e1pia rezisztens hipert\u00f3nia<\/li>\n<li>Immunol\u00f3giai betegs\u00e9gek, melyek a vese m\u0171k\u00f6d\u00e9s\u00e9t befoly\u00e1solj\u00e1k, sziszt\u00e9m\u00e1s autoimmun betegek gondoz\u00e1sa<\/li>\n<li>Visszat\u00e9r\u0151 h\u00fagy\u00fati fert\u0151z\u00e9sek<\/li>\n<li>Egy\u00e9b okb\u00f3l besz\u0171k\u00fclt vesefunkci\u00f3, veseel\u00e9gtelens\u00e9g<\/li>\n<li>Vesep\u00f3tl\u00f3 kezel\u00e9sre (dial\u00edzis \u00e9s transzplant\u00e1ci\u00f3) val\u00f3 felk\u00e9sz\u00fcl\u00e9s<\/li>\n<li>Vesep\u00f3tl\u00f3 (dial\u00edzis) kezel\u00e9s a klinik\u00e1n m\u0171k\u00f6d\u0151 Fresenius dial\u00edzis \u00e1llom\u00e1son t\u00f6rt\u00e9nik\n<p>Mindezek mellett szakrendel\u00e9s\u00fcnk\u00f6n t\u00f6rt\u00e9nik a vesebiopszi\u00e1ra t\u00f6rt\u00e9n\u0151 el\u0151jegyz\u00e9s, a megfelel\u0151 kivizsg\u00e1l\u00e1st \u00e9s t\u00e1j\u00e9koztat\u00e1st k\u00f6vet\u0151en. Klinik\u00e1nk akt\u00edvan r\u00e9szt vesz mind a gradu\u00e1lis, mind a posztgradu\u00e1lis orvos k\u00e9pz\u00e9sben, Nephrol\u00f3giai R\u00e9szleg\u00fcnk\u00f6n ker\u00fclnek elhelyez\u00e9sre a nephrol\u00f3giai profil\u00fa betegek, valamint itt v\u00e9gezz\u00fck el a k\u00f3rh\u00e1zi bennfekv\u00e9st sz\u00fcks\u00e9gess\u00e9 t\u00e9v\u0151 beavatkoz\u00e1sokat.<\/li>\n<\/ul>\n<h4 style=\"text-align: justify\" align=\"center\"><strong style=\"font-size: 1rem;text-align: left\">Jelenlegi ter\u00fcleti ell\u00e1t\u00e1si k\u00f6telezetts\u00e9g\u00fcnk:<\/strong><\/h4>\n<div style=\"text-align: left\" align=\"center\">\n<table style=\"border-collapse: collapse;width: 67.6366%\">\n<tbody>\n<tr>\n<td style=\"width: 27.6886%\"><strong>Fekv\u0151beteg progresszivit\u00e1s 3. szint<\/strong><\/td>\n<td style=\"width: 39.9487%\"><strong>J\u00e1r\u00f3beteg\u00a0<\/strong><\/td>\n<\/tr>\n<tr>\n<td style=\"width: 27.6886%\">Apaj<\/td>\n<td style=\"width: 39.9487%\">Apaj<\/td>\n<\/tr>\n<tr>\n<td style=\"width: 27.6886%\">\u00c1porka<\/td>\n<td style=\"width: 39.9487%\">\u00c1porka<\/td>\n<\/tr>\n<tr>\n<td style=\"width: 27.6886%\">Biatorb\u00e1gy<\/td>\n<td style=\"width: 39.9487%\">Budapest XXI. ker\u00fclet<\/td>\n<\/tr>\n<tr>\n<td style=\"width: 27.6886%\">Buda\u00f6rs<\/td>\n<td style=\"width: 39.9487%\">Cs\u00f6r\u00f6g<\/td>\n<\/tr>\n<tr>\n<td style=\"width: 27.6886%\">D\u00e9legyh\u00e1za<\/td>\n<td style=\"width: 39.9487%\">D\u00e9legyh\u00e1za<\/td>\n<\/tr>\n<tr>\n<td style=\"width: 27.6886%\">Di\u00f3sd<\/td>\n<td style=\"width: 39.9487%\">D\u00f6ms\u00f6d<\/td>\n<\/tr>\n<tr>\n<td style=\"width: 27.6886%\">D\u00f6ms\u00f6d<\/td>\n<td style=\"width: 39.9487%\">Dunaharaszti<\/td>\n<\/tr>\n<tr>\n<td style=\"width: 27.6886%\">Dunaharaszti<\/td>\n<td style=\"width: 39.9487%\">Dunakeszi<\/td>\n<\/tr>\n<tr>\n<td style=\"width: 27.6886%\">Dunavars\u00e1ny<\/td>\n<td style=\"width: 39.9487%\">Dunavars\u00e1ny<\/td>\n<\/tr>\n<tr>\n<td style=\"width: 27.6886%\">\u00c9rd<\/td>\n<td style=\"width: 39.9487%\">F\u00f3t<\/td>\n<\/tr>\n<tr>\n<td style=\"width: 27.6886%\">Hal\u00e1sztelek\u00a0<\/td>\n<td style=\"width: 39.9487%\">Galgagy\u00f6rk<\/td>\n<\/tr>\n<tr>\n<td style=\"width: 27.6886%\">Herceghalom<\/td>\n<td style=\"width: 39.9487%\">G\u00f6d<\/td>\n<\/tr>\n<tr>\n<td style=\"width: 27.6886%\">Kiskunlach\u00e1za<\/td>\n<td style=\"width: 39.9487%\">Hal\u00e1sztelek<\/td>\n<\/tr>\n<tr>\n<td style=\"width: 27.6886%\">L\u00f3r\u00e9v<\/td>\n<td style=\"width: 39.9487%\">Kiskunlach\u00e1za<\/td>\n<\/tr>\n<tr>\n<td style=\"width: 27.6886%\">Majosh\u00e1za<\/td>\n<td style=\"width: 39.9487%\">Kisn\u00e9medi<\/td>\n<\/tr>\n<tr>\n<td style=\"width: 27.6886%\">Mak\u00e1d\u00a0<\/td>\n<td style=\"width: 39.9487%\">L\u00f3r\u00e9v<\/td>\n<\/tr>\n<tr>\n<td style=\"width: 27.6886%\">Pusztaz\u00e1mor<\/td>\n<td style=\"width: 39.9487%\">Majosh\u00e1za<\/td>\n<\/tr>\n<tr>\n<td style=\"width: 27.6886%\">R\u00e1ckeve<\/td>\n<td style=\"width: 39.9487%\">Mak\u00e1d<\/td>\n<\/tr>\n<tr>\n<td style=\"width: 27.6886%\">S\u00f3sk\u00fat<\/td>\n<td style=\"width: 39.9487%\">Mogyor\u00f3d<\/td>\n<\/tr>\n<tr>\n<td style=\"width: 27.6886%\">Sz\u00e1zhalombatta<\/td>\n<td style=\"width: 39.9487%\">P\u00fcsp\u00f6khatvan<\/td>\n<\/tr>\n<tr>\n<td style=\"width: 27.6886%\">Szigetbecse<\/td>\n<td style=\"width: 39.9487%\">P\u00fcsp\u00f6kszil\u00e1gy<\/td>\n<\/tr>\n<tr>\n<td style=\"width: 27.6886%\">Szigetcs\u00e9p<\/td>\n<td style=\"width: 39.9487%\">R\u00e1ckeve<\/td>\n<\/tr>\n<tr>\n<td style=\"width: 27.6886%\">Szigethalom<\/td>\n<td style=\"width: 39.9487%\">Szigetbecse<\/td>\n<\/tr>\n<tr>\n<td style=\"width: 27.6886%\">Szigetszentm\u00e1rton<\/td>\n<td style=\"width: 39.9487%\">Szigetcs\u00e9p<\/td>\n<\/tr>\n<tr>\n<td style=\"width: 27.6886%\">Szigetszentmikl\u00f3s<\/td>\n<td style=\"width: 39.9487%\">Szigethalom<\/td>\n<\/tr>\n<tr>\n<td style=\"width: 27.6886%\">Sziget\u00fajfalu<\/td>\n<td style=\"width: 39.9487%\">Szigetszentm\u00e1rton<\/td>\n<\/tr>\n<tr>\n<td style=\"width: 27.6886%\">Taksony<\/td>\n<td style=\"width: 39.9487%\">Szigetszentmikl\u00f3s<\/td>\n<\/tr>\n<tr>\n<td style=\"width: 27.6886%\">T\u00e1rnok<\/td>\n<td style=\"width: 39.9487%\">Sziget\u00fajfalu<\/td>\n<\/tr>\n<tr>\n<td style=\"width: 27.6886%\">T\u00f6k\u00f6l<\/td>\n<td style=\"width: 39.9487%\">Sz\u0151d<\/td>\n<\/tr>\n<tr>\n<td style=\"width: 27.6886%\">T\u00f6r\u00f6kb\u00e1lint<\/td>\n<td style=\"width: 39.9487%\">Sz\u0151dliget<\/td>\n<\/tr>\n<tr>\n<td style=\"width: 27.6886%\">\u00a0<\/td>\n<td style=\"width: 39.9487%\">Taksony<\/td>\n<\/tr>\n<tr>\n<td style=\"width: 27.6886%\">\u00a0<\/td>\n<td style=\"width: 39.9487%\">T\u00f6k\u00f6l<\/td>\n<\/tr>\n<tr>\n<td style=\"width: 27.6886%\">\u00a0<\/td>\n<td style=\"width: 39.9487%\">V\u00e1charty\u00e1n<\/td>\n<\/tr>\n<\/tbody>\n<\/table>\n<\/div>\n<p style=\"text-align: left\" align=\"center\">Forr\u00e1s:<br \/>\n<strong><a href=\"https:\/\/www.antsz.hu\/felso_menu\/ugyintezes\/hatosagi_nyilvantartas\/eu_ig_nyilvantartasok\/ellatasi_teruletek\" target=\"_blank\" rel=\"noopener\">Ell\u00e1t\u00e1si ter\u00fcletek &gt;&gt;<\/a><br \/>\n<a href=\"http:\/\/84.206.43.26:7080\/ellatas\/xtek\/wicket\/bookmarkable\/oth.ellatas.Adatlap;jsessionid=80649de4bf1712ab19be5c726120?3\" target=\"_blank\" rel=\"noopener\">Ter\u00fcleti Ell\u00e1t\u00e1si K\u00f6telezetts\u00e9g Nyilv\u00e1ntart\u00e1s &gt;&gt;<\/a><br \/>\n<a href=\"http:\/\/appserver.antsz.hu\/jtek\/pdf\/gen\/layout:pdf\/szolgaltatokod:164482;0105;pdf\" target=\"_blank\" rel=\"noopener\">Szolg\u00e1ltat\u00f3 adatlap (nefrol\u00f3gia) &gt;&gt;<\/a><\/strong><\/p>\n<h4 style=\"text-align: left\" align=\"center\">\n<strong>Int\u00e9zeten bel\u00fcli konz\u00edlium:<\/strong><\/h4>\n<div style=\"text-align: left\" align=\"center\">Minden esetben <strong>el\u0151zetes telefonon t\u00f6rt\u00e9n\u0151 egyeztet\u00e9s eset\u00e9n<\/strong> fogadunk konz\u00edliumot. <strong>Nem s\u00fcrg\u0151s esetben a fenti el\u0151jegyz\u00e9si telefonsz\u00e1mokon<\/strong> lehets\u00e9ges az egyeztet\u00e9s.<\/div>\n<p style=\"text-align: left\" align=\"center\"><strong>S\u00fcrg\u0151s esetben az al\u00e1bbiak szerint 8.00 h-16.00 h k\u00f6z\u00f6tt:<\/strong><\/p>\n<div style=\"text-align: left\" align=\"center\">H\u00e9tf\u0151i napokon Dr. Studinger P\u00e9ter egyetemi adjunktus: +36-20-8258649<br \/>\nKeddi napokon Dr. Peth\u0151 \u00c1kos egyetemi adjunktus: +36-20-6632170<br \/>\nSzerdai napokon Dr. Kevei P\u00e9ter f\u0151orvos: 336-70-3776566<br \/>\nCs\u00fct\u00f6rt\u00f6ki napokon Dr. Tisl\u00e9r Andr\u00e1s egyetemi tan\u00e1r: +36-20 6632162<br \/>\nP\u00e9nteki napokon: Dr. Led\u00f3 N\u00f3ra egyetemi tan\u00e1rseg\u00e9d: +36-20-666-3566<\/p>\n<p><strong>Dial\u00edzis ig\u00e9ny eset\u00e9n,<\/strong> vagy annak sz\u00fcks\u00e9gess\u00e9g\u00e9nek meg\u00edt\u00e9l\u00e9s\u00e9re a dial\u00edzis \u00e1llom\u00e1s (+36-1-4591500\/51599) beosztott illetve \u00e9jszaka \u00fcgyeletes orvosa (+36-1-4591500\/51520) is kereshet\u0151.<\/div>\n<div align=\"center\">\u00a0<\/div>\n<div style=\"text-align: left\" align=\"center\"><strong>H\u00e1zon bel\u00fcli elhelyezked\u00e9s:<\/strong><br \/>\nDr. Tisl\u00e9r Andr\u00e1s rendel\u00e9se a III. emeleti szob\u00e1j\u00e1ban t\u00f6rt\u00e9nik, a rendel\u00e9s megk\u00f6zel\u00edt\u00e9se az\u00a0<strong>\u201eA\u201d liften<\/strong>, vagy a\u00a0<strong>2. \u00e9s 3.<\/strong>\u00a0l\u00e9pcs\u0151h\u00e1zon kereszt\u00fcl javasolt.<\/p>\n<p>Dr. Barna Istv\u00e1n rendel\u00e9se a <strong>f\u00f6ldszinti rendel\u0151j\u00e9ben<\/strong> t\u00f6rt\u00e9nik. (Magasf\u00f6ldszint 2xbalra)<\/p>\n<p>Dr. Kevei P\u00e9ter \u00e9s dr. Lakatos Anna a II. emeleti dial\u00edzis ambulanci\u00e1n folytatj\u00e1k rendel\u00e9s\u00fcket. Ennek megk\u00f6zel\u00edt\u00e9se a\u00a0<strong>2. l\u00e9pcs\u0151h\u00e1zon<\/strong>, vagy az\u00a0<strong>&#8222;A&#8221; liften<\/strong> \u00e1t javasolt.<\/div>\n<div align=\"center\">\u00a0<\/div>\n<div style=\"text-align: left\" align=\"center\"><span data-olk-copy-source=\"MessageBody\">Dr. Czirok Szabina magasf\u00f6ldszinten az el\u0151csarnokban balra fordulva, a v\u00e9rv\u00e9teli helys\u00e9g melletti ambulanci<\/span><\/p>\n<p>Dr. Studinger P\u00e9ter, Dr. Peth\u0151 \u00c1kos, Dr. Koroknai L\u00e1szl\u00f3, Dr. Led\u00f3 N\u00f3ra \u00e9s Dr. Kopacz Hajnal (tart\u00f3san t\u00e1vol) <strong>az alagsori nefrol\u00f3giai ambulanci\u00e1n<\/strong> rendelnek, ennek megk\u00f6zel\u00edt\u00e9se az <strong>1. l\u00e9pcs\u0151h\u00e1zb\u00f3l<\/strong> javasolt<\/div>\n<div style=\"text-align: left\" align=\"center\">\u00a0<\/div>\n<div align=\"center\">\u00a0<\/div>\n<div style=\"text-align: left\" align=\"center\"><\/div><\/div><\/div>\n<div style=\"text-align: left\" align=\"center\">\u00a0<\/div>\n<div align=\"center\">\u00a0<\/div>\n<div align=\"center\">\u00a0<\/div>\n<div style=\"text-align: left\" align=\"center\">\u00a0<\/div>\n<div align=\"center\">\u00a0<\/div>\n","protected":false},"excerpt":{"rendered":"<p>Vizsg\u00e1latra val\u00f3 id\u0151pontk\u00e9r\u00e9s: Szakrendel\u00e9seinkre h\u00e1ziorvosi beutal\u00f3 sz\u00fcks\u00e9ges +36-1-4591500\/51558 mell\u00e9k\u00a0 H\u00e9tf\u0151, kedd, cs\u00fct\u00f6rt\u00f6k, p\u00e9ntek:\u00a0 8.00-14.00 h k\u00f6z\u00f6tt k\u00e9rhet\u0151 id\u0151pont Szakrendel\u00e9svezet\u0151: Dr. Tisl\u00e9r Andr\u00e1s egyetemi tan\u00e1r, Tel: +36-20 663 2162 helyettes: Dr. Peth\u0151 \u00c1kos egyetemi adjunktus, Tel: +36-20-663 2170 Nefrol\u00f3giai hipert\u00f3nia szakrendel\u00e9si id\u0151k Dr. Tisl\u00e9r Andr\u00e1s Rendel\u00e9si id\u0151: szerda: 10:00-13:00 \u00e9s cs\u00fct\u00f6rt\u00f6k 10:00-12:00 Rendel\u00e9s helye: III. emelet, &hellip;<\/p>\n","protected":false},"author":101739,"featured_media":0,"parent":130,"menu_order":12,"comment_status":"closed","ping_status":"closed","template":"","meta":{"_acf_changed":false,"footnotes":""},"categories":[],"tags":[],"class_list":["post-212","page","type-page","status-publish","hentry"],"acf":[],"_links":{"self":[{"href":"https:\/\/semmelweis.hu\/belonko\/wp-json\/wp\/v2\/pages\/212","targetHints":{"allow":["GET"]}}],"collection":[{"href":"https:\/\/semmelweis.hu\/belonko\/wp-json\/wp\/v2\/pages"}],"about":[{"href":"https:\/\/semmelweis.hu\/belonko\/wp-json\/wp\/v2\/types\/page"}],"author":[{"embeddable":true,"href":"https:\/\/semmelweis.hu\/belonko\/wp-json\/wp\/v2\/users\/101739"}],"replies":[{"embeddable":true,"href":"https:\/\/semmelweis.hu\/belonko\/wp-json\/wp\/v2\/comments?post=212"}],"version-history":[{"count":10,"href":"https:\/\/semmelweis.hu\/belonko\/wp-json\/wp\/v2\/pages\/212\/revisions"}],"predecessor-version":[{"id":3134,"href":"https:\/\/semmelweis.hu\/belonko\/wp-json\/wp\/v2\/pages\/212\/revisions\/3134"}],"up":[{"embeddable":true,"href":"https:\/\/semmelweis.hu\/belonko\/wp-json\/wp\/v2\/pages\/130"}],"wp:attachment":[{"href":"https:\/\/semmelweis.hu\/belonko\/wp-json\/wp\/v2\/media?parent=212"}],"wp:term":[{"taxonomy":"category","embeddable":true,"href":"https:\/\/semmelweis.hu\/belonko\/wp-json\/wp\/v2\/categories?post=212"},{"taxonomy":"post_tag","embeddable":true,"href":"https:\/\/semmelweis.hu\/belonko\/wp-json\/wp\/v2\/tags?post=212"}],"curies":[{"name":"wp","href":"https:\/\/api.w.org\/{rel}","templated":true}]}}