{"id":206,"date":"2023-04-04T13:09:31","date_gmt":"2023-04-04T11:09:31","guid":{"rendered":"https:\/\/semmelweis.hu\/belonko\/?page_id=206"},"modified":"2024-02-01T15:38:14","modified_gmt":"2024-02-01T14:38:14","slug":"klinikai-szakpszichologiai-ambulancia","status":"publish","type":"page","link":"https:\/\/semmelweis.hu\/belonko\/szakrendelesek\/klinikai-szakpszichologiai-ambulancia\/","title":{"rendered":"Klinikai Szakpszichol\u00f3giai Ambulancia"},"content":{"rendered":"<div style=\"text-align: justify\" align=\"justify\">\n<div class=\"responsive-tabs\">\n<h2 class=\"tabtitle\">Id\u0151pontk\u00e9r\u00e9s<\/h2>\n<div class=\"tabcontent\">\n\n<h4><strong>Bejelentkez\u00e9s e-mailben:<\/strong><\/h4>\n<ul>\n<li>\u00a0<\/li>\n<\/ul>\n\n<\/div><h2 class=\"tabtitle\">Munkat\u00e1rsaink<\/h2>\n<div class=\"tabcontent\">\n\n<ul>\n<li>\n<h4><strong>P\u00c1L KRISZTINA klinikai szakpszichol\u00f3gus JEL\u00d6LT<\/strong><\/h4>\n<\/li>\n<\/ul>\n\n<\/div><h2 class=\"tabtitle\">Bemutatkoz\u00e1s<\/h2>\n<div class=\"tabcontent\">\n\n<p>Klinik\u00e1nkon nemcsak a <strong>fekv\u0151betegeink, hanem a j\u00e1r\u00f3betegeink<\/strong> sz\u00e1m\u00e1ra is biztos\u00edtunk klinikai szakpszichol\u00f3gusi seg\u00edts\u00e9get. A nemzetk\u00f6zi ir\u00e1nyelveken \u00e9s szakirodalmi aj\u00e1nl\u00e1sokon alapul\u00f3 ell\u00e1t\u00e1s els\u0151dleges c\u00e9lja a testi betegs\u00e9gekkel egy\u00fctt j\u00e1r\u00f3 hangulati panaszok, stressz \u00e9s szorong\u00e1s m\u00e9rs\u00e9kl\u00e9se. Az ell\u00e1t\u00e1s r\u00e9sze az \u00e1llapotfelm\u00e9r\u00e9s, a konzult\u00e1ci\u00f3 \u00e9s az alap pszichoter\u00e1pi\u00e1s tev\u00e9kenys\u00e9g. A<strong> klinika betegei<\/strong> maguk is bejelentkezhetnek az ambulanci\u00e1ra, de a klinikai kezel\u0151orvos vagy a gy\u00f3gy\u00edt\u00f3 team m\u00e1s tagja is javasolhatja sz\u00e1mukra az ell\u00e1t\u00e1st.<\/p>\n<p><strong>J\u00e1r\u00f3betegek r\u00e9sz\u00e9re ny\u00fajtott ell\u00e1t\u00e1s:<\/strong><\/p>\n<ul>\n<li>kognit\u00edv- \u00e9s viselked\u00e9ster\u00e1pi\u00e1s szeml\u00e9let\u0171 egy\u00e9ni alap pszichoter\u00e1pia<\/li>\n<li>szupport\u00edv (t\u00e1mogat\u00f3) egy\u00e9ni alap pszichoter\u00e1pia<\/li>\n<li>alacsony intenzit\u00e1s\u00fa pszichol\u00f3giai intervenci\u00f3k testi betegs\u00e9ghez kapcsol\u00f3d\u00f3 pszich\u00e9s panaszok (pl. szorong\u00e1s, hangulatzavar) kezel\u00e9s\u00e9re<\/li>\n<li>sz\u00fcks\u00e9ges \u00e9letm\u00f3dv\u00e1lt\u00e1s megval\u00f3s\u00edt\u00e1s\u00e1ban ny\u00fajtott seg\u00edts\u00e9g (pl. tests\u00falycs\u00f6kkent\u00e9s, mozg\u00e1sprogram; doh\u00e1nyz\u00e1sr\u00f3l, alkoholfogyaszt\u00e1sr\u00f3l val\u00f3 leszok\u00e1s; eg\u00e9szs\u00e9ges \u00e9letm\u00f3d kialak\u00edt\u00e1sa)<\/li>\n<li>relax\u00e1ci\u00f3s technik\u00e1k szorong\u00e1s m\u00e9rs\u00e9kl\u00e9s\u00e9re<\/li>\n<li>m\u0171t\u00e9tre, hosszabb k\u00f3rh\u00e1zi tart\u00f3zkod\u00e1sra val\u00f3 felk\u00e9sz\u00edt\u00e9s<\/li>\n<li>online konzult\u00e1ci\u00f3s lehet\u0151s\u00e9g<\/li>\n<li>probl\u00e9mamegold\u00f3 tr\u00e9ning, asszert\u00edv kommunik\u00e1ci\u00f3s tr\u00e9ning<\/li>\n<\/ul>\n<\/div><\/div>\n<p>&nbsp;<\/p>\n<\/div>\n<p style=\"text-align: justify\">\u00a0<\/p>\n","protected":false},"excerpt":{"rendered":"<p>Bejelentkez\u00e9s e-mailben: \u00a0 P\u00c1L KRISZTINA klinikai szakpszichol\u00f3gus JEL\u00d6LT Klinik\u00e1nkon nemcsak a fekv\u0151betegeink, hanem a j\u00e1r\u00f3betegeink sz\u00e1m\u00e1ra is biztos\u00edtunk klinikai szakpszichol\u00f3gusi seg\u00edts\u00e9get. A nemzetk\u00f6zi ir\u00e1nyelveken \u00e9s szakirodalmi aj\u00e1nl\u00e1sokon alapul\u00f3 ell\u00e1t\u00e1s els\u0151dleges c\u00e9lja a testi betegs\u00e9gekkel egy\u00fctt j\u00e1r\u00f3 hangulati panaszok, stressz \u00e9s szorong\u00e1s m\u00e9rs\u00e9kl\u00e9se. Az ell\u00e1t\u00e1s r\u00e9sze az \u00e1llapotfelm\u00e9r\u00e9s, a konzult\u00e1ci\u00f3 \u00e9s az alap pszichoter\u00e1pi\u00e1s tev\u00e9kenys\u00e9g. A &hellip;<\/p>\n","protected":false},"author":101739,"featured_media":0,"parent":130,"menu_order":10,"comment_status":"closed","ping_status":"closed","template":"","meta":{"_acf_changed":false,"footnotes":""},"categories":[],"tags":[],"class_list":["post-206","page","type-page","status-publish","hentry"],"acf":[],"_links":{"self":[{"href":"https:\/\/semmelweis.hu\/belonko\/wp-json\/wp\/v2\/pages\/206","targetHints":{"allow":["GET"]}}],"collection":[{"href":"https:\/\/semmelweis.hu\/belonko\/wp-json\/wp\/v2\/pages"}],"about":[{"href":"https:\/\/semmelweis.hu\/belonko\/wp-json\/wp\/v2\/types\/page"}],"author":[{"embeddable":true,"href":"https:\/\/semmelweis.hu\/belonko\/wp-json\/wp\/v2\/users\/101739"}],"replies":[{"embeddable":true,"href":"https:\/\/semmelweis.hu\/belonko\/wp-json\/wp\/v2\/comments?post=206"}],"version-history":[{"count":9,"href":"https:\/\/semmelweis.hu\/belonko\/wp-json\/wp\/v2\/pages\/206\/revisions"}],"predecessor-version":[{"id":1551,"href":"https:\/\/semmelweis.hu\/belonko\/wp-json\/wp\/v2\/pages\/206\/revisions\/1551"}],"up":[{"embeddable":true,"href":"https:\/\/semmelweis.hu\/belonko\/wp-json\/wp\/v2\/pages\/130"}],"wp:attachment":[{"href":"https:\/\/semmelweis.hu\/belonko\/wp-json\/wp\/v2\/media?parent=206"}],"wp:term":[{"taxonomy":"category","embeddable":true,"href":"https:\/\/semmelweis.hu\/belonko\/wp-json\/wp\/v2\/categories?post=206"},{"taxonomy":"post_tag","embeddable":true,"href":"https:\/\/semmelweis.hu\/belonko\/wp-json\/wp\/v2\/tags?post=206"}],"curies":[{"name":"wp","href":"https:\/\/api.w.org\/{rel}","templated":true}]}}