{"id":203,"date":"2023-04-04T13:08:28","date_gmt":"2023-04-04T11:08:28","guid":{"rendered":"https:\/\/semmelweis.hu\/belonko\/?page_id=203"},"modified":"2024-11-15T17:12:52","modified_gmt":"2024-11-15T16:12:52","slug":"kardiologiai-szakrendeles","status":"publish","type":"page","link":"https:\/\/semmelweis.hu\/belonko\/szakrendelesek\/kardiologiai-szakrendeles\/","title":{"rendered":"Kardiol\u00f3giai szakrendel\u00e9s"},"content":{"rendered":"<div class=\"responsive-tabs\">\n<h2 class=\"tabtitle\">Id\u0151pontk\u00e9r\u00e9s<\/h2>\n<div class=\"tabcontent\">\n\n<h2>Id\u0151pontk\u00e9r\u00e9s:<\/h2>\n<p><strong>+36-1 459 1500\/51593<\/strong>-as mell\u00e9ken k\u00e9rhet\u0151 el\u0151jegyz\u00e9s 08-14 \u00f3ra k\u00f6z\u00f6tt a k\u00f6vetkez\u0151 vizsg\u00e1latokra:<\/p>\n<ul>\n<li>kardiol\u00f3giai szakvizsg\u00e1lat<\/li>\n<li>transztorak\u00e1lis sz\u00edvultrahang vizsg\u00e1lat<\/li>\n<li>nyugalmi EKG vizsg\u00e1lat<\/li>\n<li>Holter EKG vizsg\u00e1lat<\/li>\n<li>24 \u00f3r\u00e1s v\u00e9rnyom\u00e1s-monitoroz\u00e1s (ABPM)<\/li>\n<\/ul>\n<p><strong>Sz\u00edvultrahang vizsg\u00e1latok id\u0151pontjai:<\/strong> minden h\u00e9tk\u00f6znap 11-13 \u00f3ra k\u00f6z\u00f6tt<br \/>\n<strong>Holter EKG \u00e9s ABPM felhelyez\u00e9s:<\/strong> minden h\u00e9tk\u00f6znap de. 9-10 \u00f3ra k\u00f6z\u00f6tt<br \/>\n<strong>EKG k\u00e9sz\u00edt\u00e9se:<\/strong>\u00a0minden h\u00e9tk\u00f6znap reggel 8 \u00f3r\u00e1t\u00f3l d\u00e9lut\u00e1n 3 \u00f3r\u00e1ig<br \/>\nA rendel\u00e9si id\u0151k \u00e9s a vizsg\u00e1latok elv\u00e9gz\u00e9se \u00fcnnepnapokon, szabadnapokon \u00e9s munkasz\u00fcneti napokon sz\u00fcnetelnek.<\/p>\n<p>Terhel\u00e9ses EKG, terhel\u00e9ses sz\u00edvultrahang vizsg\u00e1latok jelenleg a Klinik\u00e1n nem el\u00e9rhet\u0151ek.<\/p>\n<p style=\"text-align: justify\">Az els\u0151 ambul\u00e1ns ell\u00e1t\u00e1st <strong>h\u00e1ziorvosi beutal\u00f3val lehet ig\u00e9nybe venni<\/strong>. Visszarendelt betegeinknek \u2013 amennyiben 1 \u00e9ven bel\u00fcl t\u00f6rt\u00e9nik ism\u00e9telt vizsg\u00e1latuk &#8211; nem sz\u00fcks\u00e9ges beutal\u00f3t hozniuk. Egy \u00e9ven t\u00fali ism\u00e9telt ell\u00e1t\u00e1s eset\u00e9n h\u00e1ziorvosi beutal\u00f3 ugyancsak sz\u00fcks\u00e9ges.<\/p>\n\n<\/div><h2 class=\"tabtitle\">Rendel\u00e9si id\u0151k<\/h2>\n<div class=\"tabcontent\">\n\n<p style=\"text-align: justify\">\u00a0<\/p>\n<h4><strong>Szakrendel\u00e9svezet\u0151:<\/strong><br \/>\n<strong>Dr. Horv\u00e1th Viktor J\u00f3zsef<\/strong><\/h4>\n<p>Rendel\u00e9si id\u0151: cs\u00fct\u00f6rt\u00f6k 9:00-13:00 h<br \/>\nRendel\u00e9s helye: kardiol\u00f3giai ambulancia<\/p>\n<h4><strong>Dr. Szelke Emese<\/strong><\/h4>\n<p>Rendel\u00e9si id\u0151: kedd 9:00-13:00<br \/>\nRendel\u00e9s helye: kardiol\u00f3giai ambulancia<\/p>\n<h4><strong>Dr. Szab\u00f3 Gergely<\/strong><\/h4>\n<p>Rendel\u00e9si id\u0151: szerda: 9:00-13:00<br \/>\nRendel\u00e9s helye: kardiol\u00f3giai ambulancia<\/p>\n<h4><strong>Dr. Pint\u00e9r J\u00f3zsef<\/strong><\/h4>\n<p>Rendel\u00e9si id\u0151:\u00a0<br \/>\nRendel\u00e9s helye: kardiol\u00f3giai ambulancia<\/p>\n<h4><strong>Dr. J\u00e1vorfi Tam\u00e1s<\/strong><\/h4>\n<p>Sz\u00edv UH:\u00a0<\/p>\n<div class=\"keretes w-100\">\n<h4><strong>Asszisztensek:<\/strong><\/h4>\n<p>Pente Mariann: kardiol\u00f3giai \u00e9s angiol\u00f3giai szakasszisztens<br \/>\nBakonyi T\u00edmea szakasszisztens<\/p>\n<\/div>\n\n<\/div><h2 class=\"tabtitle\">Bemutatkoz\u00e1s<\/h2>\n<div class=\"tabcontent\">\n\n<p>Els\u0151sorban kr\u00f3nikus kardiol\u00f3giai betegek gondoz\u00e1s\u00e1t v\u00e9gezz\u00fck, sz\u0171kebb \u00e9rdekl\u0151d\u00e9si k\u00f6r\u00fcnk kardio-onkol\u00f3giai \u00e9s kardio-diabetol\u00f3giai betegek ell\u00e1t\u00e1sa. Mindemellett a k\u00f6rnyez\u0151 klinik\u00e1k kardiol\u00f3giai konz\u00edlium\u00e1nak ell\u00e1t\u00e1sa is ambulanci\u00e1nk feladata.<\/p>\n<div class=\"fontos_div\">\n<p><strong>Elv\u00e9gzett vizsg\u00e1latok \u00e9s profilok:<\/strong><br \/>\nEKG,<br \/>\nnyugalmi transztorak\u00e1lis sz\u00edvultrahang,<br \/>\n24-48 \u00f3r\u00e1s v\u00e9rnyom\u00e1smonitoriz\u00e1l\u00e1s (ABPM vizsg\u00e1lat),<br \/>\n24-168 \u00f3r\u00e1s Holter EKG monitoriz\u00e1l\u00e1s,<br \/>\nTranszoesophagealis echocardiographia<\/p>\n<\/div>\n<p><strong style=\"font-size: 1rem\">Ell\u00e1t\u00e1si ter\u00fclet:<\/strong><\/p>\n<p>Megtal\u00e1lhat\u00f3 a <a href=\"http:\/\/www.antsz.hu\">www.antsz.hu<\/a> oldalon.<\/p>\n<p style=\"text-align: justify\"><strong>H\u00e1zon bel\u00fcli elhelyezked\u00e9s:<\/strong>\u00a0<br \/>\nA kardiol\u00f3giai ambulancia \u00e9s a hozz\u00e1 kapcsol\u00f3d\u00f3 eszk\u00f6z\u00f6s vizsg\u00e1latok helysz\u00edne az alagsorban tal\u00e1lhat\u00f3, megk\u00f6zel\u00edthet\u0151 az 1. L\u00e9pcs\u0151h\u00e1zon \u00e1t vagy az \u201eA\u201d lifttel.<\/p>\n<\/div><\/div>\n","protected":false},"excerpt":{"rendered":"<p>Id\u0151pontk\u00e9r\u00e9s: +36-1 459 1500\/51593-as mell\u00e9ken k\u00e9rhet\u0151 el\u0151jegyz\u00e9s 08-14 \u00f3ra k\u00f6z\u00f6tt a k\u00f6vetkez\u0151 vizsg\u00e1latokra: kardiol\u00f3giai szakvizsg\u00e1lat transztorak\u00e1lis sz\u00edvultrahang vizsg\u00e1lat nyugalmi EKG vizsg\u00e1lat Holter EKG vizsg\u00e1lat 24 \u00f3r\u00e1s v\u00e9rnyom\u00e1s-monitoroz\u00e1s (ABPM) Sz\u00edvultrahang vizsg\u00e1latok id\u0151pontjai: minden h\u00e9tk\u00f6znap 11-13 \u00f3ra k\u00f6z\u00f6tt Holter EKG \u00e9s ABPM felhelyez\u00e9s: minden h\u00e9tk\u00f6znap de. 9-10 \u00f3ra k\u00f6z\u00f6tt EKG k\u00e9sz\u00edt\u00e9se:\u00a0minden h\u00e9tk\u00f6znap reggel 8 \u00f3r\u00e1t\u00f3l d\u00e9lut\u00e1n 3 &hellip;<\/p>\n","protected":false},"author":101739,"featured_media":0,"parent":130,"menu_order":9,"comment_status":"closed","ping_status":"closed","template":"","meta":{"_acf_changed":false,"footnotes":""},"categories":[],"tags":[],"class_list":["post-203","page","type-page","status-publish","hentry"],"acf":[],"_links":{"self":[{"href":"https:\/\/semmelweis.hu\/belonko\/wp-json\/wp\/v2\/pages\/203","targetHints":{"allow":["GET"]}}],"collection":[{"href":"https:\/\/semmelweis.hu\/belonko\/wp-json\/wp\/v2\/pages"}],"about":[{"href":"https:\/\/semmelweis.hu\/belonko\/wp-json\/wp\/v2\/types\/page"}],"author":[{"embeddable":true,"href":"https:\/\/semmelweis.hu\/belonko\/wp-json\/wp\/v2\/users\/101739"}],"replies":[{"embeddable":true,"href":"https:\/\/semmelweis.hu\/belonko\/wp-json\/wp\/v2\/comments?post=203"}],"version-history":[{"count":10,"href":"https:\/\/semmelweis.hu\/belonko\/wp-json\/wp\/v2\/pages\/203\/revisions"}],"predecessor-version":[{"id":1754,"href":"https:\/\/semmelweis.hu\/belonko\/wp-json\/wp\/v2\/pages\/203\/revisions\/1754"}],"up":[{"embeddable":true,"href":"https:\/\/semmelweis.hu\/belonko\/wp-json\/wp\/v2\/pages\/130"}],"wp:attachment":[{"href":"https:\/\/semmelweis.hu\/belonko\/wp-json\/wp\/v2\/media?parent=203"}],"wp:term":[{"taxonomy":"category","embeddable":true,"href":"https:\/\/semmelweis.hu\/belonko\/wp-json\/wp\/v2\/categories?post=203"},{"taxonomy":"post_tag","embeddable":true,"href":"https:\/\/semmelweis.hu\/belonko\/wp-json\/wp\/v2\/tags?post=203"}],"curies":[{"name":"wp","href":"https:\/\/api.w.org\/{rel}","templated":true}]}}