{"id":191,"date":"2023-04-04T12:49:45","date_gmt":"2023-04-04T10:49:45","guid":{"rendered":"https:\/\/semmelweis.hu\/belonko\/?page_id=191"},"modified":"2023-05-08T11:02:51","modified_gmt":"2023-05-08T09:02:51","slug":"hematologiai-szakambulancia","status":"publish","type":"page","link":"https:\/\/semmelweis.hu\/belonko\/szakrendelesek\/hematologiai-szakambulancia\/","title":{"rendered":"Hematol\u00f3giai szakambulancia"},"content":{"rendered":"<div class=\"responsive-tabs\">\n<h2 class=\"tabtitle\">Id\u0151pontk\u00e9r\u00e9s<\/h2>\n<div class=\"tabcontent\">\n\n<h2>ID\u0150PONK\u00c9R\u00c9S:<\/h2>\n<div class=\"fontos_div\">\n<p><strong><span style=\"font-size: 18pt\">Szakrendel\u00e9seinkre h\u00e1ziorvosi beutal\u00f3 sz\u00fcks\u00e9ges<\/span><\/strong><\/p>\n<\/div>\n<h4><strong>Dr. Demeter Judit:<\/strong><\/h4>\n<p>+36-20-8258644\u00a0<\/p>\n<h4><strong>Dr. Hanna Eid:<\/strong><\/h4>\n<p><span style=\"font-size: 1rem\">+36-20-2259911<\/span><span style=\"font-size: 1rem\">\u00a0<br \/>\n<\/span><span style=\"font-size: 1rem\">H-Cs: 9:00 &#8211; 14:00 h k\u00f6z\u00f6tt<\/span><\/p>\n<h4><strong>Dr. Istenes Ildik\u00f3:<\/strong><\/h4>\n<p>dristenesildiko@gmail.com email cimen<\/p>\n<p>&nbsp;<\/p>\n\n<\/div><h2 class=\"tabtitle\">Rendel\u00e9si id\u0151k<\/h2>\n<div class=\"tabcontent\">\n\n<p>Szakrendel\u00e9s vezet\u0151:<\/p>\n<h4><strong>Dr. Demeter Judit<\/strong><\/h4>\n<p>Rendel\u00e9si id\u0151: h\u00e9tf\u0151-p\u00e9ntek: 9:00-13:00<br \/>\nRendel\u00e9s helye: Magasf\u00f6ldszint, I. emelet<\/p>\n<h4><strong>Dr. Hanna Eid<\/strong><\/h4>\n<p>Rendel\u00e9si id\u0151: h\u00e9tf\u0151-p\u00e9ntek: 8:00-12:00 h<br \/>\nRendel\u00e9s helye: Magasf\u00f6ldszint, orvosi rendel\u0151<\/p>\n<h4><strong>Dr. Istenes Ildik\u00f3<\/strong><\/h4>\n<p>Rendel\u00e9si id\u0151: h\u00e9tf\u0151, kedd, cs\u00fct\u00f6rt\u00f6k: 9:00-12:00<br \/>\nRendel\u00e9s helye: h\u00e9tf\u0151-kedd: ambulancia 2. vizsg\u00e1l\u00f3,<br \/>\ncs\u00fct\u00f6rt\u00f6k: neuropathia labor, alagsor<\/p>\n<div class=\"keretes w-100\">\n<h4><strong>Asszisztens:<\/strong><\/h4>\n<p>Deli Anita<\/p>\n<\/div>\n\n<\/div><h2 class=\"tabtitle\">Bemutatkoz\u00e1s<\/h2>\n<div class=\"tabcontent\">\n\n<p style=\"text-align: justify\"><strong>Bemutatkoz\u00e1s:<\/strong>\u00a0Klinik\u00e1nk hematol\u00f3giai oszt\u00e1lya orsz\u00e1gos hematol\u00f3giai centrum, kiemelten foglalkozik heveny leuk\u00e9mi\u00e1k, myelodiszpl\u00e1zi\u00e1s szindr\u00f3ma, myeloproliferat\u00edv k\u00f3rk\u00e9pek, limfoproliferat\u00edv k\u00f3rk\u00e9pek, plazmasejtes betegs\u00e9gek illetve a hematol\u00f3gia t\u00e1rgyk\u00f6r\u00e9be tartoz\u00f3 egy\u00e9b, ritka k\u00f3rk\u00e9pek diagnosztik\u00e1j\u00e1val \u00e9s kezel\u00e9s\u00e9vel.<\/p>\n<\/div><\/div>\n<p>&nbsp;<\/p>\n","protected":false},"excerpt":{"rendered":"<p>ID\u0150PONK\u00c9R\u00c9S: Szakrendel\u00e9seinkre h\u00e1ziorvosi beutal\u00f3 sz\u00fcks\u00e9ges Dr. Demeter Judit: +36-20-8258644\u00a0 Dr. Hanna Eid: +36-20-2259911\u00a0 H-Cs: 9:00 &#8211; 14:00 h k\u00f6z\u00f6tt Dr. Istenes Ildik\u00f3: dristenesildiko@gmail.com email cimen &nbsp; Szakrendel\u00e9s vezet\u0151: Dr. Demeter Judit Rendel\u00e9si id\u0151: h\u00e9tf\u0151-p\u00e9ntek: 9:00-13:00 Rendel\u00e9s helye: Magasf\u00f6ldszint, I. emelet Dr. Hanna Eid Rendel\u00e9si id\u0151: h\u00e9tf\u0151-p\u00e9ntek: 8:00-12:00 h Rendel\u00e9s helye: Magasf\u00f6ldszint, orvosi rendel\u0151 Dr. Istenes &hellip;<\/p>\n","protected":false},"author":101739,"featured_media":0,"parent":130,"menu_order":5,"comment_status":"closed","ping_status":"closed","template":"","meta":{"_acf_changed":false,"footnotes":""},"categories":[],"tags":[],"class_list":["post-191","page","type-page","status-publish","hentry"],"acf":[],"_links":{"self":[{"href":"https:\/\/semmelweis.hu\/belonko\/wp-json\/wp\/v2\/pages\/191","targetHints":{"allow":["GET"]}}],"collection":[{"href":"https:\/\/semmelweis.hu\/belonko\/wp-json\/wp\/v2\/pages"}],"about":[{"href":"https:\/\/semmelweis.hu\/belonko\/wp-json\/wp\/v2\/types\/page"}],"author":[{"embeddable":true,"href":"https:\/\/semmelweis.hu\/belonko\/wp-json\/wp\/v2\/users\/101739"}],"replies":[{"embeddable":true,"href":"https:\/\/semmelweis.hu\/belonko\/wp-json\/wp\/v2\/comments?post=191"}],"version-history":[{"count":10,"href":"https:\/\/semmelweis.hu\/belonko\/wp-json\/wp\/v2\/pages\/191\/revisions"}],"predecessor-version":[{"id":1146,"href":"https:\/\/semmelweis.hu\/belonko\/wp-json\/wp\/v2\/pages\/191\/revisions\/1146"}],"up":[{"embeddable":true,"href":"https:\/\/semmelweis.hu\/belonko\/wp-json\/wp\/v2\/pages\/130"}],"wp:attachment":[{"href":"https:\/\/semmelweis.hu\/belonko\/wp-json\/wp\/v2\/media?parent=191"}],"wp:term":[{"taxonomy":"category","embeddable":true,"href":"https:\/\/semmelweis.hu\/belonko\/wp-json\/wp\/v2\/categories?post=191"},{"taxonomy":"post_tag","embeddable":true,"href":"https:\/\/semmelweis.hu\/belonko\/wp-json\/wp\/v2\/tags?post=191"}],"curies":[{"name":"wp","href":"https:\/\/api.w.org\/{rel}","templated":true}]}}