{"id":177,"date":"2023-04-04T12:38:03","date_gmt":"2023-04-04T10:38:03","guid":{"rendered":"https:\/\/semmelweis.hu\/belonko\/?page_id=177"},"modified":"2025-03-31T11:42:10","modified_gmt":"2025-03-31T09:42:10","slug":"terapias-aferezis-osztaly","status":"publish","type":"page","link":"https:\/\/semmelweis.hu\/belonko\/szakrendelesek\/terapias-aferezis-osztaly\/","title":{"rendered":"Ter\u00e1pi\u00e1s Aferezis Oszt\u00e1ly"},"content":{"rendered":"<div class=\"responsive-tabs\">\n<h2 class=\"tabtitle\">Id\u0151pontk\u00e9r\u00e9s<\/h2>\n<div class=\"tabcontent\">\n\n<h4><strong>Vizsg\u00e1latra val\u00f3 jelentkez\u00e9s \u00e9s ell\u00e1tott betegek k\u00f6re:<\/strong>\u00a0<\/h4>\n<p>Az oszt\u00e1ly orsz\u00e1gos szint\u0171 ferezis centrum. A betegek el\u0151jegyz\u00e9se <strong>kiz\u00e1r\u00f3lag a betegek kezel\u0151orvos\u00e1val t\u00f6rt\u00e9n\u0151 szem\u00e9lyes konzult\u00e1ci\u00f3 alapj\u00e1n<\/strong>, a telefonk\u00f6zponton kereszt\u00fcl t\u00f6rt\u00e9nik:<\/p>\n<p>+36 1 4591500\/58647-es mell\u00e9k<\/p>\n<p><strong>H\u00e1zon bel\u00fcli elhelyezked\u00e9s:<\/strong>\u00a0A Ter\u00e1pi\u00e1s Aferezis Oszt\u00e1ly a Klinika f\u00f6ldszintj\u00e9n tal\u00e1lhat\u00f3.<\/p>\n\n<\/div><h2 class=\"tabtitle\">Rendel\u00e9si id\u0151<\/h2>\n<div class=\"tabcontent\">\n\n<p><strong>Szakorvosok:<\/strong><\/p>\n<h4><strong>Szakrendel\u00e9svezet\u0151:<br \/>\ndr. Tremmel Anna klinikai f\u0151orvos<\/strong><\/h4>\n<p>Rendel\u00e9si id\u0151: h\u00e9tf\u0151-p\u00e9ntek: 8:00-12:00<br \/>\nRendel\u00e9s helye: ter\u00e1pi\u00e1s aferezis r\u00e9szleg (f\u00f6ldszint)<\/p>\n<h4><strong>dr. Guly\u00e1s-Horv\u00e1th Eszter klinikai szakorvos<\/strong><\/h4>\n<h4><strong>Asszisztensek:\u00a0<\/strong><\/h4>\n<div class=\"keretes w-100\">\n<p><strong>Kerezsi Katalin<\/strong><strong>\u00a0<\/strong><\/p>\n<\/div>\n\n<\/div><h2 class=\"tabtitle\">Bemutatkoz\u00e1s<\/h2>\n<div class=\"tabcontent\">\n\n<h4 style=\"text-align: justify\"><strong>Bemutatkoz\u00e1s:<\/strong>\u00a0<\/h4>\n<p style=\"text-align: justify\">Az aferezis egy multidiszciplin\u00e1ris orvosi tudom\u00e1ny, mely k\u00f6zel 50 \u00e9ve folyamatosan fejl\u0151dik. K\u00e9t nagy r\u00e9szre bonthat\u00f3: ter\u00e1pi\u00e1s \u00e9s k\u00e9sz\u00edtm\u00e9ny el\u0151\u00e1ll\u00edt\u00f3. Oszt\u00e1lyunkon ter\u00e1pi\u00e1s aferezis kezel\u00e9seket folytatunk.<\/p>\n<h4 style=\"text-align: justify\"><strong>Elv\u00e9gzett vizsg\u00e1latok \u00e9s profilok:<\/strong>\u00a0<\/h4>\n<p style=\"text-align: justify\">A ter\u00e1pi\u00e1s aferezis kezel\u00e9sek egy r\u00e9sze immun-szupressz\u00edv, m\u00edg m\u00e1sik r\u00e9sze immun-modul\u00e1ns elj\u00e1r\u00e1s. Plazmacser\u00e9t, citafereziseket, azon bel\u00fcl mononukle\u00e1ris-, granulocita-, limfocita-, trombocita sejtek depl\u00e9ci\u00f3j\u00e1t, \u00e9s gy\u0171jt\u00e9s\u00e9t v\u00e9gezz\u00fck , fotoferezis kezel\u00e9si elj\u00e1r\u00e1sokat jelenleg GVHD, Cutan T sejtes lymphoma (Sezary szindr\u00f3ma, Mycosis fungoides) \u00e9s Progressz\u00edv sziszt\u00e9m\u00e1s sclerosis diagn\u00f3zisok eset\u00e9n folytatunk NEAK (OEP) finansz\u00edrozottan. Folyamatban van a szelekt\u00edv plazmacsere kezel\u00e9sek be\u00e1ll\u00edt\u00e1sa is. A kezel\u00e9sek mellett feladatunk az oktat\u00e1s is, alap \u00e9s postgradu\u00e1lis szinten, angol, n\u00e9met \u00e9s magyar nyelven.<\/p>\n<p style=\"text-align: justify\">Az oszt\u00e1ly vezet\u0151je Dr. Tremmel Anna klinikai f\u0151orvos, aki Dr. Guly\u00e1s-Horv\u00e1th Eszter klinikai szakorvos \u00e9s k\u00e9t asszisztens k\u00f6zrem\u0171k\u00f6d\u00e9s\u00e9vel v\u00e9gzi a kezel\u00e9seket. Az oszt\u00e1ly munk\u00e1j\u00e1t Prof. Dr Domj\u00e1n Gyula seg\u00edti.<\/p>\n<\/div><\/div>\n","protected":false},"excerpt":{"rendered":"<p>Vizsg\u00e1latra val\u00f3 jelentkez\u00e9s \u00e9s ell\u00e1tott betegek k\u00f6re:\u00a0 Az oszt\u00e1ly orsz\u00e1gos szint\u0171 ferezis centrum. A betegek el\u0151jegyz\u00e9se kiz\u00e1r\u00f3lag a betegek kezel\u0151orvos\u00e1val t\u00f6rt\u00e9n\u0151 szem\u00e9lyes konzult\u00e1ci\u00f3 alapj\u00e1n, a telefonk\u00f6zponton kereszt\u00fcl t\u00f6rt\u00e9nik: +36 1 4591500\/58647-es mell\u00e9k H\u00e1zon bel\u00fcli elhelyezked\u00e9s:\u00a0A Ter\u00e1pi\u00e1s Aferezis Oszt\u00e1ly a Klinika f\u00f6ldszintj\u00e9n tal\u00e1lhat\u00f3. Szakorvosok: Szakrendel\u00e9svezet\u0151: dr. Tremmel Anna klinikai f\u0151orvos Rendel\u00e9si id\u0151: h\u00e9tf\u0151-p\u00e9ntek: 8:00-12:00 Rendel\u00e9s helye: &hellip;<\/p>\n","protected":false},"author":101739,"featured_media":0,"parent":130,"menu_order":17,"comment_status":"closed","ping_status":"closed","template":"","meta":{"_acf_changed":false,"footnotes":""},"categories":[],"tags":[],"class_list":["post-177","page","type-page","status-publish","hentry"],"acf":[],"_links":{"self":[{"href":"https:\/\/semmelweis.hu\/belonko\/wp-json\/wp\/v2\/pages\/177","targetHints":{"allow":["GET"]}}],"collection":[{"href":"https:\/\/semmelweis.hu\/belonko\/wp-json\/wp\/v2\/pages"}],"about":[{"href":"https:\/\/semmelweis.hu\/belonko\/wp-json\/wp\/v2\/types\/page"}],"author":[{"embeddable":true,"href":"https:\/\/semmelweis.hu\/belonko\/wp-json\/wp\/v2\/users\/101739"}],"replies":[{"embeddable":true,"href":"https:\/\/semmelweis.hu\/belonko\/wp-json\/wp\/v2\/comments?post=177"}],"version-history":[{"count":11,"href":"https:\/\/semmelweis.hu\/belonko\/wp-json\/wp\/v2\/pages\/177\/revisions"}],"predecessor-version":[{"id":1985,"href":"https:\/\/semmelweis.hu\/belonko\/wp-json\/wp\/v2\/pages\/177\/revisions\/1985"}],"up":[{"embeddable":true,"href":"https:\/\/semmelweis.hu\/belonko\/wp-json\/wp\/v2\/pages\/130"}],"wp:attachment":[{"href":"https:\/\/semmelweis.hu\/belonko\/wp-json\/wp\/v2\/media?parent=177"}],"wp:term":[{"taxonomy":"category","embeddable":true,"href":"https:\/\/semmelweis.hu\/belonko\/wp-json\/wp\/v2\/categories?post=177"},{"taxonomy":"post_tag","embeddable":true,"href":"https:\/\/semmelweis.hu\/belonko\/wp-json\/wp\/v2\/tags?post=177"}],"curies":[{"name":"wp","href":"https:\/\/api.w.org\/{rel}","templated":true}]}}