{"id":172,"date":"2023-04-04T12:33:51","date_gmt":"2023-04-04T10:33:51","guid":{"rendered":"https:\/\/semmelweis.hu\/belonko\/?page_id=172"},"modified":"2025-07-22T15:08:34","modified_gmt":"2025-07-22T13:08:34","slug":"altalanos-belgyogyaszati-szakambulancia","status":"publish","type":"page","link":"https:\/\/semmelweis.hu\/belonko\/szakrendelesek\/altalanos-belgyogyaszati-szakambulancia\/","title":{"rendered":"\u00c1ltal\u00e1nos belgy\u00f3gy\u00e1szati szakambulancia"},"content":{"rendered":"<p style=\"text-align: justify\">Klinik\u00e1nk belgy\u00f3gy\u00e1szati szakambulanci\u00e1j\u00e1n <strong>\u00e1ltal\u00e1nos belgy\u00f3gy\u00e1szati vizsg\u00e1latra, konz\u00edliumra<\/strong> ker\u00fclhet sor. Az \u00e1ltal\u00e1nos ambulanci\u00e1n biztos\u00edtjuk a K\u00fcls\u0151 Klinikai T\u00f6mb t\u00e1rsklinik\u00e1inak belgy\u00f3gy\u00e1szati konz\u00edlium\u00e1t, valamint belgy\u00f3gy\u00e1szati ter\u00fcleti illet\u00e9kess\u00e9gnek megfelel\u0151en kompetenci\u00e1ba tartoz\u00f3 betegeink visszarendel\u00e9s eset\u00e9n esed\u00e9kes kontrollvizsg\u00e1lat\u00e1t.<\/p>\n<p style=\"text-align: justify\">Az \u00e1ltal\u00e1nos ambulanci\u00e1n <strong>betegek fogad\u00e1s\u00e1ra h\u00e9tk\u00f6znapokon 8-12 h<\/strong> k\u00f6z\u00f6tt van lehet\u0151s\u00e9g. El\u0151zetes telefonos egyeztet\u00e9s nem sz\u00fcks\u00e9ges, azonban <strong>itt kiz\u00e1r\u00f3lag a t\u00e1rsklinik\u00e1k sz\u00e1m\u00e1ra v\u00e9gzett konz\u00edlium, illetve visszarendelt ter\u00fcleti betegek vizsg\u00e1lata t\u00f6rt\u00e9nik.<\/strong><\/p>\n<p>Az \u00e1ltal\u00e1nos ambulancia aktu\u00e1lis orvosi beoszt\u00e1s\u00e1r\u00f3l a Klinika portaszolg\u00e1lat\u00e1n lehet \u00e9rdekl\u0151dni: +36-1-4591500\/51500 mell\u00e9k\u00a0<\/p>\n","protected":false},"excerpt":{"rendered":"<p>Klinik\u00e1nk belgy\u00f3gy\u00e1szati szakambulanci\u00e1j\u00e1n \u00e1ltal\u00e1nos belgy\u00f3gy\u00e1szati vizsg\u00e1latra, konz\u00edliumra ker\u00fclhet sor. Az \u00e1ltal\u00e1nos ambulanci\u00e1n biztos\u00edtjuk a K\u00fcls\u0151 Klinikai T\u00f6mb t\u00e1rsklinik\u00e1inak belgy\u00f3gy\u00e1szati konz\u00edlium\u00e1t, valamint belgy\u00f3gy\u00e1szati ter\u00fcleti illet\u00e9kess\u00e9gnek megfelel\u0151en kompetenci\u00e1ba tartoz\u00f3 betegeink visszarendel\u00e9s eset\u00e9n esed\u00e9kes kontrollvizsg\u00e1lat\u00e1t. Az \u00e1ltal\u00e1nos ambulanci\u00e1n betegek fogad\u00e1s\u00e1ra h\u00e9tk\u00f6znapokon 8-12 h k\u00f6z\u00f6tt van lehet\u0151s\u00e9g. El\u0151zetes telefonos egyeztet\u00e9s nem sz\u00fcks\u00e9ges, azonban itt kiz\u00e1r\u00f3lag a t\u00e1rsklinik\u00e1k sz\u00e1m\u00e1ra v\u00e9gzett &hellip;<\/p>\n","protected":false},"author":101739,"featured_media":0,"parent":130,"menu_order":1,"comment_status":"closed","ping_status":"closed","template":"","meta":{"_acf_changed":false,"footnotes":""},"categories":[],"tags":[],"class_list":["post-172","page","type-page","status-publish","hentry"],"acf":[],"_links":{"self":[{"href":"https:\/\/semmelweis.hu\/belonko\/wp-json\/wp\/v2\/pages\/172","targetHints":{"allow":["GET"]}}],"collection":[{"href":"https:\/\/semmelweis.hu\/belonko\/wp-json\/wp\/v2\/pages"}],"about":[{"href":"https:\/\/semmelweis.hu\/belonko\/wp-json\/wp\/v2\/types\/page"}],"author":[{"embeddable":true,"href":"https:\/\/semmelweis.hu\/belonko\/wp-json\/wp\/v2\/users\/101739"}],"replies":[{"embeddable":true,"href":"https:\/\/semmelweis.hu\/belonko\/wp-json\/wp\/v2\/comments?post=172"}],"version-history":[{"count":6,"href":"https:\/\/semmelweis.hu\/belonko\/wp-json\/wp\/v2\/pages\/172\/revisions"}],"predecessor-version":[{"id":874,"href":"https:\/\/semmelweis.hu\/belonko\/wp-json\/wp\/v2\/pages\/172\/revisions\/874"}],"up":[{"embeddable":true,"href":"https:\/\/semmelweis.hu\/belonko\/wp-json\/wp\/v2\/pages\/130"}],"wp:attachment":[{"href":"https:\/\/semmelweis.hu\/belonko\/wp-json\/wp\/v2\/media?parent=172"}],"wp:term":[{"taxonomy":"category","embeddable":true,"href":"https:\/\/semmelweis.hu\/belonko\/wp-json\/wp\/v2\/categories?post=172"},{"taxonomy":"post_tag","embeddable":true,"href":"https:\/\/semmelweis.hu\/belonko\/wp-json\/wp\/v2\/tags?post=172"}],"curies":[{"name":"wp","href":"https:\/\/api.w.org\/{rel}","templated":true}]}}