{"id":160,"date":"2023-03-30T15:42:34","date_gmt":"2023-03-30T13:42:34","guid":{"rendered":"https:\/\/semmelweis.hu\/belonko\/?page_id=160"},"modified":"2023-05-05T10:38:45","modified_gmt":"2023-05-05T08:38:45","slug":"adatvedelem","status":"publish","type":"page","link":"https:\/\/semmelweis.hu\/belonko\/a-klinikarol\/adatvedelem\/","title":{"rendered":"Adatv\u00e9delem"},"content":{"rendered":"<p>A Semmelweis Egyetemen a szem\u00e9lyes \u00e9s k\u00fcl\u00f6nleges adatok kezel\u00e9se \u00e9s v\u00e9delme a jogszab\u00e1lyoknak megfelel\u0151en, biztons\u00e1gosan t\u00f6rt\u00e9nik. Ezt a <strong><a href=\"https:\/\/semmelweis.hu\/gyermekklinika2\/files\/2021\/07\/Adatvedelmi_Szabalyzat_hatalyos_20210708tol.pdf\" target=\"_blank\" rel=\"noopener\">Semmelweis Egyetem Adatv\u00e9delmi Szab\u00e1lyzata<\/a><\/strong>\u00a0foglalja \u00f6ssze.<\/p>\n<p>Az egyetemi adatv\u00e9delmi felel\u0151s alapvet\u0151 feladata, hogy az Adatv\u00e9delmi Szab\u00e1lyzatban r\u00f6gz\u00edtett feladatait teljes\u00edtve gondoskodjon az egyetem adatv\u00e9delmi \u00e9s az ezzel \u00f6sszef\u00fcgg\u0151 adatbiztons\u00e1gi szempontokat kiel\u00e9g\u00edt\u0151 m\u0171k\u00f6d\u00e9s\u00e9r\u0151l.<\/p>\n<p><strong>A Semmelweis Egyetem adatv\u00e9delmi tisztvisel\u0151je:<\/p>\n<p>Dr. Tr\u00f3cs\u00e1nyi S\u00e1ra<\/strong><br \/>\n1125 Budapest, K\u00fatv\u00f6lgyi \u00fat 6.<br \/>\nTel.: 06-1\/224-1547<br \/>\nE-mail:\u00a0<a href=\"mailto:adatvedelem@semmelweis-univ.hu\">adatvedelem@semmelweis-univ.hu<\/a><\/p>\n<p><a href=\"https:\/\/semmelweis.hu\/belonko\/files\/2023\/03\/adatkezelesi_tajekoztato_az_adatkezelesek_altal_erintett_szemelyek_reszere_bok.pdf\">Adatkezel\u00e9si t\u00e1j\u00e9koztat\u00f3 az adatkezl\u00e9ssel \u00e9rintett szem\u00e9lyek r\u00e9sz\u00e9re_bok<\/a><\/p>\n<p><a href=\"https:\/\/semmelweis.hu\/belonko\/files\/2023\/05\/adatkbok.xlsx\" rel=\"noopener\">Adatkezel\u00e9si nyilv\u00e1ntart\u00e1s BOK<\/a><\/p>\n","protected":false},"excerpt":{"rendered":"<p>A Semmelweis Egyetemen a szem\u00e9lyes \u00e9s k\u00fcl\u00f6nleges adatok kezel\u00e9se \u00e9s v\u00e9delme a jogszab\u00e1lyoknak megfelel\u0151en, biztons\u00e1gosan t\u00f6rt\u00e9nik. Ezt a <a href=\"https:\/\/semmelweis.hu\/gyermekklinika2\/files\/2021\/07\/Adatvedelmi_Szabalyzat_hatalyos_20210708tol.pdf\" target=\"_blank\" rel=\"noopener\">Semmelweis Egyetem Adatv\u00e9delmi Szab\u00e1lyzata<\/a> \u00a0foglalja \u00f6ssze. Az egyetemi adatv\u00e9delmi felel\u0151s alapvet\u0151 feladata, hogy az Adatv\u00e9delmi Szab\u00e1lyzatban r\u00f6gz\u00edtett feladatait teljes\u00edtve gondoskodjon az egyetem adatv\u00e9delmi \u00e9s az ezzel \u00f6sszef\u00fcgg\u0151 adatbiztons\u00e1gi szempontokat kiel\u00e9g\u00edt\u0151 m\u0171k\u00f6d\u00e9s\u00e9r\u0151l. A Semmelweis Egyetem adatv\u00e9delmi tisztvisel\u0151je: Dr. Tr\u00f3cs\u00e1nyi S\u00e1ra 1125 Budapest, &hellip;<\/p>\n","protected":false},"author":102173,"featured_media":0,"parent":5,"menu_order":4,"comment_status":"closed","ping_status":"closed","template":"","meta":{"_acf_changed":false,"footnotes":""},"categories":[],"tags":[],"class_list":["post-160","page","type-page","status-publish","hentry"],"acf":[],"_links":{"self":[{"href":"https:\/\/semmelweis.hu\/belonko\/wp-json\/wp\/v2\/pages\/160","targetHints":{"allow":["GET"]}}],"collection":[{"href":"https:\/\/semmelweis.hu\/belonko\/wp-json\/wp\/v2\/pages"}],"about":[{"href":"https:\/\/semmelweis.hu\/belonko\/wp-json\/wp\/v2\/types\/page"}],"author":[{"embeddable":true,"href":"https:\/\/semmelweis.hu\/belonko\/wp-json\/wp\/v2\/users\/102173"}],"replies":[{"embeddable":true,"href":"https:\/\/semmelweis.hu\/belonko\/wp-json\/wp\/v2\/comments?post=160"}],"version-history":[{"count":10,"href":"https:\/\/semmelweis.hu\/belonko\/wp-json\/wp\/v2\/pages\/160\/revisions"}],"predecessor-version":[{"id":618,"href":"https:\/\/semmelweis.hu\/belonko\/wp-json\/wp\/v2\/pages\/160\/revisions\/618"}],"up":[{"embeddable":true,"href":"https:\/\/semmelweis.hu\/belonko\/wp-json\/wp\/v2\/pages\/5"}],"wp:attachment":[{"href":"https:\/\/semmelweis.hu\/belonko\/wp-json\/wp\/v2\/media?parent=160"}],"wp:term":[{"taxonomy":"category","embeddable":true,"href":"https:\/\/semmelweis.hu\/belonko\/wp-json\/wp\/v2\/categories?post=160"},{"taxonomy":"post_tag","embeddable":true,"href":"https:\/\/semmelweis.hu\/belonko\/wp-json\/wp\/v2\/tags?post=160"}],"curies":[{"name":"wp","href":"https:\/\/api.w.org\/{rel}","templated":true}]}}