{"id":1587,"date":"2024-04-24T11:19:42","date_gmt":"2024-04-24T09:19:42","guid":{"rendered":"https:\/\/semmelweis.hu\/belonko\/?page_id=1587"},"modified":"2024-04-24T11:44:26","modified_gmt":"2024-04-24T09:44:26","slug":"endomass-munkacsoport","status":"publish","type":"page","link":"https:\/\/semmelweis.hu\/belonko\/kutatas\/endomass-munkacsoport\/","title":{"rendered":"SE-ENDOMASS Munkacsoport"},"content":{"rendered":"<p><strong>A Semmelweis Egyetem (SE) ENDOMASS (Endokrinol\u00f3giai \u00e9s Spektrometri\u00e1s) interdiszciplin\u00e1ris munkacsoportja az Egyetem \u00c1OK Belgy\u00f3gy\u00e1szati \u00e9s Onkol\u00f3giai Klinika \u00e9s a GYTK Gy\u00f3gyszer\u00e9szi K\u00e9miai Int\u00e9zet\u00e9nek kooper\u00e1ci\u00f3j\u00e1val j\u00f6tt l\u00e9tre.<\/strong><\/p>\n<p>K\u00f6z\u00f6s munk\u00e1nk sor\u00e1n \u00fajgener\u00e1ci\u00f3s mintaanal\u00edziseket, \u00fagy, mint LA-REIMS (Laser Assisted Rapid Evaporative Ionisation Mass Spectrometry),\u00a0 t\u00f6megspektrometri\u00e1s (MALDI-TOF MS, SELDI-TOF MS, HPLC-MS) illetve egy\u00e9b HPLC-MS m\u00f3dszert haszn\u00e1ljuk k\u00fcl\u00f6nb\u00f6z\u0151 j\u00f3l defini\u00e1lt betegs\u00e9gekkel (pl. pajzsmirigy tumor, endometriosis) \u00e9rintettek v\u00e9r- sz\u00f6vet- \u00e9s ny\u00e1lmint\u00e1inak vizsg\u00e1lat\u00e1ra, mind lipidomikai mint\u00e1zatbeli k\u00fcl\u00f6nbs\u00e9ge keres\u00e9s\u00e9re, mind egy j\u00f3l defini\u00e1lhat\u00f3 molekul\u00e1ris marker azonos\u00edt\u00e1s\u00e1ra.<\/p>\n<p><strong>R\u00e9sztvev\u0151k:<\/strong>\u00a0<\/p>\n<p><strong><em>SE Belgy\u00f3gy\u00e1szati \u00e9s Onkol\u00f3giai Klinika Molekul\u00e1ris Endokrin r\u00e9szleg<\/em><\/strong><\/p>\n<p><strong>Prof. Dr. Lakatos P\u00e9ter <\/strong>(MD, DSc)\u00a0<\/p>\n<p>Munkacsoportj\u00e1val t\u00f6bb, mint 30 \u00e9ve folytat genetikai t\u00e9m\u00e1j\u00fa alap- \u00e9s klinikai kutat\u00e1sokat, amelyek a csontanyagcsere, a pajzsmirigy daganatok, valamint a medd\u0151s\u00e9g h\u00e1tter\u00e9nek felt\u00e1r\u00e1s\u00e1t c\u00e9lozz\u00e1k. Els\u0151k\u00e9nt fejlesztettek ki a csontanyagcsere betegs\u00e9gekre \u00e9s a pajzsmirigytumorokra alkalmazhat\u00f3 genetikai alap\u00fa diagnosztik\u00e1t. T\u00f6bb mint 700 refer\u00e1lt tudom\u00e1nyos k\u00f6zlem\u00e9ny szerz\u0151je. Egyetemi tan\u00e1r, a SE Belgy\u00f3gy\u00e1szati \u00e9s Onkol\u00f3giai Klinika igazgat\u00f3helyettese.<\/p>\n<p><strong>Dr. K\u00f3sa J\u00e1nos<\/strong> (PhD)<\/p>\n<p>T\u00f6bb \u00e9vtizedes szakmai tapasztalattal rendelkezik rutin- \u00e9s kutat\u00e1si molekul\u00e1ris biol\u00f3giai projektek futtat\u00e1s\u00e1ban, molekul\u00e1ris genetikai diagnosztikai laborat\u00f3rium vezet\u00e9sben, 14 \u00e9ven kereszt\u00fcl alap\u00edt\u00f3ja, labor- \u00e9s \u00fcgyvezet\u0151je volt haz\u00e1nk els\u0151 mag\u00e1n genetikai laborszolg\u00e1ltat\u00f3j\u00e1nak. T\u00f6bb, mint 200 refer\u00e1lt tudom\u00e1nyos k\u00f6zlem\u00e9ny szerz\u0151je. 2003-\u00f3ta a SE Belgy\u00f3gy\u00e1szati \u00e9s Onkol\u00f3giai Klinika tudom\u00e1nyos f\u0151munkat\u00e1rsa, genetikai-r\u00e9szleg\u00e9nek vezet\u0151je.<\/p>\n<ul style=\"list-style-type: square\">\n<li>Dr. Balla Bernadett<\/li>\n<li>Dr. Tobi\u00e1s B\u00e1lint<\/li>\n<li>Dr. Ill\u00e9s Anett<\/li>\n<li>Dr. Pik\u00f3 Henriett<\/li>\n<\/ul>\n<p>&nbsp;<\/p>\n<p><strong><em>SE Gy\u00f3gyszer\u00e9szi K\u00e9miai Int\u00e9zet Spektrometri\u00e1s r\u00e9szleg<\/em><\/strong><\/p>\n<p><strong>Prof. Dr. Balogh Gy\u00f6rgy Tibor<\/strong> (DSc) &#8211; igazgat\u00f3<\/p>\n<p>K\u00f6zel 20 \u00e9vig dolgozott a Richter Gedeon Nyrt-n\u00e9l, ahol az utols\u00f3 8 \u00e9vben k\u00f6z\u00e9pvezet\u0151k\u00e9nt az origin\u00e1lis kutat\u00e1s analitikai t\u00e1mogat\u00e1s\u00e1\u00e9rt \u00e9s az \u00faj molekul\u00e1k fizikai-k\u00e9miai, gy\u00f3gyszerk\u00e9miai jellemz\u00e9s\u00e9\u00e9rt felelt. Jelenleg\u00a0a SE Gy\u00f3gyszer\u00e9szi K\u00e9miai Int\u00e9zet int\u00e9zetvezet\u0151 egyetemi tan\u00e1ra. F\u0151 kutat\u00e1si \u00e9s oktat\u00e1si ter\u00fclete a hat\u00f3anyagok \u00e9s gy\u00f3gyszerjel\u00f6lt vegy\u00fcletek fizikai-k\u00e9miai \u00e9s korai ADME-Tox jellemz\u00e9se. Vend\u00e9goktat\u00f3k\u00e9nt \u00e9s egy\u00fcttm\u0171k\u00f6d\u00e9si kutat\u00e1sok keret\u00e9ben a BME Vegy\u00e9szm\u00e9rn\u00f6ki \u00e9s Biom\u00e9rn\u00f6ki Kar\u00e1nak t\u00f6bb tansz\u00e9k\u00e9vel \u00e9s a Debreceni \u00e9s Szegedi Tudom\u00e1nyegyetemek t\u00f6bb int\u00e9zet\u00e9vel tart fent szakmai kapcsolatot.<\/p>\n<p><strong>Dr. T\u00f3th Gerg\u0151 <\/strong>(PharmD, PhD)<\/p>\n<p>2009 \u00f3ta a SE Gy\u00f3gyszer\u00e9szi K\u00e9miai Int\u00e9zet munkat\u00e1rsa, tanulm\u00e1nyi felel\u0151s, \u00e9s jelenleg az Int\u00e9zet egyetemi docense. F\u0151 kutat\u00e1si ter\u00fclete a kir\u00e1lis elv\u00e1laszt\u00e1sok fejleszt\u00e9se \u00e9s tervez\u00e9se, mely munk\u00e1ja sor\u00e1n a nagym\u0171szeres analitika sz\u00e9les palett\u00e1j\u00e1t haszn\u00e1lja.<\/p>\n<ul style=\"list-style-type: square\">\n<li>Marton Andr\u00e1s D\u00e9nes<\/li>\n<\/ul>\n<p>&nbsp;<\/p>\n","protected":false},"excerpt":{"rendered":"<p>A Semmelweis Egyetem (SE) ENDOMASS (Endokrinol\u00f3giai \u00e9s Spektrometri\u00e1s) interdiszciplin\u00e1ris munkacsoportja az Egyetem \u00c1OK Belgy\u00f3gy\u00e1szati \u00e9s Onkol\u00f3giai Klinika \u00e9s a GYTK Gy\u00f3gyszer\u00e9szi K\u00e9miai Int\u00e9zet\u00e9nek kooper\u00e1ci\u00f3j\u00e1val j\u00f6tt l\u00e9tre. K\u00f6z\u00f6s munk\u00e1nk sor\u00e1n \u00fajgener\u00e1ci\u00f3s mintaanal\u00edziseket, \u00fagy, mint LA-REIMS (Laser Assisted Rapid Evaporative Ionisation Mass Spectrometry),\u00a0 t\u00f6megspektrometri\u00e1s (MALDI-TOF MS, SELDI-TOF MS, HPLC-MS) illetve egy\u00e9b HPLC-MS m\u00f3dszert haszn\u00e1ljuk k\u00fcl\u00f6nb\u00f6z\u0151 j\u00f3l defini\u00e1lt &hellip;<\/p>\n","protected":false},"author":102318,"featured_media":0,"parent":42,"menu_order":3,"comment_status":"closed","ping_status":"closed","template":"","meta":{"_acf_changed":false,"footnotes":""},"categories":[],"tags":[],"class_list":["post-1587","page","type-page","status-publish","hentry"],"acf":[],"_links":{"self":[{"href":"https:\/\/semmelweis.hu\/belonko\/wp-json\/wp\/v2\/pages\/1587","targetHints":{"allow":["GET"]}}],"collection":[{"href":"https:\/\/semmelweis.hu\/belonko\/wp-json\/wp\/v2\/pages"}],"about":[{"href":"https:\/\/semmelweis.hu\/belonko\/wp-json\/wp\/v2\/types\/page"}],"author":[{"embeddable":true,"href":"https:\/\/semmelweis.hu\/belonko\/wp-json\/wp\/v2\/users\/102318"}],"replies":[{"embeddable":true,"href":"https:\/\/semmelweis.hu\/belonko\/wp-json\/wp\/v2\/comments?post=1587"}],"version-history":[{"count":8,"href":"https:\/\/semmelweis.hu\/belonko\/wp-json\/wp\/v2\/pages\/1587\/revisions"}],"predecessor-version":[{"id":1599,"href":"https:\/\/semmelweis.hu\/belonko\/wp-json\/wp\/v2\/pages\/1587\/revisions\/1599"}],"up":[{"embeddable":true,"href":"https:\/\/semmelweis.hu\/belonko\/wp-json\/wp\/v2\/pages\/42"}],"wp:attachment":[{"href":"https:\/\/semmelweis.hu\/belonko\/wp-json\/wp\/v2\/media?parent=1587"}],"wp:term":[{"taxonomy":"category","embeddable":true,"href":"https:\/\/semmelweis.hu\/belonko\/wp-json\/wp\/v2\/categories?post=1587"},{"taxonomy":"post_tag","embeddable":true,"href":"https:\/\/semmelweis.hu\/belonko\/wp-json\/wp\/v2\/tags?post=1587"}],"curies":[{"name":"wp","href":"https:\/\/api.w.org\/{rel}","templated":true}]}}