{"id":158,"date":"2023-03-30T15:40:08","date_gmt":"2023-03-30T13:40:08","guid":{"rendered":"https:\/\/semmelweis.hu\/belonko\/?page_id=158"},"modified":"2025-09-26T17:43:49","modified_gmt":"2025-09-26T15:43:49","slug":"belgyogyaszat-szinten-tarto-tanfolyam","status":"publish","type":"page","link":"https:\/\/semmelweis.hu\/belonko\/oktatas\/posztgradualis-oktatas\/belgyogyaszat-szinten-tarto-tanfolyam\/","title":{"rendered":"Belgy\u00f3gy\u00e1szat Szinten Tart\u00f3 Tanfolyam"},"content":{"rendered":"<p>A Klinika szervez\u00e9s\u00e9ben 2<strong>023. okt\u00f3ber 9-10-11-\u00e9n<\/strong> ker\u00fcl megrendez\u00e9sre a Belgy\u00f3gy\u00e1szat Szinten Tart\u00f3 Tanfolyam.\u00a0<\/p>\n<p>A tanfolyam k\u00f3dja: SE-TK\/2023.II\/00352<\/p>\n<p>A tanfolyam helysz\u00edne: Semmelweis Egyetem Nagyv\u00e1rad t\u00e9ri Elm\u00e9leti T\u00f6mb, 1089 Budapest, Nagyv\u00e1rad t\u00e9r 4.\u00a0<\/p>\n<p>Program az Oftexen el\u00e9rhet\u0151\u00a0<\/p>\n<p>&nbsp;<\/p>\n","protected":false},"excerpt":{"rendered":"<p>A Klinika szervez\u00e9s\u00e9ben 2023. okt\u00f3ber 9-10-11-\u00e9n ker\u00fcl megrendez\u00e9sre a Belgy\u00f3gy\u00e1szat Szinten Tart\u00f3 Tanfolyam.\u00a0<br \/>\nA tanfolyam k\u00f3dja: SE-TK\/2023.II\/00352<br \/>\nA tanfolyam helysz\u00edne: Semmelweis Egyetem Nagyv\u00e1rad t\u00e9ri Elm\u00e9leti T\u00f6mb, 1089 Budapest, Nagyv\u00e1rad t\u00e9r 4.\u00a0<br \/>\nProgram az Oftexen el\u00e9rhet\u0151\u00a0<br \/>\n&nbsp;<\/p>\n","protected":false},"author":102173,"featured_media":0,"parent":105,"menu_order":0,"comment_status":"closed","ping_status":"closed","template":"","meta":{"_acf_changed":false,"footnotes":""},"categories":[],"tags":[],"class_list":["post-158","page","type-page","status-publish","hentry"],"acf":[],"_links":{"self":[{"href":"https:\/\/semmelweis.hu\/belonko\/wp-json\/wp\/v2\/pages\/158","targetHints":{"allow":["GET"]}}],"collection":[{"href":"https:\/\/semmelweis.hu\/belonko\/wp-json\/wp\/v2\/pages"}],"about":[{"href":"https:\/\/semmelweis.hu\/belonko\/wp-json\/wp\/v2\/types\/page"}],"author":[{"embeddable":true,"href":"https:\/\/semmelweis.hu\/belonko\/wp-json\/wp\/v2\/users\/102173"}],"replies":[{"embeddable":true,"href":"https:\/\/semmelweis.hu\/belonko\/wp-json\/wp\/v2\/comments?post=158"}],"version-history":[{"count":4,"href":"https:\/\/semmelweis.hu\/belonko\/wp-json\/wp\/v2\/pages\/158\/revisions"}],"predecessor-version":[{"id":805,"href":"https:\/\/semmelweis.hu\/belonko\/wp-json\/wp\/v2\/pages\/158\/revisions\/805"}],"up":[{"embeddable":true,"href":"https:\/\/semmelweis.hu\/belonko\/wp-json\/wp\/v2\/pages\/105"}],"wp:attachment":[{"href":"https:\/\/semmelweis.hu\/belonko\/wp-json\/wp\/v2\/media?parent=158"}],"wp:term":[{"taxonomy":"category","embeddable":true,"href":"https:\/\/semmelweis.hu\/belonko\/wp-json\/wp\/v2\/categories?post=158"},{"taxonomy":"post_tag","embeddable":true,"href":"https:\/\/semmelweis.hu\/belonko\/wp-json\/wp\/v2\/tags?post=158"}],"curies":[{"name":"wp","href":"https:\/\/api.w.org\/{rel}","templated":true}]}}