{"id":156,"date":"2023-03-30T15:38:56","date_gmt":"2023-03-30T13:38:56","guid":{"rendered":"https:\/\/semmelweis.hu\/belonko\/?page_id=156"},"modified":"2023-05-05T13:35:06","modified_gmt":"2023-05-05T11:35:06","slug":"szabadon-kotelezoen-valaszthato-targy","status":"publish","type":"page","link":"https:\/\/semmelweis.hu\/belonko\/oktatas\/szabadon-kotelezoen-valaszthato-targy\/","title":{"rendered":"Szabadon \u00e9s k\u00f6telez\u0151en v\u00e1laszthat\u00f3 t\u00e1rgy"},"content":{"rendered":"","protected":false},"excerpt":{"rendered":"","protected":false},"author":102173,"featured_media":0,"parent":41,"menu_order":5,"comment_status":"closed","ping_status":"closed","template":"","meta":{"_acf_changed":false,"footnotes":""},"categories":[],"tags":[],"class_list":["post-156","page","type-page","status-publish","hentry"],"acf":[],"_links":{"self":[{"href":"https:\/\/semmelweis.hu\/belonko\/wp-json\/wp\/v2\/pages\/156","targetHints":{"allow":["GET"]}}],"collection":[{"href":"https:\/\/semmelweis.hu\/belonko\/wp-json\/wp\/v2\/pages"}],"about":[{"href":"https:\/\/semmelweis.hu\/belonko\/wp-json\/wp\/v2\/types\/page"}],"author":[{"embeddable":true,"href":"https:\/\/semmelweis.hu\/belonko\/wp-json\/wp\/v2\/users\/102173"}],"replies":[{"embeddable":true,"href":"https:\/\/semmelweis.hu\/belonko\/wp-json\/wp\/v2\/comments?post=156"}],"version-history":[{"count":2,"href":"https:\/\/semmelweis.hu\/belonko\/wp-json\/wp\/v2\/pages\/156\/revisions"}],"predecessor-version":[{"id":1046,"href":"https:\/\/semmelweis.hu\/belonko\/wp-json\/wp\/v2\/pages\/156\/revisions\/1046"}],"up":[{"embeddable":true,"href":"https:\/\/semmelweis.hu\/belonko\/wp-json\/wp\/v2\/pages\/41"}],"wp:attachment":[{"href":"https:\/\/semmelweis.hu\/belonko\/wp-json\/wp\/v2\/media?parent=156"}],"wp:term":[{"taxonomy":"category","embeddable":true,"href":"https:\/\/semmelweis.hu\/belonko\/wp-json\/wp\/v2\/categories?post=156"},{"taxonomy":"post_tag","embeddable":true,"href":"https:\/\/semmelweis.hu\/belonko\/wp-json\/wp\/v2\/tags?post=156"}],"curies":[{"name":"wp","href":"https:\/\/api.w.org\/{rel}","templated":true}]}}