{"id":154,"date":"2023-03-30T15:38:04","date_gmt":"2023-03-30T13:38:04","guid":{"rendered":"https:\/\/semmelweis.hu\/belonko\/?page_id=154"},"modified":"2024-09-20T12:26:27","modified_gmt":"2024-09-20T10:26:27","slug":"aok-6-evfolyam","status":"publish","type":"page","link":"https:\/\/semmelweis.hu\/belonko\/oktatas\/aok-6-evfolyam\/","title":{"rendered":"\u00c1OK 6. \u00e9vfolyam"},"content":{"rendered":"<p><a href=\"https:\/\/semmelweis.hu\/belonko\/files\/2024\/09\/AOK_VI_BOK_magyar_Belgyogyaszat_szigorlo-turnus_Kovetelmenyrendszer_20230424b.pdf\" target=\"_blank\" rel=\"noopener\">AOK_VI_BOK_magyar_Belgyogyaszat_szigorlo turnus_Kovetelmenyrendszer_20230424b<\/a><\/p>\n<p><a href=\"https:\/\/semmelweis.hu\/belonko\/files\/2024\/07\/AOK_VI_BOK_magyar_Belgyogyaszat_elektiv_Kovetelmenyrendszer_2024-25.pdf\">AOK ELEKT\u00cdV 6. \u00e9v k\u00f6vetelm\u00e9nyrendszer_2024-25 (pdf)<\/a><\/p>\n<div class=\"keretes w-100\">\n<p><a href=\"https:\/\/semmelweis.hu\/belonko\/files\/2024\/09\/Szigorlati-tetelsor-2024_25.pdf\" target=\"_blank\" rel=\"noopener\">Szigorlati t\u00e9telsor 2024_25.<\/a><\/p>\n<\/div>\n<h3>A vizsg\u00e1ztat\u00e1s menete:\u00a0<\/h3>\n<div class=\"fontos_div\">\n<p style=\"text-align: justify\"><strong>A szigorlat gyakorlati \u00e9s elm\u00e9leti vizsgar\u00e9szb\u0151l \u00e1ll. A gyakorlati vizsg\u00e1r\u00f3l az inform\u00e1ci\u00f3t a Neptunban az elm\u00e9leti vizsg\u00e1hoz, a le\u00edr\u00e1s r\u00e9szben \u00edrjuk<\/strong> ki,\u00a0 Az elm\u00e9leti vizsg\u00e1n (sz\u00f3beli) 3 t\u00e9telb\u0151l kell vizsg\u00e1zni, a vizsg\u00e1n a gyakorlati vizsg\u00e1ztat\u00f3 is r\u00e9szt vesz.\u00a0 Vizsg\u00e1zni akkor lehet, ha a szigorl\u00f3\u00e9vi gyakorlat teljes\u00edt\u00e9s\u00e9r\u0151l leadt\u00e1k az igazol\u00e1st\/jelenl\u00e9ti \u00edvet. A vizsg\u00e1n a szem\u00e9lyazonoss\u00e1gukat igazolniuk kell.<\/p>\n<\/div>\n","protected":false},"excerpt":{"rendered":"<p><a href=\"https:\/\/semmelweis.hu\/belonko\/files\/2024\/09\/AOK_VI_BOK_magyar_Belgyogyaszat_szigorlo-turnus_Kovetelmenyrendszer_20230424b.pdf\" target=\"_blank\" rel=\"noopener\">AOK_VI_BOK_magyar_Belgyogyaszat_szigorlo turnus_Kovetelmenyrendszer_20230424b<\/a> <a href=\"https:\/\/semmelweis.hu\/belonko\/files\/2024\/07\/AOK_VI_BOK_magyar_Belgyogyaszat_elektiv_Kovetelmenyrendszer_2024-25.pdf\">AOK ELEKT\u00cdV 6. \u00e9v k\u00f6vetelm\u00e9nyrendszer_2024-25 (pdf)<\/a> <a href=\"https:\/\/semmelweis.hu\/belonko\/files\/2024\/09\/Szigorlati-tetelsor-2024_25.pdf\" target=\"_blank\" rel=\"noopener\">Szigorlati t\u00e9telsor 2024_25.<\/a> A vizsg\u00e1ztat\u00e1s menete:\u00a0 A szigorlat gyakorlati \u00e9s elm\u00e9leti vizsgar\u00e9szb\u0151l \u00e1ll. A gyakorlati vizsg\u00e1r\u00f3l az inform\u00e1ci\u00f3t a Neptunban az elm\u00e9leti vizsg\u00e1hoz, a le\u00edr\u00e1s r\u00e9szben \u00edrjuk ki,\u00a0 Az elm\u00e9leti vizsg\u00e1n (sz\u00f3beli) 3 t\u00e9telb\u0151l kell vizsg\u00e1zni, a vizsg\u00e1n a gyakorlati vizsg\u00e1ztat\u00f3 is r\u00e9szt vesz.\u00a0 Vizsg\u00e1zni akkor lehet, ha a szigorl\u00f3\u00e9vi gyakorlat teljes\u00edt\u00e9s\u00e9r\u0151l leadt\u00e1k az igazol\u00e1st\/jelenl\u00e9ti \u00edvet. A vizsg\u00e1n &hellip;<\/p>\n","protected":false},"author":102173,"featured_media":0,"parent":41,"menu_order":3,"comment_status":"closed","ping_status":"closed","template":"","meta":{"_acf_changed":false,"footnotes":""},"categories":[],"tags":[],"class_list":["post-154","page","type-page","status-publish","hentry"],"acf":[],"_links":{"self":[{"href":"https:\/\/semmelweis.hu\/belonko\/wp-json\/wp\/v2\/pages\/154","targetHints":{"allow":["GET"]}}],"collection":[{"href":"https:\/\/semmelweis.hu\/belonko\/wp-json\/wp\/v2\/pages"}],"about":[{"href":"https:\/\/semmelweis.hu\/belonko\/wp-json\/wp\/v2\/types\/page"}],"author":[{"embeddable":true,"href":"https:\/\/semmelweis.hu\/belonko\/wp-json\/wp\/v2\/users\/102173"}],"replies":[{"embeddable":true,"href":"https:\/\/semmelweis.hu\/belonko\/wp-json\/wp\/v2\/comments?post=154"}],"version-history":[{"count":10,"href":"https:\/\/semmelweis.hu\/belonko\/wp-json\/wp\/v2\/pages\/154\/revisions"}],"predecessor-version":[{"id":1711,"href":"https:\/\/semmelweis.hu\/belonko\/wp-json\/wp\/v2\/pages\/154\/revisions\/1711"}],"up":[{"embeddable":true,"href":"https:\/\/semmelweis.hu\/belonko\/wp-json\/wp\/v2\/pages\/41"}],"wp:attachment":[{"href":"https:\/\/semmelweis.hu\/belonko\/wp-json\/wp\/v2\/media?parent=154"}],"wp:term":[{"taxonomy":"category","embeddable":true,"href":"https:\/\/semmelweis.hu\/belonko\/wp-json\/wp\/v2\/categories?post=154"},{"taxonomy":"post_tag","embeddable":true,"href":"https:\/\/semmelweis.hu\/belonko\/wp-json\/wp\/v2\/tags?post=154"}],"curies":[{"name":"wp","href":"https:\/\/api.w.org\/{rel}","templated":true}]}}