{"id":152,"date":"2023-03-30T15:37:01","date_gmt":"2023-03-30T13:37:01","guid":{"rendered":"https:\/\/semmelweis.hu\/belonko\/?page_id=152"},"modified":"2023-05-05T13:29:14","modified_gmt":"2023-05-05T11:29:14","slug":"fok-belgyogyaszat","status":"publish","type":"page","link":"https:\/\/semmelweis.hu\/belonko\/oktatas\/fok-belgyogyaszat\/","title":{"rendered":"FOK Belgy\u00f3gy\u00e1szat"},"content":{"rendered":"<p>FOK Belgy\u00f3gy\u00e1szat tant\u00e1rgy oktat\u00e1sa minden tan\u00e9v I. f\u00e9l\u00e9v\u00e9ben t\u00f6rt\u00e9nik a Klinik\u00e1n.\u00a0<\/p>\n<p><a href=\"https:\/\/semmelweis.hu\/belonko\/files\/2023\/05\/Kovetelmenyrendszer-FOK-Belgyogyaszat-I.-4.-evf..pdf\" target=\"_blank\" rel=\"noopener\">K\u00f6vetelm\u00e9nyrendszer FOK Belgy\u00f3gy\u00e1szat I. (4. \u00e9vf.)(pdf)<\/a><\/p>\n","protected":false},"excerpt":{"rendered":"<p>FOK Belgy\u00f3gy\u00e1szat tant\u00e1rgy oktat\u00e1sa minden tan\u00e9v I. f\u00e9l\u00e9v\u00e9ben t\u00f6rt\u00e9nik a Klinik\u00e1n.\u00a0<br \/>\n<a href=\"https:\/\/semmelweis.hu\/belonko\/files\/2023\/05\/Kovetelmenyrendszer-FOK-Belgyogyaszat-I.-4.-evf..pdf\" target=\"_blank\" rel=\"noopener\">K\u00f6vetelm\u00e9nyrendszer FOK Belgy\u00f3gy\u00e1szat I. (4. \u00e9vf.)(pdf)<\/a><\/p>\n","protected":false},"author":102173,"featured_media":0,"parent":41,"menu_order":4,"comment_status":"closed","ping_status":"closed","template":"","meta":{"_acf_changed":false,"footnotes":""},"categories":[],"tags":[],"class_list":["post-152","page","type-page","status-publish","hentry"],"acf":[],"_links":{"self":[{"href":"https:\/\/semmelweis.hu\/belonko\/wp-json\/wp\/v2\/pages\/152","targetHints":{"allow":["GET"]}}],"collection":[{"href":"https:\/\/semmelweis.hu\/belonko\/wp-json\/wp\/v2\/pages"}],"about":[{"href":"https:\/\/semmelweis.hu\/belonko\/wp-json\/wp\/v2\/types\/page"}],"author":[{"embeddable":true,"href":"https:\/\/semmelweis.hu\/belonko\/wp-json\/wp\/v2\/users\/102173"}],"replies":[{"embeddable":true,"href":"https:\/\/semmelweis.hu\/belonko\/wp-json\/wp\/v2\/comments?post=152"}],"version-history":[{"count":3,"href":"https:\/\/semmelweis.hu\/belonko\/wp-json\/wp\/v2\/pages\/152\/revisions"}],"predecessor-version":[{"id":883,"href":"https:\/\/semmelweis.hu\/belonko\/wp-json\/wp\/v2\/pages\/152\/revisions\/883"}],"up":[{"embeddable":true,"href":"https:\/\/semmelweis.hu\/belonko\/wp-json\/wp\/v2\/pages\/41"}],"wp:attachment":[{"href":"https:\/\/semmelweis.hu\/belonko\/wp-json\/wp\/v2\/media?parent=152"}],"wp:term":[{"taxonomy":"category","embeddable":true,"href":"https:\/\/semmelweis.hu\/belonko\/wp-json\/wp\/v2\/categories?post=152"},{"taxonomy":"post_tag","embeddable":true,"href":"https:\/\/semmelweis.hu\/belonko\/wp-json\/wp\/v2\/tags?post=152"}],"curies":[{"name":"wp","href":"https:\/\/api.w.org\/{rel}","templated":true}]}}