{"id":150,"date":"2023-03-30T15:36:38","date_gmt":"2023-03-30T13:36:38","guid":{"rendered":"https:\/\/semmelweis.hu\/belonko\/?page_id=150"},"modified":"2024-07-03T13:45:10","modified_gmt":"2024-07-03T11:45:10","slug":"aok-belgyogyaszat-propedeutika","status":"publish","type":"page","link":"https:\/\/semmelweis.hu\/belonko\/oktatas\/aok-belgyogyaszat-propedeutika\/","title":{"rendered":"\u00c1OK Belgy\u00f3gy\u00e1szat propedeutika"},"content":{"rendered":"<ul>\n<li><a href=\"https:\/\/semmelweis.hu\/belonko\/files\/2023\/04\/belgyogyaszati_propedeutika_ii_felev_oktatasi_rend.pdf\" target=\"_blank\" rel=\"noopener\">Belgy\u00f3gy\u00e1szati propedeutika oktat\u00e1si rend (pdf)<\/a><\/li>\n<li>K\u00f6vetelm\u00e9nyrendszer Belgy\u00f3gy\u00e1szat Propedeutika(pdf)<\/li>\n<\/ul>\n<p><strong>A tant\u00e1rgyr\u00f3l b\u0151vebb inform\u00e1ci\u00f3 \u00e9s az el\u0151ad\u00e1sok diasorai a MOODLE rendszerben tal\u00e1lhat\u00f3k<\/strong><\/p>\n<p><a class=\"button\" href=\"https:\/\/itc.semmelweis.hu\/moodle\/login\/index.php\" target=\"_blank\" rel=\"noopener\">Tov\u00e1bb a moodlehoz<\/a><\/p>\n","protected":false},"excerpt":{"rendered":"<p><a href=\"https:\/\/semmelweis.hu\/belonko\/files\/2023\/04\/belgyogyaszati_propedeutika_ii_felev_oktatasi_rend.pdf\" target=\"_blank\" rel=\"noopener\">Belgy\u00f3gy\u00e1szati propedeutika oktat\u00e1si rend (pdf)<\/a><br \/>\nK\u00f6vetelm\u00e9nyrendszer Belgy\u00f3gy\u00e1szat Propedeutika(pdf)<\/p>\n<p>A tant\u00e1rgyr\u00f3l b\u0151vebb inform\u00e1ci\u00f3 \u00e9s az el\u0151ad\u00e1sok diasorai a MOODLE rendszerben tal\u00e1lhat\u00f3k<br \/>\n<a class=\"button\" href=\"https:\/\/itc.semmelweis.hu\/moodle\/login\/index.php\" target=\"_blank\" rel=\"noopener\">Tov\u00e1bb a moodlehoz<\/a><\/p>\n","protected":false},"author":102173,"featured_media":0,"parent":41,"menu_order":1,"comment_status":"closed","ping_status":"closed","template":"","meta":{"_acf_changed":false,"footnotes":""},"categories":[],"tags":[],"class_list":["post-150","page","type-page","status-publish","hentry"],"acf":[],"_links":{"self":[{"href":"https:\/\/semmelweis.hu\/belonko\/wp-json\/wp\/v2\/pages\/150","targetHints":{"allow":["GET"]}}],"collection":[{"href":"https:\/\/semmelweis.hu\/belonko\/wp-json\/wp\/v2\/pages"}],"about":[{"href":"https:\/\/semmelweis.hu\/belonko\/wp-json\/wp\/v2\/types\/page"}],"author":[{"embeddable":true,"href":"https:\/\/semmelweis.hu\/belonko\/wp-json\/wp\/v2\/users\/102173"}],"replies":[{"embeddable":true,"href":"https:\/\/semmelweis.hu\/belonko\/wp-json\/wp\/v2\/comments?post=150"}],"version-history":[{"count":10,"href":"https:\/\/semmelweis.hu\/belonko\/wp-json\/wp\/v2\/pages\/150\/revisions"}],"predecessor-version":[{"id":1622,"href":"https:\/\/semmelweis.hu\/belonko\/wp-json\/wp\/v2\/pages\/150\/revisions\/1622"}],"up":[{"embeddable":true,"href":"https:\/\/semmelweis.hu\/belonko\/wp-json\/wp\/v2\/pages\/41"}],"wp:attachment":[{"href":"https:\/\/semmelweis.hu\/belonko\/wp-json\/wp\/v2\/media?parent=150"}],"wp:term":[{"taxonomy":"category","embeddable":true,"href":"https:\/\/semmelweis.hu\/belonko\/wp-json\/wp\/v2\/categories?post=150"},{"taxonomy":"post_tag","embeddable":true,"href":"https:\/\/semmelweis.hu\/belonko\/wp-json\/wp\/v2\/tags?post=150"}],"curies":[{"name":"wp","href":"https:\/\/api.w.org\/{rel}","templated":true}]}}