{"id":148,"date":"2023-03-30T15:36:10","date_gmt":"2023-03-30T13:36:10","guid":{"rendered":"https:\/\/semmelweis.hu\/belonko\/?page_id=148"},"modified":"2024-07-09T11:03:29","modified_gmt":"2024-07-09T09:03:29","slug":"aok-belgyogyaszat-i-anyagcsere-endokrinologia-nephrologia-gasztroenterologia","status":"publish","type":"page","link":"https:\/\/semmelweis.hu\/belonko\/oktatas\/aok-belgyogyaszat-i-anyagcsere-endokrinologia-nephrologia-gasztroenterologia\/","title":{"rendered":"\u00c1OK Belgy\u00f3gy\u00e1szat I. (anyagcsere, endokrinol\u00f3gia, nephrol\u00f3gia, gasztroenterol\u00f3gia)"},"content":{"rendered":"<p>K\u00f6vetelm\u00e9nyrendszer Belgy\u00f3gy\u00e1szat I (Nefro_Gastro_Endokrin)(pdf)<\/p>\n<p>&nbsp;<\/p>\n<p>&nbsp;<\/p>\n<p><a href=\"https:\/\/itc.semmelweis.hu\/moodle\/login\/index.php\"><strong>A tant\u00e1rgyr\u00f3l b\u0151vebb inform\u00e1ci\u00f3 \u00e9s az el\u0151ad\u00e1sok diasorai a MOODLE rendszerben tal\u00e1lhat\u00f3k<\/strong><\/a><\/p>\n<p>&nbsp;<\/p>\n","protected":false},"excerpt":{"rendered":"<p>K\u00f6vetelm\u00e9nyrendszer Belgy\u00f3gy\u00e1szat I (Nefro_Gastro_Endokrin)(pdf)<br \/>\n&nbsp;<br \/>\n&nbsp;<br \/>\n<a href=\"https:\/\/itc.semmelweis.hu\/moodle\/login\/index.php\">A tant\u00e1rgyr\u00f3l b\u0151vebb inform\u00e1ci\u00f3 \u00e9s az el\u0151ad\u00e1sok diasorai a MOODLE rendszerben tal\u00e1lhat\u00f3k<\/a><br \/>\n&nbsp;<\/p>\n","protected":false},"author":102173,"featured_media":0,"parent":41,"menu_order":1,"comment_status":"closed","ping_status":"closed","template":"","meta":{"_acf_changed":false,"footnotes":""},"categories":[],"tags":[],"class_list":["post-148","page","type-page","status-publish","hentry"],"acf":[],"_links":{"self":[{"href":"https:\/\/semmelweis.hu\/belonko\/wp-json\/wp\/v2\/pages\/148","targetHints":{"allow":["GET"]}}],"collection":[{"href":"https:\/\/semmelweis.hu\/belonko\/wp-json\/wp\/v2\/pages"}],"about":[{"href":"https:\/\/semmelweis.hu\/belonko\/wp-json\/wp\/v2\/types\/page"}],"author":[{"embeddable":true,"href":"https:\/\/semmelweis.hu\/belonko\/wp-json\/wp\/v2\/users\/102173"}],"replies":[{"embeddable":true,"href":"https:\/\/semmelweis.hu\/belonko\/wp-json\/wp\/v2\/comments?post=148"}],"version-history":[{"count":6,"href":"https:\/\/semmelweis.hu\/belonko\/wp-json\/wp\/v2\/pages\/148\/revisions"}],"predecessor-version":[{"id":1626,"href":"https:\/\/semmelweis.hu\/belonko\/wp-json\/wp\/v2\/pages\/148\/revisions\/1626"}],"up":[{"embeddable":true,"href":"https:\/\/semmelweis.hu\/belonko\/wp-json\/wp\/v2\/pages\/41"}],"wp:attachment":[{"href":"https:\/\/semmelweis.hu\/belonko\/wp-json\/wp\/v2\/media?parent=148"}],"wp:term":[{"taxonomy":"category","embeddable":true,"href":"https:\/\/semmelweis.hu\/belonko\/wp-json\/wp\/v2\/categories?post=148"},{"taxonomy":"post_tag","embeddable":true,"href":"https:\/\/semmelweis.hu\/belonko\/wp-json\/wp\/v2\/tags?post=148"}],"curies":[{"name":"wp","href":"https:\/\/api.w.org\/{rel}","templated":true}]}}