{"id":145,"date":"2023-03-30T12:49:40","date_gmt":"2023-03-30T10:49:40","guid":{"rendered":"https:\/\/semmelweis.hu\/belonko\/?page_id=145"},"modified":"2023-07-10T19:55:45","modified_gmt":"2023-07-10T17:55:45","slug":"szakvizsga-elokeszito-tanfolyam-diasorok","status":"publish","type":"page","link":"https:\/\/semmelweis.hu\/belonko\/oktatas\/posztgradualis-oktatas\/belgyogyaszat-szakvizsga-elokeszito-tanfolyam\/szakvizsga-elokeszito-tanfolyam-diasorok\/","title":{"rendered":"Szakvizsga el\u0151k\u00e9sz\u00edt\u0151 tanfolyam diasorok"},"content":{"rendered":"","protected":true},"excerpt":{"rendered":"","protected":true},"author":102173,"featured_media":0,"parent":414,"menu_order":0,"comment_status":"closed","ping_status":"closed","template":"","meta":{"_acf_changed":false,"footnotes":""},"categories":[],"tags":[],"class_list":["post-145","page","type-page","status-publish","post-password-required","hentry"],"acf":[],"_links":{"self":[{"href":"https:\/\/semmelweis.hu\/belonko\/wp-json\/wp\/v2\/pages\/145","targetHints":{"allow":["GET"]}}],"collection":[{"href":"https:\/\/semmelweis.hu\/belonko\/wp-json\/wp\/v2\/pages"}],"about":[{"href":"https:\/\/semmelweis.hu\/belonko\/wp-json\/wp\/v2\/types\/page"}],"author":[{"embeddable":true,"href":"https:\/\/semmelweis.hu\/belonko\/wp-json\/wp\/v2\/users\/102173"}],"replies":[{"embeddable":true,"href":"https:\/\/semmelweis.hu\/belonko\/wp-json\/wp\/v2\/comments?post=145"}],"version-history":[{"count":12,"href":"https:\/\/semmelweis.hu\/belonko\/wp-json\/wp\/v2\/pages\/145\/revisions"}],"predecessor-version":[{"id":1142,"href":"https:\/\/semmelweis.hu\/belonko\/wp-json\/wp\/v2\/pages\/145\/revisions\/1142"}],"up":[{"embeddable":true,"href":"https:\/\/semmelweis.hu\/belonko\/wp-json\/wp\/v2\/pages\/414"}],"wp:attachment":[{"href":"https:\/\/semmelweis.hu\/belonko\/wp-json\/wp\/v2\/media?parent=145"}],"wp:term":[{"taxonomy":"category","embeddable":true,"href":"https:\/\/semmelweis.hu\/belonko\/wp-json\/wp\/v2\/categories?post=145"},{"taxonomy":"post_tag","embeddable":true,"href":"https:\/\/semmelweis.hu\/belonko\/wp-json\/wp\/v2\/tags?post=145"}],"curies":[{"name":"wp","href":"https:\/\/api.w.org\/{rel}","templated":true}]}}