{"id":134,"date":"2023-03-27T13:46:43","date_gmt":"2023-03-27T11:46:43","guid":{"rendered":"https:\/\/semmelweis.hu\/belonko\/?page_id=134"},"modified":"2023-05-05T11:56:04","modified_gmt":"2023-05-05T09:56:04","slug":"korhazlelkeszsegi-informacio","status":"publish","type":"page","link":"https:\/\/semmelweis.hu\/belonko\/betegellatas\/korhazlelkeszsegi-informacio\/","title":{"rendered":"K\u00f3rh\u00e1zlelk\u00e9szs\u00e9gi Inform\u00e1ci\u00f3"},"content":{"rendered":"<p>\u00c9jjel-nappal h\u00edvhat\u00f3 s\u00fcrg\u0151ss\u00e9gi telefonsz\u00e1m:<\/p>\n<p>+36-1-213 9620<\/p>\n<p style=\"text-align: justify\">K\u00f3rh\u00e1zban, vagy id\u0151sotthonban l\u00e9v\u0151 beteghez k\u00e9r\u00e9s\u00e9re katolikus pap h\u00edvhat\u00f3, s\u00fcrg\u0151s esetben, hogy megl\u00e1togassa, \u00e9s meger\u0151s\u00edtse Krisztus szents\u00e9geivel<\/p>\n<p>Katolikus s\u00fcrg\u0151ss\u00e9gi lelkip\u00e1sztori szolg\u00e1lat:<br \/>\nBudapesti Katolikus K\u00f3rh\u00e1zlelk\u00e9szs\u00e9g<br \/>\nBudapest 1122 R\u00e1th Gy\u00f6rgy u. 7-9.<\/p>\n<p>Tel: +36&#8211;1-224 8640<\/p>\n<p>e-mail: <a href=\"mailto:korlelk@gmail.com\">korlelk@gmail.com<\/a><\/p>\n","protected":false},"excerpt":{"rendered":"<p>\u00c9jjel-nappal h\u00edvhat\u00f3 s\u00fcrg\u0151ss\u00e9gi telefonsz\u00e1m:<br \/>\n+36-1-213 9620<br \/>\nK\u00f3rh\u00e1zban, vagy id\u0151sotthonban l\u00e9v\u0151 beteghez k\u00e9r\u00e9s\u00e9re katolikus pap h\u00edvhat\u00f3, s\u00fcrg\u0151s esetben, hogy megl\u00e1togassa, \u00e9s meger\u0151s\u00edtse Krisztus szents\u00e9geivel<br \/>\nKatolikus s\u00fcrg\u0151ss\u00e9gi lelkip\u00e1sztori szolg\u00e1lat:<br \/>\nBudapesti Katolikus K\u00f3rh\u00e1zlelk\u00e9szs\u00e9g<br \/>\nBudapest 1122 R\u00e1th Gy\u00f6rgy u. 7-9.<br \/>\nTel: +36&#8211;1-224 8640<br \/>\ne-mail: <a href=\"mailto:korlelk@gmail.com\">korlelk@gmail.com<\/a><\/p>\n","protected":false},"author":102189,"featured_media":0,"parent":34,"menu_order":9,"comment_status":"closed","ping_status":"closed","template":"","meta":{"_acf_changed":false,"footnotes":""},"categories":[],"tags":[],"class_list":["post-134","page","type-page","status-publish","hentry"],"acf":[],"_links":{"self":[{"href":"https:\/\/semmelweis.hu\/belonko\/wp-json\/wp\/v2\/pages\/134","targetHints":{"allow":["GET"]}}],"collection":[{"href":"https:\/\/semmelweis.hu\/belonko\/wp-json\/wp\/v2\/pages"}],"about":[{"href":"https:\/\/semmelweis.hu\/belonko\/wp-json\/wp\/v2\/types\/page"}],"author":[{"embeddable":true,"href":"https:\/\/semmelweis.hu\/belonko\/wp-json\/wp\/v2\/users\/102189"}],"replies":[{"embeddable":true,"href":"https:\/\/semmelweis.hu\/belonko\/wp-json\/wp\/v2\/comments?post=134"}],"version-history":[{"count":4,"href":"https:\/\/semmelweis.hu\/belonko\/wp-json\/wp\/v2\/pages\/134\/revisions"}],"predecessor-version":[{"id":438,"href":"https:\/\/semmelweis.hu\/belonko\/wp-json\/wp\/v2\/pages\/134\/revisions\/438"}],"up":[{"embeddable":true,"href":"https:\/\/semmelweis.hu\/belonko\/wp-json\/wp\/v2\/pages\/34"}],"wp:attachment":[{"href":"https:\/\/semmelweis.hu\/belonko\/wp-json\/wp\/v2\/media?parent=134"}],"wp:term":[{"taxonomy":"category","embeddable":true,"href":"https:\/\/semmelweis.hu\/belonko\/wp-json\/wp\/v2\/categories?post=134"},{"taxonomy":"post_tag","embeddable":true,"href":"https:\/\/semmelweis.hu\/belonko\/wp-json\/wp\/v2\/tags?post=134"}],"curies":[{"name":"wp","href":"https:\/\/api.w.org\/{rel}","templated":true}]}}