{"id":132,"date":"2023-03-27T13:45:52","date_gmt":"2023-03-27T11:45:52","guid":{"rendered":"https:\/\/semmelweis.hu\/belonko\/?page_id=132"},"modified":"2023-05-05T11:53:31","modified_gmt":"2023-05-05T09:53:31","slug":"fekvobeteg-ellatas","status":"publish","type":"page","link":"https:\/\/semmelweis.hu\/belonko\/betegellatas\/fekvobeteg-ellatas\/","title":{"rendered":"Fekv\u0151beteg Ell\u00e1t\u00e1s &#8211; \u00e1ltal\u00e1nos t\u00e1j\u00e9koztat\u00e1s"},"content":{"rendered":"<h3>T\u00e1j\u00e9koztat\u00e1s az int\u00e9zm\u00e9nybe t\u00f6rt\u00e9n\u0151 befekv\u00e9sr\u0151l:\u00a0<\/h3>\n<p>Fekv\u0151beteg ell\u00e1t\u00e1sra el\u0151jegyz\u00e9s eset\u00e9n az el\u0151jegyzett beteget a <strong>felv\u00e9teli iroda el\u0151z\u0151 nap \u00e9rtes\u00edti a befekv\u00e9sr\u0151l<\/strong>.<br \/>\nFelv\u00e9telkor a <strong>betegfelv\u00e9teli irod\u00e1ban (alagsor) jelentkezzen 8-10.00 h k\u00f6z\u00f6tt.<\/strong><\/p>\n<p>A felv\u00e9teli irod\u00e1n val\u00f3 adatr\u00f6gz\u00edt\u00e9s ut\u00e1n az oszt\u00e1ly n\u0151v\u00e9rpultj\u00e1n\u00e1l kell jelentkezni \u00e9s az oszt\u00e1lyon szolg\u00e1latot teljes\u00edt\u0151 \u00e1pol\u00f3 bek\u00eds\u00e9ri \u00d6nt a k\u00f3rterembe.<\/p>\n<p><strong>K\u00e9rj\u00fck a felv\u00e9tel el\u0151tt gondolja \u00e1t az al\u00e1bbiakat:<\/strong><\/p>\n<ul>\n<li>kor\u00e1bbi betegs\u00e9gek, m\u0171t\u00e9ti beavatkoz\u00e1sok<\/li>\n<li>fert\u0151z\u0151 betegs\u00e9gek<\/li>\n<li>kapott-e m\u00e1r valaha v\u00e9rt, volt-e ezzel kapcsolatos sz\u00f6v\u0151dm\u00e9nye<\/li>\n<li>rendszeresen szedett gy\u00f3gyszerek neve, adagja<\/li>\n<li>szed-e rendszeresen speci\u00e1lis gy\u00f3gyszert, ezt elhozta-e mag\u00e1val (egyedi m\u00e9lt\u00e1nyoss\u00e1gi k\u00e9sz\u00edtm\u00e9nyek, inzulin)<\/li>\n<li>allergia (gy\u00f3gyszer, \u00e9tel, pollen)<\/li>\n<li>gy\u00f3gy\u00e1szati seg\u00e9deszk\u00f6z (szem\u00fcveg, hall\u00f3k\u00e9sz\u00fcl\u00e9k, bot, mank\u00f3, saj\u00e1t kerekes sz\u00e9k, stb)<\/li>\n<li>di\u00e9ta<\/li>\n<\/ul>\n<p>K\u00e9rj\u00fck, ha speci\u00e1lis probl\u00e9m\u00e1ja van, jelezze!<\/p>\n<p><strong>Behozand\u00f3 szem\u00e9lyes t\u00e1rgyak, eg\u00e9szs\u00e9g\u00fcgyi \u00e9s szem\u00e9lyes dokumentumok <\/strong><\/p>\n<p>Int\u00e9zm\u00e9ny\u00fcnkbe t\u00f6rt\u00e9n\u0151 felv\u00e9telekor <strong><em>k\u00e9rj\u00fck hozza mag\u00e1val <\/em><\/strong>az al\u00e1bbiakat<\/p>\n<p><strong><em>saj\u00e1t ruh\u00e1zat:<\/em><\/strong><\/p>\n<p>A klinik\u00e1n t\u00f6rt\u00e9n\u0151 benntart\u00f3zkod\u00e1s alatt a higi\u00e9n\u00e9s szab\u00e1lyok betart\u00e1sa mellett, saj\u00e1t pizsama, h\u00e1l\u00f3ing, h\u00e1l\u00f3kab\u00e1t, papucs haszn\u00e1lhat\u00f3.<\/p>\n<p><strong><em>szem\u00e9lyes t\u00e1rgyak:<\/em><\/strong><\/p>\n<ul>\n<li>tiszt\u00e1lkod\u00e1shoz sz\u00fcks\u00e9ges eszk\u00f6z\u00f6k (szappan vagy tusf\u00fcrd\u0151, fogkefe, fogkr\u00e9m, borotva, t\u00f6r\u00f6lk\u00f6z\u0151, mosd\u00f3szivacs vagy kend\u0151, WC pap\u00edr)<\/li>\n<li>\u00e9tkez\u00e9shez sz\u00fcks\u00e9ges eszk\u00f6z\u00f6k (kan\u00e1l, villa, k\u00e9s, b\u00f6gre vagy poh\u00e1r, kist\u00e1ny\u00e9r)<\/li>\n<li>ruh\u00e1zat (feh\u00e9rnem\u0171, pizsama vagy h\u00e1l\u00f3ruha, k\u00f6nt\u00f6s, papucs vagy biztons\u00e1gos l\u00e1bbeli)<\/li>\n<\/ul>\n<p><strong><em>az \u00d6n k\u00f6telez\u0151 azonos\u00edt\u00e1s\u00e1hoz sz\u00fcks\u00e9ges szem\u00e9lyes iratokat:<\/em><\/strong><\/p>\n<ul>\n<li>szem\u00e9lyi azonos\u00edt\u00f3 igazolv\u00e1ny, ennek hi\u00e1ny\u00e1ban jogos\u00edtv\u00e1ny, \u00fatlev\u00e9l<\/li>\n<li>lakc\u00edmk\u00e1rtya<\/li>\n<li>TAJ k\u00e1rtya vagy Eur\u00f3pai Eg\u00e9szs\u00e9gbiztos\u00edt\u00e1si K\u00e1rtya<\/li>\n<\/ul>\n<p><strong><em>ell\u00e1t\u00e1s\u00e1nak biztons\u00e1gos megtervez\u00e9s\u00e9hez sz\u00fcks\u00e9ges eg\u00e9szs\u00e9g\u00fcgyi dokument\u00e1ci\u00f3t: <\/em><\/strong><\/p>\n<ul>\n<li>beutal\u00f3,<\/li>\n<li>kor\u00e1bbi z\u00e1r\u00f3jelent\u00e9sek, ambul\u00e1ns lapok,<\/li>\n<li>leletek, vizsg\u00e1lati eredm\u00e9nyek (laborat\u00f3riumi leletek, r\u00f6ntgen lelet, CT, MR vizsg\u00e1lat lelete \u00e9s CD k\u00e9panyaga)<\/li>\n<\/ul>\n<p><strong><em>szedett gy\u00f3gyszereinek list\u00e1j\u00e1t, adagol\u00e1s\u00e1t <\/em><\/strong>(nem csak a tablett\u00e1k- szemcsepp, orrcsepp, tapasz stb. is).<\/p>\n<p>Amennyiben relev\u00e1ns, az egyes betegs\u00e9ghez vagy gy\u00f3gyszerszed\u00e9shez kapcsol\u00f3d\u00f3an vezetett napl\u00f3t is be kell mutatni a felv\u00e9telt v\u00e9gz\u0151 orvosnak.<\/p>\n<p>Lehet\u0151s\u00e9g szerint <strong>ne hozzon mag\u00e1val<\/strong><\/p>\n<ul>\n<li>nagy\u00e9rt\u00e9k\u0171 m\u0171szaki eszk\u00f6z\u00f6ket<\/li>\n<li>nagy mennyis\u00e9g\u0171 k\u00e9szp\u00e9nzt<\/li>\n<li>\u00e9rt\u00e9kt\u00e1rgyakat<\/li>\n<li>olyan iratokat, melyre a kezel\u00e9s alkalm\u00e1val nincs sz\u00fcks\u00e9ge<\/li>\n<li>nagy mennyis\u00e9g\u0171 \u00e9lelmiszert<\/li>\n<li>alkohol vagy alkohol tartalm\u00fa italokat<\/li>\n<li>tudatm\u00f3dos\u00edt\u00f3 szereket (drogok)<\/li>\n<li>doh\u00e1ny term\u00e9keket<\/li>\n<\/ul>\n<p><strong>Behozhat\u00f3 eszk\u00f6z\u00f6k, elektromos t\u00e1rgyak <\/strong><\/p>\n<p>Nagyobb \u00e9rt\u00e9k\u0171 elektromos eszk\u00f6z\u00f6ket (laptop, tablet, okostelefon) mindenki saj\u00e1t felel\u0151ss\u00e9g\u00e9re hozhat be, betegt\u00e1rsai zavar\u00e1sa n\u00e9lk\u00fcl.<\/p>\n<p>Felh\u00edvjuk a figyelm\u00e9t, hogy <strong>telefonnal vagy egy\u00e9b eszk\u00f6zzel a klinika ter\u00fclet\u00e9n nem k\u00e9sz\u00edthet k\u00e9p \u00e9s hangfelv\u00e9telt<\/strong> (k\u00e9pm\u00e1ssal, hangfelv\u00e9tellel vissza\u00e9l\u00e9s tilalma). K\u00e9rj\u00fck, eszk\u00f6zeit soha ne hagyja fel\u00fcgyelet n\u00e9lk\u00fcl! Eltulajdon\u00edt\u00e1s, rong\u00e1l\u00f3d\u00e1s eset\u00e9n a klinika felel\u0151ss\u00e9get nem tud v\u00e1llalni.<\/p>\n<p>Felh\u00edvjuk kedves betegeink figyelm\u00e9t, hogy <strong>klinik\u00e1nk oktat\u00f3 int\u00e9zm\u00e9ny,<\/strong> ez\u00e9rt az orvostanhallgat\u00f3k illetve \u00e1pol\u00f3 hallgat\u00f3k oktat\u00e1sa, ill. vizsg\u00e1ztat\u00e1s t\u00f6rt\u00e9nik a fekv\u0151beteg oszt\u00e1lyainkon. Az oktat\u00e1sok id\u0151pontja v\u00e1ltoz\u00f3 8.00-16.30 \u00f3r\u00e1ig tart. <strong>K\u00e9rj\u00fck kedves betegeinket, hogy seg\u00edts\u00e9g az oktat\u00e1st.<\/strong><\/p>\n<h3>Int\u00e9zm\u00e9ny\u00fcnkb\u0151l t\u00f6rt\u00e9n\u0151 elbocs\u00e1t\u00e1s:<\/h3>\n<p>Az elbocs\u00e1t\u00e1s lehet\u0151s\u00e9g\u00e9r\u0151l, annak tervezett idej\u00e9r\u0151l \u00e9s m\u00f3dj\u00e1r\u00f3l kezel\u0151orvosa t\u00e1j\u00e9koztatja \u00d6nt. Ennek sor\u00e1n mindenk\u00e9pp jelezze, ha hazabocs\u00e1t\u00e1s\u00e1hoz seg\u00edts\u00e9get k\u00e9r, illetve nincs, aki otthon\u00e1ban vagy a fogad\u00f3 int\u00e9zm\u00e9nyben v\u00e1rni tudja \u00d6nt.<\/p>\n<p>Az elbocs\u00e1t\u00e1sra a nap folyam\u00e1n \u00e1ltal\u00e1ban d\u00e9lel\u0151tti \u00f3r\u00e1kban ker\u00fcl sor. Az elbocs\u00e1t\u00e1s napj\u00e1n m\u00e9g reggelit fog kapni.<\/p>\n<p>Amennyiben betegsz\u00e1ll\u00edt\u00f3 aut\u00f3val vagy ment\u0151vel t\u00e1vozik, az aut\u00f3 \u00e9rkez\u00e9s\u00e9ig az int\u00e9zm\u00e9nyben, a k\u00f3rteremben tart\u00f3zkodhat, az \u00e1gyat a betegsz\u00e1ll\u00edt\u00f3 aut\u00f3 meg\u00e9rkez\u00e9s\u00e9t k\u00f6vet\u0151en kell elhagyni.<\/p>\n<p><strong>Elbocs\u00e1t\u00e1sa el\u0151tt az al\u00e1bbi dokumentumokat kapja k\u00e9zhez:<\/strong><\/p>\n<ul>\n<li>kor\u00e1bbi z\u00e1r\u00f3jelent\u00e9sek, eg\u00e9szs\u00e9g\u00fcgyi dokumentumok<\/li>\n<li>CT, MR CD dokument\u00e1ci\u00f3ja<\/li>\n<li>jelenlegi bentfekv\u00e9s\u00e9r\u0151l k\u00e9sz\u00fclt z\u00e1r\u00f3jelent\u00e9s<\/li>\n<li>igazol\u00e1s a bentfekv\u00e9s id\u0151tartam\u00e1r\u00f3l<\/li>\n<li>ha sz\u00fcks\u00e9ges szakorvosi javaslat (gy\u00f3gyszer, t\u00e1pszer, gy\u00f3gy\u00e1szati seg\u00e9deszk\u00f6z)<\/li>\n<li>receptek az \u00fajonnan be\u00e1ll\u00edtott gy\u00f3gyszerekr\u0151l<\/li>\n<\/ul>\n<p>Elbocs\u00e1t\u00e1sakor mindenk\u00e9pp \u00e9rdemes tudakoz\u00f3dni, ha nem kapott v\u00e1laszt vagy kiel\u00e9g\u00edt\u0151 v\u00e1laszt az al\u00e1bbi k\u00e9rd\u00e9sekr\u0151l:<\/p>\n<ul>\n<li>tov\u00e1bbi gy\u00f3gyszerszed\u00e9s rendje,<\/li>\n<li>lehets\u00e9ges mell\u00e9khat\u00e1sok<\/li>\n<li>azok az esetek, t\u00fcnetek, panaszok, amikor azonnal orvoshoz sz\u00fcks\u00e9ges fordulni,<\/li>\n<li>k\u00f6vetkez\u0151 kontroll id\u0151pontja, helye<\/li>\n<li>k\u00f6vetend\u0151 \u00e9letm\u00f3d,<\/li>\n<\/ul>\n<p><strong>Betegek \u00e1tad\u00e1sa, sz\u00e1ll\u00edt\u00e1sa m\u00e1s oszt\u00e1lyra, illetve m\u00e1s int\u00e9zm\u00e9nybe <\/strong><\/p>\n<p>El\u0151fordulhat, hogy \u00e1llapot\u00e1ban olyan v\u00e1ltoz\u00e1s k\u00f6vetkezik be, ami sz\u00fcks\u00e9gess\u00e9 teszi m\u00e1s oszt\u00e1lyra vagy m\u00e1s int\u00e9zm\u00e9nybe t\u00f6rt\u00e9n\u0151 \u00e1thelyez\u00e9s\u00e9t.<\/p>\n<p>A beteget sz\u00f3ban t\u00e1j\u00e9koztatjuk az \u00e1thelyez\u00e9s t\u00e9ny\u00e9r\u0151l, id\u0151pontj\u00e1r\u00f3l. S\u00e9r\u00fcl\u00e9keny csoportba tartoz\u00f3 beteg (gyermek, id\u0151s, fogyat\u00e9kkel \u00e9l\u0151, kommunik\u00e1ci\u00f3ra k\u00e9ptelen vagy demens beteg), v\u00e9gst\u00e1diumban lev\u0151 beteg eset\u00e9n a hozz\u00e1tartoz\u00f3t telefonon \u00e9rtes\u00edtj\u00fck, meg\u00e9rkez\u00e9s\u00e9t k\u00f6vet\u0151en szem\u00e9lyesen t\u00e1j\u00e9koztatjuk.<\/p>\n<p>Akut, \u00e9letvesz\u00e9lyes \u00e1llapot hirtelen kialakul\u00e1sa miatt \u00e1thelyezett beteg eset\u00e9n a hozz\u00e1tartoz\u00f3t telefonon \u00e9rtes\u00edtj\u00fck.<\/p>\n<p>Munkat\u00e1rsaink elk\u00e9sz\u00edtik a z\u00e1r\u00f3jelent\u00e9st, a bentfekv\u00e9sr\u0151l k\u00e9sz\u00fclt igazol\u00e1st, \u00e9s az \u00e1pol\u00e1si z\u00e1r\u00f3jelent\u00e9st, amely a m\u00e1sik int\u00e9zm\u00e9nybe t\u00f6rt\u00e9n\u0151 \u00e1thelyez\u00e9shez sz\u00fcks\u00e9ges.<\/p>\n<p>Klinik\u00e1k k\u00f6z\u00f6tti \u00e1thelyez\u00e9s eset\u00e9n a klinika betegsz\u00e1ll\u00edt\u00f3ja \u2012 ha sz\u00fcks\u00e9ges orvosi \u00e9s \u00e1pol\u00f3i fel\u00fcgyelettel \u2012 k\u00eds\u00e9ri \u00e1t a beteget a fogad\u00f3 klinik\u00e1ra.<\/p>\n<p><strong>\u00c1thelyez\u00e9se eset\u00e9n szem\u00e9lyes t\u00e1rgyai, ruh\u00e1zata az al\u00e1bbi \u00faton jutnak el \u00d6nh\u00f6z:<\/strong><\/p>\n<ul>\n<li>k\u00f6zponti intenz\u00edv oszt\u00e1lyra t\u00f6rt\u00e9n\u0151 \u00e1thelyez\u00e9s eset\u00e9n az oszt\u00e1lyra (ahol a beteg eredetileg fek\u00fcdt) beosztott \u00e1pol\u00f3 lelt\u00e1rt k\u00e9sz\u00edt a klinik\u00e1n maradt holmikr\u00f3l, amelyet a lelt\u00e1ri jegyz\u00e9kkel egy\u00fctt az oszt\u00e1lyon tud \u00e1tvenni.<\/li>\n<li>m\u00e1s int\u00e9zm\u00e9nybe t\u00f6rt\u00e9n\u0151 \u00e1thelyez\u00e9s eset\u00e9n a beteg holmij\u00e1r\u00f3l \u00e1tad\u00f3-\u00e1tvev\u0151 lelt\u00e1r k\u00e9sz\u00fcl, amelyet a ment\u0151szolg\u00e1lat vagy betegsz\u00e1ll\u00edt\u00f3 c\u00e9g munkat\u00e1rsa vesz \u00e1t, al\u00e1\u00edr\u00e1s\u00e1val \u00e9s d\u00e1tummal igazolva.<\/li>\n<\/ul>\n<h3>Egy\u00e9b szolg\u00e1ltat\u00e1sok<\/h3>\n<p><strong>B\u00fcf\u00e9<\/strong> a Klinika I. emelet\u00e9n, valamint az udvarban tal\u00e1lhat\u00f3 \u00e9tteremben\/K\u00f6zponti betegell\u00e1t\u00f3 \u00e9p\u00fclet els\u0151 emelet\u00e9n tal\u00e1lhat\u00f3.<\/p>\n<p><strong>Meleg \u00e9tkez\u00e9sre<\/strong> az udvarban tal\u00e1lhat\u00f3 \u00e9tteremben van lehet\u0151s\u00e9g.<\/p>\n<p><strong>Gy\u00f3gyszert\u00e1r \u00e9s Gy\u00f3gy\u00e1szati seg\u00e9deszk\u00f6z<\/strong> bolt m\u0171k\u00f6dik\u00a0 a k\u00f6zponti betegell\u00e1t\u00f3 \u00e9p\u00fcletben.<\/p>\n<p><em>\u00a0<\/em><\/p>\n","protected":false},"excerpt":{"rendered":"<p>T\u00e1j\u00e9koztat\u00e1s az int\u00e9zm\u00e9nybe t\u00f6rt\u00e9n\u0151 befekv\u00e9sr\u0151l:\u00a0 Fekv\u0151beteg ell\u00e1t\u00e1sra el\u0151jegyz\u00e9s eset\u00e9n az el\u0151jegyzett beteget a felv\u00e9teli iroda el\u0151z\u0151 nap \u00e9rtes\u00edti a befekv\u00e9sr\u0151l. Felv\u00e9telkor a betegfelv\u00e9teli irod\u00e1ban (alagsor) jelentkezzen 8-10.00 h k\u00f6z\u00f6tt. A felv\u00e9teli irod\u00e1n val\u00f3 adatr\u00f6gz\u00edt\u00e9s ut\u00e1n az oszt\u00e1ly n\u0151v\u00e9rpultj\u00e1n\u00e1l kell jelentkezni \u00e9s az oszt\u00e1lyon szolg\u00e1latot teljes\u00edt\u0151 \u00e1pol\u00f3 bek\u00eds\u00e9ri \u00d6nt a k\u00f3rterembe. K\u00e9rj\u00fck a felv\u00e9tel el\u0151tt gondolja &hellip;<\/p>\n","protected":false},"author":102189,"featured_media":0,"parent":34,"menu_order":0,"comment_status":"closed","ping_status":"closed","template":"","meta":{"_acf_changed":false,"footnotes":""},"categories":[],"tags":[],"class_list":["post-132","page","type-page","status-publish","hentry"],"acf":[],"_links":{"self":[{"href":"https:\/\/semmelweis.hu\/belonko\/wp-json\/wp\/v2\/pages\/132","targetHints":{"allow":["GET"]}}],"collection":[{"href":"https:\/\/semmelweis.hu\/belonko\/wp-json\/wp\/v2\/pages"}],"about":[{"href":"https:\/\/semmelweis.hu\/belonko\/wp-json\/wp\/v2\/types\/page"}],"author":[{"embeddable":true,"href":"https:\/\/semmelweis.hu\/belonko\/wp-json\/wp\/v2\/users\/102189"}],"replies":[{"embeddable":true,"href":"https:\/\/semmelweis.hu\/belonko\/wp-json\/wp\/v2\/comments?post=132"}],"version-history":[{"count":6,"href":"https:\/\/semmelweis.hu\/belonko\/wp-json\/wp\/v2\/pages\/132\/revisions"}],"predecessor-version":[{"id":624,"href":"https:\/\/semmelweis.hu\/belonko\/wp-json\/wp\/v2\/pages\/132\/revisions\/624"}],"up":[{"embeddable":true,"href":"https:\/\/semmelweis.hu\/belonko\/wp-json\/wp\/v2\/pages\/34"}],"wp:attachment":[{"href":"https:\/\/semmelweis.hu\/belonko\/wp-json\/wp\/v2\/media?parent=132"}],"wp:term":[{"taxonomy":"category","embeddable":true,"href":"https:\/\/semmelweis.hu\/belonko\/wp-json\/wp\/v2\/categories?post=132"},{"taxonomy":"post_tag","embeddable":true,"href":"https:\/\/semmelweis.hu\/belonko\/wp-json\/wp\/v2\/tags?post=132"}],"curies":[{"name":"wp","href":"https:\/\/api.w.org\/{rel}","templated":true}]}}