{"id":1257,"date":"2023-07-05T13:18:25","date_gmt":"2023-07-05T11:18:25","guid":{"rendered":"https:\/\/semmelweis.hu\/belonko\/?page_id=1257"},"modified":"2023-07-10T14:26:36","modified_gmt":"2023-07-10T12:26:36","slug":"a-belgyogyaszat-jovoje","status":"publish","type":"page","link":"https:\/\/semmelweis.hu\/belonko\/oktatas\/posztgradualis-oktatas\/belgyogyaszat-szakvizsga-elokeszito-tanfolyam\/szakvizsga-elokeszito-tanfolyam-diasorok\/a-belgyogyaszat-jovoje\/","title":{"rendered":"A belgy\u00f3gy\u00e1szat j\u00f6v\u0151je"},"content":{"rendered":"","protected":true},"excerpt":{"rendered":"","protected":true},"author":102173,"featured_media":0,"parent":145,"menu_order":15,"comment_status":"closed","ping_status":"closed","template":"","meta":{"_acf_changed":false,"footnotes":""},"categories":[],"tags":[],"class_list":["post-1257","page","type-page","status-publish","post-password-required","hentry"],"acf":[],"_links":{"self":[{"href":"https:\/\/semmelweis.hu\/belonko\/wp-json\/wp\/v2\/pages\/1257","targetHints":{"allow":["GET"]}}],"collection":[{"href":"https:\/\/semmelweis.hu\/belonko\/wp-json\/wp\/v2\/pages"}],"about":[{"href":"https:\/\/semmelweis.hu\/belonko\/wp-json\/wp\/v2\/types\/page"}],"author":[{"embeddable":true,"href":"https:\/\/semmelweis.hu\/belonko\/wp-json\/wp\/v2\/users\/102173"}],"replies":[{"embeddable":true,"href":"https:\/\/semmelweis.hu\/belonko\/wp-json\/wp\/v2\/comments?post=1257"}],"version-history":[{"count":7,"href":"https:\/\/semmelweis.hu\/belonko\/wp-json\/wp\/v2\/pages\/1257\/revisions"}],"predecessor-version":[{"id":1407,"href":"https:\/\/semmelweis.hu\/belonko\/wp-json\/wp\/v2\/pages\/1257\/revisions\/1407"}],"up":[{"embeddable":true,"href":"https:\/\/semmelweis.hu\/belonko\/wp-json\/wp\/v2\/pages\/145"}],"wp:attachment":[{"href":"https:\/\/semmelweis.hu\/belonko\/wp-json\/wp\/v2\/media?parent=1257"}],"wp:term":[{"taxonomy":"category","embeddable":true,"href":"https:\/\/semmelweis.hu\/belonko\/wp-json\/wp\/v2\/categories?post=1257"},{"taxonomy":"post_tag","embeddable":true,"href":"https:\/\/semmelweis.hu\/belonko\/wp-json\/wp\/v2\/tags?post=1257"}],"curies":[{"name":"wp","href":"https:\/\/api.w.org\/{rel}","templated":true}]}}