{"id":1255,"date":"2023-07-05T13:02:22","date_gmt":"2023-07-05T11:02:22","guid":{"rendered":"https:\/\/semmelweis.hu\/belonko\/?page_id=1255"},"modified":"2023-07-11T13:16:06","modified_gmt":"2023-07-11T11:16:06","slug":"surgossegi-belgyogyaszat","status":"publish","type":"page","link":"https:\/\/semmelweis.hu\/belonko\/oktatas\/posztgradualis-oktatas\/belgyogyaszat-szakvizsga-elokeszito-tanfolyam\/szakvizsga-elokeszito-tanfolyam-diasorok\/surgossegi-belgyogyaszat\/","title":{"rendered":"S\u00fcrg\u0151ss\u00e9gi belgy\u00f3gy\u00e1szat"},"content":{"rendered":"","protected":true},"excerpt":{"rendered":"","protected":true},"author":102173,"featured_media":0,"parent":145,"menu_order":14,"comment_status":"closed","ping_status":"closed","template":"","meta":{"_acf_changed":false,"footnotes":""},"categories":[],"tags":[],"class_list":["post-1255","page","type-page","status-publish","post-password-required","hentry"],"acf":[],"_links":{"self":[{"href":"https:\/\/semmelweis.hu\/belonko\/wp-json\/wp\/v2\/pages\/1255","targetHints":{"allow":["GET"]}}],"collection":[{"href":"https:\/\/semmelweis.hu\/belonko\/wp-json\/wp\/v2\/pages"}],"about":[{"href":"https:\/\/semmelweis.hu\/belonko\/wp-json\/wp\/v2\/types\/page"}],"author":[{"embeddable":true,"href":"https:\/\/semmelweis.hu\/belonko\/wp-json\/wp\/v2\/users\/102173"}],"replies":[{"embeddable":true,"href":"https:\/\/semmelweis.hu\/belonko\/wp-json\/wp\/v2\/comments?post=1255"}],"version-history":[{"count":6,"href":"https:\/\/semmelweis.hu\/belonko\/wp-json\/wp\/v2\/pages\/1255\/revisions"}],"predecessor-version":[{"id":1470,"href":"https:\/\/semmelweis.hu\/belonko\/wp-json\/wp\/v2\/pages\/1255\/revisions\/1470"}],"up":[{"embeddable":true,"href":"https:\/\/semmelweis.hu\/belonko\/wp-json\/wp\/v2\/pages\/145"}],"wp:attachment":[{"href":"https:\/\/semmelweis.hu\/belonko\/wp-json\/wp\/v2\/media?parent=1255"}],"wp:term":[{"taxonomy":"category","embeddable":true,"href":"https:\/\/semmelweis.hu\/belonko\/wp-json\/wp\/v2\/categories?post=1255"},{"taxonomy":"post_tag","embeddable":true,"href":"https:\/\/semmelweis.hu\/belonko\/wp-json\/wp\/v2\/tags?post=1255"}],"curies":[{"name":"wp","href":"https:\/\/api.w.org\/{rel}","templated":true}]}}