{"id":1244,"date":"2023-07-05T12:48:25","date_gmt":"2023-07-05T10:48:25","guid":{"rendered":"https:\/\/semmelweis.hu\/belonko\/?page_id=1244"},"modified":"2025-09-09T19:43:34","modified_gmt":"2025-09-09T17:43:34","slug":"reumatologia-es-osteologia","status":"publish","type":"page","link":"https:\/\/semmelweis.hu\/belonko\/oktatas\/posztgradualis-oktatas\/belgyogyaszat-szakvizsga-elokeszito-tanfolyam\/szakvizsga-elokeszito-tanfolyam-diasorok\/reumatologia-es-osteologia\/","title":{"rendered":"Reumatol\u00f3gia \u00e9s osteol\u00f3gia"},"content":{"rendered":"","protected":true},"excerpt":{"rendered":"","protected":true},"author":102173,"featured_media":0,"parent":145,"menu_order":8,"comment_status":"closed","ping_status":"closed","template":"","meta":{"_acf_changed":false,"footnotes":""},"categories":[],"tags":[],"class_list":["post-1244","page","type-page","status-publish","post-password-required","hentry"],"acf":[],"_links":{"self":[{"href":"https:\/\/semmelweis.hu\/belonko\/wp-json\/wp\/v2\/pages\/1244","targetHints":{"allow":["GET"]}}],"collection":[{"href":"https:\/\/semmelweis.hu\/belonko\/wp-json\/wp\/v2\/pages"}],"about":[{"href":"https:\/\/semmelweis.hu\/belonko\/wp-json\/wp\/v2\/types\/page"}],"author":[{"embeddable":true,"href":"https:\/\/semmelweis.hu\/belonko\/wp-json\/wp\/v2\/users\/102173"}],"replies":[{"embeddable":true,"href":"https:\/\/semmelweis.hu\/belonko\/wp-json\/wp\/v2\/comments?post=1244"}],"version-history":[{"count":8,"href":"https:\/\/semmelweis.hu\/belonko\/wp-json\/wp\/v2\/pages\/1244\/revisions"}],"predecessor-version":[{"id":2984,"href":"https:\/\/semmelweis.hu\/belonko\/wp-json\/wp\/v2\/pages\/1244\/revisions\/2984"}],"up":[{"embeddable":true,"href":"https:\/\/semmelweis.hu\/belonko\/wp-json\/wp\/v2\/pages\/145"}],"wp:attachment":[{"href":"https:\/\/semmelweis.hu\/belonko\/wp-json\/wp\/v2\/media?parent=1244"}],"wp:term":[{"taxonomy":"category","embeddable":true,"href":"https:\/\/semmelweis.hu\/belonko\/wp-json\/wp\/v2\/categories?post=1244"},{"taxonomy":"post_tag","embeddable":true,"href":"https:\/\/semmelweis.hu\/belonko\/wp-json\/wp\/v2\/tags?post=1244"}],"curies":[{"name":"wp","href":"https:\/\/api.w.org\/{rel}","templated":true}]}}